{"id":8168,"date":"2025-07-01T23:18:43","date_gmt":"2025-07-01T21:18:43","guid":{"rendered":"https:\/\/alinavelica.com\/product\/difesa-delle-radici-50spf\/"},"modified":"2025-07-01T23:21:27","modified_gmt":"2025-07-01T21:21:27","slug":"difesa-delle-radici-50spf","status":"publish","type":"product","link":"https:\/\/alinavelica.com\/it\/product\/difesa-delle-radici-50spf\/","title":{"rendered":"DIFESA DELLE RADICI 50SPF"},"content":{"rendered":"<p><span style=\"color: #000000;\"><span class=\"word modified\" data-words=\"Formulat\u0103,Formulata\">Formulato<\/span> per offrire una<span class=\"word\" data-words=\"protec\u021bie,protectie\">protezione<\/span> <span class=\"word modified\" data-words=\"eficienta,eficient\u0103,eficien\u021ba,eficien\u021b\u0103\">ad alte prestazioni <\/span>, il prodotto <strong> <span class=\"word modified\" data-words=\"matca,matc\u0103,m\u0103tc\u0103,m\u00e2tca,m\u00e2tc\u0103\">ROOTS DEFENCE 50 SPF<\/span><\/strong><span class=\"word\" data-words=\"confer\u0103,confera\">offre<\/span><span class=\"word\" data-words=\"\u0219i,si\">anche <\/span> i benefici rivitalizzanti <span class=\"word\" data-words=\"nutrien\u021bilor,nutrientilor\">delle sostanze nutritive<\/span> della <span class=\"word\" data-words=\"l\u0103pti\u0219orul,laptisorul\">pappa<\/span> reale, i benefici idratanti e la protezione delle radici.       <span class=\"word\" data-words=\"prezente,prezen\u021be\">grazie <\/span><span class=\"word modified\" data-words=\"solar\u0103,solara\">all<\/span> &#8216;assunzione di acido ialuronico <span class=\"word\" data-words=\"c\u00e2t,c\u0103t,c\u0103\u021b,cat\">e <\/span><span class=\"word\" data-words=\"\u0219i,si\">ai<\/span> benefici antiossidanti <span class=\"word\" data-words=\"prezente,prezen\u021be\">presenti <\/span><span class=\"word modified\" data-words=\"datorit\u0103,datorita\">grazie all&#8217;<\/span> estratto di curcuma.<\/span><\/p>\n<p><span style=\"color: #000000;\">Vantaggi principali:<\/span><\/p>\n<p><span style=\"color: #000000;\">&#8211; Protezione ad alte prestazioni: La nostra <span class=\"word\" data-words=\"Formul\u0103,Formula\">formula<\/span> SPF 50 fornisce una barriera efficace <span class=\"word\" data-words=\"ajut\u00e2nd,ajutand\">che aiuta <\/span> <span class=\"word\" data-words=\"la,l\u0103\">a<\/span> proteggere la pelle <span class=\"word\" data-words=\"\u0219i,si\">e a<\/span> prevenire l&#8217;invecchiamento precoce.<\/span><\/p>\n<p><span style=\"color: #000000;\">&#8211; Idratazione: L&#8217;acido ialuronico \u00e8 riconosciuto <span class=\"word modified\" data-words=\"c\u0103,ca\">come<\/span> un ingrediente attivo che <span class=\"word\" data-words=\"promoveaz\u0103,promoveaza\">promuove un&#8217;<\/span> idratazione intensa e duratura, mantenendo <span class=\"word modified\" data-words=\"\u00een,in\">la<\/span> pelle morbida e vellutata.<\/span><\/p>\n<p><span style=\"color: #000000;\">&#8211; Cura <span class=\"word modified\" data-words=\"delicat\u0103,delicata\"> delicata<\/span>: Il pantenolo, noto anche come <span class=\"word\" data-words=\"provitamin\u0103,provitamina\">provitamina<\/span> B5, pu\u00f2 aiutare a <span class=\"word\" data-words=\"la,l\u0103\">lenire<\/span> e rigenerare la pelle.<\/span><\/p>\n<p><span style=\"color: #000000;\">&#8211; Antiossidanti: L&#8217;estratto di zenzero ha propriet\u00e0 antiossidanti intensive, che proteggono la pelle dagli effetti nocivi dei radicali liberi e rendono la pelle pi\u00f9 luminosa.<\/span><\/p>\n<p><span style=\"color: #000000;\">&#8211; Rivitalizzazione: La pappa reale, <span class=\"word\" data-words=\"bogat,bog\u0103t\">ricca<\/span> di vitamine e nutrienti essenziali, aiuta a <span class=\"word\" data-words=\"la,l\u0103\">rivitalizzare<\/span> la pelle, conferendole un aspetto compatto.<\/span><\/p>\n<p><span style=\"color: #000000;\">&#8211; <span class=\"word\" data-words=\"Vitamin\u0103,Vitamina\">La vitamina<\/span> E \u00e8 un importante antiossidante che pu\u00f2 agire <span class=\"word modified\" data-words=\"c\u0103,ca\">come<\/span> spazzino dei radicali liberi. Studi sperimentali a questo proposito suggeriscono che <span class=\"word\" data-words=\"vitamin\u0103,vitamina\">la vitamina<\/span> E possa avere propriet\u00e0 fotoprotettive. <\/span><\/p>\n<p><span style=\"color: #000000;\">Applicare generosamente sul viso 15-30 minuti prima dell&#8217;esposizione al sole <span class=\"word\" data-words=\"la,l\u0103\">.<\/span> Riapplica <span class=\"word\" data-words=\"la,l\u0103\">ogni<\/span> 2 ore <span class=\"word\" data-words=\"sau,s\u0103u,\u0219au\">o<\/span> dopo aver nuotato, sudato <span class=\"word\" data-words=\"sau,s\u0103u,\u0219au\">o<\/span> esserti asciugato.<\/span><\/p>\n<p><span style=\"color: #000000;\">Dermatologicamente testato per la pelle <span class=\"word modified\" data-words=\"sensibil\u0103,sensibila\">sensibile<\/span>.<\/span><\/p>\n<p><span style=\"color: #000000;\">Trasforma la tua <span class=\"word\" data-words=\"rutin\u0103,rutina\">routine di  cura della pelle e goditi la <\/span> protezione solare<span class=\"word modified\" data-words=\"necesar\u0103,necesara\">tanto necessaria<\/span> con il nostro prodotto SPF 50.<\/span><\/p>\n<p>&nbsp;<\/p>\n<p><span style=\"color: #000000;\">Studi specializzati ( La <a style=\"color: #000000;\" title=\"https:\/\/pubmed.ncbi.nlm.nih.gov\/21812645\/\" href=\"https:\/\/pubmed.ncbi.nlm.nih.gov\/21812645\/\" rel=\"noopener\">pappa reale protegge dal fotoinvecchiamento indotto dai raggi ultravioletti B nei fibroblasti della pelle umana attraverso l&#8217;aumento della produzione di collagene<\/a> ) <span class=\"word modified\" data-words=\"indic\u0103,indica\">indicano<\/span> che la <strong>pappa reale <\/strong><strong><span class=\"word\" data-words=\"l\u0103pti\u0219orul,laptisorul\">pappa reale<\/span><\/strong> , uno degli <span class=\"word\" data-words=\"ingredientele,ingredien\u021bele\">ingredienti  chiave della crema &#8220;ROOTS DEFENCE 50 SPF&#8221; <\/span><span class=\"word\" data-words=\"c\u0103,ca\">,<\/span> pu\u00f2 <span class=\"word\" data-words=\"protej\u0103,proteja\">proteggere<\/span> la pelle dal fotoinvecchiamento indotto dai raggi UVB aumentando la produzione di collagene. <span class=\"word modified\" data-words=\"matca,matc\u0103,m\u0103tc\u0103,m\u00e2tca,m\u00e2tc\u0103\">La pappa reale <\/span><strong><span class=\"word modified\" data-words=\"matca,matc\u0103,m\u0103tc\u0103,m\u00e2tca,m\u00e2tc\u0103\">pappa reale<\/span><\/strong><span class=\"word\" data-words=\"L\u0103pti\u0219orul,Laptisorul\"> contiene<\/span> proteine, carboidrati, grassi, aminoacidi liberi, vitamine e minerali. <span class=\"word modified\" data-words=\"C\u0103,Ca\">Come <\/span><span class=\"word\" data-words=\"nesaturat,nes\u0103turat\">principale<\/span> <span class=\"word modified\" data-words=\"matca,matc\u0103,m\u0103tc\u0103,m\u00e2tca,m\u00e2tc\u0103\">acido<\/span> grassoinsaturo , la pappa reale contiene il 10       &#8211; l<span class=\"word\" data-words=\"l\u0103pti\u0219orul,laptisorul\">&#8216; acido  idrossi-2-decenoico<\/span> (10-HDA), che pu\u00f2 avere la capacit\u00e0 di  <span class=\"word modified\" data-words=\"matca,matc\u0103,m\u0103tc\u0103,m\u00e2tca,m\u00e2tc\u0103\">stimolare la produzione di collagene. In questo studio, Hye Min Park et al. hanno misurato il contenuto di 10-HDA di royal   <\/span>La <span class=\"word\" data-words=\"stimul\u0103,stimula\">pappa reale<\/span> \u00e8 stata analizzata mediante cromatografia liquida <span class=\"word\" data-words=\"\u00cen,In\">ad alte<\/span> <span class=\"word\" data-words=\"al,\u0103l\">prestazioni<\/span> <span class=\"word\" data-words=\"l\u0103pti\u0219orul,laptisorul\">e ne sono stati<\/span> testati gli effetti <span class=\"word\" data-words=\"asupr\u0103,asupra\">sul<\/span> fotoinvecchiamento cutaneo indotto dai raggi UVB nei fibroblasti dermici umani normali. I fibroblasti dermici umani irradiati dai raggi UVB e trattati con <span class=\"word\" data-words=\"l\u0103pti\u0219or,laptisor\">pappa<\/span> reale e 10-HDA hanno aumentato la produzione di <span class=\"word\" data-words=\"tip,\u021bip,\u021b\u00eep\">procollagene di tipo I e TGF-1, ma <\/span><span class=\"word modified\" data-words=\"matca,matc\u0103,m\u0103tc\u0103,m\u00e2tca,m\u00e2tc\u0103\">il<\/span> livello di MMP-1 non \u00e8 stato modificato. Questo dimostra <span class=\"word\" data-words=\"c\u0103,ca\">che<\/span> <span class=\"word\" data-words=\"l\u0103pti\u0219orul,laptisorul\">la pappa<\/span> reale pu\u00f2 <span class=\"word\" data-words=\"protej\u0103,proteja\">proteggere la pelle dal <\/span> fotoinvecchiamento indotto<span class=\"word modified\" data-words=\"matca,matc\u0103,m\u0103tc\u0103,m\u00e2tca,m\u00e2tc\u0103\">dai raggi UVB<\/span> aumentando la produzione di collagene.  <\/span><\/p>\n<p><span style=\"color: #000000;\">Un altro importante ingrediente attivo della <span class=\"word\" data-words=\"crem\u0103,crema\">crema <\/span> <strong>ROOTS DEFENCE 50 SPF<\/strong> \u00e8 l&#8217;<strong>estratto di zenzero<\/strong>. Studi specializzati (&#8221; <a style=\"color: #000000;\" title=\"https:\/\/www.researchgate.net\/publication\/262943940_Evaluation_of_Sun_Protection_Factor_of_Zingiber_officinale_Roscoe_Extract_by_Ultraviolet_Spectroscopy_Method\" href=\"https:\/\/www.researchgate.net\/publication\/262943940_Evaluation_of_Sun_Protection_Factor_of_Zingiber_officinale_Roscoe_Extract_by_Ultraviolet_Spectroscopy_Method\" rel=\"noopener\">Evaluation of Sun Protection Factor of Zingiber officinale Roscoe Extract by Ultraviolet Spectroscopy Method<\/a> &#8220;) hanno <span class=\"word\" data-words=\"\u00een,in\">evidenziato<\/span> <span class=\"word\" data-words=\"c\u0103,ca\">che i <\/span><span class=\"word\" data-words=\"componentele,componen\u021bele\">componenti<\/span> attivi  responsabili dell&#8217;assorbimento dei raggi ultravioletti da parte di Zingiber officinale possono essere isolati e utilizzati in preparazioni di protezione solare per <span class=\"word\" data-words=\"mai,m\u0103i,m\u00e2i\">una migliore<\/span> protezione dai raggi solari. Gli studi <span class=\"word\" data-words=\"men\u021bioneaz\u0103,mentioneaza\">indicano  quindi che l&#8217;estratto di Zingiber officinale <\/span><span class=\"word modified\" data-words=\"evidenta,evident\u0103,eviden\u021ba,eviden\u021b\u0103\">\u00e8 in grado di<\/span> assorbire i raggi UV e ha una buona attivit\u00e0 di protezione solare contro i raggi ultravioletti.  <\/span><\/p>\n<p><span lang=\"RO\" style=\"color: #000000;\">Non rimanere al sole per troppo tempo, anche se usi una protezione solare. Non esporre i neonati e i bambini piccoli direttamente al sole. L&#8217;eccessiva esposizione al sole \u00e8 una grave minaccia per la salute. Applica la protezione solare prima dell&#8217;esposizione. La protezione solare non ti protegge al 100% dal sole. Riapplicala spesso per mantenere la protezione.     <\/span><\/p>\n<p><span lang=\"RO\" style=\"color: #000000;\">Una quantit\u00e0 equivalente a 3 g deve essere applicata in modo uniforme su tutto il viso, il collo e il decollet\u00e9. Attenzione: ridurre questa quantit\u00e0 diminuisce significativamente il livello di protezione. <\/span><\/p>\n<h2 id=\"heading-2\" class=\"accordion-header\">Ingredienti<\/h2>\n<div id=\"description-2\" class=\"accordion-collapse collapse show\" aria-labelledby=\"heading-2\" data-bs-parent=\"#prod-desc-acc\">\n<div class=\"accordion-body\">\n<p>ACQUA, METOSSICINNAMATO DI ETILEXILE, OTTILENE, OMOSALATO, BENZOFENONE-3, COPOLIMERO DI ACRILATI, AVOBENZONE, SALICILATO DI ETILE, PANTENOLO, GLICERINA, ACETATO DI TOCOFERILE, PAPPA REALE, FENOSSIETANOLO, ACIDO IALURONICO, ESTRATTO DI RADICE DI ZINGIBER OFFICINALE (ZENZERO), ETILESILGLICERINA, ESTRATTO DI RADICE DI CURCUMA LONGA (CURCUMA), SORBATO DI POTASSIO, BENZOATO DI SODIO.<\/p>\n<h2>COME SI USA:<\/h2>\n<\/div>\n<div id=\"description-4\" class=\"accordion-collapse collapse show\" aria-labelledby=\"heading-4\" data-bs-parent=\"#prod-desc-acc\">\n<div class=\"accordion-body\">\n<p><span lang=\"RO\">Istruzioni per l&#8217;uso: Una quantit\u00e0 equivalente a 1 g deve essere applicata uniformemente su tutto il viso. Attenzione: ridurre questa quantit\u00e0 diminuisce significativamente il livello di protezione. <\/span><\/p>\n<p><span lang=\"RO\">Riapplica frequentemente per mantenere la protezione, soprattutto dopo aver sudato, nuotato o esserti asciugato.<\/span><\/p>\n<p><span lang=\"RO\">Evita il contatto con gli occhi.<\/span><\/p>\n<p><span lang=\"RO\">Se il prodotto entra accidentalmente negli occhi, risciacqua accuratamente con acqua tiepida.<\/span><\/p>\n<h2 id=\"heading-5\" class=\"accordion-header\">Rivendicazioni<\/h2>\n<div id=\"description-5\" class=\"accordion-collapse collapse show\" aria-labelledby=\"heading-5\" data-bs-parent=\"#prod-desc-acc\">\n<div class=\"accordion-body\">\n<p><strong>Metodo di conservazione: <\/strong> Conservare in un luogo asciutto, pulito e fresco.<\/p>\n<p><strong>Peso:<\/strong> 50 ml<\/p>\n<p>Le foto dei prodotti presenti sul sito sono solo a scopo informativo. Anche se possono esserci differenze nella confezione, ti assicuriamo la qualit\u00e0 della tua routine. Per <span class=\"word modified\" data-words=\"pastra,p\u0103stra,p\u0103str\u0103\">preservare <\/span> <span class=\"word\" data-words=\"prospe\u021bimea,prospetimea\">la freschezza<\/span> dei nostri prodotti, <span class=\"word modified\" data-words=\"fabricam,fabric\u0103m\">li produciamo <\/span> <span class=\"word\" data-words=\"\u00een,in\">in<\/span> piccoli lotti <span class=\"word\" data-words=\"\u0219i,si\">e<\/span> quindi potrebbero esserci <span class=\"word\" data-words=\"s\u0103,sa,\u0219a\">differenze <\/span><span class=\"word\" data-words=\"diferen\u021be,diferente\">di<\/span> consistenza <span class=\"word modified\" data-words=\"textur\u0103,textura\">e <\/span> <span class=\"word\" data-words=\"\u0219i,si\">colore<\/span>, <span class=\"word\" data-words=\"\u00een,in\">a seconda <\/span> <span class=\"word\" data-words=\"func\u021bie,functie\">del<\/span> lotto <span class=\"word\" data-words=\"parte,p\u00e2rte\">di<\/span> cui fanno parte.   Queste <span class=\"word\" data-words=\"diferen\u021be,diferente\">differenze <\/span> <span class=\"word\" data-words=\"sunt,\u0219unt\">sono <\/span> <span class=\"word\" data-words=\"influen\u021bate,influentate\">influenzate<\/span> dai principi attivi <span class=\"word\" data-words=\"ingredientele,ingredien\u021bele\">utilizzati, in quanto si tratta <\/span><span class=\"word\" data-words=\"sunt,\u0219unt\">di<\/span> estratti botanici <span class=\"word\" data-words=\"\u0219i,si\">e<\/span> possono variare a seconda della stagione e della <span class=\"word\" data-words=\"zona,zon\u0103\">zona<\/span> di provenienza della materia prima. Poich\u00e9 i nostri prodotti possono contenere allergeni, prima di aprirli e utilizzarli ti consigliamo di leggere attentamente <span class=\"word\" data-words=\"ingredientele,ingredien\u021bele\">gli ingredienti<\/span> che contengono <span class=\"word modified\" data-words=\"\u00een,in\"> e<\/span>, se sai di essere allergico <span class=\"word\" data-words=\"sau,s\u0103u,\u0219au\">o<\/span> sensibile <span class=\"word\" data-words=\"la,l\u0103\">a<\/span> uno degli <span class=\"word\" data-words=\"ingrediente,ingredien\u021be\">ingredienti<\/span>, non utilizzare il prodotto. <span class=\"word\" data-words=\"\u00cen,In\">Nel <\/span> <span class=\"word\" data-words=\"situa\u021bia,situatia\">caso <\/span> in cui <span class=\"word\" data-words=\"\u00een,in\">dovessi<\/span> notare una reazione allergica <span class=\"word modified\" data-words=\"c\u0103,ca\">in<\/span> seguito all&#8217;utilizzo del prodotto, smetti di usarlo e consulta il tuo medico.<\/p>\n<p><strong>Per garantirti un&#8217;esperienza confortevole e affidabile, questo prodotto \u00e8 dermatologicamente testato per le pelli sensibili.<\/strong><\/p>\n<\/div>\n<\/div>\n<\/div>\n<\/div>\n<\/div>\n","protected":false},"excerpt":{"rendered":"<p>Formulato per offrire unaprotezione ad alte prestazioni , il prodotto ROOTS DEFENCE 50 SPFoffreanche i benefici rivitalizzanti delle sostanze nutritive della pappa reale, i benefici idratanti e la protezione delle radici. grazie all &#8216;assunzione di acido ialuronico e ai benefici antiossidanti presenti grazie all&#8217; estratto di curcuma. Vantaggi principali: &#8211; Protezione ad alte prestazioni: La [&hellip;]<\/p>\n","protected":false},"featured_media":8166,"comment_status":"closed","ping_status":"closed","template":"","meta":{"_uag_custom_page_level_css":"","site-sidebar-layout":"default","site-content-layout":"","ast-site-content-layout":"default","site-content-style":"default","site-sidebar-style":"default","ast-global-header-display":"","ast-banner-title-visibility":"","ast-main-header-display":"","ast-hfb-above-header-display":"","ast-hfb-below-header-display":"","ast-hfb-mobile-header-display":"","site-post-title":"","ast-breadcrumbs-content":"","ast-featured-img":"","footer-sml-layout":"","ast-disable-related-posts":"","theme-transparent-header-meta":"default","adv-header-id-meta":"","stick-header-meta":"","header-above-stick-meta":"","header-main-stick-meta":"","header-below-stick-meta":"","astra-migrate-meta-layouts":"default","ast-page-background-enabled":"default","ast-page-background-meta":{"desktop":{"background-color":"var(--ast-global-color-4)","background-image":"","background-repeat":"repeat","background-position":"center center","background-size":"auto","background-attachment":"scroll","background-type":"","background-media":"","overlay-type":"","overlay-color":"","overlay-opacity":"","overlay-gradient":""},"tablet":{"background-color":"","background-image":"","background-repeat":"repeat","background-position":"center center","background-size":"auto","background-attachment":"scroll","background-type":"","background-media":"","overlay-type":"","overlay-color":"","overlay-opacity":"","overlay-gradient":""},"mobile":{"background-color":"","background-image":"","background-repeat":"repeat","background-position":"center center","background-size":"auto","background-attachment":"scroll","background-type":"","background-media":"","overlay-type":"","overlay-color":"","overlay-opacity":"","overlay-gradient":""}},"ast-content-background-meta":{"desktop":{"background-color":"var(--ast-global-color-5)","background-image":"","background-repeat":"repeat","background-position":"center center","background-size":"auto","background-attachment":"scroll","background-type":"","background-media":"","overlay-type":"","overlay-color":"","overlay-opacity":"","overlay-gradient":""},"tablet":{"background-color":"var(--ast-global-color-5)","background-image":"","background-repeat":"repeat","background-position":"center center","background-size":"auto","background-attachment":"scroll","background-type":"","background-media":"","overlay-type":"","overlay-color":"","overlay-opacity":"","overlay-gradient":""},"mobile":{"background-color":"var(--ast-global-color-5)","background-image":"","background-repeat":"repeat","background-position":"center center","background-size":"auto","background-attachment":"scroll","background-type":"","background-media":"","overlay-type":"","overlay-color":"","overlay-opacity":"","overlay-gradient":""}}},"product_brand":[711],"product_cat":[744,815,816],"product_tag":[],"class_list":{"0":"post-8168","1":"product","2":"type-product","3":"status-publish","4":"has-post-thumbnail","6":"product_brand-alina-velica-skincare","7":"product_cat-anti-invecchiamento","8":"product_cat-creme","9":"product_cat-spf-it","10":"desktop-align-left","11":"tablet-align-left","12":"mobile-align-left","14":"first","15":"instock","16":"taxable","17":"shipping-taxable","18":"purchasable","19":"product-type-simple"},"uagb_featured_image_src":{"full":["https:\/\/alinavelica.com\/wp-content\/uploads\/2025\/07\/IMG_8831.jpg",1024,1024,false],"thumbnail":["https:\/\/alinavelica.com\/wp-content\/uploads\/2025\/07\/IMG_8831-150x150.jpg",150,150,true],"medium":["https:\/\/alinavelica.com\/wp-content\/uploads\/2025\/07\/IMG_8831-300x300.jpg",300,300,true],"medium_large":["https:\/\/alinavelica.com\/wp-content\/uploads\/2025\/07\/IMG_8831-768x768.jpg",768,768,true],"large":["https:\/\/alinavelica.com\/wp-content\/uploads\/2025\/07\/IMG_8831.jpg",1024,1024,false],"1536x1536":["https:\/\/alinavelica.com\/wp-content\/uploads\/2025\/07\/IMG_8831.jpg",1024,1024,false],"2048x2048":["https:\/\/alinavelica.com\/wp-content\/uploads\/2025\/07\/IMG_8831.jpg",1024,1024,false],"mailpoet_newsletter_max":["https:\/\/alinavelica.com\/wp-content\/uploads\/2025\/07\/IMG_8831.jpg",1024,1024,false],"woocommerce_thumbnail":["https:\/\/alinavelica.com\/wp-content\/uploads\/2025\/07\/IMG_8831-300x300.jpg",300,300,true],"woocommerce_single":["https:\/\/alinavelica.com\/wp-content\/uploads\/2025\/07\/IMG_8831-600x600.jpg",600,600,true],"woocommerce_gallery_thumbnail":["https:\/\/alinavelica.com\/wp-content\/uploads\/2025\/07\/IMG_8831-100x100.jpg",100,100,true]},"uagb_author_info":{"display_name":"Alina Velica","author_link":"https:\/\/alinavelica.com\/it\/author\/"},"uagb_comment_info":0,"uagb_excerpt":"Formulato per offrire unaprotezione ad alte prestazioni , il prodotto ROOTS DEFENCE 50 SPFoffreanche i benefici rivitalizzanti delle sostanze nutritive della pappa reale, i benefici idratanti e la protezione delle radici. grazie all &#8216;assunzione di acido ialuronico e ai benefici antiossidanti presenti grazie all&#8217; estratto di curcuma. Vantaggi principali: &#8211; Protezione ad alte prestazioni: La&hellip;","jetpack_sharing_enabled":true,"_links":{"self":[{"href":"https:\/\/alinavelica.com\/it\/wp-json\/wp\/v2\/product\/8168","targetHints":{"allow":["GET"]}}],"collection":[{"href":"https:\/\/alinavelica.com\/it\/wp-json\/wp\/v2\/product"}],"about":[{"href":"https:\/\/alinavelica.com\/it\/wp-json\/wp\/v2\/types\/product"}],"replies":[{"embeddable":true,"href":"https:\/\/alinavelica.com\/it\/wp-json\/wp\/v2\/comments?post=8168"}],"wp:featuredmedia":[{"embeddable":true,"href":"https:\/\/alinavelica.com\/it\/wp-json\/wp\/v2\/media\/8166"}],"wp:attachment":[{"href":"https:\/\/alinavelica.com\/it\/wp-json\/wp\/v2\/media?parent=8168"}],"wp:term":[{"taxonomy":"product_brand","embeddable":true,"href":"https:\/\/alinavelica.com\/it\/wp-json\/wp\/v2\/product_brand?post=8168"},{"taxonomy":"product_cat","embeddable":true,"href":"https:\/\/alinavelica.com\/it\/wp-json\/wp\/v2\/product_cat?post=8168"},{"taxonomy":"product_tag","embeddable":true,"href":"https:\/\/alinavelica.com\/it\/wp-json\/wp\/v2\/product_tag?post=8168"}],"curies":[{"name":"wp","href":"https:\/\/api.w.org\/{rel}","templated":true}]}}