{"id":8068,"date":"2025-06-20T22:57:17","date_gmt":"2025-06-20T20:57:17","guid":{"rendered":"https:\/\/alinavelica.com\/product\/elisir-disintossicante-purevisage\/"},"modified":"2025-06-23T21:18:21","modified_gmt":"2025-06-23T19:18:21","slug":"elisir-disintossicante-purevisage","status":"publish","type":"product","link":"https:\/\/alinavelica.com\/it\/product\/elisir-disintossicante-purevisage\/","title":{"rendered":"ELISIR DISINTOSSICANTE PUREVISAGE"},"content":{"rendered":"<p><em style=\"font-size: 16px;\">La tua soluzione per le imperfezioni dell&#8217;acne<\/em><\/p>\n<div class=\"page\" title=\"Pagina 14\">\n<div class=\"layoutArea\">\n<div class=\"column\">\n<p>La crema viso pi\u00f9 desiderata, la pi\u00f9 venduta, la pi\u00f9 utilizzata e riutilizzata da decine di migliaia di utenti dei prodotti formulati dalla nostra collaboratrice farmaceutica, la crema che ha rivoluzionato la sua carriera di formulatrice, la crema che potrebbe essere descritta, in breve, come segue: <\/p>\n<p class=\"\" data-start=\"56\" data-end=\"442\"><strong data-start=\"56\" data-end=\"104\">I problemi della pelle spesso iniziano durante l \u201cadolescenza<\/strong>, apparendo come un evento drammatico nella vita di un bambino che si sta trasformando in un giovane adulto. Poi, durante la giovinezza o addirittura in et\u00e0 adulta, possono persistere o ricomparire. In generale, gli inestetismi dell\u201d acne ci spingono a ricorrere a qualsiasi tipo di rimedio, da quelli tradizionali ai farmaci pi\u00f9 sofisticati, nella speranza di riequilibrare la pelle e migliorarne le condizioni.  <\/p>\n<p class=\"\" data-start=\"444\" data-end=\"1028\">Ecco perch\u00e9 ha formulato quella che considera la <em data-start=\"494\" data-end=\"520\">panacea dermato-cosmetica<\/em> per la pelle con impurit\u00e0, imperfezioni da acne e comedoni. In questa formula ha riunito scienza, botanica ed eccellenza tecnologica.<br data-start=\"663\" data-end=\"666\">La <strong data-start=\"670\" data-end=\"715\">sinergia tra le botaniche Tamanu e CBD<\/strong> offre un potenziale altamente curativo, poich\u00e9 il degrado della pelle \u00e8 accelerato dall \u201cinfiammazione cellulare. I cannabinoidi e il cannabidiolo (CBD) sono la nuova frontiera per moderare e controllare l\u201d infiammazione cellulare.<br data-start=\"920\" data-end=\"923\">Il Tamanu \u00e8 un albero originario del Madagascar e nella medicina tradizionale \u00e8 considerato un antibiotico naturale.  <\/p>\n<p class=\"\" data-start=\"1030\" data-end=\"1380\">L<strong data-start=\"1030\" data-end=\"1056\">\u201cestratto di Salix purpurea<\/strong> \u00e8 uno degli ingredienti con efficacia clinicamente provata nell\u201d aumentare l \u201cidratazione, anche nei volontari con pelle atopica. In condizioni sperimentali, l\u201d estratto di Salix purpurea utilizzato nella formula ha mostrato un forte effetto inibitorio, dose-dipendente, sul rilascio di IL-8 da parte di NHEK (Normal Human Epidermal Keratinocytes) stimolati da PMA. <\/p>\n<p class=\"\" data-start=\"1382\" data-end=\"1689\">L<strong data-start=\"1382\" data-end=\"1422\">&#8216;estratto di propoli contenuto nella<\/strong> crema viso <strong data-start=\"1382\" data-end=\"1422\">Purevisage<\/strong> \u00e8 un eccezionale antisettico biologico con propriet\u00e0 antinfiammatorie che rafforza la barriera protettiva della pelle.<br data-start=\"1544\" data-end=\"1547\">\u00c8 un estratto standardizzato che protegge dagli aggressori esterni come i raggi UV, i batteri, i microrganismi e gli agenti dello stress ossidativo.<\/p>\n<p class=\"\" data-start=\"1691\" data-end=\"2434\">Per garantire la credibilit\u00e0 dell&#8217;Elisir Detossinante PUREVISAGE, abbiamo commissionato dei <strong data-start=\"1748\" data-end=\"1800\">test indipendenti in due laboratori europei<\/strong>.<br data-start=\"1801\" data-end=\"1804\">Lo <strong data-start=\"1808\" data-end=\"1845\">studio sull&#8217;attivit\u00e0 comedogena<\/strong> del prodotto PUREVISAGE, utilizzato insieme all&#8217;acqua micellare con estratto di arancia amara (come prodotto detergente), \u00e8 stato condotto per un periodo di 4 settimane su un campione di volontari selezionati in base a criteri di inclusione e non inclusione. I partecipanti comprendevano donne e uomini di et\u00e0 compresa tra i 18 e i 40 anni con acne di grado 2 e 3 e con un tipo di pelle normale e sensibile.<br data-start=\"2199\" data-end=\"2202\">I test sono stati condotti secondo le Linee Guida sull&#8217;Efficacia di Colipa. Le valutazioni sono state effettuate sia da un dermatologo che attraverso un&#8217;autovalutazione tramite questionario. La gravit\u00e0 dell&#8217;acne \u00e8 stata misurata utilizzando la <strong data-start=\"2402\" data-end=\"2415\">scala IGA<\/strong> per l&#8217;acne vulgaris.   <\/p>\n<p class=\"\" data-start=\"2436\" data-end=\"2473\">Dopo il test, i risultati sono stati:<\/p>\n<ul data-start=\"2475\" data-end=\"2909\">\n<li class=\"\" data-start=\"2475\" data-end=\"2547\">\n<p class=\"\" data-start=\"2477\" data-end=\"2547\"><strong data-start=\"2477\" data-end=\"2484\">Il 70%<\/strong> dei volontari ha percepito un miglioramento della texture della pelle durante l&#8217;utilizzo<\/p>\n<\/li>\n<li class=\"\" data-start=\"2548\" data-end=\"2653\">\n<p class=\"\" data-start=\"2550\" data-end=\"2653\"><strong data-start=\"2550\" data-end=\"2557\">Il 50%<\/strong> ha notato che sia i comedoni che i brufoli sono stati significativamente o estremamente ridotti durante l&#8217;applicazione.<\/p>\n<\/li>\n<li class=\"\" data-start=\"2654\" data-end=\"2744\">\n<p class=\"\" data-start=\"2656\" data-end=\"2744\"><strong data-start=\"2656\" data-end=\"2663\">Il 70%<\/strong> ritiene che la propria pelle sia significativamente pi\u00f9 calma e confortevole dopo l&#8217;uso di PUREVISAGE<\/p>\n<\/li>\n<li class=\"\" data-start=\"2745\" data-end=\"2819\">\n<p class=\"\" data-start=\"2747\" data-end=\"2819\"><strong data-start=\"2747\" data-end=\"2754\">Il 90%<\/strong> ha ritenuto che la propria pelle fosse significativamente migliorata dopo l&#8217;applicazione di PUREVISAGE<\/p>\n<\/li>\n<li class=\"\" data-start=\"2820\" data-end=\"2871\">\n<p class=\"\" data-start=\"2822\" data-end=\"2871\"><strong data-start=\"2822\" data-end=\"2829\">Il 90%<\/strong> dei volontari acquisterebbe nuovamente PUREVISAGE<\/p>\n<\/li>\n<li class=\"\" data-start=\"2872\" data-end=\"2909\">\n<p class=\"\" data-start=\"2874\" data-end=\"2909\"><strong data-start=\"2874\" data-end=\"2881\">Il 90%<\/strong> consiglierebbe questa crema viso<\/p>\n<\/li>\n<\/ul>\n<p>&nbsp;<\/p>\n<p><strong>Propriet\u00e0<\/strong><\/p>\n<p><strong>Consistenza:<\/strong> Crema.<\/p>\n<p><strong>Quando si pu\u00f2 usare il prodotto:<\/strong> Mattina e sera.<\/p>\n<p><strong>Propriet\u00e0:<\/strong> Attenua le imperfezioni dell&#8217;acne.<\/p>\n<p><strong>Come si applica<\/strong><br \/>\nApplica l&#8217;Elisir Detossinante PUREVISAGE ogni giorno, al mattino e alla sera, sulle zone con imperfezioni, sulla pelle appena pulita. Massaggia delicatamente la crema viso fino a completo assorbimento. Prima di utilizzare il prodotto, ti consigliamo di testarlo su una piccola area. Se non ci sono segni di sensibilit\u00e0, continua ad applicare il prodotto quotidianamente. La crema pu\u00f2 essere utilizzata anche come base per il trucco. Non applicare sulle aree sensibili, intorno alla bocca e agli occhi! Evita il contatto con gli occhi! In caso di contatto con gli occhi, sciacqua accuratamente con acqua per alcuni minuti.       <\/p>\n<p><strong>Conservazione:<\/strong> Conservare a una temperatura compresa tra 3 e 15\u00b0C.<br \/>\n<strong>Peso:<\/strong> 50 ml<\/p>\n<p>Le immagini dei prodotti presenti sul sito web sono a scopo informativo. Anche se possono esserci differenze di imballaggio, ti assicuriamo la qualit\u00e0 della tua routine. <\/p>\n<p>Per preservare la freschezza dei nostri prodotti, li produciamo in piccoli lotti, motivo per cui possono esserci differenze di consistenza e colore a seconda del lotto. Queste differenze sono influenzate dagli ingredienti attivi utilizzati, in quanto si tratta di estratti botanici, e possono variare a seconda della stagione e della regione di provenienza della materia prima. Dal momento che i nostri prodotti possono contenere allergeni, prima di staccarli e utilizzarli ti consigliamo di leggere attentamente gli ingredienti. Se sei allergico o sensibile a uno degli ingredienti, non utilizzare il prodotto. Se noti una reazione allergica all&#8217;uso del prodotto, smetti di usarlo e consulta un medico.    <\/p>\n<p>Per il tuo comfort e la tua sicurezza, questo prodotto \u00e8 dermatologicamente testato.<\/p>\n<\/div>\n<\/div>\n<\/div>\n","protected":false},"excerpt":{"rendered":"<p><em style=\"font-size: 16px;\">La tua soluzione per le imperfezioni dell&#8217;acne<\/em><\/p>\n","protected":false},"featured_media":8138,"comment_status":"closed","ping_status":"closed","template":"","meta":{"_uag_custom_page_level_css":"","site-sidebar-layout":"default","site-content-layout":"","ast-site-content-layout":"default","site-content-style":"default","site-sidebar-style":"default","ast-global-header-display":"","ast-banner-title-visibility":"","ast-main-header-display":"","ast-hfb-above-header-display":"","ast-hfb-below-header-display":"","ast-hfb-mobile-header-display":"","site-post-title":"","ast-breadcrumbs-content":"","ast-featured-img":"","footer-sml-layout":"","ast-disable-related-posts":"","theme-transparent-header-meta":"default","adv-header-id-meta":"","stick-header-meta":"","header-above-stick-meta":"","header-main-stick-meta":"","header-below-stick-meta":"","astra-migrate-meta-layouts":"default","ast-page-background-enabled":"default","ast-page-background-meta":{"desktop":{"background-color":"var(--ast-global-color-4)","background-image":"","background-repeat":"repeat","background-position":"center center","background-size":"auto","background-attachment":"scroll","background-type":"","background-media":"","overlay-type":"","overlay-color":"","overlay-opacity":"","overlay-gradient":""},"tablet":{"background-color":"","background-image":"","background-repeat":"repeat","background-position":"center center","background-size":"auto","background-attachment":"scroll","background-type":"","background-media":"","overlay-type":"","overlay-color":"","overlay-opacity":"","overlay-gradient":""},"mobile":{"background-color":"","background-image":"","background-repeat":"repeat","background-position":"center center","background-size":"auto","background-attachment":"scroll","background-type":"","background-media":"","overlay-type":"","overlay-color":"","overlay-opacity":"","overlay-gradient":""}},"ast-content-background-meta":{"desktop":{"background-color":"var(--ast-global-color-5)","background-image":"","background-repeat":"repeat","background-position":"center center","background-size":"auto","background-attachment":"scroll","background-type":"","background-media":"","overlay-type":"","overlay-color":"","overlay-opacity":"","overlay-gradient":""},"tablet":{"background-color":"var(--ast-global-color-5)","background-image":"","background-repeat":"repeat","background-position":"center center","background-size":"auto","background-attachment":"scroll","background-type":"","background-media":"","overlay-type":"","overlay-color":"","overlay-opacity":"","overlay-gradient":""},"mobile":{"background-color":"var(--ast-global-color-5)","background-image":"","background-repeat":"repeat","background-position":"center center","background-size":"auto","background-attachment":"scroll","background-type":"","background-media":"","overlay-type":"","overlay-color":"","overlay-opacity":"","overlay-gradient":""}}},"product_brand":[],"product_cat":[804],"product_tag":[806,808,792,791,749,747,753,779,754,778],"class_list":{"0":"post-8068","1":"product","2":"type-product","3":"status-publish","4":"has-post-thumbnail","6":"product_cat-depuratori","7":"product_tag-acne-it","8":"product_tag-crema","9":"product_tag-crema-leggera","10":"product_tag-crema-notte","11":"product_tag-illuminante","12":"product_tag-imperfezioni","13":"product_tag-pelle-grassa","14":"product_tag-routine-giornaliera","15":"product_tag-sebo","16":"product_tag-unisex-it","17":"desktop-align-left","18":"tablet-align-left","19":"mobile-align-left","21":"first","22":"instock","23":"taxable","24":"shipping-taxable","25":"purchasable","26":"product-type-simple"},"uagb_featured_image_src":{"full":["https:\/\/alinavelica.com\/wp-content\/uploads\/2025\/04\/pure.jpeg",1024,1024,false],"thumbnail":["https:\/\/alinavelica.com\/wp-content\/uploads\/2025\/04\/pure-150x150.jpeg",150,150,true],"medium":["https:\/\/alinavelica.com\/wp-content\/uploads\/2025\/04\/pure-300x300.jpeg",300,300,true],"medium_large":["https:\/\/alinavelica.com\/wp-content\/uploads\/2025\/04\/pure-768x768.jpeg",768,768,true],"large":["https:\/\/alinavelica.com\/wp-content\/uploads\/2025\/04\/pure.jpeg",1024,1024,false],"1536x1536":["https:\/\/alinavelica.com\/wp-content\/uploads\/2025\/04\/pure.jpeg",1024,1024,false],"2048x2048":["https:\/\/alinavelica.com\/wp-content\/uploads\/2025\/04\/pure.jpeg",1024,1024,false],"mailpoet_newsletter_max":["https:\/\/alinavelica.com\/wp-content\/uploads\/2025\/04\/pure.jpeg",1024,1024,false],"woocommerce_thumbnail":["https:\/\/alinavelica.com\/wp-content\/uploads\/2025\/04\/pure-300x300.jpeg",300,300,true],"woocommerce_single":["https:\/\/alinavelica.com\/wp-content\/uploads\/2025\/04\/pure-600x600.jpeg",600,600,true],"woocommerce_gallery_thumbnail":["https:\/\/alinavelica.com\/wp-content\/uploads\/2025\/04\/pure-100x100.jpeg",100,100,true]},"uagb_author_info":{"display_name":"Alina Velica","author_link":"https:\/\/alinavelica.com\/it\/author\/"},"uagb_comment_info":0,"uagb_excerpt":"La tua soluzione per le imperfezioni dell'acne","_links":{"self":[{"href":"https:\/\/alinavelica.com\/it\/wp-json\/wp\/v2\/product\/8068","targetHints":{"allow":["GET"]}}],"collection":[{"href":"https:\/\/alinavelica.com\/it\/wp-json\/wp\/v2\/product"}],"about":[{"href":"https:\/\/alinavelica.com\/it\/wp-json\/wp\/v2\/types\/product"}],"replies":[{"embeddable":true,"href":"https:\/\/alinavelica.com\/it\/wp-json\/wp\/v2\/comments?post=8068"}],"wp:featuredmedia":[{"embeddable":true,"href":"https:\/\/alinavelica.com\/it\/wp-json\/wp\/v2\/media\/8138"}],"wp:attachment":[{"href":"https:\/\/alinavelica.com\/it\/wp-json\/wp\/v2\/media?parent=8068"}],"wp:term":[{"taxonomy":"product_brand","embeddable":true,"href":"https:\/\/alinavelica.com\/it\/wp-json\/wp\/v2\/product_brand?post=8068"},{"taxonomy":"product_cat","embeddable":true,"href":"https:\/\/alinavelica.com\/it\/wp-json\/wp\/v2\/product_cat?post=8068"},{"taxonomy":"product_tag","embeddable":true,"href":"https:\/\/alinavelica.com\/it\/wp-json\/wp\/v2\/product_tag?post=8068"}],"curies":[{"name":"wp","href":"https:\/\/api.w.org\/{rel}","templated":true}]}}