{"id":8063,"date":"2025-06-20T22:57:15","date_gmt":"2025-06-20T20:57:15","guid":{"rendered":"https:\/\/alinavelica.com\/product\/hibisplash\/"},"modified":"2025-06-23T21:00:18","modified_gmt":"2025-06-23T19:00:18","slug":"hibisplash","status":"publish","type":"product","link":"https:\/\/alinavelica.com\/it\/product\/hibisplash\/","title":{"rendered":"HIBISPLASH"},"content":{"rendered":"<p><em>Il tuo detergente idratante<\/em><\/p>\n<p>&nbsp;<\/p>\n<p><strong>Gel detergente con ibisco e acido ialuronico<\/strong><\/p>\n<p>Il gel detergente con ibisco e acido ialuronico \u00e8 stato progettato per un rituale di pulizia profonda del viso, trasformandolo in un momento piacevole che non vorrai pi\u00f9 saltare. La sua texture ricca e cremosa \u00e8 realizzata per una pulizia delicata che rimuove le impurit\u00e0, i residui di trucco e le cellule morte della pelle. <\/p>\n<p>Ti consigliamo di risciacquare accuratamente il viso con acqua tiepida e di utilizzare il tuo tonico preferito.<\/p>\n<p>L&#8217;ingrediente detergente \u00e8 stato selezionato per le sue eccezionali prestazioni anti-irritanti, clinicamente provate, e per il suo eccezionale profilo detergente per tutti i tipi di pelle. \u00c8 100% naturale e certificato Ecocert. <\/p>\n<p>L&#8217;acqua utilizzata \u00e8 la nostra acqua ultrapura di qualit\u00e0 WFI, conforme agli standard EP X \/ USP e costantemente monitorata. Abbiamo scelto di utilizzare solo la migliore acqua disponibile per i nostri prodotti: una fonte di vita indiscussa. <\/p>\n<p>La qualit\u00e0 della nostra acqua soddisfa gli standard per l&#8217;acqua utilizzata nei prodotti farmaceutici iniettabili &#8211; lo standard pi\u00f9 alto e rigoroso &#8211; ed \u00e8 ideale per lo sviluppo di formulazioni per prodotti farmaceutici e cosmetici, in particolare per prodotti bio e senza conservanti.<\/p>\n<p><strong>Ingredienti:<\/strong><\/p>\n<p>ACQUA, FIORE DI IBISCO SABDARIFFA, POLIGLICERIL-4 LAURATO\/SEBACATO, POLIGLICERIL-6 CAPRILATO\/CAPRATO, OLIO DI COCOS NUCIFERA, ACETATO DI TOCOFERILE, COPOLIMERO DI ACRILATI DI SODIO, LECITINA, FENOSSIETANOLO, ACIDO IALURONICO.<\/p>\n<p><strong>Propriet\u00e0<\/strong><\/p>\n<p><strong>Texture:<\/strong> gel detergente<br \/>\n<strong>Quando usarlo:<\/strong> mattina e sera<br \/>\n<strong>Benefici:<\/strong> rimozione del trucco, pulizia<\/p>\n<p><strong>Come candidarsi<\/strong><\/p>\n<p>Il gel detergente \u00e8 il primo passo essenziale di una corretta routine di cura della pelle. Applicane una quantit\u00e0 generosa sul palmo della mano e massaggia delicatamente sul viso con movimenti circolari verso l \u201calto. Risciacqua con acqua tiepida o rimuovi con l\u201d acqua micellare adatta al tuo tipo di pelle.  <\/p>\n<p>Evita il contatto con gli occhi. Se il prodotto entra accidentalmente negli occhi, risciacqua accuratamente con acqua tiepida.  Agitare bene prima dell&#8217;uso.<\/p>\n<p>&nbsp;<\/p>\n<p><strong>Note<\/strong><br \/>\n<strong>Istruzioni per la conservazione:<\/strong> Conservalo in un luogo asciutto, pulito e fresco.<br \/>\n<strong>Quantit\u00e0:<\/strong> 250 ml<\/p>\n<p>Le foto dei prodotti sul sito web sono solo a scopo informativo. Anche se le confezioni possono variare, garantiamo la qualit\u00e0 della tua routine di cura della pelle. <\/p>\n<p>Per mantenere la freschezza dei nostri prodotti, li produciamo in piccoli lotti. Pertanto, possono verificarsi variazioni di consistenza e colore a seconda del lotto. Queste differenze sono influenzate dagli ingredienti attivi utilizzati, in quanto si tratta di estratti botanici e possono variare a seconda della stagione e della regione di provenienza delle materie prime.  <\/p>\n<p>Dato che i nostri prodotti possono contenere allergeni, ti consigliamo di leggere attentamente l&#8217;elenco degli ingredienti prima di aprirli e utilizzarli. Se sei a conoscenza di allergie o sensibilit\u00e0 a qualche ingrediente, non utilizzare il prodotto. <\/p>\n<p>Se si verifica una reazione allergica in seguito all \u201cuso di questo prodotto, interrompere l\u201d uso e consultare un medico.<\/p>\n<p>Per garantire un&#8217;esperienza sicura e piacevole, questo prodotto \u00e8 stato dermatologicamente testato.<\/p>\n","protected":false},"excerpt":{"rendered":"<p>Il tuo detergente idratante<\/p>\n","protected":false},"featured_media":8122,"comment_status":"closed","ping_status":"closed","template":"","meta":{"_uag_custom_page_level_css":"","site-sidebar-layout":"default","site-content-layout":"","ast-site-content-layout":"default","site-content-style":"default","site-sidebar-style":"default","ast-global-header-display":"","ast-banner-title-visibility":"","ast-main-header-display":"","ast-hfb-above-header-display":"","ast-hfb-below-header-display":"","ast-hfb-mobile-header-display":"","site-post-title":"","ast-breadcrumbs-content":"","ast-featured-img":"","footer-sml-layout":"","ast-disable-related-posts":"","theme-transparent-header-meta":"default","adv-header-id-meta":"","stick-header-meta":"","header-above-stick-meta":"","header-main-stick-meta":"","header-below-stick-meta":"","astra-migrate-meta-layouts":"default","ast-page-background-enabled":"default","ast-page-background-meta":{"desktop":{"background-color":"var(--ast-global-color-4)","background-image":"","background-repeat":"repeat","background-position":"center center","background-size":"auto","background-attachment":"scroll","background-type":"","background-media":"","overlay-type":"","overlay-color":"","overlay-opacity":"","overlay-gradient":""},"tablet":{"background-color":"","background-image":"","background-repeat":"repeat","background-position":"center center","background-size":"auto","background-attachment":"scroll","background-type":"","background-media":"","overlay-type":"","overlay-color":"","overlay-opacity":"","overlay-gradient":""},"mobile":{"background-color":"","background-image":"","background-repeat":"repeat","background-position":"center center","background-size":"auto","background-attachment":"scroll","background-type":"","background-media":"","overlay-type":"","overlay-color":"","overlay-opacity":"","overlay-gradient":""}},"ast-content-background-meta":{"desktop":{"background-color":"var(--ast-global-color-5)","background-image":"","background-repeat":"repeat","background-position":"center center","background-size":"auto","background-attachment":"scroll","background-type":"","background-media":"","overlay-type":"","overlay-color":"","overlay-opacity":"","overlay-gradient":""},"tablet":{"background-color":"var(--ast-global-color-5)","background-image":"","background-repeat":"repeat","background-position":"center center","background-size":"auto","background-attachment":"scroll","background-type":"","background-media":"","overlay-type":"","overlay-color":"","overlay-opacity":"","overlay-gradient":""},"mobile":{"background-color":"var(--ast-global-color-5)","background-image":"","background-repeat":"repeat","background-position":"center center","background-size":"auto","background-attachment":"scroll","background-type":"","background-media":"","overlay-type":"","overlay-color":"","overlay-opacity":"","overlay-gradient":""}}},"product_brand":[],"product_cat":[804],"product_tag":[752,780,747,753,779,745,754,778],"class_list":{"0":"post-8063","1":"product","2":"type-product","3":"status-publish","4":"has-post-thumbnail","6":"product_cat-depuratori","7":"product_tag-detergente","8":"product_tag-idratazione","9":"product_tag-imperfezioni","10":"product_tag-pelle-grassa","11":"product_tag-routine-giornaliera","12":"product_tag-routine-notturna","13":"product_tag-sebo","14":"product_tag-unisex-it","15":"desktop-align-left","16":"tablet-align-left","17":"mobile-align-left","19":"first","20":"instock","21":"taxable","22":"shipping-taxable","23":"purchasable","24":"product-type-simple"},"uagb_featured_image_src":{"full":["https:\/\/alinavelica.com\/wp-content\/uploads\/2025\/04\/hibi.jpeg",1024,1024,false],"thumbnail":["https:\/\/alinavelica.com\/wp-content\/uploads\/2025\/04\/hibi-150x150.jpeg",150,150,true],"medium":["https:\/\/alinavelica.com\/wp-content\/uploads\/2025\/04\/hibi-300x300.jpeg",300,300,true],"medium_large":["https:\/\/alinavelica.com\/wp-content\/uploads\/2025\/04\/hibi-768x768.jpeg",768,768,true],"large":["https:\/\/alinavelica.com\/wp-content\/uploads\/2025\/04\/hibi.jpeg",1024,1024,false],"1536x1536":["https:\/\/alinavelica.com\/wp-content\/uploads\/2025\/04\/hibi.jpeg",1024,1024,false],"2048x2048":["https:\/\/alinavelica.com\/wp-content\/uploads\/2025\/04\/hibi.jpeg",1024,1024,false],"mailpoet_newsletter_max":["https:\/\/alinavelica.com\/wp-content\/uploads\/2025\/04\/hibi.jpeg",1024,1024,false],"woocommerce_thumbnail":["https:\/\/alinavelica.com\/wp-content\/uploads\/2025\/04\/hibi-300x300.jpeg",300,300,true],"woocommerce_single":["https:\/\/alinavelica.com\/wp-content\/uploads\/2025\/04\/hibi-600x600.jpeg",600,600,true],"woocommerce_gallery_thumbnail":["https:\/\/alinavelica.com\/wp-content\/uploads\/2025\/04\/hibi-100x100.jpeg",100,100,true]},"uagb_author_info":{"display_name":"Alina Velica","author_link":"https:\/\/alinavelica.com\/it\/author\/"},"uagb_comment_info":0,"uagb_excerpt":"Il tuo detergente idratante","jetpack_sharing_enabled":true,"_links":{"self":[{"href":"https:\/\/alinavelica.com\/it\/wp-json\/wp\/v2\/product\/8063","targetHints":{"allow":["GET"]}}],"collection":[{"href":"https:\/\/alinavelica.com\/it\/wp-json\/wp\/v2\/product"}],"about":[{"href":"https:\/\/alinavelica.com\/it\/wp-json\/wp\/v2\/types\/product"}],"replies":[{"embeddable":true,"href":"https:\/\/alinavelica.com\/it\/wp-json\/wp\/v2\/comments?post=8063"}],"wp:featuredmedia":[{"embeddable":true,"href":"https:\/\/alinavelica.com\/it\/wp-json\/wp\/v2\/media\/8122"}],"wp:attachment":[{"href":"https:\/\/alinavelica.com\/it\/wp-json\/wp\/v2\/media?parent=8063"}],"wp:term":[{"taxonomy":"product_brand","embeddable":true,"href":"https:\/\/alinavelica.com\/it\/wp-json\/wp\/v2\/product_brand?post=8063"},{"taxonomy":"product_cat","embeddable":true,"href":"https:\/\/alinavelica.com\/it\/wp-json\/wp\/v2\/product_cat?post=8063"},{"taxonomy":"product_tag","embeddable":true,"href":"https:\/\/alinavelica.com\/it\/wp-json\/wp\/v2\/product_tag?post=8063"}],"curies":[{"name":"wp","href":"https:\/\/api.w.org\/{rel}","templated":true}]}}