{"id":8020,"date":"2025-06-20T22:53:29","date_gmt":"2025-06-20T20:53:29","guid":{"rendered":"https:\/\/alinavelica.com\/product\/cool-agen\/"},"modified":"2025-06-23T22:50:23","modified_gmt":"2025-06-23T20:50:23","slug":"cool-agen","status":"publish","type":"product","link":"https:\/\/alinavelica.com\/it\/product\/cool-agen\/","title":{"rendered":"Cool-Agen!"},"content":{"rendered":"<div class=\"page\" title=\"Pagina 26\">\n<div class=\"layoutArea\">\n<div class=\"column\">\n<p><em>La tua infusione assoluta di collagene!<\/em><\/p>\n<p>&nbsp;<\/p>\n<p><strong>Ingredienti chiave: Collagene &#8211; Olio di Kukui<\/strong><\/p>\n<p>&nbsp;<\/p>\n<p>Il processo di sintesi del collagene rallenta all \u201cet\u00e0 di 25 anni e, con l\u201d avanzare dell \u201cet\u00e0, la carenza di collagene interviene con effetti sull\u201d elasticit\u00e0 della pelle. In quanto componente principale dell \u201cepidermide, il collagene svolge un ruolo importante nel mantenimento della salute della pelle. Aiuta a ridurre le rughe, ripristina la compattezza della pelle e la protegge dagli effetti nocivi dei fattori esterni. Inoltre, favorisce il processo di rigenerazione in caso di cicatrici e ripristina la tonicit\u00e0 della pelle.<br \/>\nIl cuore del nostro siero <em>COOL-AGEN!<\/em> \u00e8 un ingrediente attivo innovativo con propriet\u00e0 igroscopiche. Ci\u00f2 che lo rende unico, tuttavia, \u00e8 la sinergia tra le propriet\u00e0 nutrizionali degli oli presenti nella composizione e le propriet\u00e0 rigeneranti del collagene.<br \/>\nIl collagene \u00e8 una delle principali proteine della matrice extracellulare della pelle, insieme all\u201d acido ialuronico e all \u201celastina. Il collagene \u00e8 responsabile dell\u201d integrit\u00e0 e del tono della pelle, creando una fitta rete nel derma. La sua funzione principale \u00e8 quella di generare un complesso supporto strutturale per l \u201cepidermide.<br \/>\nDel nostro siero per infusione COOL-AGEN possiamo dire che \u00e8 l\u201d equivalente di una Mesoterapia virtuale.      <\/p>\n<p>L \u201colio di Kukui, eccellente rigeneratore e riparatore della pelle, viene assorbito rapidamente e nutre l\u201d epidermide conferendole un aspetto vellutato. Inoltre, le microsfere che contengono colagene hanno propriet\u00e0 di rigenerazione intensiva dell \u201cepidermide e, insieme agli acidi grassi dell\u201d olio di Kukui, agiscono per aiutare a sbiadire le imperfezioni della pelle. <\/p>\n<p>Questo prodotto \u00e8 privo di profumo, parabeni ed \u00e8 dermatologicamente testato.<\/p>\n<p><strong>INGREDIENTI:<\/strong><\/p>\n<\/div>\n<div id=\"description-2\" class=\"accordion-collapse collapse show\" aria-labelledby=\"heading-2\" data-bs-parent=\"#prod-desc-acc\">\n<div class=\"accordion-body\">\n<p>ALEURITES MOLUCCANA, PENTAERITRIL TETRAISOSTEARATO, ACETATO DI TOCOFERILE, OLIO DI PELARGONIUM GRAVEOLENS, SILICE DIMETIL SILILATA, GLICOLE BUTILENICO, GLICOLE PENTILENICO, CONDROITIN SOLFATO DI SODIO, ATELOCOLLAGENE, CITRONELLOLO, GERANIOLO, LINALOLO, CITRALE, D-LIMONENE.<\/p>\n<p>&nbsp;<\/p>\n<\/div>\n<p class=\"\" data-start=\"0\" data-end=\"36\"><strong data-start=\"0\" data-end=\"14\">PROPRIETA&#8217;:<\/strong><\/p>\n<p class=\"\" data-start=\"0\" data-end=\"36\"><br data-start=\"14\" data-end=\"17\"><strong data-start=\"17\" data-end=\"29\">Struttura:<\/strong> Olio.<\/p>\n<p class=\"\" data-start=\"0\" data-end=\"36\"><strong data-start=\"38\" data-end=\"71\">Quando si pu\u00f2 usare il prodotto?<\/strong>  La sera.<\/p>\n<p class=\"\" data-start=\"91\" data-end=\"388\"><strong data-start=\"91\" data-end=\"106\">Propriet\u00e0:<\/strong> Questo ingrediente \u00e8 una delle principali proteine della matrice extracellulare della pelle, insieme all \u201cacido ialuronico e all\u201d elastina. \u00c8 responsabile dell \u201cintegrit\u00e0 e del tono della pelle, creando una fitta rete nel derma. La sua funzione principale \u00e8 quella di fornire un complesso supporto strutturale all\u201d epidermide.  <\/p>\n<p class=\"\" data-start=\"0\" data-end=\"233\"><strong data-start=\"0\" data-end=\"16\">Come applicare<\/strong><br data-start=\"16\" data-end=\"19\">Per ottenere risultati ottimali, applica l&#8217;olio sulla pelle leggermente umida. La formula \u00e8 esclusivamente solubile in olio, ma si attiva in presenza di acqua. Pertanto, per potenziare i risultati di una routine con gli oli della gamma ultra riempitiva, ti consigliamo di usarlo insieme a un attivatore, come il nostro SKIN MEETS HEALING &#8211; Vitamina C, prima di dormire.  <\/p>\n<p class=\"\" data-start=\"235\" data-end=\"351\">Evita il contatto con gli occhi. Se il prodotto entra accidentalmente negli occhi, sciacqua accuratamente con acqua tiepida. <\/p>\n<p class=\"\" data-start=\"353\" data-end=\"375\">Agitare bene prima dell&#8217;uso.<\/p>\n<\/div>\n<\/div>\n<\/div>\n","protected":false},"excerpt":{"rendered":"<div class=\"page\" title=\"Pagina 26\">\n<div class=\"layoutArea\">\n<div class=\"column\">\n<p>COOL-AGEN! La tua infusione assoluta di collagene<\/p>\n<\/div>\n<\/div>\n<\/div>\n","protected":false},"featured_media":8102,"comment_status":"open","ping_status":"closed","template":"","meta":{"_uag_custom_page_level_css":"","site-sidebar-layout":"default","site-content-layout":"","ast-site-content-layout":"default","site-content-style":"default","site-sidebar-style":"default","ast-global-header-display":"","ast-banner-title-visibility":"","ast-main-header-display":"","ast-hfb-above-header-display":"","ast-hfb-below-header-display":"","ast-hfb-mobile-header-display":"","site-post-title":"","ast-breadcrumbs-content":"","ast-featured-img":"","footer-sml-layout":"","ast-disable-related-posts":"","theme-transparent-header-meta":"default","adv-header-id-meta":"","stick-header-meta":"","header-above-stick-meta":"","header-main-stick-meta":"","header-below-stick-meta":"","astra-migrate-meta-layouts":"default","ast-page-background-enabled":"default","ast-page-background-meta":{"desktop":{"background-color":"var(--ast-global-color-4)","background-image":"","background-repeat":"repeat","background-position":"center center","background-size":"auto","background-attachment":"scroll","background-type":"","background-media":"","overlay-type":"","overlay-color":"","overlay-opacity":"","overlay-gradient":""},"tablet":{"background-color":"","background-image":"","background-repeat":"repeat","background-position":"center center","background-size":"auto","background-attachment":"scroll","background-type":"","background-media":"","overlay-type":"","overlay-color":"","overlay-opacity":"","overlay-gradient":""},"mobile":{"background-color":"","background-image":"","background-repeat":"repeat","background-position":"center center","background-size":"auto","background-attachment":"scroll","background-type":"","background-media":"","overlay-type":"","overlay-color":"","overlay-opacity":"","overlay-gradient":""}},"ast-content-background-meta":{"desktop":{"background-color":"var(--ast-global-color-5)","background-image":"","background-repeat":"repeat","background-position":"center center","background-size":"auto","background-attachment":"scroll","background-type":"","background-media":"","overlay-type":"","overlay-color":"","overlay-opacity":"","overlay-gradient":""},"tablet":{"background-color":"var(--ast-global-color-5)","background-image":"","background-repeat":"repeat","background-position":"center center","background-size":"auto","background-attachment":"scroll","background-type":"","background-media":"","overlay-type":"","overlay-color":"","overlay-opacity":"","overlay-gradient":""},"mobile":{"background-color":"var(--ast-global-color-5)","background-image":"","background-repeat":"repeat","background-position":"center center","background-size":"auto","background-attachment":"scroll","background-type":"","background-media":"","overlay-type":"","overlay-color":"","overlay-opacity":"","overlay-gradient":""}}},"product_brand":[711],"product_cat":[744,743],"product_tag":[777,797,745,776,778],"class_list":{"0":"post-8020","1":"product","2":"type-product","3":"status-publish","4":"has-post-thumbnail","6":"product_brand-alina-velica-skincare","7":"product_cat-anti-invecchiamento","8":"product_cat-sieri","9":"product_tag-anti-invecchiamento","10":"product_tag-assistenza-notturna","11":"product_tag-routine-notturna","12":"product_tag-siero","13":"product_tag-unisex-it","14":"desktop-align-left","15":"tablet-align-left","16":"mobile-align-left","18":"first","19":"instock","20":"taxable","21":"shipping-taxable","22":"purchasable","23":"product-type-simple"},"uagb_featured_image_src":{"full":["https:\/\/alinavelica.com\/wp-content\/uploads\/2025\/04\/collagen.jpeg",1024,1024,false],"thumbnail":["https:\/\/alinavelica.com\/wp-content\/uploads\/2025\/04\/collagen-150x150.jpeg",150,150,true],"medium":["https:\/\/alinavelica.com\/wp-content\/uploads\/2025\/04\/collagen-300x300.jpeg",300,300,true],"medium_large":["https:\/\/alinavelica.com\/wp-content\/uploads\/2025\/04\/collagen-768x768.jpeg",768,768,true],"large":["https:\/\/alinavelica.com\/wp-content\/uploads\/2025\/04\/collagen.jpeg",1024,1024,false],"1536x1536":["https:\/\/alinavelica.com\/wp-content\/uploads\/2025\/04\/collagen.jpeg",1024,1024,false],"2048x2048":["https:\/\/alinavelica.com\/wp-content\/uploads\/2025\/04\/collagen.jpeg",1024,1024,false],"mailpoet_newsletter_max":["https:\/\/alinavelica.com\/wp-content\/uploads\/2025\/04\/collagen.jpeg",1024,1024,false],"woocommerce_thumbnail":["https:\/\/alinavelica.com\/wp-content\/uploads\/2025\/04\/collagen-300x300.jpeg",300,300,true],"woocommerce_single":["https:\/\/alinavelica.com\/wp-content\/uploads\/2025\/04\/collagen-600x600.jpeg",600,600,true],"woocommerce_gallery_thumbnail":["https:\/\/alinavelica.com\/wp-content\/uploads\/2025\/04\/collagen-100x100.jpeg",100,100,true]},"uagb_author_info":{"display_name":"Alina Velica","author_link":"https:\/\/alinavelica.com\/it\/author\/"},"uagb_comment_info":0,"uagb_excerpt":"COOL-AGEN! La tua infusione assoluta di collagene","jetpack_sharing_enabled":true,"_links":{"self":[{"href":"https:\/\/alinavelica.com\/it\/wp-json\/wp\/v2\/product\/8020","targetHints":{"allow":["GET"]}}],"collection":[{"href":"https:\/\/alinavelica.com\/it\/wp-json\/wp\/v2\/product"}],"about":[{"href":"https:\/\/alinavelica.com\/it\/wp-json\/wp\/v2\/types\/product"}],"replies":[{"embeddable":true,"href":"https:\/\/alinavelica.com\/it\/wp-json\/wp\/v2\/comments?post=8020"}],"wp:featuredmedia":[{"embeddable":true,"href":"https:\/\/alinavelica.com\/it\/wp-json\/wp\/v2\/media\/8102"}],"wp:attachment":[{"href":"https:\/\/alinavelica.com\/it\/wp-json\/wp\/v2\/media?parent=8020"}],"wp:term":[{"taxonomy":"product_brand","embeddable":true,"href":"https:\/\/alinavelica.com\/it\/wp-json\/wp\/v2\/product_brand?post=8020"},{"taxonomy":"product_cat","embeddable":true,"href":"https:\/\/alinavelica.com\/it\/wp-json\/wp\/v2\/product_cat?post=8020"},{"taxonomy":"product_tag","embeddable":true,"href":"https:\/\/alinavelica.com\/it\/wp-json\/wp\/v2\/product_tag?post=8020"}],"curies":[{"name":"wp","href":"https:\/\/api.w.org\/{rel}","templated":true}]}}