{"id":8016,"date":"2025-06-20T22:53:28","date_gmt":"2025-06-20T20:53:28","guid":{"rendered":"https:\/\/alinavelica.com\/product\/infiniti-tu-i\/"},"modified":"2025-06-23T22:21:49","modified_gmt":"2025-06-23T20:21:49","slug":"infiniti-tu-i","status":"publish","type":"product","link":"https:\/\/alinavelica.com\/it\/product\/infiniti-tu-i\/","title":{"rendered":"Infiniti Tu-i!"},"content":{"rendered":"<div class=\"page\" title=\"Pagina 10\">\n<div class=\"layoutArea\">\n<div class=\"column\">\n<p>Ingredienti chiave: EMISQUALANE &#8211; SQUALANE &#8211; ACIDO IALURONICO<\/p>\n<p>La nostra crema notte \u00e8 un favoloso cocktail di sostanze che nutre, ripristina, idrata, calma e nobilita la pelle. Ti consigliamo di usarla insieme al nostro COOL-AGEN, per un piacere completo della tua pelle. La texture ha un tocco del tutto speciale, estremamente liscia, offerta dalla miscela tra il sofisticato Squalano e il raffinato ed elegante Emisqualano. Lo Squalano utilizzato per la formula della nostra crema \u00e8 il miglior Squalano al mondo, clinicamente testato.   <\/p>\n<p>Ottenuto dalla canna da zucchero certificata Bonsucro, lo Squalano contenuto nella formula di ENDLESS YOU-TH! \u00e8 una forma stabile di idratazione, con effetti anti-invecchiamento e aumento della compattezza della pelle, caratterizzata da una diminuzione della superficie, del volume e della profondit\u00e0 delle imperfezioni cutanee o delle cicatrici da acne. L&#8217;Hemisqualane \u00e8 un emolliente dal finish secco, la cui fonte di estrazione \u00e8 la canna da zucchero proveniente da fonti sostenibili.  <\/p>\n<p>L \u201caggiunta di due tipi di acido ialuronico favorisce le prestazioni idratanti della formula, l\u201d elasticit\u00e0 e il tono della pelle.<\/p>\n<p>L \u201cesperienza sensoriale lasciata sull\u201d epidermide \u00e8 cremosa, polverosa, con un effetto soft focus, la cui texture crea una maggiore elasticit\u00e0 e uniformit\u00e0 della pelle.<\/p>\n<p>I lipopeptidi presenti nella formula della nostra crema notte contengono il primo ingrediente cosmetico attivo che agisce come messaggero di comfort e delicatezza per l&#8217;epidermide.<\/p>\n<p>Gli studi condotti sui lipodipeptidi presenti nella formula dimostrano il miglioramento del comfort cutaneo e la sua attivit\u00e0 neuro-cosmetica modula la percezione della pelle, fornendo un maggiore senso di tranquillit\u00e0 all&#8217;epidermide.<\/p>\n<p>Creato per la pelle matura.<br \/>\nAdatto per pelli secche, normali e miste.<\/p>\n<p>Questo prodotto \u00e8 privo di profumo, parabeni e dermatologicamente testato.<\/p>\n<\/div>\n<\/div>\n<\/div>\n","protected":false},"excerpt":{"rendered":"<p>Ingredienti chiave: EMISQUALANE &#8211; SQUALANE &#8211; ACIDO IALURONICO La nostra crema notte \u00e8 un favoloso cocktail di sostanze che nutre, ripristina, idrata, calma e nobilita la pelle. Ti consigliamo di usarla insieme al nostro COOL-AGEN, per un piacere completo della tua pelle. La texture ha un tocco del tutto speciale, estremamente liscia, offerta dalla miscela [&hellip;]<\/p>\n","protected":false},"featured_media":8154,"comment_status":"closed","ping_status":"closed","template":"","meta":{"_uag_custom_page_level_css":"","site-sidebar-layout":"default","site-content-layout":"","ast-site-content-layout":"default","site-content-style":"default","site-sidebar-style":"default","ast-global-header-display":"","ast-banner-title-visibility":"","ast-main-header-display":"","ast-hfb-above-header-display":"","ast-hfb-below-header-display":"","ast-hfb-mobile-header-display":"","site-post-title":"","ast-breadcrumbs-content":"","ast-featured-img":"","footer-sml-layout":"","ast-disable-related-posts":"","theme-transparent-header-meta":"default","adv-header-id-meta":"","stick-header-meta":"","header-above-stick-meta":"","header-main-stick-meta":"","header-below-stick-meta":"","astra-migrate-meta-layouts":"default","ast-page-background-enabled":"default","ast-page-background-meta":{"desktop":{"background-color":"var(--ast-global-color-4)","background-image":"","background-repeat":"repeat","background-position":"center center","background-size":"auto","background-attachment":"scroll","background-type":"","background-media":"","overlay-type":"","overlay-color":"","overlay-opacity":"","overlay-gradient":""},"tablet":{"background-color":"","background-image":"","background-repeat":"repeat","background-position":"center center","background-size":"auto","background-attachment":"scroll","background-type":"","background-media":"","overlay-type":"","overlay-color":"","overlay-opacity":"","overlay-gradient":""},"mobile":{"background-color":"","background-image":"","background-repeat":"repeat","background-position":"center center","background-size":"auto","background-attachment":"scroll","background-type":"","background-media":"","overlay-type":"","overlay-color":"","overlay-opacity":"","overlay-gradient":""}},"ast-content-background-meta":{"desktop":{"background-color":"var(--ast-global-color-5)","background-image":"","background-repeat":"repeat","background-position":"center center","background-size":"auto","background-attachment":"scroll","background-type":"","background-media":"","overlay-type":"","overlay-color":"","overlay-opacity":"","overlay-gradient":""},"tablet":{"background-color":"var(--ast-global-color-5)","background-image":"","background-repeat":"repeat","background-position":"center center","background-size":"auto","background-attachment":"scroll","background-type":"","background-media":"","overlay-type":"","overlay-color":"","overlay-opacity":"","overlay-gradient":""},"mobile":{"background-color":"var(--ast-global-color-5)","background-image":"","background-repeat":"repeat","background-position":"center center","background-size":"auto","background-attachment":"scroll","background-type":"","background-media":"","overlay-type":"","overlay-color":"","overlay-opacity":"","overlay-gradient":""}}},"product_brand":[711],"product_cat":[744],"product_tag":[777,792,791,780,778],"class_list":{"0":"post-8016","1":"product","2":"type-product","3":"status-publish","4":"has-post-thumbnail","6":"product_brand-alina-velica-skincare","7":"product_cat-anti-invecchiamento","8":"product_tag-anti-invecchiamento","9":"product_tag-crema-leggera","10":"product_tag-crema-notte","11":"product_tag-idratazione","12":"product_tag-unisex-it","13":"desktop-align-left","14":"tablet-align-left","15":"mobile-align-left","17":"first","18":"instock","19":"taxable","20":"shipping-taxable","21":"purchasable","22":"product-type-simple"},"uagb_featured_image_src":{"full":["https:\/\/alinavelica.com\/wp-content\/uploads\/2025\/04\/Mokker1.jpeg",1024,1024,false],"thumbnail":["https:\/\/alinavelica.com\/wp-content\/uploads\/2025\/04\/Mokker1-150x150.jpeg",150,150,true],"medium":["https:\/\/alinavelica.com\/wp-content\/uploads\/2025\/04\/Mokker1-300x300.jpeg",300,300,true],"medium_large":["https:\/\/alinavelica.com\/wp-content\/uploads\/2025\/04\/Mokker1-768x768.jpeg",768,768,true],"large":["https:\/\/alinavelica.com\/wp-content\/uploads\/2025\/04\/Mokker1.jpeg",1024,1024,false],"1536x1536":["https:\/\/alinavelica.com\/wp-content\/uploads\/2025\/04\/Mokker1.jpeg",1024,1024,false],"2048x2048":["https:\/\/alinavelica.com\/wp-content\/uploads\/2025\/04\/Mokker1.jpeg",1024,1024,false],"mailpoet_newsletter_max":["https:\/\/alinavelica.com\/wp-content\/uploads\/2025\/04\/Mokker1.jpeg",1024,1024,false],"woocommerce_thumbnail":["https:\/\/alinavelica.com\/wp-content\/uploads\/2025\/04\/Mokker1-300x300.jpeg",300,300,true],"woocommerce_single":["https:\/\/alinavelica.com\/wp-content\/uploads\/2025\/04\/Mokker1-600x600.jpeg",600,600,true],"woocommerce_gallery_thumbnail":["https:\/\/alinavelica.com\/wp-content\/uploads\/2025\/04\/Mokker1-100x100.jpeg",100,100,true]},"uagb_author_info":{"display_name":"Alina Velica","author_link":"https:\/\/alinavelica.com\/it\/author\/"},"uagb_comment_info":0,"uagb_excerpt":"Ingredienti chiave: EMISQUALANE &#8211; SQUALANE &#8211; ACIDO IALURONICO La nostra crema notte \u00e8 un favoloso cocktail di sostanze che nutre, ripristina, idrata, calma e nobilita la pelle. Ti consigliamo di usarla insieme al nostro COOL-AGEN, per un piacere completo della tua pelle. La texture ha un tocco del tutto speciale, estremamente liscia, offerta dalla miscela&hellip;","jetpack_sharing_enabled":true,"_links":{"self":[{"href":"https:\/\/alinavelica.com\/it\/wp-json\/wp\/v2\/product\/8016","targetHints":{"allow":["GET"]}}],"collection":[{"href":"https:\/\/alinavelica.com\/it\/wp-json\/wp\/v2\/product"}],"about":[{"href":"https:\/\/alinavelica.com\/it\/wp-json\/wp\/v2\/types\/product"}],"replies":[{"embeddable":true,"href":"https:\/\/alinavelica.com\/it\/wp-json\/wp\/v2\/comments?post=8016"}],"wp:featuredmedia":[{"embeddable":true,"href":"https:\/\/alinavelica.com\/it\/wp-json\/wp\/v2\/media\/8154"}],"wp:attachment":[{"href":"https:\/\/alinavelica.com\/it\/wp-json\/wp\/v2\/media?parent=8016"}],"wp:term":[{"taxonomy":"product_brand","embeddable":true,"href":"https:\/\/alinavelica.com\/it\/wp-json\/wp\/v2\/product_brand?post=8016"},{"taxonomy":"product_cat","embeddable":true,"href":"https:\/\/alinavelica.com\/it\/wp-json\/wp\/v2\/product_cat?post=8016"},{"taxonomy":"product_tag","embeddable":true,"href":"https:\/\/alinavelica.com\/it\/wp-json\/wp\/v2\/product_tag?post=8016"}],"curies":[{"name":"wp","href":"https:\/\/api.w.org\/{rel}","templated":true}]}}