{"id":8008,"date":"2025-06-20T22:53:27","date_gmt":"2025-06-20T20:53:27","guid":{"rendered":"https:\/\/alinavelica.com\/product\/buongiorno\/"},"modified":"2025-06-23T22:36:22","modified_gmt":"2025-06-23T20:36:22","slug":"buongiorno","status":"publish","type":"product","link":"https:\/\/alinavelica.com\/it\/product\/buongiorno\/","title":{"rendered":"BUONGIORNO!"},"content":{"rendered":"<div class=\"page\" title=\"Pagina 24\">\n<div class=\"layoutArea\">\n<div class=\"column\">\n<p><strong>Ingredienti chiave: Ialuronico &#8211; Olio di Marula<\/strong><\/p>\n<p>&nbsp;<\/p>\n<p>Le rughe profonde compaiono solitamente dopo i 40 anni. Compaiono per la prima volta sulla fronte e nell \u201carea naso-labiale (rughe d\u201d espressione), oltre che nella zona delle guance. Ma le rughe profonde possono comparire anche prima dei 40 anni per le persone che si espongono al sole senza indossare l \u201cSPF.<br \/>\nIl cuore del prodotto \u00e8 un ingrediente attivo innovativo con propriet\u00e0 igroscopiche. Ci\u00f2 che rende unico questo prodotto \u00e8 la sinergia tra le propriet\u00e0 nutrizionali degli oli presenti nella composizione e le propriet\u00e0 idratanti dell\u201d acido ialuronico. L \u201cacido ialuronico \u00e8 un ingrediente eccellente contenuto nel nostro siero <em>GOOD TO GLOW!<\/em> e che svolge un ruolo importante nel mantenere il profilo di idratazione e l\u201d elasticit\u00e0 della pelle.<br \/>\nLa formula \u00e8 esclusivamente solubile in olio, ma si attiva in presenza di acqua. Pertanto, per potenziare i risultati di una routine con gli oli della gamma ultra-riempitiva, ti consigliamo di usarlo insieme a uno dei nostri attivatori &#8211; il nostro siero <em>FERULIC BRIGHTENING DROPS<\/em> &#8211; al mattino.     <\/p>\n<p>L \u201colio di marula \u00e8 ricco di acidi grassi che proteggono la pelle, possono aiutare ad attenuare le rughe e stimolare la rigenerazione cellulare. Inoltre, le sfere contenenti acido ialuronico a diverso peso molecolare agiscono sinergicamente per saldare le aree di epidermide danneggiate. Il risultato \u00e8 un\u201d azione globale che mira all \u201cattenuazione delle rughe (rughe sottili, rughe profonde e rughe d\u201d espressione), all \u201cidratazione e al ripristino dell\u201d epidermide.  <\/p>\n<p>Questo prodotto \u00e8 privo di profumo, parabeni ed \u00e8 dermatologicamente testato.<\/p>\n<\/div>\n<\/div>\n<p>&nbsp;<\/p>\n<p><strong>INGREDIENTI:<\/strong><\/p>\n<p id=\"heading-2\" class=\"accordion-header\"><span style=\"font-size: 16px;\">SEMI DI SCLEROCARYA BIRREA, PALMITATO DI ETILE, ACETATO DI TOCOFERILE, ESTRATTO DI FIORI DI POLIANTHES TUBEROSA, TRIIDROSSISTEARINA, BENZOATO DI BENZILE, IALURONATO DI SODIO.<\/span><\/p>\n<\/div>\n<p><span class=\"word modified\" data-words=\"Textur\u0103,Textura\">Textur\u0103<\/span>: ulei<span class=\"word modified\" data-words=\"Textur\u0103,Textura\">.<\/span><\/p>\n<p>&nbsp;<\/p>\n<p><strong>Struttura:<\/strong> Olio<\/p>\n<p><strong>Quando si pu\u00f2 usare il prodotto?<\/strong>  &#8211; La sera<\/p>\n<p><strong>Propriet\u00e0:<\/strong> L&#8217;olio di marula \u00e8 ricco di acidi grassi che proteggono la pelle, possono aiutare a ridurre l&#8217;aspetto delle rughe e possono stimolare la rigenerazione cellulare. Inoltre, le sfere contenenti acido ialuronico di diverso peso molecolare lavorano sinergicamente per riparare le aree danneggiate dell&#8217;epidermide. Il risultato \u00e8 un&#8217;azione globale che mira alla <strong>riduzione delle rughe<\/strong> (linee sottili, rughe profonde e linee di espressione), all&#8217;<strong>idratazione<\/strong> e alla <strong>riparazione epidermica<\/strong>.  <\/p>\n<p>&nbsp;<\/p>\n<p><strong>Come si applica:<\/strong><br \/>\nPer ottenere risultati ottimali, applica l&#8217;olio sulla pelle leggermente umida dopo aver risciacquato il <strong>gel detergente Hibisplash<\/strong> o dopo aver usato il <strong>tonico Tonify and Clean, Or-Mandarin!<\/strong> Applicane qualche goccia e massaggia delicatamente su tutto il viso e il d\u00e9collet\u00e9. <\/p>\n<p>Evita il contatto con gli occhi. Se il prodotto entra accidentalmente negli occhi, sciacqua accuratamente con acqua tiepida. <\/p>\n<p><strong>Agitare bene prima dell&#8217;uso.<\/strong><\/p>\n<p>&nbsp;<\/p>\n<p class=\"\" data-start=\"0\" data-end=\"78\"><strong data-start=\"0\" data-end=\"9\">Note<\/strong><br data-start=\"9\" data-end=\"12\"><strong data-start=\"12\" data-end=\"37\">Istruzioni per la conservazione:<\/strong> Conservare in un luogo asciutto, pulito e fresco.<\/p>\n<p class=\"\" data-start=\"80\" data-end=\"97\"><strong data-start=\"80\" data-end=\"91\">Volume:<\/strong> 15 ml<\/p>\n<p><strong>Per preservare la freschezza dei nostri prodotti, li produciamo in piccoli lotti, motivo per cui potrebbero esserci leggere differenze di consistenza e colore a seconda del lotto.<\/strong>  Queste variazioni sono influenzate dai principi attivi utilizzati, in quanto si tratta di estratti botanici che possono variare in base alla stagione e alla regione da cui provengono le materie prime.<\/p>\n<p>Dal momento che i nostri prodotti possono contenere allergeni, ti consigliamo di leggere attentamente l&#8217;elenco degli ingredienti prima di staccarli e utilizzarli. Se sai di essere allergico o sensibile a uno degli ingredienti, non utilizzare il prodotto. <\/p>\n<p>Se noti una reazione allergica dopo aver utilizzato il prodotto, interrompi immediatamente l&#8217;uso e consulta un medico.<\/p>\n<div class=\"page\" title=\"Pagina 24\">\n<div class=\"layoutArea\">\n<p>&nbsp;<\/p>\n<\/div>\n<\/div>\n","protected":false},"excerpt":{"rendered":"<p><strong><em>La tua infusione assoluta di Ialuronico!<\/em><\/strong><\/p>\n<p>&nbsp;<\/p>\n","protected":false},"featured_media":8126,"comment_status":"closed","ping_status":"closed","template":"","meta":{"_uag_custom_page_level_css":"","site-sidebar-layout":"default","site-content-layout":"","ast-site-content-layout":"default","site-content-style":"default","site-sidebar-style":"default","ast-global-header-display":"","ast-banner-title-visibility":"","ast-main-header-display":"","ast-hfb-above-header-display":"","ast-hfb-below-header-display":"","ast-hfb-mobile-header-display":"","site-post-title":"","ast-breadcrumbs-content":"","ast-featured-img":"","footer-sml-layout":"","ast-disable-related-posts":"","theme-transparent-header-meta":"default","adv-header-id-meta":"","stick-header-meta":"","header-above-stick-meta":"","header-main-stick-meta":"","header-below-stick-meta":"","astra-migrate-meta-layouts":"default","ast-page-background-enabled":"default","ast-page-background-meta":{"desktop":{"background-color":"var(--ast-global-color-4)","background-image":"","background-repeat":"repeat","background-position":"center center","background-size":"auto","background-attachment":"scroll","background-type":"","background-media":"","overlay-type":"","overlay-color":"","overlay-opacity":"","overlay-gradient":""},"tablet":{"background-color":"","background-image":"","background-repeat":"repeat","background-position":"center center","background-size":"auto","background-attachment":"scroll","background-type":"","background-media":"","overlay-type":"","overlay-color":"","overlay-opacity":"","overlay-gradient":""},"mobile":{"background-color":"","background-image":"","background-repeat":"repeat","background-position":"center center","background-size":"auto","background-attachment":"scroll","background-type":"","background-media":"","overlay-type":"","overlay-color":"","overlay-opacity":"","overlay-gradient":""}},"ast-content-background-meta":{"desktop":{"background-color":"var(--ast-global-color-5)","background-image":"","background-repeat":"repeat","background-position":"center center","background-size":"auto","background-attachment":"scroll","background-type":"","background-media":"","overlay-type":"","overlay-color":"","overlay-opacity":"","overlay-gradient":""},"tablet":{"background-color":"var(--ast-global-color-5)","background-image":"","background-repeat":"repeat","background-position":"center center","background-size":"auto","background-attachment":"scroll","background-type":"","background-media":"","overlay-type":"","overlay-color":"","overlay-opacity":"","overlay-gradient":""},"mobile":{"background-color":"var(--ast-global-color-5)","background-image":"","background-repeat":"repeat","background-position":"center center","background-size":"auto","background-attachment":"scroll","background-type":"","background-media":"","overlay-type":"","overlay-color":"","overlay-opacity":"","overlay-gradient":""}}},"product_brand":[711],"product_cat":[743],"product_tag":[777,780,779,776,778],"class_list":{"0":"post-8008","1":"product","2":"type-product","3":"status-publish","4":"has-post-thumbnail","6":"product_brand-alina-velica-skincare","7":"product_cat-sieri","8":"product_tag-anti-invecchiamento","9":"product_tag-idratazione","10":"product_tag-routine-giornaliera","11":"product_tag-siero","12":"product_tag-unisex-it","13":"desktop-align-left","14":"tablet-align-left","15":"mobile-align-left","17":"first","18":"instock","19":"taxable","20":"shipping-taxable","21":"purchasable","22":"product-type-simple"},"uagb_featured_image_src":{"full":["https:\/\/alinavelica.com\/wp-content\/uploads\/2025\/04\/hyal.jpeg",1024,1024,false],"thumbnail":["https:\/\/alinavelica.com\/wp-content\/uploads\/2025\/04\/hyal-150x150.jpeg",150,150,true],"medium":["https:\/\/alinavelica.com\/wp-content\/uploads\/2025\/04\/hyal-300x300.jpeg",300,300,true],"medium_large":["https:\/\/alinavelica.com\/wp-content\/uploads\/2025\/04\/hyal-768x768.jpeg",768,768,true],"large":["https:\/\/alinavelica.com\/wp-content\/uploads\/2025\/04\/hyal.jpeg",1024,1024,false],"1536x1536":["https:\/\/alinavelica.com\/wp-content\/uploads\/2025\/04\/hyal.jpeg",1024,1024,false],"2048x2048":["https:\/\/alinavelica.com\/wp-content\/uploads\/2025\/04\/hyal.jpeg",1024,1024,false],"mailpoet_newsletter_max":["https:\/\/alinavelica.com\/wp-content\/uploads\/2025\/04\/hyal.jpeg",1024,1024,false],"woocommerce_thumbnail":["https:\/\/alinavelica.com\/wp-content\/uploads\/2025\/04\/hyal-300x300.jpeg",300,300,true],"woocommerce_single":["https:\/\/alinavelica.com\/wp-content\/uploads\/2025\/04\/hyal-600x600.jpeg",600,600,true],"woocommerce_gallery_thumbnail":["https:\/\/alinavelica.com\/wp-content\/uploads\/2025\/04\/hyal-100x100.jpeg",100,100,true]},"uagb_author_info":{"display_name":"Alina Velica","author_link":"https:\/\/alinavelica.com\/it\/author\/"},"uagb_comment_info":0,"uagb_excerpt":"La tua infusione assoluta di Ialuronico! &nbsp;","jetpack_sharing_enabled":true,"_links":{"self":[{"href":"https:\/\/alinavelica.com\/it\/wp-json\/wp\/v2\/product\/8008","targetHints":{"allow":["GET"]}}],"collection":[{"href":"https:\/\/alinavelica.com\/it\/wp-json\/wp\/v2\/product"}],"about":[{"href":"https:\/\/alinavelica.com\/it\/wp-json\/wp\/v2\/types\/product"}],"replies":[{"embeddable":true,"href":"https:\/\/alinavelica.com\/it\/wp-json\/wp\/v2\/comments?post=8008"}],"wp:featuredmedia":[{"embeddable":true,"href":"https:\/\/alinavelica.com\/it\/wp-json\/wp\/v2\/media\/8126"}],"wp:attachment":[{"href":"https:\/\/alinavelica.com\/it\/wp-json\/wp\/v2\/media?parent=8008"}],"wp:term":[{"taxonomy":"product_brand","embeddable":true,"href":"https:\/\/alinavelica.com\/it\/wp-json\/wp\/v2\/product_brand?post=8008"},{"taxonomy":"product_cat","embeddable":true,"href":"https:\/\/alinavelica.com\/it\/wp-json\/wp\/v2\/product_cat?post=8008"},{"taxonomy":"product_tag","embeddable":true,"href":"https:\/\/alinavelica.com\/it\/wp-json\/wp\/v2\/product_tag?post=8008"}],"curies":[{"name":"wp","href":"https:\/\/api.w.org\/{rel}","templated":true}]}}