{"id":7749,"date":"2025-06-20T22:51:43","date_gmt":"2025-06-20T20:51:43","guid":{"rendered":"https:\/\/alinavelica.com\/product\/lava-via-lo-stress\/"},"modified":"2025-06-23T22:16:22","modified_gmt":"2025-06-23T20:16:22","slug":"lava-via-lo-stress","status":"publish","type":"product","link":"https:\/\/alinavelica.com\/it\/product\/lava-via-lo-stress\/","title":{"rendered":"Lava via lo stress!"},"content":{"rendered":"<p><strong>Schiuma detergente profonda &#8211; Vaniglia e Lavanda<\/strong><\/p>\n<p>\u00e8 un favoloso, soffice e delicato detergente progettato per coccolare anche i tipi di pelle pi\u00f9 viziati. Ti consigliamo di massaggiare una generosa quantit\u00e0 di schiuma detergente sulla pelle e di risciacquare accuratamente con acqua tiepida fino a rimuovere completamente il prodotto. In seguito, ti consigliamo di spruzzare il tuo Mist &amp; Tonic preferito.  <\/p>\n<p>L&#8217;ingrediente protagonista di questa schiuma detergente \u00e8 stato selezionato per le sue eccezionali prestazioni anti-irritanti, clinicamente provate, e per il suo fantastico profilo detergente adatto a tutti i tipi di pelle. \u00c8 100% naturale e certificato da Ecocert. <\/p>\n<p>L \u201cacqua utilizzata \u00e8 la nostra acqua ultrapura di grado WFI (Water for Injection), conforme agli standard EP X \/ USP. Viene costantemente monitorata. Abbiamo scelto di utilizzare il pi\u00f9 alto standard di acqua per i nostri prodotti, l\u201d innegabile fonte di vita.<br \/>\nLa qualit\u00e0 della nostra acqua soddisfa i requisiti dell \u201cacqua per uso iniettabile nell\u201d industria farmaceutica &#8211; lo standard pi\u00f9 esigente e rigoroso &#8211; ed \u00e8 ideale per la formulazione di prodotti farmaceutici e cosmetici, in particolare per la cura della pelle biologica e senza conservanti.  <\/p>\n<p>La <strong>vaniglia<\/strong> \u00e8 un ingrediente botanico fondamentale nell&#8217;industria cosmetica non solo per il suo profumo dolce e aromatico, ma anche per i suoi numerosi benefici per la pelle. Le ricerche dimostrano che la vaniglia contiene circa 200 composti con propriet\u00e0 antiossidanti. L&#8217;alto livello di antiossidanti conferisce all&#8217;estratto di vaniglia benefici tonificanti e rivitalizzanti per la pelle.  <\/p>\n<p>Le propriet\u00e0 <strong>della lavanda<\/strong> per la cura della pelle sono apprezzate fin dall&#8217;antichit\u00e0. Per questa formula abbiamo scelto la <strong>lavanda del Monte Bianco<\/strong>, nota per il suo profumo morbido e delicato. Grazie alla sua complessa composizione chimica, la lavanda offre propriet\u00e0 antinfiammatorie e rigeneranti per i tessuti.  <\/p>\n<p>Per garantirti un&#8217;esperienza sicura e confortevole, questo prodotto \u00e8 stato <strong>dermatologicamente testato<\/strong>.<\/p>\n<p><strong>Ingredienti:<\/strong><\/p>\n<p>ACQUA, POLILGLICERIL -4 LAURATO\/SEBACATO, POLIGLICERIL -6 CAPRILATO\/ CAPRATO, BUTILENE GLICOLE, FENOSSIETANOLO, ALCOL BENZILICO, SORBATO DI POTASSIO, OLIO DI LAVANDULA ANGUSTIFOLIA, LINALOLO, ESTRATTO DI FRUTTA DI VANIGLIA PLANIFOLIA, GLICERINA.<\/p>\n<p class=\"\" data-start=\"0\" data-end=\"14\"><strong data-start=\"0\" data-end=\"14\">Propriet\u00e0<\/strong><\/p>\n<p class=\"\" data-start=\"16\" data-end=\"123\"><strong data-start=\"16\" data-end=\"28\">Texture:<\/strong> Schiuma micellare<br data-start=\"42\" data-end=\"45\" data-is-only-node=\"\"><strong data-start=\"45\" data-end=\"61\">Quando usarla:<\/strong> Mattina e sera<br data-start=\"81\" data-end=\"84\"><strong data-start=\"84\" data-end=\"97\">Benefici:<\/strong> Rimozione del trucco, pulizia<\/p>\n<p><strong>Come si usa<\/strong><\/p>\n<p>La schiuma detergente profonda \u00e8 il primo passo per una corretta pulizia. Applica direttamente con il microspazzolino la schiuma detergente profonda sul viso e sul d\u00e9collet\u00e9, massaggiando delicatamente con movimenti circolari. Risciacqua poi accuratamente con acqua tiepida. Evita il contatto con gli occhi. Se il prodotto entra accidentalmente negli occhi, risciacqua accuratamente con acqua tiepida.     Agitare prima dell&#8217;uso.<\/p>\n<p><strong>Istruzioni per la conservazione:<\/strong><br \/>\nConservalo in un luogo asciutto, pulito e fresco.<\/p>\n<p><strong>Volume:<\/strong> 200 ml<\/p>\n<p><strong>Nota:<\/strong><br \/>\nLe foto dei prodotti sul sito web sono solo a scopo informativo. Anche se le confezioni possono variare, ti assicuriamo la qualit\u00e0 della tua routine di cura della pelle.<br \/>\nPer mantenere la freschezza dei nostri prodotti, li produciamo in piccoli lotti. Per questo motivo, a seconda del lotto, possono verificarsi differenze nella consistenza e nel colore. Queste variazioni sono influenzate dagli ingredienti attivi utilizzati, in quanto si tratta di estratti botanici che possono variare a seconda della stagione e dell&#8217;origine della materia prima.   <\/p>\n<p>Poich\u00e9 i nostri prodotti possono contenere allergeni, ti consigliamo di leggere attentamente l&#8217;elenco degli ingredienti prima di aprire e utilizzare il prodotto. Se sai di essere allergico o sensibile a uno qualsiasi degli ingredienti, non utilizzare il prodotto. In caso di reazione allergica dopo l&#8217;uso, interrompi immediatamente l&#8217;utilizzo e consulta un medico.  <\/p>\n<p><strong>Istruzioni per la conservazione:<\/strong><br \/>\nConservalo in un luogo asciutto, pulito e fresco.<\/p>\n<p><strong>Volume:<\/strong> 200 ml<\/p>\n<p><strong>Nota:<\/strong><br \/>\nLe foto dei prodotti sul sito web sono solo a scopo informativo. Anche se le confezioni possono variare, ti assicuriamo la qualit\u00e0 della tua routine di cura della pelle.<br \/>\nPer mantenere la freschezza dei nostri prodotti, li produciamo in piccoli lotti. Per questo motivo, a seconda del lotto, possono verificarsi differenze nella consistenza e nel colore. Queste variazioni sono influenzate dagli ingredienti attivi utilizzati, in quanto si tratta di estratti botanici che possono variare a seconda della stagione e dell&#8217;origine della materia prima.   <\/p>\n<p>Poich\u00e9 i nostri prodotti possono contenere allergeni, ti consigliamo di leggere attentamente l&#8217;elenco degli ingredienti prima di aprire e utilizzare il prodotto. Se sai di essere allergico o sensibile a uno qualsiasi degli ingredienti, non utilizzare il prodotto. In caso di reazione allergica dopo l&#8217;uso, interrompi immediatamente l&#8217;utilizzo e consulta un medico.  <\/p>\n<p>&nbsp;<\/p>\n<p>&nbsp;<\/p>\n<p data-start=\"16\" data-end=\"123\">\n","protected":false},"excerpt":{"rendered":"<p><strong>Schiuma detergente attiva &#8211; Vaniglia e Lavanda<\/strong><\/p>\n","protected":false},"featured_media":8150,"comment_status":"closed","ping_status":"closed","template":"","meta":{"_uag_custom_page_level_css":"","site-sidebar-layout":"default","site-content-layout":"","ast-site-content-layout":"default","site-content-style":"default","site-sidebar-style":"default","ast-global-header-display":"","ast-banner-title-visibility":"","ast-main-header-display":"","ast-hfb-above-header-display":"","ast-hfb-below-header-display":"","ast-hfb-mobile-header-display":"","site-post-title":"","ast-breadcrumbs-content":"","ast-featured-img":"","footer-sml-layout":"","ast-disable-related-posts":"","theme-transparent-header-meta":"default","adv-header-id-meta":"","stick-header-meta":"","header-above-stick-meta":"","header-main-stick-meta":"","header-below-stick-meta":"","astra-migrate-meta-layouts":"default","ast-page-background-enabled":"default","ast-page-background-meta":{"desktop":{"background-color":"var(--ast-global-color-4)","background-image":"","background-repeat":"repeat","background-position":"center center","background-size":"auto","background-attachment":"scroll","background-type":"","background-media":"","overlay-type":"","overlay-color":"","overlay-opacity":"","overlay-gradient":""},"tablet":{"background-color":"","background-image":"","background-repeat":"repeat","background-position":"center center","background-size":"auto","background-attachment":"scroll","background-type":"","background-media":"","overlay-type":"","overlay-color":"","overlay-opacity":"","overlay-gradient":""},"mobile":{"background-color":"","background-image":"","background-repeat":"repeat","background-position":"center center","background-size":"auto","background-attachment":"scroll","background-type":"","background-media":"","overlay-type":"","overlay-color":"","overlay-opacity":"","overlay-gradient":""}},"ast-content-background-meta":{"desktop":{"background-color":"var(--ast-global-color-5)","background-image":"","background-repeat":"repeat","background-position":"center center","background-size":"auto","background-attachment":"scroll","background-type":"","background-media":"","overlay-type":"","overlay-color":"","overlay-opacity":"","overlay-gradient":""},"tablet":{"background-color":"var(--ast-global-color-5)","background-image":"","background-repeat":"repeat","background-position":"center center","background-size":"auto","background-attachment":"scroll","background-type":"","background-media":"","overlay-type":"","overlay-color":"","overlay-opacity":"","overlay-gradient":""},"mobile":{"background-color":"var(--ast-global-color-5)","background-image":"","background-repeat":"repeat","background-position":"center center","background-size":"auto","background-attachment":"scroll","background-type":"","background-media":"","overlay-type":"","overlay-color":"","overlay-opacity":"","overlay-gradient":""}}},"product_brand":[711],"product_cat":[750],"product_tag":[752,753,751,745,754],"class_list":{"0":"post-7749","1":"product","2":"type-product","3":"status-publish","4":"has-post-thumbnail","6":"product_brand-alina-velica-skincare","7":"product_cat-detergenti","8":"product_tag-detergente","9":"product_tag-pelle-grassa","10":"product_tag-pulizia-profonda","11":"product_tag-routine-notturna","12":"product_tag-sebo","13":"desktop-align-left","14":"tablet-align-left","15":"mobile-align-left","17":"first","18":"instock","19":"taxable","20":"shipping-taxable","21":"purchasable","22":"product-type-simple"},"uagb_featured_image_src":{"full":["https:\/\/alinavelica.com\/wp-content\/uploads\/2025\/04\/wash.jpeg",1024,1024,false],"thumbnail":["https:\/\/alinavelica.com\/wp-content\/uploads\/2025\/04\/wash-150x150.jpeg",150,150,true],"medium":["https:\/\/alinavelica.com\/wp-content\/uploads\/2025\/04\/wash-300x300.jpeg",300,300,true],"medium_large":["https:\/\/alinavelica.com\/wp-content\/uploads\/2025\/04\/wash-768x768.jpeg",768,768,true],"large":["https:\/\/alinavelica.com\/wp-content\/uploads\/2025\/04\/wash.jpeg",1024,1024,false],"1536x1536":["https:\/\/alinavelica.com\/wp-content\/uploads\/2025\/04\/wash.jpeg",1024,1024,false],"2048x2048":["https:\/\/alinavelica.com\/wp-content\/uploads\/2025\/04\/wash.jpeg",1024,1024,false],"mailpoet_newsletter_max":["https:\/\/alinavelica.com\/wp-content\/uploads\/2025\/04\/wash.jpeg",1024,1024,false],"woocommerce_thumbnail":["https:\/\/alinavelica.com\/wp-content\/uploads\/2025\/04\/wash-300x300.jpeg",300,300,true],"woocommerce_single":["https:\/\/alinavelica.com\/wp-content\/uploads\/2025\/04\/wash-600x600.jpeg",600,600,true],"woocommerce_gallery_thumbnail":["https:\/\/alinavelica.com\/wp-content\/uploads\/2025\/04\/wash-100x100.jpeg",100,100,true]},"uagb_author_info":{"display_name":"Alina Velica","author_link":"https:\/\/alinavelica.com\/it\/author\/"},"uagb_comment_info":0,"uagb_excerpt":"Schiuma detergente attiva - Vaniglia e Lavanda","jetpack_sharing_enabled":true,"_links":{"self":[{"href":"https:\/\/alinavelica.com\/it\/wp-json\/wp\/v2\/product\/7749","targetHints":{"allow":["GET"]}}],"collection":[{"href":"https:\/\/alinavelica.com\/it\/wp-json\/wp\/v2\/product"}],"about":[{"href":"https:\/\/alinavelica.com\/it\/wp-json\/wp\/v2\/types\/product"}],"replies":[{"embeddable":true,"href":"https:\/\/alinavelica.com\/it\/wp-json\/wp\/v2\/comments?post=7749"}],"wp:featuredmedia":[{"embeddable":true,"href":"https:\/\/alinavelica.com\/it\/wp-json\/wp\/v2\/media\/8150"}],"wp:attachment":[{"href":"https:\/\/alinavelica.com\/it\/wp-json\/wp\/v2\/media?parent=7749"}],"wp:term":[{"taxonomy":"product_brand","embeddable":true,"href":"https:\/\/alinavelica.com\/it\/wp-json\/wp\/v2\/product_brand?post=7749"},{"taxonomy":"product_cat","embeddable":true,"href":"https:\/\/alinavelica.com\/it\/wp-json\/wp\/v2\/product_cat?post=7749"},{"taxonomy":"product_tag","embeddable":true,"href":"https:\/\/alinavelica.com\/it\/wp-json\/wp\/v2\/product_tag?post=7749"}],"curies":[{"name":"wp","href":"https:\/\/api.w.org\/{rel}","templated":true}]}}