{"id":7743,"date":"2025-06-20T22:51:42","date_gmt":"2025-06-20T20:51:42","guid":{"rendered":"https:\/\/alinavelica.com\/product\/la-pelle-incontra-la-guarigione\/"},"modified":"2025-06-23T21:52:55","modified_gmt":"2025-06-23T19:52:55","slug":"la-pelle-incontra-la-guarigione","status":"publish","type":"product","link":"https:\/\/alinavelica.com\/it\/product\/la-pelle-incontra-la-guarigione\/","title":{"rendered":"LA PELLE INCONTRA LA GUARIGIONE"},"content":{"rendered":"<p><em>Attivatore vettoriale di vitamina C 15%<\/em><\/p>\n<p><strong>Esposizione al sole e invecchiamento della pelle: Perch\u00e9 la protezione non \u00e8 sempre sufficiente<\/strong><\/p>\n<p>L&#8217;esposizione al sole \u00e8 la causa numero uno dell&#8217;invecchiamento precoce della pelle. Anche se spesso crediamo che l&#8217;uso della protezione solare sia sufficiente a proteggere la nostra pelle dai dannosi raggi UV, la realt\u00e0 \u00e8 pi\u00f9 complessa. Per un efficace rituale di cura della pelle anti-invecchiamento, anche con creme ad alto SPF, \u00e8 essenziale includere prodotti che aiutino a neutralizzare gli effetti dei radicali liberi, soprattutto per noi donne.  <\/p>\n<p>L&#8217;esposizione prolungata alla luce solare e ai fattori ambientali (inquinamento, freddo, radiazioni, ecc.) porta alla degradazione delle fibre di collagene ed elastina, due proteine chiave del tessuto connettivo che collaborano per dare alla pelle bellezza, compattezza, elasticit\u00e0 e resilienza.<\/p>\n<p>L&#8217;<strong> attivatore SKIN MEETS HEALING<\/strong> contiene una potente miscela di vitamine C ed E microincapsulate nel collagene marino. Il risultato? Un siero dalla doppia azione: <strong>protezione e rigenerazione<\/strong> contro gli effetti dannosi dei raggi UV.  <\/p>\n<p><strong>La vitamina C<\/strong> \u00e8 un gold standard tra gli antiossidanti topici e offre protezione contro gli aggressori quotidiani come i raggi UV e l&#8217;inquinamento. Nel frattempo, la <strong>vitamina E<\/strong> protegge i lipidi cellulari, aiutando a prevenire le macchie pigmentarie e le rughe. <\/p>\n<p>Per ottenere risultati ottimali, ti consigliamo di combinare il nostro siero attivatore vettoriale con il nostro elisir notturno<strong>&#8220;Endless YOU-th<\/strong>&#8220;. L&#8217;acqua contenuta nel nostro siero attiva l&#8217;olio ultra riempitivo e, insieme agli attivi specifici per ogni tipo di pelle, scatena un&#8217;azione sinergica che migliora visibilmente l&#8217;aspetto dell&#8217;epidermide. <\/p>\n<p>Per garantire un&#8217;esperienza di cura della pelle confortevole e affidabile, questo prodotto \u00e8 stato <strong>dermatologicamente testato<\/strong>.<\/p>\n<p>&nbsp;<\/p>\n<p><strong>Propriet\u00e0<\/strong><\/p>\n<p><strong>Texture:<\/strong> Siero<br \/>\n<strong>Quando usarlo:<\/strong> Sera<\/p>\n<p><strong>Benefici:<\/strong><br \/>\nLa vitamina C \u00e8 uno standard d \u201coro tra gli antiossidanti topici e offre alla pelle una potente protezione contro gli aggressori quotidiani come i raggi UV e l\u201d inquinamento. La vitamina E la completa proteggendo i lipidi cellulari e aiutando a prevenire la comparsa di macchie scure e rughe. <\/p>\n<p><strong>Come fare domanda<\/strong><\/p>\n<p><strong>Istruzioni per l \u201cuso:<\/strong><br \/>\nApplica una piccola quantit\u00e0 di prodotto con un leggero massaggio sulla pelle appena pulita e tonificata. Ripeti l\u201d applicazione sulle aree con rughe profonde e linee di espressione. <\/p>\n<p>Ti consigliamo di combinarlo con uno o pi\u00f9 sieri della gamma Activator, a seconda delle esigenze specifiche del tuo tipo di pelle. In seguito, continua a seguire la tua solita routine di cura della pelle. <\/p>\n<p>Prima dell&#8217;uso completo, prova il prodotto su una piccola area della pelle. Se non ci sono segni di irritazione, procedi come indicato. <\/p>\n<p>Evita il contatto con gli occhi! In caso di contatto con gli occhi, sciacqua abbondantemente con acqua per alcuni minuti. <\/p>\n<p><strong>Istruzioni per la conservazione:<\/strong><br \/>\nConservare a una temperatura compresa tra 3 e 15\u00b0C.<\/p>\n<p><strong>Volume:<\/strong> 30 ml<\/p>\n<p><strong>Nota:<\/strong> le immagini dei prodotti sul sito web sono solo a scopo illustrativo. Anche se le confezioni possono variare, ti assicuriamo una qualit\u00e0 costante della tua routine di cura della pelle. <\/p>\n<p>&nbsp;<\/p>\n<p><strong>Per questo motivo, se i dumneavoastr\u0103 hanno avuto parte di un&#8217;esperienza confortevole, questo prodotto \u00e8 stato testato a livello dermatologico.<\/strong><\/p>\n","protected":false},"excerpt":{"rendered":"<p>Attivatore vettoriale di vitamina C 15%<\/p>\n","protected":false},"featured_media":8098,"comment_status":"closed","ping_status":"closed","template":"","meta":{"_uag_custom_page_level_css":"","site-sidebar-layout":"default","site-content-layout":"","ast-site-content-layout":"default","site-content-style":"default","site-sidebar-style":"default","ast-global-header-display":"","ast-banner-title-visibility":"","ast-main-header-display":"","ast-hfb-above-header-display":"","ast-hfb-below-header-display":"","ast-hfb-mobile-header-display":"","site-post-title":"","ast-breadcrumbs-content":"","ast-featured-img":"","footer-sml-layout":"","ast-disable-related-posts":"","theme-transparent-header-meta":"default","adv-header-id-meta":"","stick-header-meta":"","header-above-stick-meta":"","header-main-stick-meta":"","header-below-stick-meta":"","astra-migrate-meta-layouts":"default","ast-page-background-enabled":"default","ast-page-background-meta":{"desktop":{"background-color":"var(--ast-global-color-4)","background-image":"","background-repeat":"repeat","background-position":"center center","background-size":"auto","background-attachment":"scroll","background-type":"","background-media":"","overlay-type":"","overlay-color":"","overlay-opacity":"","overlay-gradient":""},"tablet":{"background-color":"","background-image":"","background-repeat":"repeat","background-position":"center center","background-size":"auto","background-attachment":"scroll","background-type":"","background-media":"","overlay-type":"","overlay-color":"","overlay-opacity":"","overlay-gradient":""},"mobile":{"background-color":"","background-image":"","background-repeat":"repeat","background-position":"center center","background-size":"auto","background-attachment":"scroll","background-type":"","background-media":"","overlay-type":"","overlay-color":"","overlay-opacity":"","overlay-gradient":""}},"ast-content-background-meta":{"desktop":{"background-color":"var(--ast-global-color-5)","background-image":"","background-repeat":"repeat","background-position":"center center","background-size":"auto","background-attachment":"scroll","background-type":"","background-media":"","overlay-type":"","overlay-color":"","overlay-opacity":"","overlay-gradient":""},"tablet":{"background-color":"var(--ast-global-color-5)","background-image":"","background-repeat":"repeat","background-position":"center center","background-size":"auto","background-attachment":"scroll","background-type":"","background-media":"","overlay-type":"","overlay-color":"","overlay-opacity":"","overlay-gradient":""},"mobile":{"background-color":"var(--ast-global-color-5)","background-image":"","background-repeat":"repeat","background-position":"center center","background-size":"auto","background-attachment":"scroll","background-type":"","background-media":"","overlay-type":"","overlay-color":"","overlay-opacity":"","overlay-gradient":""}}},"product_brand":[711],"product_cat":[744,743],"product_tag":[746,749,747,748,745],"class_list":{"0":"post-7743","1":"product","2":"type-product","3":"status-publish","4":"has-post-thumbnail","6":"product_brand-alina-velica-skincare","7":"product_cat-anti-invecchiamento","8":"product_cat-sieri","9":"product_tag-antiaging-it","10":"product_tag-illuminante","11":"product_tag-imperfezioni","12":"product_tag-pigmentazione","13":"product_tag-routine-notturna","14":"desktop-align-left","15":"tablet-align-left","16":"mobile-align-left","18":"first","19":"instock","20":"taxable","21":"shipping-taxable","22":"purchasable","23":"product-type-simple"},"uagb_featured_image_src":{"full":["https:\/\/alinavelica.com\/wp-content\/uploads\/2025\/04\/akjd.jpeg",1024,1024,false],"thumbnail":["https:\/\/alinavelica.com\/wp-content\/uploads\/2025\/04\/akjd-150x150.jpeg",150,150,true],"medium":["https:\/\/alinavelica.com\/wp-content\/uploads\/2025\/04\/akjd-300x300.jpeg",300,300,true],"medium_large":["https:\/\/alinavelica.com\/wp-content\/uploads\/2025\/04\/akjd-768x768.jpeg",768,768,true],"large":["https:\/\/alinavelica.com\/wp-content\/uploads\/2025\/04\/akjd.jpeg",1024,1024,false],"1536x1536":["https:\/\/alinavelica.com\/wp-content\/uploads\/2025\/04\/akjd.jpeg",1024,1024,false],"2048x2048":["https:\/\/alinavelica.com\/wp-content\/uploads\/2025\/04\/akjd.jpeg",1024,1024,false],"mailpoet_newsletter_max":["https:\/\/alinavelica.com\/wp-content\/uploads\/2025\/04\/akjd.jpeg",1024,1024,false],"woocommerce_thumbnail":["https:\/\/alinavelica.com\/wp-content\/uploads\/2025\/04\/akjd-300x300.jpeg",300,300,true],"woocommerce_single":["https:\/\/alinavelica.com\/wp-content\/uploads\/2025\/04\/akjd-600x600.jpeg",600,600,true],"woocommerce_gallery_thumbnail":["https:\/\/alinavelica.com\/wp-content\/uploads\/2025\/04\/akjd-100x100.jpeg",100,100,true]},"uagb_author_info":{"display_name":"Alina Velica","author_link":"https:\/\/alinavelica.com\/it\/author\/"},"uagb_comment_info":0,"uagb_excerpt":"Attivatore vettoriale di vitamina C 15%","jetpack_sharing_enabled":true,"_links":{"self":[{"href":"https:\/\/alinavelica.com\/it\/wp-json\/wp\/v2\/product\/7743","targetHints":{"allow":["GET"]}}],"collection":[{"href":"https:\/\/alinavelica.com\/it\/wp-json\/wp\/v2\/product"}],"about":[{"href":"https:\/\/alinavelica.com\/it\/wp-json\/wp\/v2\/types\/product"}],"replies":[{"embeddable":true,"href":"https:\/\/alinavelica.com\/it\/wp-json\/wp\/v2\/comments?post=7743"}],"wp:featuredmedia":[{"embeddable":true,"href":"https:\/\/alinavelica.com\/it\/wp-json\/wp\/v2\/media\/8098"}],"wp:attachment":[{"href":"https:\/\/alinavelica.com\/it\/wp-json\/wp\/v2\/media?parent=7743"}],"wp:term":[{"taxonomy":"product_brand","embeddable":true,"href":"https:\/\/alinavelica.com\/it\/wp-json\/wp\/v2\/product_brand?post=7743"},{"taxonomy":"product_cat","embeddable":true,"href":"https:\/\/alinavelica.com\/it\/wp-json\/wp\/v2\/product_cat?post=7743"},{"taxonomy":"product_tag","embeddable":true,"href":"https:\/\/alinavelica.com\/it\/wp-json\/wp\/v2\/product_tag?post=7743"}],"curies":[{"name":"wp","href":"https:\/\/api.w.org\/{rel}","templated":true}]}}