{"id":7901,"date":"2025-06-20T22:52:16","date_gmt":"2025-06-20T20:52:16","guid":{"rendered":"https:\/\/alinavelica.com\/entra-a-far-parte-del-nostro-team\/"},"modified":"2026-03-09T08:50:04","modified_gmt":"2026-03-09T07:50:04","slug":"entra-a-far-parte-del-nostro-team","status":"publish","type":"page","link":"https:\/\/alinavelica.com\/it\/entra-a-far-parte-del-nostro-team\/","title":{"rendered":"ENTRA A FAR PARTE DEL NOSTRO TEAM"},"content":{"rendered":"\n<div class=\"wp-block-cover alignfull wp-duotone-unset-1\" style=\"margin-top:0;margin-bottom:0;min-height:100vh;aspect-ratio:unset;\"><img decoding=\"async\" class=\"wp-block-cover__image-background wp-image-7209 size-large\" alt=\"Close-up of a nail artist applying polish with precision using black gloves in a salon setting.\" src=\"https:\/\/alinavelica.com\/wp-content\/uploads\/2025\/04\/pexels-photo-3997389-3997389-683x1024.jpg\" data-object-fit=\"cover\"\/><span aria-hidden=\"true\" class=\"wp-block-cover__background has-black-background-color has-background-dim\"><\/span><div class=\"wp-block-cover__inner-container is-layout-constrained wp-container-core-cover-is-layout-6e824401 wp-block-cover-is-layout-constrained\">\n<h2 class=\"wp-block-heading has-text-align-center has-text-color has-work-sans-font-family has-white-color has-link-color wp-elements-82f4438263ead9d398020609779576e1\">Unisciti al nostro team<\/h2>\n\n\n\n<p class=\"has-white-color has-text-color has-link-color wp-elements-7c6cda0ac028271f1af00860df53ecfd\">All&#8217;ALINA VELICA Beauty Club Z\u00fcrich crediamo che il nostro team sia la nostra risorsa pi\u00f9 grande. Il nostro impegno \u00e8 quello di fornire servizi di altissima qualit\u00e0. A questo corrisponde solo il nostro impegno nel promuovere un ambiente di lavoro solidale e creativo. Dai tecnici delle unghie ai cosmetologi, cerchiamo persone appassionate che siano entusiaste di contribuire a un team dinamico.   <\/p>\n\n\n\n<p class=\"has-white-color has-text-color has-link-color wp-elements-177ea98ba46e86a9193b6ba423a00569\">Ti invitiamo a esplorare le opportunit\u00e0 disponibili e a diventare parte del nostro viaggio verso l&#8217;eccellenza nella cura della bellezza.<\/p>\n<\/div><\/div>\n\n<div class=\"wp-block-group alignfull is-layout-constrained wp-container-core-group-is-layout-4383d167 wp-block-group-is-layout-constrained\"><div class=\"wp-block-group__inner-container\">\n<h2 class=\"wp-block-heading has-text-align-center has-text-color has-work-sans-font-family\"><a href=\"https:\/\/www.instagram.com\/alinavelica\/\" rel=\"noopener\">Cercasi onicotecnica<\/a><\/h2>\n\n\n\n<p>Se sei un&#8217;onicotecnica esperta o aspiri a diventarlo, vogliamo sentirti. Questa \u00e8 un&#8217;opportunit\u00e0 unica per entrare a far parte di un team che privilegia l&#8217;innovazione, la creativit\u00e0 e la soddisfazione dei clienti. Come parte del nostro team, avrai accesso a formazione e sviluppo continui. Ci assicuriamo che le tue competenze rimangano sempre aggiornate e rilevanti in un settore in rapida evoluzione.   <\/p>\n\n\n\n<p class=\"has-text-align-left has-text-color has-playfair-display-font-family\">ALINA VELICA non vede l&#8217;ora di incontrare te, una delle migliori onicotecniche e amanti della bellezza della citt\u00e0, per unirti al nostro giovane team e goderti il lavoro dei tuoi sogni! Ci troviamo nel cuore di Zurigo &#8211; Oldcity e offriamo numerosi trattamenti estetici e di bellezza con prodotti di altissima qualit\u00e0 per i nostri amati soci del club! Il nostro ambiente \u00e8 progettato per ispirare creativit\u00e0 e professionalit\u00e0, dove ogni membro del team pu\u00f2 prosperare e contribuire a una visione condivisa della bellezza.  <\/p>\n\n\n\n<p class=\"has-text-align-left has-text-color has-playfair-display-font-family\" style=\"color:#292929;font-size:16px;font-style:normal;font-weight:500\"><strong>Unisciti al nostro team se ti va:<\/strong><\/p>\n\n\n\n<ul class=\"wp-block-list\">\n<li>Tutto ci\u00f2 che riguarda le <a href=\"https:\/\/alinavelica.com\/it\/concediti-una-cura-di-lusso-per-mani-e-piedi-2\/\">unghie<\/a> e la bellezza (interiore ed esteriore)<\/li>\n\n\n\n<li>Accogliere gli ospiti (clienti) e comprendere le loro esigenze e descrivere i trattamenti disponibili<\/li>\n\n\n\n<li>Eseguire i compiti in modo accurato e puntuale<\/li>\n\n\n\n<li>Fornisce trattamenti professionali per le unghie di mani e piedi in base alle esigenze e alle preferenze dei clienti.<\/li>\n\n\n\n<li>Conoscere le diverse condizioni delle unghie, i trattamenti disponibili e i diversi prodotti per la cura delle unghie.<\/li>\n\n\n\n<li>Mantenere elevati standard di sterilizzazione e igiene<\/li>\n\n\n\n<li>Comunicazione e ascolto delle persone<\/li>\n<\/ul>\n\n\n\n<p><strong>&#8230; e puoi farlo:<\/strong><\/p>\n\n\n\n<p class=\"has-text-align-left has-text-color has-playfair-display-font-family\" style=\"color:#292929;font-size:16px;font-style:normal;font-weight:500\">Gestisci con calma le situazioni di stress, evitando i conflitti e rimanendo professionale<\/p>\n\n\n\n<p>Essere flessibile con gli orari del cliente per supportare i requisiti commerciali dello stabilimento.<\/p>\n\n\n\n<p>Essere un giocatore di squadra<\/p>\n\n\n\n<p>Essere amichevole e con una personalit\u00e0 piacevole<\/p>\n\n\n\n<p><strong>IL LAVORO PU\u00d2 ESSERE TUO!<\/strong>  Siamo entusiasti di incontrare persone ambiziose pronte a contribuire alla nostra missione di eccellenza nei trattamenti di bellezza.<\/p>\n\n\n\n<p>Inviaci un video con i seguenti passaggi \u2935\ufe0f \ufe0f<\/p>\n\n\n\n<ul class=\"wp-block-list\">\n<li>Parlaci un po&#8217; di te (ad esempio: nome, et\u00e0, istruzione, esperienza lavorativa)<\/li>\n\n\n\n<li>Cosa ti rende perfetto per la posizione lavorativa?<\/li>\n\n\n\n<li>Qual \u00e8 il tuo pi\u00f9 grande obiettivo da raggiungere nella tua carriera?<\/li>\n<\/ul>\n<\/div><\/div>\n\n<div class=\"wp-block-group alignfull is-layout-constrained wp-block-group-is-layout-constrained\"><div class=\"wp-block-group__inner-container\">\n<h2 class=\"wp-block-heading has-text-align-center has-black-color has-text-color has-link-color\">CERCASI COSMETOLOGO!<\/h2>\n\n\n\n<p class=\"has-text-align-center\">Sei un cosmetologo di talento con una passione per la bellezza e la creativit\u00e0? Ti senti a tuo agio in un ambiente di squadra e ami l&#8217;idea di lavorare con una clientela rispettosa e gentile? Se s\u00ec, abbiamo l&#8217;opportunit\u00e0 perfetta per te! Entra nel nostro prestigioso istituto nel cuore di Zurigo e fai parte del nostro team dinamico e internazionale. Ci impegniamo a fornire un servizio eccezionale e a promuovere lo sviluppo del business. Offriamo un ambiente di lavoro flessibile, opportunit\u00e0 di crescita e la possibilit\u00e0 di mettere in mostra la tua creativit\u00e0. Essere un cosmetologo qui significa essere all&#8217;avanguardia dei progressi della bellezza e avere la possibilit\u00e0 di collaborare con professionisti che la pensano allo stesso modo.      <\/p>\n\n\n\n<p class=\"has-text-align-left\">Se sei pronto a portare la tua carriera di cosmetologo a un livello superiore, mandaci un messaggio di posta elettronica o candidati direttamente con il tuo curriculum e una lettera di presentazione a alinavelica@icloud.com. Non vediamo l&#8217;ora di darti il benvenuto nel nostro team! Unisciti al nostro team e inizia il tuo viaggio verso il successo nel settore della bellezza!  <\/p>\n\n\n\n<p class=\"has-text-align-left\"><br\/>Se sei pronto a portare la tua carriera di cosmetologo a un livello superiore, mandaci un messaggio di posta elettronica o candidati direttamente con il tuo curriculum e una lettera di presentazione a alinavelica@icloud.com. Non vediamo l&#8217;ora di darti il benvenuto nel nostro team! <\/p>\n\n\n\n<p><\/p>\n\n\n\n<p class=\"has-text-align-left has-text-color has-playfair-display-font-family\"><strong>Unisciti al nostro team se ti va:<\/strong> Qui all&#8217;ALINA VELICA Beauty Club celebriamo la diversit\u00e0 e accogliamo tutti i talenti. Apprezziamo le persone che hanno la passione di valorizzare la bellezza, sia attraverso le unghie, la cura della pelle o il trucco. Il tuo entusiasmo contribuir\u00e0 a creare esperienze memorabili per i nostri clienti.  <\/p>\n\n\n\n<li>Tutto ci\u00f2 che riguarda le <a href=\"https:\/\/alinavelica.com\/it\/concediti-una-cura-di-lusso-per-mani-e-piedi-2\/\">unghie<\/a> e la bellezza (interiore ed esteriore), dalle ultime tendenze alle tecniche intramontabili, lo trattiamo in modo completo!<\/li>\n\n\n\n<li>Accogliere gli ospiti (clienti), comprendere le loro esigenze e descrivere i trattamenti disponibili. Le tue capacit\u00e0 comunicative giocheranno un ruolo fondamentale nel creare un&#8217;atmosfera accogliente. <\/li>\n\n\n\n<li>Eseguire i compiti in modo accurato e puntuale; l&#8217;affidabilit\u00e0 \u00e8 fondamentale nel nostro ambiente frenetico.<\/li>\n\n\n\n<li>Fornisci trattamenti professionali per le unghie di mani e piedi in base alle esigenze e alle preferenze dei clienti; la tua abilit\u00e0 artistica briller\u00e0 in ogni servizio.<\/li>\n\n\n\n<li>La comprensione e la conoscenza delle diverse condizioni delle unghie e dei trattamenti disponibili, nonch\u00e9 dei diversi prodotti per la cura delle unghie; la formazione continua fa parte della nostra etica.<\/li>\n\n\n\n<li>Mantenendo elevati standard di sterilizzazione e igiene, diamo priorit\u00e0 alla sicurezza e alla professionalit\u00e0 in ogni momento.<\/li>\n\n\n\n<li>La comunicazione e l&#8217;ascolto delle persone; la costruzione di un rapporto con i clienti \u00e8 essenziale per farli tornare.<\/li>\n\n\n\n<p><strong>&#8230; e tu puoi farlo:<\/strong> Il tuo ruolo non implica solo competenze tecniche, ma anche crescita e sviluppo personale. Incoraggiamo i membri del nostro team a essere proattivi e a prendere iniziative. <\/p>\n\n\n\n<p class=\"has-text-align-left has-text-color has-playfair-display-font-family\">Gestisci con calma le situazioni di stress, evitando i conflitti e rimanendo professionale; la tua compostezza dar\u00e0 un tono positivo al salone.<\/p>\n\n\n\n<p>Essere flessibili con gli orari del cliente per supportare i requisiti commerciali dello stabilimento; l&#8217;adattabilit\u00e0 \u00e8 fondamentale nel nostro ambiente frenetico.<\/p>\n\n\n\n<p>Sii un giocatore di squadra; la collaborazione \u00e8 il cuore della nostra cultura.<\/p>\n\n\n\n<p>Sii cordiale e con una personalit\u00e0 piacevole; un atteggiamento positivo \u00e8 contagioso!<\/p>\n\n\n\n<p>Inviaci un video seguendo i seguenti passaggi \u2935\ufe0f \ufe0f Cerchiamo un entusiasmo genuino e una visione chiara del tuo percorso professionale.<\/p>\n\n\n\n<li>Raccontaci un po&#8217; di te (ad esempio: nome, et\u00e0, istruzione, esperienza lavorativa) e condividi il tuo viaggio con noi!<\/li>\n\n\n\n<li>Cosa ti rende perfetto per la posizione lavorativa? Apprezziamo l&#8217;unicit\u00e0, quindi metti in evidenza i tuoi punti di forza.<\/li>\n\n\n\n<li>Qual \u00e8 il tuo pi\u00f9 grande obiettivo da raggiungere nella tua carriera? Amiamo gli obiettivi ambiziosi e sosteniamo le aspirazioni del nostro team! <\/li>\n\n\n\n<p><\/p>\n<\/div><\/div>\n","protected":false},"excerpt":{"rendered":"<p>Cercasi onicotecnica Se sei un&#8217;onicotecnica esperta o aspiri a diventarlo, vogliamo sentirti. Questa \u00e8 un&#8217;opportunit\u00e0 unica per entrare a far parte di un team che privilegia l&#8217;innovazione, la creativit\u00e0 e la soddisfazione dei clienti. Come parte del nostro team, avrai accesso a formazione e sviluppo continui. Ci assicuriamo che le tue competenze rimangano sempre aggiornate [&hellip;]<\/p>\n","protected":false},"author":4,"featured_media":0,"parent":0,"menu_order":0,"comment_status":"closed","ping_status":"closed","template":"","meta":{"_uag_custom_page_level_css":"","site-sidebar-layout":"default","site-content-layout":"","ast-site-content-layout":"default","site-content-style":"default","site-sidebar-style":"default","ast-global-header-display":"","ast-banner-title-visibility":"","ast-main-header-display":"","ast-hfb-above-header-display":"","ast-hfb-below-header-display":"","ast-hfb-mobile-header-display":"","site-post-title":"disabled","ast-breadcrumbs-content":"","ast-featured-img":"","footer-sml-layout":"","ast-disable-related-posts":"","theme-transparent-header-meta":"","adv-header-id-meta":"","stick-header-meta":"","header-above-stick-meta":"","header-main-stick-meta":"","header-below-stick-meta":"","astra-migrate-meta-layouts":"default","ast-page-background-enabled":"default","ast-page-background-meta":{"desktop":{"background-color":"var(--ast-global-color-4)","background-image":"","background-repeat":"repeat","background-position":"center center","background-size":"auto","background-attachment":"scroll","background-type":"","background-media":"","overlay-type":"","overlay-color":"","overlay-opacity":"","overlay-gradient":""},"tablet":{"background-color":"","background-image":"","background-repeat":"repeat","background-position":"center center","background-size":"auto","background-attachment":"scroll","background-type":"","background-media":"","overlay-type":"","overlay-color":"","overlay-opacity":"","overlay-gradient":""},"mobile":{"background-color":"","background-image":"","background-repeat":"repeat","background-position":"center center","background-size":"auto","background-attachment":"scroll","background-type":"","background-media":"","overlay-type":"","overlay-color":"","overlay-opacity":"","overlay-gradient":""}},"ast-content-background-meta":{"desktop":{"background-color":"var(--ast-global-color-5)","background-image":"","background-repeat":"repeat","background-position":"center center","background-size":"auto","background-attachment":"scroll","background-type":"","background-media":"","overlay-type":"","overlay-color":"","overlay-opacity":"","overlay-gradient":""},"tablet":{"background-color":"var(--ast-global-color-5)","background-image":"","background-repeat":"repeat","background-position":"center center","background-size":"auto","background-attachment":"scroll","background-type":"","background-media":"","overlay-type":"","overlay-color":"","overlay-opacity":"","overlay-gradient":""},"mobile":{"background-color":"var(--ast-global-color-5)","background-image":"","background-repeat":"repeat","background-position":"center center","background-size":"auto","background-attachment":"scroll","background-type":"","background-media":"","overlay-type":"","overlay-color":"","overlay-opacity":"","overlay-gradient":""}},"footnotes":""},"class_list":["post-7901","page","type-page","status-publish","hentry"],"uagb_featured_image_src":{"full":false,"thumbnail":false,"medium":false,"medium_large":false,"large":false,"1536x1536":false,"2048x2048":false,"mailpoet_newsletter_max":false,"woocommerce_thumbnail":false,"woocommerce_single":false,"woocommerce_gallery_thumbnail":false},"uagb_author_info":{"display_name":"Alina Velica","author_link":"https:\/\/alinavelica.com\/it\/author\/chicnails-editor\/"},"uagb_comment_info":0,"uagb_excerpt":"Cercasi onicotecnica Se sei un&#8217;onicotecnica esperta o aspiri a diventarlo, vogliamo sentirti. Questa \u00e8 un&#8217;opportunit\u00e0 unica per entrare a far parte di un team che privilegia l&#8217;innovazione, la creativit\u00e0 e la soddisfazione dei clienti. Come parte del nostro team, avrai accesso a formazione e sviluppo continui. Ci assicuriamo che le tue competenze rimangano sempre aggiornate&hellip;","jetpack_sharing_enabled":true,"_links":{"self":[{"href":"https:\/\/alinavelica.com\/it\/wp-json\/wp\/v2\/pages\/7901","targetHints":{"allow":["GET"]}}],"collection":[{"href":"https:\/\/alinavelica.com\/it\/wp-json\/wp\/v2\/pages"}],"about":[{"href":"https:\/\/alinavelica.com\/it\/wp-json\/wp\/v2\/types\/page"}],"author":[{"embeddable":true,"href":"https:\/\/alinavelica.com\/it\/wp-json\/wp\/v2\/users\/4"}],"replies":[{"embeddable":true,"href":"https:\/\/alinavelica.com\/it\/wp-json\/wp\/v2\/comments?post=7901"}],"version-history":[{"count":16,"href":"https:\/\/alinavelica.com\/it\/wp-json\/wp\/v2\/pages\/7901\/revisions"}],"predecessor-version":[{"id":9191,"href":"https:\/\/alinavelica.com\/it\/wp-json\/wp\/v2\/pages\/7901\/revisions\/9191"}],"wp:attachment":[{"href":"https:\/\/alinavelica.com\/it\/wp-json\/wp\/v2\/media?parent=7901"}],"curies":[{"name":"wp","href":"https:\/\/api.w.org\/{rel}","templated":true}]}}