{"id":8167,"date":"2025-07-01T23:18:39","date_gmt":"2025-07-01T21:18:39","guid":{"rendered":"https:\/\/alinavelica.com\/product\/roots-defence-50spf\/"},"modified":"2025-07-01T23:21:26","modified_gmt":"2025-07-01T21:21:26","slug":"roots-defence-50spf","status":"publish","type":"product","link":"https:\/\/alinavelica.com\/fr\/product\/roots-defence-50spf\/","title":{"rendered":"ROOTS DEFENCE 50SPF"},"content":{"rendered":"<p><span style=\"color: #000000;\"><span class=\"word modified\" data-words=\"Formulat\u0103,Formulata\">Formul\u00e9<\/span> pour offrir une<span class=\"word\" data-words=\"protec\u021bie,protectie\">protection<\/span> <span class=\"word modified\" data-words=\"eficienta,eficient\u0103,eficien\u021ba,eficien\u021b\u0103\">haute performance <\/span>, le <strong> <span class=\"word modified\" data-words=\"matca,matc\u0103,m\u0103tc\u0103,m\u00e2tca,m\u00e2tc\u0103\">CR\u00c8ME SOLAIRE ROOTS DEFENCE 50 SPF<\/span><\/strong><span class=\"word\" data-words=\"confer\u0103,confera\">offre<\/span><span class=\"word\" data-words=\"\u0219i,si\">\u00e9galement <\/span> les bienfaits revitalisants des <span class=\"word\" data-words=\"nutrien\u021bilor,nutrientilor\">nutriments<\/span> de la <span class=\"word\" data-words=\"l\u0103pti\u0219orul,laptisorul\">gel\u00e9e<\/span> royale, les bienfaits hydratants de l&rsquo;huile d&rsquo;olive et les bienfaits de l&rsquo;huile <span class=\"word\" data-words=\"crem\u0103,crema\">d <\/span>&lsquo;olive.       <span class=\"word\" data-words=\"prezente,prezen\u021be\">gr\u00e2ce \u00e0 <\/span><span class=\"word modified\" data-words=\"solar\u0103,solara\">l&rsquo;<\/span> apport d&rsquo;acide hyaluronique, <span class=\"word\" data-words=\"c\u00e2t,c\u0103t,c\u0103\u021b,cat\">et <\/span><span class=\"word\" data-words=\"\u0219i,si\">les<\/span> bienfaits antioxydants <span class=\"word\" data-words=\"prezente,prezen\u021be\">pr\u00e9sents <\/span><span class=\"word modified\" data-words=\"datorit\u0103,datorita\">gr\u00e2ce<\/span> \u00e0  l&rsquo;extrait de curcuma.<\/span><\/p>\n<p><span style=\"color: #000000;\">Principaux avantages :<\/span><\/p>\n<p><span style=\"color: #000000;\">&#8211; Protection haute performance : Notre <span class=\"word\" data-words=\"Formul\u0103,Formula\">formule<\/span> SPF 50 constitue une barri\u00e8re efficace <span class=\"word\" data-words=\"la,l\u0103\">qui<\/span> <span class=\"word\" data-words=\"ajut\u00e2nd,ajutand\">aide \u00e0 <\/span> prot\u00e9ger la peau <span class=\"word\" data-words=\"\u0219i,si\">et \u00e0 pr\u00e9venir son vieillissement pr\u00e9matur\u00e9 .<\/span> <\/span><\/p>\n<p><span style=\"color: #000000;\">&#8211; Hydratation : L&rsquo;acide hyaluronique est reconnu <span class=\"word modified\" data-words=\"c\u0103,ca\">comme<\/span> un ingr\u00e9dient actif qui <span class=\"word\" data-words=\"promoveaz\u0103,promoveaza\">favorise une<\/span> hydratation intense et durable, gardant la <span class=\"word modified\" data-words=\"\u00een,in\">peau<\/span> douce comme du velours.<\/span><\/p>\n<p><span style=\"color: #000000;\">&#8211; Soin <span class=\"word modified\" data-words=\"delicat\u0103,delicata\"> d\u00e9licat<\/span>: Le panth\u00e9nol, \u00e9galement connu sous le nom de <span class=\"word\" data-words=\"provitamin\u0103,provitamina\">provitamine<\/span> B5, peut aider \u00e0 <span class=\"word\" data-words=\"la,l\u0103\">apaiser<\/span> et \u00e0 r\u00e9g\u00e9n\u00e9rer la peau.<\/span><\/p>\n<p><span style=\"color: #000000;\">&#8211; Antioxydants : L&rsquo;extrait de gingembre poss\u00e8de des propri\u00e9t\u00e9s antioxydantes intenses qui prot\u00e8gent la peau des effets nocifs des radicaux libres et lui conf\u00e8rent une peau \u00e9clatante.<\/span><\/p>\n<p><span style=\"color: #000000;\">&#8211; Revitalisation : La gel\u00e9e royale, <span class=\"word\" data-words=\"bogat,bog\u0103t\">riche<\/span> en vitamines et en nutriments essentiels, aide \u00e0 <span class=\"word\" data-words=\"la,l\u0103\">revitaliser la<\/span> peau et \u00e0 lui donner un aspect ferme.<\/span><\/p>\n<p><span style=\"color: #000000;\">&#8211; La <span class=\"word\" data-words=\"Vitamin\u0103,Vitamina\">vitamine<\/span> E est un antioxydant important qui peut agir <span class=\"word modified\" data-words=\"c\u0103,ca\">comme<\/span> un pi\u00e9geur de radicaux libres. Des \u00e9tudes exp\u00e9rimentales \u00e0 cet \u00e9gard sugg\u00e8rent que <span class=\"word\" data-words=\"vitamin\u0103,vitamina\">la vitamine<\/span> E pourrait avoir des propri\u00e9t\u00e9s photo-protectrices. <\/span><\/p>\n<p><span style=\"color: #000000;\">Appliquez g\u00e9n\u00e9reusement sur le visage 15 \u00e0 30 minutes avant l&rsquo;exposition au soleil <span class=\"word\" data-words=\"la,l\u0103\">.<\/span> Renouvelez l&rsquo;application <span class=\"word\" data-words=\"la,l\u0103\">toutes les<\/span> 2 heures <span class=\"word\" data-words=\"sau,s\u0103u,\u0219au\">ou<\/span> apr\u00e8s avoir nag\u00e9, transpir\u00e9 <span class=\"word\" data-words=\"sau,s\u0103u,\u0219au\">ou<\/span> vous \u00eatre essuy\u00e9.<\/span><\/p>\n<p><span style=\"color: #000000;\">Test\u00e9 dermatologiquement pour les peaux <span class=\"word modified\" data-words=\"sensibil\u0103,sensibila\">sensibles<\/span>.<\/span><\/p>\n<p><span style=\"color: #000000;\">Transformez votre <span class=\"word\" data-words=\"rutin\u0103,rutina\">routine de  soins de la peau et profitez d&rsquo;une <\/span> protection solaire<span class=\"word modified\" data-words=\"necesar\u0103,necesara\">indispensable<\/span> gr\u00e2ce \u00e0 notre produit SPF 50.<\/span><\/p>\n<p>&nbsp;<\/p>\n<p><span style=\"color: #000000;\">Des \u00e9tudes sp\u00e9cialis\u00e9es (la <a style=\"color: #000000;\" title=\"https:\/\/pubmed.ncbi.nlm.nih.gov\/21812645\/\" href=\"https:\/\/pubmed.ncbi.nlm.nih.gov\/21812645\/\" rel=\"noopener\">gel\u00e9e<\/a> <strong>royale <\/strong> prot\u00e8ge les fibroblastes de la peau humaine contre le photovieillissement induit par les ultraviolets B en augmentant la production de collag\u00e8ne ) <span class=\"word modified\" data-words=\"indic\u0103,indica\">indiquent<\/span> que la <strong><span class=\"word\" data-words=\"l\u0103pti\u0219orul,laptisorul\">gel\u00e9e royale<\/span><\/strong> l&rsquo;un des <span class=\"word\" data-words=\"ingredientele,ingredien\u021bele\">ingr\u00e9dients  cl\u00e9s de la cr\u00e8me \u00ab\u00a0ROOTS DEFENCE 50 SPF\u00a0\u00bb <\/span><span class=\"word\" data-words=\"c\u0103,ca\">,<\/span> peut <span class=\"word\" data-words=\"protej\u0103,proteja\">prot\u00e9ger<\/span> la peau du photovieillissement induit par les UVB en augmentant la production de collag\u00e8ne. <span class=\"word modified\" data-words=\"matca,matc\u0103,m\u0103tc\u0103,m\u00e2tca,m\u00e2tc\u0103\">La <\/span><strong><span class=\"word modified\" data-words=\"matca,matc\u0103,m\u0103tc\u0103,m\u00e2tca,m\u00e2tc\u0103\">gel\u00e9e royale<\/span><\/strong><span class=\"word\" data-words=\"L\u0103pti\u0219orul,Laptisorul\"> contient des<\/span> prot\u00e9ines, des hydrates de carbone, des graisses, des acides amin\u00e9s libres, des vitamines et des min\u00e9raux. La gel\u00e9e royale contient 10 % d&rsquo;acides gras<span class=\"word\" data-words=\"nesaturat,nes\u0103turat\">insatur\u00e9s<\/span> <span class=\"word modified\" data-words=\"C\u0103,Ca\">comme <\/span>principal <span class=\"word modified\" data-words=\"matca,matc\u0103,m\u0103tc\u0103,m\u00e2tca,m\u00e2tc\u0103\">acide<\/span> gras.       &#8211; l&rsquo;acide <span class=\"word\" data-words=\"l\u0103pti\u0219orul,laptisorul\"> hydroxy-2-d\u00e9c\u00e9no\u00efque<\/span> (10-HDA), qui pourrait avoir la capacit\u00e9 de  <span class=\"word modified\" data-words=\"matca,matc\u0103,m\u0103tc\u0103,m\u00e2tca,m\u00e2tc\u0103\">stimuler la production de collag\u00e8ne. Dans cette \u00e9tude, Hye Min Park et al. ont mesur\u00e9 la teneur en 10-HDA de l&rsquo;huile royale d&rsquo;olive.   <\/span>La <span class=\"word\" data-words=\"stimul\u0103,stimula\">gel\u00e9e<\/span> royale a \u00e9t\u00e9 analys\u00e9e par chromatographie liquide <span class=\"word\" data-words=\"\u00cen,In\">\u00e0 haute<\/span> <span class=\"word\" data-words=\"al,\u0103l\">performance<\/span> <span class=\"word\" data-words=\"l\u0103pti\u0219orul,laptisorul\">et<\/span> ses effets <span class=\"word\" data-words=\"asupr\u0103,asupra\">sur le<\/span> photovieillissement de la peau induit par les UVB ont \u00e9t\u00e9 test\u00e9s sur des fibroblastes dermiques humains normaux. Les fibroblastes dermiques humains irradi\u00e9s par les UVB et trait\u00e9s avec la <span class=\"word\" data-words=\"l\u0103pti\u0219or,laptisor\">gel\u00e9e<\/span> royale et le 10-HDA ont augment\u00e9 la production de <span class=\"word\" data-words=\"tip,\u021bip,\u021b\u00eep\">procollag\u00e8ne de type I et de TGF-1, mais <\/span><span class=\"word modified\" data-words=\"matca,matc\u0103,m\u0103tc\u0103,m\u00e2tca,m\u00e2tc\u0103\">le<\/span> niveau de MMP-1 n&rsquo;a pas \u00e9t\u00e9 modifi\u00e9. Cela d\u00e9montre <span class=\"word\" data-words=\"c\u0103,ca\">que<\/span> la <span class=\"word\" data-words=\"l\u0103pti\u0219orul,laptisorul\">gel\u00e9e<\/span> royale peut <span class=\"word\" data-words=\"protej\u0103,proteja\">prot\u00e9ger la peau du <\/span> photovieillissement induit par<span class=\"word modified\" data-words=\"matca,matc\u0103,m\u0103tc\u0103,m\u00e2tca,m\u00e2tc\u0103\">les UVB<\/span> en augmentant la production de collag\u00e8ne.  <\/span><\/p>\n<p><span style=\"color: #000000;\">Un autre ingr\u00e9dient actif important de la <span class=\"word\" data-words=\"crem\u0103,crema\">cr\u00e8me <\/span> <strong>ROOTS DEFENCE 50 SPF<\/strong> est l&rsquo;<strong>extrait de gingembre<\/strong>. Des \u00e9tudes sp\u00e9cialis\u00e9es ( <a style=\"color: #000000;\" title=\"https:\/\/www.researchgate.net\/publication\/262943940_Evaluation_of_Sun_Protection_Factor_of_Zingiber_officinale_Roscoe_Extract_by_Ultraviolet_Spectroscopy_Method\" href=\"https:\/\/www.researchgate.net\/publication\/262943940_Evaluation_of_Sun_Protection_Factor_of_Zingiber_officinale_Roscoe_Extract_by_Ultraviolet_Spectroscopy_Method\" rel=\"noopener\">Evaluation of Sun Protection Factor of Zingiber officinale Roscoe Extract by Ultraviolet Spectroscopy Method<\/a> ) ont <span class=\"word\" data-words=\"\u00een,in\">mis en \u00e9vidence le<\/span> fait <span class=\"word\" data-words=\"c\u0103,ca\">que les <\/span><span class=\"word\" data-words=\"componentele,componen\u021bele\">composants<\/span> actifs  responsables de l&rsquo;absorption des rayons ultraviolets du Zingiber officinale peuvent \u00eatre isol\u00e9s et utilis\u00e9s dans des pr\u00e9parations solaires pour une <span class=\"word\" data-words=\"mai,m\u0103i,m\u00e2i\">meilleure<\/span> protection contre les rayons du soleil. Les \u00e9tudes <span class=\"word\" data-words=\"men\u021bioneaz\u0103,mentioneaza\">indiquent  donc que l&rsquo;extrait de Zingiber officinale <\/span><span class=\"word modified\" data-words=\"evidenta,evident\u0103,eviden\u021ba,eviden\u021b\u0103\">peut<\/span> absorber les rayons UV et poss\u00e8de une bonne activit\u00e9 de protection solaire contre les rayons ultraviolets.  <\/span><\/p>\n<p><span lang=\"RO\" style=\"color: #000000;\">Ne restez pas trop longtemps au soleil, m\u00eame si vous utilisez un \u00e9cran solaire. N&rsquo;exposez pas les b\u00e9b\u00e9s et les jeunes enfants directement au soleil. Une exposition excessive au soleil constitue une grave menace pour la sant\u00e9. Appliquez un \u00e9cran solaire avant l&rsquo;exposition. La cr\u00e8me solaire ne vous prot\u00e8ge pas \u00e0 100 % du soleil. Renouvelez fr\u00e9quemment l&rsquo;application pour maintenir la protection.     <\/span><\/p>\n<p><span lang=\"RO\" style=\"color: #000000;\">Une quantit\u00e9 \u00e9quivalente \u00e0 3 g doit \u00eatre appliqu\u00e9e uniform\u00e9ment sur l&rsquo;ensemble du visage, du cou et du d\u00e9collet\u00e9. Attention : si vous r\u00e9duisez cette quantit\u00e9, le niveau de protection diminuera de mani\u00e8re significative. <\/span><\/p>\n<h2 id=\"heading-2\" class=\"accordion-header\">Ingr\u00e9dients<\/h2>\n<div id=\"description-2\" class=\"accordion-collapse collapse show\" aria-labelledby=\"heading-2\" data-bs-parent=\"#prod-desc-acc\">\n<div class=\"accordion-body\">\n<p>AQUA, ETHYLHEXYL METHOXYCINNAMATE, OCTORYLENE, HOMOSALATE, BENZOPHENONE-3, ACRYLATES COPOLYMER, AVOBENZONE, ETHYLHEXYL SALICYLATE, PANTHENOL, GLYCERIN , TOCOPHERYL ACETATE, GEL\u00c9E ROYALE, PH\u00c9NOXY\u00c9THANOL, ACIDE HYALURONIQUE, EXTRAIT DE RACINE DE ZINGIBER OFFICINALE (GINGEMBRE), \u00c9THYLHEXYLGLYC\u00c9RINE, EXTRAIT DE RACINE DE CURCUMA LONGA (CURCUMA), SORBATE DE POTASSIUM, BENZOATE DE SODIUM.<\/p>\n<h2>COMMENT L&rsquo;UTILISER ?<\/h2>\n<\/div>\n<div id=\"description-4\" class=\"accordion-collapse collapse show\" aria-labelledby=\"heading-4\" data-bs-parent=\"#prod-desc-acc\">\n<div class=\"accordion-body\">\n<p><span lang=\"RO\">Mode d&#8217;emploi : Une quantit\u00e9 \u00e9quivalente \u00e0 1 g doit \u00eatre appliqu\u00e9e uniform\u00e9ment sur l&rsquo;ensemble du visage. Attention : si vous r\u00e9duisez cette quantit\u00e9, le niveau de protection diminuera de mani\u00e8re significative. <\/span><\/p>\n<p><span lang=\"RO\">Renouvelez fr\u00e9quemment l&rsquo;application pour maintenir la protection, en particulier apr\u00e8s avoir transpir\u00e9, nag\u00e9 ou vous \u00eatre essuy\u00e9.<\/span><\/p>\n<p><span lang=\"RO\">\u00c9vitez le contact avec les yeux.<\/span><\/p>\n<p><span lang=\"RO\">Si le produit entre accidentellement en contact avec les yeux, rincez-les abondamment \u00e0 l&rsquo;eau ti\u00e8de.<\/span><\/p>\n<h2 id=\"heading-5\" class=\"accordion-header\">R\u00e9clamations<\/h2>\n<div id=\"description-5\" class=\"accordion-collapse collapse show\" aria-labelledby=\"heading-5\" data-bs-parent=\"#prod-desc-acc\">\n<div class=\"accordion-body\">\n<p><strong>M\u00e9thode de stockage : <\/strong> Conserver dans un endroit sec, propre et frais.<\/p>\n<p><strong>Poids :<\/strong> 50 ml<\/p>\n<p>Les photos des produits sur le site sont uniquement destin\u00e9es \u00e0 des fins d&rsquo;information. M\u00eame s&rsquo;il peut y avoir des diff\u00e9rences d&#8217;emballage, nous vous assurons de la qualit\u00e9 de votre routine. Afin de <span class=\"word modified\" data-words=\"pastra,p\u0103stra,p\u0103str\u0103\">pr\u00e9server <\/span> <span class=\"word\" data-words=\"prospe\u021bimea,prospetimea\">la fra\u00eecheur de<\/span> nos produits, <span class=\"word modified\" data-words=\"fabricam,fabric\u0103m\">nous les fabriquons <\/span> <span class=\"word\" data-words=\"\u00een,in\">en<\/span> petits lots <span class=\"word\" data-words=\"\u0219i,si\">et<\/span> il peut donc y avoir des <span class=\"word\" data-words=\"s\u0103,sa,\u0219a\">diff\u00e9rences <\/span><span class=\"word\" data-words=\"diferen\u021be,diferente\">de<\/span> texture <span class=\"word modified\" data-words=\"textur\u0103,textura\">et de <\/span> <span class=\"word\" data-words=\"\u0219i,si\">couleur<\/span>, <span class=\"word\" data-words=\"\u00een,in\">selon <\/span> <span class=\"word\" data-words=\"func\u021bie,functie\">le<\/span> lot dont ils font <span class=\"word\" data-words=\"parte,p\u00e2rte\">partie<\/span>.   Ces <span class=\"word\" data-words=\"diferen\u021be,diferente\">diff\u00e9rences <\/span> <span class=\"word\" data-words=\"sunt,\u0219unt\">sont <\/span> <span class=\"word\" data-words=\"influen\u021bate,influentate\">influenc\u00e9es<\/span> par les <span class=\"word\" data-words=\"ingredientele,ingredien\u021bele\">principes  actifs utilis\u00e9s, puisqu&rsquo;il <\/span><span class=\"word\" data-words=\"sunt,\u0219unt\">s&rsquo;agit d&rsquo;<\/span> extraits botaniques <span class=\"word\" data-words=\"\u0219i,si\">, et<\/span> peuvent varier en fonction de la saison et de la <span class=\"word\" data-words=\"zona,zon\u0103\">r\u00e9gion d&rsquo;<\/span> o\u00f9 provient la mati\u00e8re premi\u00e8re. \u00c9tant donn\u00e9 que nos produits peuvent contenir des allerg\u00e8nes, nous vous recommandons, avant de les d\u00e9cacheter et de les utiliser, de lire attentivement <span class=\"word\" data-words=\"ingredientele,ingredien\u021bele\">les ingr\u00e9dients<\/span> qu&rsquo;ils contiennent <span class=\"word modified\" data-words=\"\u00een,in\"> et<\/span>, dans la mesure o\u00f9 vous savez que vous \u00eates allergique <span class=\"word\" data-words=\"sau,s\u0103u,\u0219au\">ou<\/span> sensible <span class=\"word\" data-words=\"la,l\u0103\">\u00e0 l&rsquo;<\/span> un de ces <span class=\"word\" data-words=\"ingrediente,ingredien\u021be\">ingr\u00e9dients<\/span>, de ne pas utiliser le produit. <span class=\"word\" data-words=\"\u00een,in\">Si<\/span> vous constatez une r\u00e9action allergique \u00e0 <span class=\"word modified\" data-words=\"c\u0103,ca\">la<\/span> suite de l&rsquo;utilisation du produit, cessez de l&rsquo;utiliser et consultez votre m\u00e9decin.<\/p>\n<p><strong>Pour vous garantir une exp\u00e9rience confortable et fiable, ce produit est test\u00e9 dermatologiquement pour les peaux sensibles.<\/strong><\/p>\n<\/div>\n<\/div>\n<\/div>\n<\/div>\n<\/div>\n","protected":false},"excerpt":{"rendered":"<p>Formul\u00e9 pour offrir uneprotection haute performance , le CR\u00c8ME SOLAIRE ROOTS DEFENCE 50 SPFoffre\u00e9galement les bienfaits revitalisants des nutriments de la gel\u00e9e royale, les bienfaits hydratants de l&rsquo;huile d&rsquo;olive et les bienfaits de l&rsquo;huile d &lsquo;olive. gr\u00e2ce \u00e0 l&rsquo; apport d&rsquo;acide hyaluronique, et les bienfaits antioxydants pr\u00e9sents gr\u00e2ce \u00e0 l&rsquo;extrait de curcuma. Principaux avantages : [&hellip;]<\/p>\n","protected":false},"featured_media":8164,"comment_status":"closed","ping_status":"closed","template":"","meta":{"_uag_custom_page_level_css":"","site-sidebar-layout":"default","site-content-layout":"","ast-site-content-layout":"default","site-content-style":"default","site-sidebar-style":"default","ast-global-header-display":"","ast-banner-title-visibility":"","ast-main-header-display":"","ast-hfb-above-header-display":"","ast-hfb-below-header-display":"","ast-hfb-mobile-header-display":"","site-post-title":"","ast-breadcrumbs-content":"","ast-featured-img":"","footer-sml-layout":"","ast-disable-related-posts":"","theme-transparent-header-meta":"default","adv-header-id-meta":"","stick-header-meta":"","header-above-stick-meta":"","header-main-stick-meta":"","header-below-stick-meta":"","astra-migrate-meta-layouts":"default","ast-page-background-enabled":"default","ast-page-background-meta":{"desktop":{"background-color":"var(--ast-global-color-4)","background-image":"","background-repeat":"repeat","background-position":"center center","background-size":"auto","background-attachment":"scroll","background-type":"","background-media":"","overlay-type":"","overlay-color":"","overlay-opacity":"","overlay-gradient":""},"tablet":{"background-color":"","background-image":"","background-repeat":"repeat","background-position":"center center","background-size":"auto","background-attachment":"scroll","background-type":"","background-media":"","overlay-type":"","overlay-color":"","overlay-opacity":"","overlay-gradient":""},"mobile":{"background-color":"","background-image":"","background-repeat":"repeat","background-position":"center center","background-size":"auto","background-attachment":"scroll","background-type":"","background-media":"","overlay-type":"","overlay-color":"","overlay-opacity":"","overlay-gradient":""}},"ast-content-background-meta":{"desktop":{"background-color":"var(--ast-global-color-5)","background-image":"","background-repeat":"repeat","background-position":"center center","background-size":"auto","background-attachment":"scroll","background-type":"","background-media":"","overlay-type":"","overlay-color":"","overlay-opacity":"","overlay-gradient":""},"tablet":{"background-color":"var(--ast-global-color-5)","background-image":"","background-repeat":"repeat","background-position":"center center","background-size":"auto","background-attachment":"scroll","background-type":"","background-media":"","overlay-type":"","overlay-color":"","overlay-opacity":"","overlay-gradient":""},"mobile":{"background-color":"var(--ast-global-color-5)","background-image":"","background-repeat":"repeat","background-position":"center center","background-size":"auto","background-attachment":"scroll","background-type":"","background-media":"","overlay-type":"","overlay-color":"","overlay-opacity":"","overlay-gradient":""}}},"product_brand":[711],"product_cat":[768,813,814],"product_tag":[],"class_list":{"0":"post-8167","1":"product","2":"type-product","3":"status-publish","4":"has-post-thumbnail","6":"product_brand-alina-velica-skincare","7":"product_cat-anti-age","8":"product_cat-cremes","9":"product_cat-spf-fr","10":"desktop-align-left","11":"tablet-align-left","12":"mobile-align-left","14":"first","15":"instock","16":"taxable","17":"shipping-taxable","18":"purchasable","19":"product-type-simple"},"uagb_featured_image_src":{"full":["https:\/\/alinavelica.com\/wp-content\/uploads\/2025\/07\/IMG_8831.jpg",1024,1024,false],"thumbnail":["https:\/\/alinavelica.com\/wp-content\/uploads\/2025\/07\/IMG_8831-150x150.jpg",150,150,true],"medium":["https:\/\/alinavelica.com\/wp-content\/uploads\/2025\/07\/IMG_8831-300x300.jpg",300,300,true],"medium_large":["https:\/\/alinavelica.com\/wp-content\/uploads\/2025\/07\/IMG_8831-768x768.jpg",768,768,true],"large":["https:\/\/alinavelica.com\/wp-content\/uploads\/2025\/07\/IMG_8831.jpg",1024,1024,false],"1536x1536":["https:\/\/alinavelica.com\/wp-content\/uploads\/2025\/07\/IMG_8831.jpg",1024,1024,false],"2048x2048":["https:\/\/alinavelica.com\/wp-content\/uploads\/2025\/07\/IMG_8831.jpg",1024,1024,false],"mailpoet_newsletter_max":["https:\/\/alinavelica.com\/wp-content\/uploads\/2025\/07\/IMG_8831.jpg",1024,1024,false],"woocommerce_thumbnail":["https:\/\/alinavelica.com\/wp-content\/uploads\/2025\/07\/IMG_8831-300x300.jpg",300,300,true],"woocommerce_single":["https:\/\/alinavelica.com\/wp-content\/uploads\/2025\/07\/IMG_8831-600x600.jpg",600,600,true],"woocommerce_gallery_thumbnail":["https:\/\/alinavelica.com\/wp-content\/uploads\/2025\/07\/IMG_8831-100x100.jpg",100,100,true]},"uagb_author_info":{"display_name":"Alina Velica","author_link":"https:\/\/alinavelica.com\/fr\/author\/"},"uagb_comment_info":0,"uagb_excerpt":"Formul\u00e9 pour offrir uneprotection haute performance , le CR\u00c8ME SOLAIRE ROOTS DEFENCE 50 SPFoffre\u00e9galement les bienfaits revitalisants des nutriments de la gel\u00e9e royale, les bienfaits hydratants de l&rsquo;huile d&rsquo;olive et les bienfaits de l&rsquo;huile d &lsquo;olive. gr\u00e2ce \u00e0 l&rsquo; apport d&rsquo;acide hyaluronique, et les bienfaits antioxydants pr\u00e9sents gr\u00e2ce \u00e0 l&rsquo;extrait de curcuma. Principaux avantages :\u2026","jetpack_sharing_enabled":true,"_links":{"self":[{"href":"https:\/\/alinavelica.com\/fr\/wp-json\/wp\/v2\/product\/8167","targetHints":{"allow":["GET"]}}],"collection":[{"href":"https:\/\/alinavelica.com\/fr\/wp-json\/wp\/v2\/product"}],"about":[{"href":"https:\/\/alinavelica.com\/fr\/wp-json\/wp\/v2\/types\/product"}],"replies":[{"embeddable":true,"href":"https:\/\/alinavelica.com\/fr\/wp-json\/wp\/v2\/comments?post=8167"}],"wp:featuredmedia":[{"embeddable":true,"href":"https:\/\/alinavelica.com\/fr\/wp-json\/wp\/v2\/media\/8164"}],"wp:attachment":[{"href":"https:\/\/alinavelica.com\/fr\/wp-json\/wp\/v2\/media?parent=8167"}],"wp:term":[{"taxonomy":"product_brand","embeddable":true,"href":"https:\/\/alinavelica.com\/fr\/wp-json\/wp\/v2\/product_brand?post=8167"},{"taxonomy":"product_cat","embeddable":true,"href":"https:\/\/alinavelica.com\/fr\/wp-json\/wp\/v2\/product_cat?post=8167"},{"taxonomy":"product_tag","embeddable":true,"href":"https:\/\/alinavelica.com\/fr\/wp-json\/wp\/v2\/product_tag?post=8167"}],"curies":[{"name":"wp","href":"https:\/\/api.w.org\/{rel}","templated":true}]}}