{"id":8065,"date":"2025-06-20T22:57:15","date_gmt":"2025-06-20T20:57:15","guid":{"rendered":"https:\/\/alinavelica.com\/product\/hibisplash\/"},"modified":"2025-06-23T21:00:18","modified_gmt":"2025-06-23T19:00:18","slug":"hibisplash","status":"publish","type":"product","link":"https:\/\/alinavelica.com\/fr\/product\/hibisplash\/","title":{"rendered":"HIBISPLASH"},"content":{"rendered":"<p><em>Votre nettoyant hydratant<\/em><\/p>\n<p>&nbsp;<\/p>\n<p><strong>Gel nettoyant \u00e0 l&rsquo;hibiscus et \u00e0 l&rsquo;acide hyaluronique<\/strong><\/p>\n<p>Le gel nettoyant \u00e0 l&rsquo;hibiscus et \u00e0 l&rsquo;acide hyaluronique est con\u00e7u pour un rituel de nettoyage en profondeur du visage, le transformant en un moment agr\u00e9able que vous ne voudrez pas manquer. Sa texture riche et cr\u00e9meuse est con\u00e7ue pour un nettoyage en douceur qui \u00e9limine les impuret\u00e9s, les r\u00e9sidus de maquillage et les cellules mortes. <\/p>\n<p>Nous vous recommandons de rincer soigneusement le visage \u00e0 l&rsquo;eau ti\u00e8de, puis d&rsquo;utiliser votre tonique pr\u00e9f\u00e9r\u00e9.<\/p>\n<p>L&rsquo;ingr\u00e9dient nettoyant a \u00e9t\u00e9 s\u00e9lectionn\u00e9 pour ses performances anti-irritantes exceptionnelles, cliniquement prouv\u00e9es, ainsi que pour son profil nettoyant exceptionnel pour tous les types de peau. Il est 100 % naturel et certifi\u00e9 par Ecocert. <\/p>\n<p>L&rsquo;eau utilis\u00e9e est notre eau ultra-pure de qualit\u00e9 WFI, conforme aux normes EP X \/ USP, et contr\u00f4l\u00e9e en permanence. Nous avons choisi de n&rsquo;utiliser que la meilleure eau disponible dans nos produits &#8211; une source de vie incontest\u00e9e. <\/p>\n<p>La qualit\u00e9 de notre eau r\u00e9pond aux normes des eaux utilis\u00e9es dans les produits pharmaceutiques injectables &#8211; la norme la plus \u00e9lev\u00e9e et la plus rigoureuse &#8211; et est id\u00e9ale pour le d\u00e9veloppement de formulations de produits pharmaceutiques et cosm\u00e9tiques, en particulier pour les produits bio et sans conservateurs.<\/p>\n<p><strong>Ingr\u00e9dients :<\/strong><\/p>\n<p>AQUA, FLEUR D&rsquo;HIBISCUS SABDARIFFA, POLYGLYCERYL-4 LAURATE\/SEBACATE, POLYGLYCERYL-6 CAPRYLATE\/CAPRATE, HUILE DE COCOS NUCIFERA, AC\u00c9TATE DE TOCOPH\u00c9RYLE, COPOLYM\u00c8RE D&rsquo;ACRYLATES DE SODIUM, L\u00c9CITHINE, PH\u00c9NOXY\u00c9THANOL, ACIDE HYALURONIQUE.<\/p>\n<p><strong>Propri\u00e9t\u00e9s<\/strong><\/p>\n<p><strong>Texture :<\/strong> gel nettoyant<br \/>\n<strong>Quand utiliser :<\/strong> matin et soir<br \/>\n<strong>Avantages :<\/strong> d\u00e9maquillage, nettoyage<\/p>\n<p><strong>Comment postuler<\/strong><\/p>\n<p>Le gel nettoyant est la premi\u00e8re \u00e9tape essentielle d&rsquo;une bonne routine de soins de la peau. Appliquez une quantit\u00e9 g\u00e9n\u00e9reuse dans la paume de votre main et massez d\u00e9licatement le visage en effectuant des mouvements circulaires vers le haut. Rincez \u00e0 l&rsquo;eau ti\u00e8de ou utilisez une eau micellaire adapt\u00e9e \u00e0 votre type de peau.  <\/p>\n<p>\u00c9vitez tout contact avec les yeux. En cas de contact accidentel avec les yeux, rincer abondamment \u00e0 l&rsquo;eau ti\u00e8de.  Agitez bien avant de l&rsquo;utiliser.<\/p>\n<p>&nbsp;<\/p>\n<p><strong>Notes<\/strong><br \/>\n<strong>Instructions de stockage :<\/strong> Conserver dans un endroit sec, propre et frais.<br \/>\n<strong>Quantit\u00e9 :<\/strong> 250 ml<\/p>\n<p>Les photos des produits figurant sur le site web sont fournies \u00e0 titre d&rsquo;information uniquement. Bien que l&#8217;emballage puisse varier, nous garantissons la qualit\u00e9 de vos soins. <\/p>\n<p>Pour pr\u00e9server la fra\u00eecheur de nos produits, nous les fabriquons en petits lots. Par cons\u00e9quent, des variations de texture et de couleur peuvent survenir en fonction du lot. Ces diff\u00e9rences sont influenc\u00e9es par les ingr\u00e9dients actifs utilis\u00e9s, puisqu&rsquo;il s&rsquo;agit d&rsquo;extraits botaniques, et peuvent varier en fonction de la saison et de la r\u00e9gion d&rsquo;origine des mati\u00e8res premi\u00e8res.  <\/p>\n<p>Nos produits pouvant contenir des allerg\u00e8nes, nous vous recommandons de lire attentivement la liste des ingr\u00e9dients avant de les d\u00e9cacheter et de les utiliser. Si vous \u00eates allergique ou sensible \u00e0 l&rsquo;un des ingr\u00e9dients, n&rsquo;utilisez pas le produit. <\/p>\n<p>Si vous pr\u00e9sentez une r\u00e9action allergique suite \u00e0 l&rsquo;utilisation de ce produit, cessez de l&rsquo;utiliser et consultez un m\u00e9decin.<\/p>\n<p>Pour vous garantir une exp\u00e9rience s\u00fbre et agr\u00e9able, ce produit a \u00e9t\u00e9 test\u00e9 sous contr\u00f4le dermatologique.<\/p>\n","protected":false},"excerpt":{"rendered":"<p>Votre nettoyant hydratant<\/p>\n","protected":false},"featured_media":8120,"comment_status":"closed","ping_status":"closed","template":"","meta":{"_uag_custom_page_level_css":"","site-sidebar-layout":"default","site-content-layout":"","ast-site-content-layout":"default","site-content-style":"default","site-sidebar-style":"default","ast-global-header-display":"","ast-banner-title-visibility":"","ast-main-header-display":"","ast-hfb-above-header-display":"","ast-hfb-below-header-display":"","ast-hfb-mobile-header-display":"","site-post-title":"","ast-breadcrumbs-content":"","ast-featured-img":"","footer-sml-layout":"","ast-disable-related-posts":"","theme-transparent-header-meta":"default","adv-header-id-meta":"","stick-header-meta":"","header-above-stick-meta":"","header-main-stick-meta":"","header-below-stick-meta":"","astra-migrate-meta-layouts":"default","ast-page-background-enabled":"default","ast-page-background-meta":{"desktop":{"background-color":"var(--ast-global-color-4)","background-image":"","background-repeat":"repeat","background-position":"center center","background-size":"auto","background-attachment":"scroll","background-type":"","background-media":"","overlay-type":"","overlay-color":"","overlay-opacity":"","overlay-gradient":""},"tablet":{"background-color":"","background-image":"","background-repeat":"repeat","background-position":"center center","background-size":"auto","background-attachment":"scroll","background-type":"","background-media":"","overlay-type":"","overlay-color":"","overlay-opacity":"","overlay-gradient":""},"mobile":{"background-color":"","background-image":"","background-repeat":"repeat","background-position":"center center","background-size":"auto","background-attachment":"scroll","background-type":"","background-media":"","overlay-type":"","overlay-color":"","overlay-opacity":"","overlay-gradient":""}},"ast-content-background-meta":{"desktop":{"background-color":"var(--ast-global-color-5)","background-image":"","background-repeat":"repeat","background-position":"center center","background-size":"auto","background-attachment":"scroll","background-type":"","background-media":"","overlay-type":"","overlay-color":"","overlay-opacity":"","overlay-gradient":""},"tablet":{"background-color":"var(--ast-global-color-5)","background-image":"","background-repeat":"repeat","background-position":"center center","background-size":"auto","background-attachment":"scroll","background-type":"","background-media":"","overlay-type":"","overlay-color":"","overlay-opacity":"","overlay-gradient":""},"mobile":{"background-color":"var(--ast-global-color-5)","background-image":"","background-repeat":"repeat","background-position":"center center","background-size":"auto","background-attachment":"scroll","background-type":"","background-media":"","overlay-type":"","overlay-color":"","overlay-opacity":"","overlay-gradient":""}}},"product_brand":[],"product_cat":[767],"product_tag":[790,773,758,759,789,756,760,788],"class_list":{"0":"post-8065","1":"product","2":"type-product","3":"status-publish","4":"has-post-thumbnail","6":"product_cat-purificateurs","7":"product_tag-hydratation","8":"product_tag-imperfections-fr","9":"product_tag-nettoyant","10":"product_tag-peau-grasse","11":"product_tag-routine-journaliere","12":"product_tag-routine-nocturne","13":"product_tag-sebum-fr","14":"product_tag-unisexe","15":"desktop-align-left","16":"tablet-align-left","17":"mobile-align-left","19":"first","20":"instock","21":"taxable","22":"shipping-taxable","23":"purchasable","24":"product-type-simple"},"uagb_featured_image_src":{"full":["https:\/\/alinavelica.com\/wp-content\/uploads\/2025\/04\/hibi.jpeg",1024,1024,false],"thumbnail":["https:\/\/alinavelica.com\/wp-content\/uploads\/2025\/04\/hibi-150x150.jpeg",150,150,true],"medium":["https:\/\/alinavelica.com\/wp-content\/uploads\/2025\/04\/hibi-300x300.jpeg",300,300,true],"medium_large":["https:\/\/alinavelica.com\/wp-content\/uploads\/2025\/04\/hibi-768x768.jpeg",768,768,true],"large":["https:\/\/alinavelica.com\/wp-content\/uploads\/2025\/04\/hibi.jpeg",1024,1024,false],"1536x1536":["https:\/\/alinavelica.com\/wp-content\/uploads\/2025\/04\/hibi.jpeg",1024,1024,false],"2048x2048":["https:\/\/alinavelica.com\/wp-content\/uploads\/2025\/04\/hibi.jpeg",1024,1024,false],"mailpoet_newsletter_max":["https:\/\/alinavelica.com\/wp-content\/uploads\/2025\/04\/hibi.jpeg",1024,1024,false],"woocommerce_thumbnail":["https:\/\/alinavelica.com\/wp-content\/uploads\/2025\/04\/hibi-300x300.jpeg",300,300,true],"woocommerce_single":["https:\/\/alinavelica.com\/wp-content\/uploads\/2025\/04\/hibi-600x600.jpeg",600,600,true],"woocommerce_gallery_thumbnail":["https:\/\/alinavelica.com\/wp-content\/uploads\/2025\/04\/hibi-100x100.jpeg",100,100,true]},"uagb_author_info":{"display_name":"Alina Velica","author_link":"https:\/\/alinavelica.com\/fr\/author\/"},"uagb_comment_info":0,"uagb_excerpt":"Votre nettoyant hydratant","jetpack_sharing_enabled":true,"_links":{"self":[{"href":"https:\/\/alinavelica.com\/fr\/wp-json\/wp\/v2\/product\/8065","targetHints":{"allow":["GET"]}}],"collection":[{"href":"https:\/\/alinavelica.com\/fr\/wp-json\/wp\/v2\/product"}],"about":[{"href":"https:\/\/alinavelica.com\/fr\/wp-json\/wp\/v2\/types\/product"}],"replies":[{"embeddable":true,"href":"https:\/\/alinavelica.com\/fr\/wp-json\/wp\/v2\/comments?post=8065"}],"wp:featuredmedia":[{"embeddable":true,"href":"https:\/\/alinavelica.com\/fr\/wp-json\/wp\/v2\/media\/8120"}],"wp:attachment":[{"href":"https:\/\/alinavelica.com\/fr\/wp-json\/wp\/v2\/media?parent=8065"}],"wp:term":[{"taxonomy":"product_brand","embeddable":true,"href":"https:\/\/alinavelica.com\/fr\/wp-json\/wp\/v2\/product_brand?post=8065"},{"taxonomy":"product_cat","embeddable":true,"href":"https:\/\/alinavelica.com\/fr\/wp-json\/wp\/v2\/product_cat?post=8065"},{"taxonomy":"product_tag","embeddable":true,"href":"https:\/\/alinavelica.com\/fr\/wp-json\/wp\/v2\/product_tag?post=8065"}],"curies":[{"name":"wp","href":"https:\/\/api.w.org\/{rel}","templated":true}]}}