{"id":8054,"date":"2025-06-20T22:57:00","date_gmt":"2025-06-20T20:57:00","guid":{"rendered":"https:\/\/alinavelica.com\/product\/elixir-detoxifiant-purevisage\/"},"modified":"2025-06-23T21:18:20","modified_gmt":"2025-06-23T19:18:20","slug":"elixir-detoxifiant-purevisage","status":"publish","type":"product","link":"https:\/\/alinavelica.com\/fr\/product\/elixir-detoxifiant-purevisage\/","title":{"rendered":"\u00c9LIXIR D\u00c9TOXIFIANT PUREVISAGE"},"content":{"rendered":"<p><em style=\"font-size: 16px;\">Votre solution contre les imperfections dues \u00e0 l&rsquo;acn\u00e9<\/em><\/p>\n<div class=\"page\" title=\"Page 14\">\n<div class=\"layoutArea\">\n<div class=\"column\">\n<p>La cr\u00e8me pour le visage la plus d\u00e9sir\u00e9e, la plus vendue, la plus utilis\u00e9e et r\u00e9utilis\u00e9e par des dizaines de milliers d&rsquo;utilisateurs de produits formul\u00e9s par notre collaboratrice Pharm., la cr\u00e8me qui a r\u00e9volutionn\u00e9 sa carri\u00e8re de formulatrice, la cr\u00e8me qui pourrait \u00eatre d\u00e9crite, en bref, de la mani\u00e8re suivante : <\/p>\n<p class=\"\" data-start=\"56\" data-end=\"442\"><strong data-start=\"56\" data-end=\"104\">Les probl\u00e8mes de peau apparaissent souvent \u00e0 l&rsquo;adolescence<\/strong>, comme un \u00e9v\u00e9nement dramatique dans la vie d&rsquo;un enfant qui devient un jeune adulte. Ensuite, pendant la jeunesse ou m\u00eame \u00e0 l&rsquo;\u00e2ge adulte, ils peuvent persister ou r\u00e9appara\u00eetre. En g\u00e9n\u00e9ral, les imperfections de l&rsquo;acn\u00e9 nous incitent \u00e0 recourir \u00e0 tous les moyens, des rem\u00e8des traditionnels aux m\u00e9dicaments sophistiqu\u00e9s, dans l&rsquo;espoir d&rsquo;\u00e9quilibrer la peau et d&rsquo;en am\u00e9liorer l&rsquo;\u00e9tat.  <\/p>\n<p class=\"\" data-start=\"444\" data-end=\"1028\">C&rsquo;est pourquoi elle a formul\u00e9 ce qu&rsquo;elle consid\u00e8re comme la <em data-start=\"494\" data-end=\"520\">panac\u00e9e dermato-cosm\u00e9tique<\/em> pour les peaux pr\u00e9sentant des impuret\u00e9s, des imperfections dues \u00e0 l&rsquo;acn\u00e9 et des com\u00e9dons. Elle a r\u00e9uni la science, la botanique et l&rsquo;excellence technologique dans cette formule.<br data-start=\"663\" data-end=\"666\">La <strong data-start=\"670\" data-end=\"715\">synergie entre les plantes de Tamanu et de CBD<\/strong> offre un potentiel de gu\u00e9rison \u00e9lev\u00e9, car la d\u00e9gradation de la peau est acc\u00e9l\u00e9r\u00e9e par l&rsquo;inflammation cellulaire. Les cannabino\u00efdes et le cannabidiol (CBD) constituent la nouvelle fronti\u00e8re dans la mod\u00e9ration et le contr\u00f4le de l&rsquo;inflammation cellulaire.<br data-start=\"920\" data-end=\"923\">Le tamanu est un arbre originaire de Madagascar, et dans la m\u00e9decine traditionnelle, il est consid\u00e9r\u00e9 comme un antibiotique naturel.  <\/p>\n<p class=\"\" data-start=\"1030\" data-end=\"1380\">L&rsquo;<strong data-start=\"1030\" data-end=\"1056\">extrait de Salix purpurea<\/strong> est l&rsquo;un des ingr\u00e9dients dont l&rsquo;efficacit\u00e9 a \u00e9t\u00e9 cliniquement prouv\u00e9e pour augmenter l&rsquo;hydratation, m\u00eame chez les volontaires ayant une peau atopique. Dans des conditions exp\u00e9rimentales, l&rsquo;extrait de Salix purpurea utilis\u00e9 dans la formule a montr\u00e9 un effet inhibiteur fort et d\u00e9pendant de la dose sur la lib\u00e9ration d&rsquo;IL-8 par les NHEK (Normal Human Epidermal Keratinocytes) stimul\u00e9s par la PMA. <\/p>\n<p class=\"\" data-start=\"1382\" data-end=\"1689\">L<strong data-start=\"1382\" data-end=\"1422\">&lsquo;extrait de propolis contenu dans la formule de la<\/strong> cr\u00e8me visage <strong data-start=\"1382\" data-end=\"1422\">Purevisage<\/strong> est un antiseptique biologique exceptionnel aux propri\u00e9t\u00e9s anti-inflammatoires qui renforce la barri\u00e8re protectrice de la peau.<br data-start=\"1544\" data-end=\"1547\">C&rsquo;est un extrait standardis\u00e9 qui prot\u00e8ge contre les agressions ext\u00e9rieures telles que les rayons UV, les bact\u00e9ries, les micro-organismes et les agents du stress oxydatif.<\/p>\n<p class=\"\" data-start=\"1691\" data-end=\"2434\">Pour garantir la cr\u00e9dibilit\u00e9 de l&rsquo;\u00e9lixir d\u00e9toxifiant PUREVISAGE, nous avons command\u00e9 des <strong data-start=\"1748\" data-end=\"1800\">tests ind\u00e9pendants dans deux laboratoires europ\u00e9ens<\/strong>.<br data-start=\"1801\" data-end=\"1804\">L&rsquo;<strong data-start=\"1808\" data-end=\"1845\">\u00e9tude sur l&rsquo;activit\u00e9 com\u00e9dog\u00e8ne<\/strong> du produit PUREVISAGE, utilis\u00e9 conjointement avec l&rsquo;eau micellaire \u00e0 l&rsquo;extrait d&rsquo;orange am\u00e8re (en tant que produit nettoyant), a \u00e9t\u00e9 men\u00e9e sur une p\u00e9riode de 4 semaines sur un \u00e9chantillon de volontaires s\u00e9lectionn\u00e9s selon des crit\u00e8res d&rsquo;inclusion et de non-inclusion. Les participants \u00e9taient des femmes et des hommes \u00e2g\u00e9s de 18 \u00e0 40 ans souffrant d&rsquo;acn\u00e9 de grade 2 et 3 et pr\u00e9sentant des types de peau normaux et sensibles.<br data-start=\"2199\" data-end=\"2202\">Les tests ont \u00e9t\u00e9 men\u00e9s conform\u00e9ment aux directives d&rsquo;efficacit\u00e9 de Colipa. Les \u00e9valuations ont \u00e9t\u00e9 effectu\u00e9es par un dermatologue et par auto-\u00e9valuation au moyen d&rsquo;un questionnaire. La gravit\u00e9 de l&rsquo;acn\u00e9 a \u00e9t\u00e9 mesur\u00e9e \u00e0 l&rsquo;aide de l&rsquo;<strong data-start=\"2402\" data-end=\"2415\">\u00e9chelle IGA<\/strong> pour l&rsquo;acn\u00e9 vulgaire.   <\/p>\n<p class=\"\" data-start=\"2436\" data-end=\"2473\">Apr\u00e8s le test, les r\u00e9sultats ont \u00e9t\u00e9 les suivants :<\/p>\n<ul data-start=\"2475\" data-end=\"2909\">\n<li class=\"\" data-start=\"2475\" data-end=\"2547\">\n<p class=\"\" data-start=\"2477\" data-end=\"2547\"><strong data-start=\"2477\" data-end=\"2484\">70%<\/strong> des volontaires ont ressenti une am\u00e9lioration de la texture de la peau pendant l&rsquo;utilisation<\/p>\n<\/li>\n<li class=\"\" data-start=\"2548\" data-end=\"2653\">\n<p class=\"\" data-start=\"2550\" data-end=\"2653\"><strong data-start=\"2550\" data-end=\"2557\">50%<\/strong> ont remarqu\u00e9 que les com\u00e9dons et les boutons ont \u00e9t\u00e9 significativement ou extr\u00eamement r\u00e9duits pendant l&rsquo;application.<\/p>\n<\/li>\n<li class=\"\" data-start=\"2654\" data-end=\"2744\">\n<p class=\"\" data-start=\"2656\" data-end=\"2744\"><strong data-start=\"2656\" data-end=\"2663\">70%<\/strong> ont estim\u00e9 que leur peau \u00e9tait nettement plus calme et plus confortable apr\u00e8s l&rsquo;utilisation de PUREVISAGE.<\/p>\n<\/li>\n<li class=\"\" data-start=\"2745\" data-end=\"2819\">\n<p class=\"\" data-start=\"2747\" data-end=\"2819\"><strong data-start=\"2747\" data-end=\"2754\">90 % des personnes<\/strong> interrog\u00e9es ont estim\u00e9 que leur peau \u00e9tait nettement am\u00e9lior\u00e9e apr\u00e8s l&rsquo;application de PUREVISAGE.<\/p>\n<\/li>\n<li class=\"\" data-start=\"2820\" data-end=\"2871\">\n<p class=\"\" data-start=\"2822\" data-end=\"2871\"><strong data-start=\"2822\" data-end=\"2829\">90%<\/strong> des volontaires ach\u00e8teraient \u00e0 nouveau PUREVISAGE<\/p>\n<\/li>\n<li class=\"\" data-start=\"2872\" data-end=\"2909\">\n<p class=\"\" data-start=\"2874\" data-end=\"2909\"><strong data-start=\"2874\" data-end=\"2881\">90%<\/strong> recommanderait cette cr\u00e8me pour le visage<\/p>\n<\/li>\n<\/ul>\n<p>&nbsp;<\/p>\n<p><strong>Propri\u00e9t\u00e9s<\/strong><\/p>\n<p><strong>Texture :<\/strong> Cr\u00e8me.<\/p>\n<p><strong>Quand le produit peut-il \u00eatre utilis\u00e9 ?<\/strong> Matin et soir.<\/p>\n<p><strong>Propri\u00e9t\u00e9s :<\/strong> Att\u00e9nue les imperfections de l&rsquo;acn\u00e9.<\/p>\n<p><strong>Conseils d&rsquo;utilisation<\/strong><br \/>\nAppliquez l&rsquo;Elixir D\u00e9toxifiant PUREVISAGE quotidiennement, matin et soir, sur les zones \u00e0 imperfections, sur une peau fra\u00eechement nettoy\u00e9e. Massez d\u00e9licatement la cr\u00e8me pour le visage jusqu&rsquo;\u00e0 ce qu&rsquo;elle soit enti\u00e8rement absorb\u00e9e. Avant d&rsquo;utiliser le produit, nous vous recommandons de le tester sur une petite surface. S&rsquo;il n&rsquo;y a pas de signes de sensibilit\u00e9, continuez \u00e0 appliquer le produit quotidiennement. La cr\u00e8me peut \u00e9galement \u00eatre utilis\u00e9e comme base de maquillage. N&rsquo;appliquez pas le produit sur les zones sensibles, autour de la bouche et des yeux ! \u00c9vitez tout contact avec les yeux ! En cas de contact avec les yeux, rincez soigneusement \u00e0 l&rsquo;eau pendant plusieurs minutes.       <\/p>\n<p><strong>Stockage :<\/strong> Conserver \u00e0 une temp\u00e9rature comprise entre 3 et 15\u00b0C.<br \/>\n<strong>Poids :<\/strong> 50 ml<\/p>\n<p>Les images des produits figurant sur le site web sont fournies \u00e0 titre d&rsquo;information. M\u00eame si des diff\u00e9rences d&#8217;emballage peuvent appara\u00eetre, nous vous assurons de la qualit\u00e9 de votre routine. <\/p>\n<p>Pour pr\u00e9server la fra\u00eecheur de nos produits, nous les fabriquons en petits lots, c&rsquo;est pourquoi il peut y avoir des diff\u00e9rences de texture et de couleur selon les lots. Ces diff\u00e9rences sont influenc\u00e9es par les principes actifs utilis\u00e9s, puisqu&rsquo;il s&rsquo;agit d&rsquo;extraits botaniques, et peuvent varier en fonction de la saison et de la r\u00e9gion d&rsquo;o\u00f9 provient la mati\u00e8re premi\u00e8re. Comme nos produits peuvent contenir des allerg\u00e8nes, nous vous recommandons de lire attentivement les ingr\u00e9dients avant de les d\u00e9cacheter et de les utiliser. Si vous \u00eates allergique ou sensible \u00e0 l&rsquo;un des ingr\u00e9dients, n&rsquo;utilisez pas le produit. Si vous constatez une r\u00e9action allergique lors de l&rsquo;utilisation du produit, arr\u00eatez de l&rsquo;utiliser et consultez un m\u00e9decin.    <\/p>\n<p>Pour votre confort et votre confiance, ce produit est test\u00e9 sous contr\u00f4le dermatologique.<\/p>\n<\/div>\n<\/div>\n<\/div>\n","protected":false},"excerpt":{"rendered":"<p><em style=\"font-size: 16px;\">Votre solution contre les imperfections dues \u00e0 l&rsquo;acn\u00e9<\/em><\/p>\n","protected":false},"featured_media":8136,"comment_status":"closed","ping_status":"closed","template":"","meta":{"_uag_custom_page_level_css":"","site-sidebar-layout":"default","site-content-layout":"","ast-site-content-layout":"default","site-content-style":"default","site-sidebar-style":"default","ast-global-header-display":"","ast-banner-title-visibility":"","ast-main-header-display":"","ast-hfb-above-header-display":"","ast-hfb-below-header-display":"","ast-hfb-mobile-header-display":"","site-post-title":"","ast-breadcrumbs-content":"","ast-featured-img":"","footer-sml-layout":"","ast-disable-related-posts":"","theme-transparent-header-meta":"default","adv-header-id-meta":"","stick-header-meta":"","header-above-stick-meta":"","header-main-stick-meta":"","header-below-stick-meta":"","astra-migrate-meta-layouts":"default","ast-page-background-enabled":"default","ast-page-background-meta":{"desktop":{"background-color":"var(--ast-global-color-4)","background-image":"","background-repeat":"repeat","background-position":"center center","background-size":"auto","background-attachment":"scroll","background-type":"","background-media":"","overlay-type":"","overlay-color":"","overlay-opacity":"","overlay-gradient":""},"tablet":{"background-color":"","background-image":"","background-repeat":"repeat","background-position":"center center","background-size":"auto","background-attachment":"scroll","background-type":"","background-media":"","overlay-type":"","overlay-color":"","overlay-opacity":"","overlay-gradient":""},"mobile":{"background-color":"","background-image":"","background-repeat":"repeat","background-position":"center center","background-size":"auto","background-attachment":"scroll","background-type":"","background-media":"","overlay-type":"","overlay-color":"","overlay-opacity":"","overlay-gradient":""}},"ast-content-background-meta":{"desktop":{"background-color":"var(--ast-global-color-5)","background-image":"","background-repeat":"repeat","background-position":"center center","background-size":"auto","background-attachment":"scroll","background-type":"","background-media":"","overlay-type":"","overlay-color":"","overlay-opacity":"","overlay-gradient":""},"tablet":{"background-color":"var(--ast-global-color-5)","background-image":"","background-repeat":"repeat","background-position":"center center","background-size":"auto","background-attachment":"scroll","background-type":"","background-media":"","overlay-type":"","overlay-color":"","overlay-opacity":"","overlay-gradient":""},"mobile":{"background-color":"var(--ast-global-color-5)","background-image":"","background-repeat":"repeat","background-position":"center center","background-size":"auto","background-attachment":"scroll","background-type":"","background-media":"","overlay-type":"","overlay-color":"","overlay-opacity":"","overlay-gradient":""}}},"product_brand":[],"product_cat":[767],"product_tag":[771,800,795,796,775,773,759,789,760,788],"class_list":{"0":"post-8054","1":"product","2":"type-product","3":"status-publish","4":"has-post-thumbnail","6":"product_cat-purificateurs","7":"product_tag-acne-fr","8":"product_tag-creme","9":"product_tag-creme-de-nuit","10":"product_tag-creme-legere","11":"product_tag-eclaircisseur","12":"product_tag-imperfections-fr","13":"product_tag-peau-grasse","14":"product_tag-routine-journaliere","15":"product_tag-sebum-fr","16":"product_tag-unisexe","17":"desktop-align-left","18":"tablet-align-left","19":"mobile-align-left","21":"first","22":"instock","23":"taxable","24":"shipping-taxable","25":"purchasable","26":"product-type-simple"},"uagb_featured_image_src":{"full":["https:\/\/alinavelica.com\/wp-content\/uploads\/2025\/04\/pure.jpeg",1024,1024,false],"thumbnail":["https:\/\/alinavelica.com\/wp-content\/uploads\/2025\/04\/pure-150x150.jpeg",150,150,true],"medium":["https:\/\/alinavelica.com\/wp-content\/uploads\/2025\/04\/pure-300x300.jpeg",300,300,true],"medium_large":["https:\/\/alinavelica.com\/wp-content\/uploads\/2025\/04\/pure-768x768.jpeg",768,768,true],"large":["https:\/\/alinavelica.com\/wp-content\/uploads\/2025\/04\/pure.jpeg",1024,1024,false],"1536x1536":["https:\/\/alinavelica.com\/wp-content\/uploads\/2025\/04\/pure.jpeg",1024,1024,false],"2048x2048":["https:\/\/alinavelica.com\/wp-content\/uploads\/2025\/04\/pure.jpeg",1024,1024,false],"mailpoet_newsletter_max":["https:\/\/alinavelica.com\/wp-content\/uploads\/2025\/04\/pure.jpeg",1024,1024,false],"woocommerce_thumbnail":["https:\/\/alinavelica.com\/wp-content\/uploads\/2025\/04\/pure-300x300.jpeg",300,300,true],"woocommerce_single":["https:\/\/alinavelica.com\/wp-content\/uploads\/2025\/04\/pure-600x600.jpeg",600,600,true],"woocommerce_gallery_thumbnail":["https:\/\/alinavelica.com\/wp-content\/uploads\/2025\/04\/pure-100x100.jpeg",100,100,true]},"uagb_author_info":{"display_name":"Alina Velica","author_link":"https:\/\/alinavelica.com\/fr\/author\/"},"uagb_comment_info":0,"uagb_excerpt":"Votre solution contre les imperfections dues \u00e0 l'acn\u00e9","jetpack_sharing_enabled":true,"_links":{"self":[{"href":"https:\/\/alinavelica.com\/fr\/wp-json\/wp\/v2\/product\/8054","targetHints":{"allow":["GET"]}}],"collection":[{"href":"https:\/\/alinavelica.com\/fr\/wp-json\/wp\/v2\/product"}],"about":[{"href":"https:\/\/alinavelica.com\/fr\/wp-json\/wp\/v2\/types\/product"}],"replies":[{"embeddable":true,"href":"https:\/\/alinavelica.com\/fr\/wp-json\/wp\/v2\/comments?post=8054"}],"wp:featuredmedia":[{"embeddable":true,"href":"https:\/\/alinavelica.com\/fr\/wp-json\/wp\/v2\/media\/8136"}],"wp:attachment":[{"href":"https:\/\/alinavelica.com\/fr\/wp-json\/wp\/v2\/media?parent=8054"}],"wp:term":[{"taxonomy":"product_brand","embeddable":true,"href":"https:\/\/alinavelica.com\/fr\/wp-json\/wp\/v2\/product_brand?post=8054"},{"taxonomy":"product_cat","embeddable":true,"href":"https:\/\/alinavelica.com\/fr\/wp-json\/wp\/v2\/product_cat?post=8054"},{"taxonomy":"product_tag","embeddable":true,"href":"https:\/\/alinavelica.com\/fr\/wp-json\/wp\/v2\/product_tag?post=8054"}],"curies":[{"name":"wp","href":"https:\/\/api.w.org\/{rel}","templated":true}]}}