{"id":8031,"date":"2025-06-20T22:53:36","date_gmt":"2025-06-20T20:53:36","guid":{"rendered":"https:\/\/alinavelica.com\/product\/cool-agen\/"},"modified":"2025-06-23T22:50:20","modified_gmt":"2025-06-23T20:50:20","slug":"cool-agen","status":"publish","type":"product","link":"https:\/\/alinavelica.com\/fr\/product\/cool-agen\/","title":{"rendered":"Cool-Agen !"},"content":{"rendered":"<div class=\"page\" title=\"Page 26\">\n<div class=\"layoutArea\">\n<div class=\"column\">\n<p><em>Votre infusion absolue de collag\u00e8ne !<\/em><\/p>\n<p>&nbsp;<\/p>\n<p><strong>Ingr\u00e9dients cl\u00e9s : Collag\u00e8ne &#8211; Huile de Kukui<\/strong><\/p>\n<p>&nbsp;<\/p>\n<p>Le processus de synth\u00e8se du collag\u00e8ne ralentit \u00e0 partir de 25 ans et, avec l \u00ab \u00e2ge, la carence en collag\u00e8ne intervient avec des effets sur l \u00bb \u00e9lasticit\u00e9 de la peau. En tant que principal composant de l \u00ab \u00e9piderme, le collag\u00e8ne joue un r\u00f4le important dans le maintien de la sant\u00e9 de la peau. Il contribue \u00e0 r\u00e9duire les rides, \u00e0 restaurer la fermet\u00e9 de la peau et \u00e0 la prot\u00e9ger des effets n\u00e9fastes des facteurs externes. Il soutient \u00e9galement le processus de r\u00e9g\u00e9n\u00e9ration en cas de cicatrices et redonne du tonus \u00e0 la peau.<br \/>\nLe c\u0153ur de notre s\u00e9rum <em>COOL-AGEN !<\/em> est un ingr\u00e9dient actif innovant aux propri\u00e9t\u00e9s hygroscopiques. Mais ce qui le rend unique, c&rsquo;est la synergie entre les propri\u00e9t\u00e9s nutritionnelles des huiles de la composition et les propri\u00e9t\u00e9s r\u00e9g\u00e9n\u00e9ratrices du collag\u00e8ne.<br \/>\nLe collag\u00e8ne est une prot\u00e9ine majeure de la matrice extracellulaire de la peau, au m\u00eame titre que l&rsquo;acide hyaluronique et l \u00bb \u00e9lastine. Le collag\u00e8ne est responsable de l&rsquo;int\u00e9grit\u00e9 et de la tonicit\u00e9 de la peau, cr\u00e9ant un r\u00e9seau dense dans le derme. Sa fonction principale est de g\u00e9n\u00e9rer un support structurel complexe pour l \u00ab \u00e9piderme.<br \/>\nA propos de notre s\u00e9rum d&rsquo;infusion COOL-AGEN, nous pouvons dire qu&rsquo;il s&rsquo;agit de l \u00bb \u00e9quivalent d&rsquo;une m\u00e9soth\u00e9rapie virtuelle.      <\/p>\n<p>L&rsquo;huile de Kukui, excellent r\u00e9g\u00e9n\u00e9rateur et r\u00e9parateur de la peau, est rapidement absorb\u00e9e et nourrit l \u00ab \u00e9piderme en lui donnant un aspect velout\u00e9. En outre, les microsph\u00e8res contenant du colag\u00e8ne ont des propri\u00e9t\u00e9s de r\u00e9g\u00e9n\u00e9ration intensive de l \u00bb \u00e9piderme et, associ\u00e9es aux acides gras de l&rsquo;huile de Kukui, elles contribuent \u00e0 estomper les imperfections de la peau. <\/p>\n<p>Ce produit est sans parfum, sans parab\u00e8ne et a \u00e9t\u00e9 test\u00e9 sous contr\u00f4le dermatologique.<\/p>\n<p><strong>INGR\u00c9DIENTS :<\/strong><\/p>\n<\/div>\n<div id=\"description-2\" class=\"accordion-collapse collapse show\" aria-labelledby=\"heading-2\" data-bs-parent=\"#prod-desc-acc\">\n<div class=\"accordion-body\">\n<p>ALEURITES MOLUCCANA, PENTAERYTHRITYL TETRAISOSTEARATE, TOCOPHERYL ACETATE, PELARGONIUM GRAVEOLENS OIL, SILICA DIMETHYL SILYLATE, BUTYLENE GLYCOL, PENTYLENE GLYCOL, SODIUM CHONDROITIN SULFATE, ATELOCOLLAGEN, CITRONELLOL, GERANIOL, LINALOOL, CITRAL, D-LIMONENE.<\/p>\n<p>&nbsp;<\/p>\n<\/div>\n<p class=\"\" data-start=\"0\" data-end=\"36\"><strong data-start=\"0\" data-end=\"14\">PROPRI\u00c9T\u00c9S :<\/strong><\/p>\n<p class=\"\" data-start=\"0\" data-end=\"36\"><br data-start=\"14\" data-end=\"17\"><strong data-start=\"17\" data-end=\"29\">Texture :<\/strong> Huile.<\/p>\n<p class=\"\" data-start=\"0\" data-end=\"36\"><strong data-start=\"38\" data-end=\"71\">Quand le produit peut-il \u00eatre utilis\u00e9 ?<\/strong>  Le soir.<\/p>\n<p class=\"\" data-start=\"91\" data-end=\"388\"><strong data-start=\"91\" data-end=\"106\">Propri\u00e9t\u00e9s :<\/strong> Cet ingr\u00e9dient est une prot\u00e9ine majeure de la matrice extracellulaire de la peau, au m\u00eame titre que l&rsquo;acide hyaluronique et l \u00ab \u00e9lastine. Elle est responsable de l&rsquo;int\u00e9grit\u00e9 et de la tonicit\u00e9 de la peau, en cr\u00e9ant un r\u00e9seau dense dans le derme. Sa fonction principale est de fournir un support structurel complexe \u00e0 l \u00bb \u00e9piderme.  <\/p>\n<p class=\"\" data-start=\"0\" data-end=\"233\"><strong data-start=\"0\" data-end=\"16\">Comment appliquer<\/strong><br data-start=\"16\" data-end=\"19\">Pour un r\u00e9sultat optimal, appliquez l&rsquo;huile sur une peau l\u00e9g\u00e8rement humide. La formule est exclusivement soluble dans l&rsquo;huile, mais elle s&rsquo;active en pr\u00e9sence d&rsquo;eau. Par cons\u00e9quent, pour am\u00e9liorer les r\u00e9sultats d&rsquo;une routine avec les huiles de la gamme ultrafilling, nous recommandons de l&rsquo;utiliser avec un activateur, comme notre SKIN MEETS HEALING &#8211; Vitamine C, avant de dormir.  <\/p>\n<p class=\"\" data-start=\"235\" data-end=\"351\">\u00c9vitez tout contact avec les yeux. Si le produit entre accidentellement en contact avec les yeux, rincez-les abondamment \u00e0 l&rsquo;eau ti\u00e8de. <\/p>\n<p class=\"\" data-start=\"353\" data-end=\"375\">Agitez bien avant de l&rsquo;utiliser.<\/p>\n<\/div>\n<\/div>\n<\/div>\n","protected":false},"excerpt":{"rendered":"<div class=\"page\" title=\"Page 26\">\n<div class=\"layoutArea\">\n<div class=\"column\">\n<p>COOL-AGEN ! Votre infusion absolue de collag\u00e8ne<\/p>\n<\/div>\n<\/div>\n<\/div>\n","protected":false},"featured_media":8100,"comment_status":"open","ping_status":"closed","template":"","meta":{"_uag_custom_page_level_css":"","site-sidebar-layout":"default","site-content-layout":"","ast-site-content-layout":"default","site-content-style":"default","site-sidebar-style":"default","ast-global-header-display":"","ast-banner-title-visibility":"","ast-main-header-display":"","ast-hfb-above-header-display":"","ast-hfb-below-header-display":"","ast-hfb-mobile-header-display":"","site-post-title":"","ast-breadcrumbs-content":"","ast-featured-img":"","footer-sml-layout":"","ast-disable-related-posts":"","theme-transparent-header-meta":"default","adv-header-id-meta":"","stick-header-meta":"","header-above-stick-meta":"","header-main-stick-meta":"","header-below-stick-meta":"","astra-migrate-meta-layouts":"default","ast-page-background-enabled":"default","ast-page-background-meta":{"desktop":{"background-color":"var(--ast-global-color-4)","background-image":"","background-repeat":"repeat","background-position":"center center","background-size":"auto","background-attachment":"scroll","background-type":"","background-media":"","overlay-type":"","overlay-color":"","overlay-opacity":"","overlay-gradient":""},"tablet":{"background-color":"","background-image":"","background-repeat":"repeat","background-position":"center center","background-size":"auto","background-attachment":"scroll","background-type":"","background-media":"","overlay-type":"","overlay-color":"","overlay-opacity":"","overlay-gradient":""},"mobile":{"background-color":"","background-image":"","background-repeat":"repeat","background-position":"center center","background-size":"auto","background-attachment":"scroll","background-type":"","background-media":"","overlay-type":"","overlay-color":"","overlay-opacity":"","overlay-gradient":""}},"ast-content-background-meta":{"desktop":{"background-color":"var(--ast-global-color-5)","background-image":"","background-repeat":"repeat","background-position":"center center","background-size":"auto","background-attachment":"scroll","background-type":"","background-media":"","overlay-type":"","overlay-color":"","overlay-opacity":"","overlay-gradient":""},"tablet":{"background-color":"var(--ast-global-color-5)","background-image":"","background-repeat":"repeat","background-position":"center center","background-size":"auto","background-attachment":"scroll","background-type":"","background-media":"","overlay-type":"","overlay-color":"","overlay-opacity":"","overlay-gradient":""},"mobile":{"background-color":"var(--ast-global-color-5)","background-image":"","background-repeat":"repeat","background-position":"center center","background-size":"auto","background-attachment":"scroll","background-type":"","background-media":"","overlay-type":"","overlay-color":"","overlay-opacity":"","overlay-gradient":""}}},"product_brand":[711],"product_cat":[768,772],"product_tag":[787,756,786,798,788],"class_list":{"0":"post-8031","1":"product","2":"type-product","3":"status-publish","4":"has-post-thumbnail","6":"product_brand-alina-velica-skincare","7":"product_cat-anti-age","8":"product_cat-serums-fr","9":"product_tag-anti-age","10":"product_tag-routine-nocturne","11":"product_tag-serum-fr","12":"product_tag-soins-de-nuit","13":"product_tag-unisexe","14":"desktop-align-left","15":"tablet-align-left","16":"mobile-align-left","18":"first","19":"instock","20":"taxable","21":"shipping-taxable","22":"purchasable","23":"product-type-simple"},"uagb_featured_image_src":{"full":["https:\/\/alinavelica.com\/wp-content\/uploads\/2025\/04\/collagen.jpeg",1024,1024,false],"thumbnail":["https:\/\/alinavelica.com\/wp-content\/uploads\/2025\/04\/collagen-150x150.jpeg",150,150,true],"medium":["https:\/\/alinavelica.com\/wp-content\/uploads\/2025\/04\/collagen-300x300.jpeg",300,300,true],"medium_large":["https:\/\/alinavelica.com\/wp-content\/uploads\/2025\/04\/collagen-768x768.jpeg",768,768,true],"large":["https:\/\/alinavelica.com\/wp-content\/uploads\/2025\/04\/collagen.jpeg",1024,1024,false],"1536x1536":["https:\/\/alinavelica.com\/wp-content\/uploads\/2025\/04\/collagen.jpeg",1024,1024,false],"2048x2048":["https:\/\/alinavelica.com\/wp-content\/uploads\/2025\/04\/collagen.jpeg",1024,1024,false],"mailpoet_newsletter_max":["https:\/\/alinavelica.com\/wp-content\/uploads\/2025\/04\/collagen.jpeg",1024,1024,false],"woocommerce_thumbnail":["https:\/\/alinavelica.com\/wp-content\/uploads\/2025\/04\/collagen-300x300.jpeg",300,300,true],"woocommerce_single":["https:\/\/alinavelica.com\/wp-content\/uploads\/2025\/04\/collagen-600x600.jpeg",600,600,true],"woocommerce_gallery_thumbnail":["https:\/\/alinavelica.com\/wp-content\/uploads\/2025\/04\/collagen-100x100.jpeg",100,100,true]},"uagb_author_info":{"display_name":"Alina Velica","author_link":"https:\/\/alinavelica.com\/fr\/author\/"},"uagb_comment_info":0,"uagb_excerpt":"COOL-AGEN ! Votre infusion absolue de collag\u00e8ne","jetpack_sharing_enabled":true,"_links":{"self":[{"href":"https:\/\/alinavelica.com\/fr\/wp-json\/wp\/v2\/product\/8031","targetHints":{"allow":["GET"]}}],"collection":[{"href":"https:\/\/alinavelica.com\/fr\/wp-json\/wp\/v2\/product"}],"about":[{"href":"https:\/\/alinavelica.com\/fr\/wp-json\/wp\/v2\/types\/product"}],"replies":[{"embeddable":true,"href":"https:\/\/alinavelica.com\/fr\/wp-json\/wp\/v2\/comments?post=8031"}],"wp:featuredmedia":[{"embeddable":true,"href":"https:\/\/alinavelica.com\/fr\/wp-json\/wp\/v2\/media\/8100"}],"wp:attachment":[{"href":"https:\/\/alinavelica.com\/fr\/wp-json\/wp\/v2\/media?parent=8031"}],"wp:term":[{"taxonomy":"product_brand","embeddable":true,"href":"https:\/\/alinavelica.com\/fr\/wp-json\/wp\/v2\/product_brand?post=8031"},{"taxonomy":"product_cat","embeddable":true,"href":"https:\/\/alinavelica.com\/fr\/wp-json\/wp\/v2\/product_cat?post=8031"},{"taxonomy":"product_tag","embeddable":true,"href":"https:\/\/alinavelica.com\/fr\/wp-json\/wp\/v2\/product_tag?post=8031"}],"curies":[{"name":"wp","href":"https:\/\/api.w.org\/{rel}","templated":true}]}}