{"id":8019,"date":"2025-06-20T22:53:29","date_gmt":"2025-06-20T20:53:29","guid":{"rendered":"https:\/\/alinavelica.com\/product\/you-th-sans-fin\/"},"modified":"2025-06-23T22:21:45","modified_gmt":"2025-06-23T20:21:45","slug":"you-th-sans-fin","status":"publish","type":"product","link":"https:\/\/alinavelica.com\/fr\/product\/you-th-sans-fin\/","title":{"rendered":"You-th sans fin !"},"content":{"rendered":"<div class=\"page\" title=\"Page 10\">\n<div class=\"layoutArea\">\n<div class=\"column\">\n<p>Ingr\u00e9dients cl\u00e9s : H\u00c9MISQUALANE &#8211; SQUALANE &#8211; ACIDE HYALURONIQUE<\/p>\n<p>Notre cr\u00e8me de nuit est un fabuleux cocktail d&rsquo;actifs qui nourrit, restaure, hydrate, calme et ennoblit la peau. Nous vous recommandons de l&rsquo;utiliser avec notre COOL-AGEN, pour un plaisir total de votre peau. La texture a une touche tout \u00e0 fait sp\u00e9ciale, extr\u00eamement douce, offerte par le m\u00e9lange entre le Squalane sophistiqu\u00e9 et l&rsquo;Hemisqualane raffin\u00e9 et \u00e9l\u00e9gant. Le Squalane utilis\u00e9 pour la formule de notre cr\u00e8me est le meilleur Squalane cliniquement prouv\u00e9 au monde.   <\/p>\n<p>Obtenu \u00e0 partir de canne \u00e0 sucre certifi\u00e9e Bonsucro, le Squalane contenu dans la formule de ENDLESS YOU-TH ! \u0301s est une forme stable d&rsquo;hydratation, avec des effets anti-\u00e2ge et une augmentation de la fermet\u00e9 de la peau, caract\u00e9ris\u00e9e par une diminution de la surface, du volume et de la profondeur des imperfections cutan\u00e9es, ou des cicatrices d&rsquo;acn\u00e9. L&rsquo;h\u00e9misqualane est un \u00e9mollient au fini sec, dont la source d&rsquo;extraction est la canne \u00e0 sucre issue du d\u00e9veloppement durable.  <\/p>\n<p>L&rsquo;ajout de deux types d&rsquo;acide hyaluronique renforce les performances d&rsquo;hydratation de la formule, son \u00e9lasticit\u00e9 et la tonicit\u00e9 de la peau.<\/p>\n<p>L&rsquo;exp\u00e9rience sensorielle laiss\u00e9e sur l&rsquo;\u00e9piderme est cr\u00e9meuse, poudr\u00e9e, avec un effet soft focus, sa texture cr\u00e9ant une \u00e9lasticit\u00e9 suppl\u00e9mentaire et une uniformit\u00e9 de la peau.<\/p>\n<p>Les Lipopeptides de la formule de notre cr\u00e8me de nuit \u0301s contiennent le premier actif cosm\u00e9tique qui agit comme un messager de confort et de douceur pour l&rsquo;\u00e9piderme.<\/p>\n<p>Les \u00e9tudes men\u00e9es sur les Lipodipeptides de la formule montrent l&rsquo;am\u00e9lioration du confort cutan\u00e9, et son activit\u00e9 neuro-cosm\u00e9tique module la perception de la peau, procurant \u00e0 l&rsquo;\u00e9piderme une sensation de tranquillit\u00e9 accrue.<\/p>\n<p>Cr\u00e9\u00e9 pour les peaux matures.<br \/>\nConvient aux peaux s\u00e8ches, normales et mixtes.<\/p>\n<p>Ce produit est sans parfum, sans parab\u00e8ne et il est test\u00e9 sous contr\u00f4le dermatologique.<\/p>\n<\/div>\n<\/div>\n<\/div>\n","protected":false},"excerpt":{"rendered":"<p>Ingr\u00e9dients cl\u00e9s : H\u00c9MISQUALANE &#8211; SQUALANE &#8211; ACIDE HYALURONIQUE Notre cr\u00e8me de nuit est un fabuleux cocktail d&rsquo;actifs qui nourrit, restaure, hydrate, calme et ennoblit la peau. Nous vous recommandons de l&rsquo;utiliser avec notre COOL-AGEN, pour un plaisir total de votre peau. La texture a une touche tout \u00e0 fait sp\u00e9ciale, extr\u00eamement douce, offerte par [&hellip;]<\/p>\n","protected":false},"featured_media":8152,"comment_status":"closed","ping_status":"closed","template":"","meta":{"_uag_custom_page_level_css":"","site-sidebar-layout":"default","site-content-layout":"","ast-site-content-layout":"default","site-content-style":"default","site-sidebar-style":"default","ast-global-header-display":"","ast-banner-title-visibility":"","ast-main-header-display":"","ast-hfb-above-header-display":"","ast-hfb-below-header-display":"","ast-hfb-mobile-header-display":"","site-post-title":"","ast-breadcrumbs-content":"","ast-featured-img":"","footer-sml-layout":"","ast-disable-related-posts":"","theme-transparent-header-meta":"default","adv-header-id-meta":"","stick-header-meta":"","header-above-stick-meta":"","header-main-stick-meta":"","header-below-stick-meta":"","astra-migrate-meta-layouts":"default","ast-page-background-enabled":"default","ast-page-background-meta":{"desktop":{"background-color":"var(--ast-global-color-4)","background-image":"","background-repeat":"repeat","background-position":"center center","background-size":"auto","background-attachment":"scroll","background-type":"","background-media":"","overlay-type":"","overlay-color":"","overlay-opacity":"","overlay-gradient":""},"tablet":{"background-color":"","background-image":"","background-repeat":"repeat","background-position":"center center","background-size":"auto","background-attachment":"scroll","background-type":"","background-media":"","overlay-type":"","overlay-color":"","overlay-opacity":"","overlay-gradient":""},"mobile":{"background-color":"","background-image":"","background-repeat":"repeat","background-position":"center center","background-size":"auto","background-attachment":"scroll","background-type":"","background-media":"","overlay-type":"","overlay-color":"","overlay-opacity":"","overlay-gradient":""}},"ast-content-background-meta":{"desktop":{"background-color":"var(--ast-global-color-5)","background-image":"","background-repeat":"repeat","background-position":"center center","background-size":"auto","background-attachment":"scroll","background-type":"","background-media":"","overlay-type":"","overlay-color":"","overlay-opacity":"","overlay-gradient":""},"tablet":{"background-color":"var(--ast-global-color-5)","background-image":"","background-repeat":"repeat","background-position":"center center","background-size":"auto","background-attachment":"scroll","background-type":"","background-media":"","overlay-type":"","overlay-color":"","overlay-opacity":"","overlay-gradient":""},"mobile":{"background-color":"var(--ast-global-color-5)","background-image":"","background-repeat":"repeat","background-position":"center center","background-size":"auto","background-attachment":"scroll","background-type":"","background-media":"","overlay-type":"","overlay-color":"","overlay-opacity":"","overlay-gradient":""}}},"product_brand":[711],"product_cat":[768],"product_tag":[787,795,796,790,788],"class_list":{"0":"post-8019","1":"product","2":"type-product","3":"status-publish","4":"has-post-thumbnail","6":"product_brand-alina-velica-skincare","7":"product_cat-anti-age","8":"product_tag-anti-age","9":"product_tag-creme-de-nuit","10":"product_tag-creme-legere","11":"product_tag-hydratation","12":"product_tag-unisexe","13":"desktop-align-left","14":"tablet-align-left","15":"mobile-align-left","17":"first","18":"instock","19":"taxable","20":"shipping-taxable","21":"purchasable","22":"product-type-simple"},"uagb_featured_image_src":{"full":["https:\/\/alinavelica.com\/wp-content\/uploads\/2025\/04\/Mokker1.jpeg",1024,1024,false],"thumbnail":["https:\/\/alinavelica.com\/wp-content\/uploads\/2025\/04\/Mokker1-150x150.jpeg",150,150,true],"medium":["https:\/\/alinavelica.com\/wp-content\/uploads\/2025\/04\/Mokker1-300x300.jpeg",300,300,true],"medium_large":["https:\/\/alinavelica.com\/wp-content\/uploads\/2025\/04\/Mokker1-768x768.jpeg",768,768,true],"large":["https:\/\/alinavelica.com\/wp-content\/uploads\/2025\/04\/Mokker1.jpeg",1024,1024,false],"1536x1536":["https:\/\/alinavelica.com\/wp-content\/uploads\/2025\/04\/Mokker1.jpeg",1024,1024,false],"2048x2048":["https:\/\/alinavelica.com\/wp-content\/uploads\/2025\/04\/Mokker1.jpeg",1024,1024,false],"mailpoet_newsletter_max":["https:\/\/alinavelica.com\/wp-content\/uploads\/2025\/04\/Mokker1.jpeg",1024,1024,false],"woocommerce_thumbnail":["https:\/\/alinavelica.com\/wp-content\/uploads\/2025\/04\/Mokker1-300x300.jpeg",300,300,true],"woocommerce_single":["https:\/\/alinavelica.com\/wp-content\/uploads\/2025\/04\/Mokker1-600x600.jpeg",600,600,true],"woocommerce_gallery_thumbnail":["https:\/\/alinavelica.com\/wp-content\/uploads\/2025\/04\/Mokker1-100x100.jpeg",100,100,true]},"uagb_author_info":{"display_name":"Alina Velica","author_link":"https:\/\/alinavelica.com\/fr\/author\/"},"uagb_comment_info":0,"uagb_excerpt":"Ingr\u00e9dients cl\u00e9s : H\u00c9MISQUALANE &#8211; SQUALANE &#8211; ACIDE HYALURONIQUE Notre cr\u00e8me de nuit est un fabuleux cocktail d&rsquo;actifs qui nourrit, restaure, hydrate, calme et ennoblit la peau. Nous vous recommandons de l&rsquo;utiliser avec notre COOL-AGEN, pour un plaisir total de votre peau. La texture a une touche tout \u00e0 fait sp\u00e9ciale, extr\u00eamement douce, offerte par\u2026","jetpack_sharing_enabled":true,"_links":{"self":[{"href":"https:\/\/alinavelica.com\/fr\/wp-json\/wp\/v2\/product\/8019","targetHints":{"allow":["GET"]}}],"collection":[{"href":"https:\/\/alinavelica.com\/fr\/wp-json\/wp\/v2\/product"}],"about":[{"href":"https:\/\/alinavelica.com\/fr\/wp-json\/wp\/v2\/types\/product"}],"replies":[{"embeddable":true,"href":"https:\/\/alinavelica.com\/fr\/wp-json\/wp\/v2\/comments?post=8019"}],"wp:featuredmedia":[{"embeddable":true,"href":"https:\/\/alinavelica.com\/fr\/wp-json\/wp\/v2\/media\/8152"}],"wp:attachment":[{"href":"https:\/\/alinavelica.com\/fr\/wp-json\/wp\/v2\/media?parent=8019"}],"wp:term":[{"taxonomy":"product_brand","embeddable":true,"href":"https:\/\/alinavelica.com\/fr\/wp-json\/wp\/v2\/product_brand?post=8019"},{"taxonomy":"product_cat","embeddable":true,"href":"https:\/\/alinavelica.com\/fr\/wp-json\/wp\/v2\/product_cat?post=8019"},{"taxonomy":"product_tag","embeddable":true,"href":"https:\/\/alinavelica.com\/fr\/wp-json\/wp\/v2\/product_tag?post=8019"}],"curies":[{"name":"wp","href":"https:\/\/api.w.org\/{rel}","templated":true}]}}