{"id":8007,"date":"2025-06-20T22:53:27","date_gmt":"2025-06-20T20:53:27","guid":{"rendered":"https:\/\/alinavelica.com\/product\/la-peau-rencontre-la-guerison\/"},"modified":"2025-06-23T21:52:54","modified_gmt":"2025-06-23T19:52:54","slug":"la-peau-rencontre-la-guerison","status":"publish","type":"product","link":"https:\/\/alinavelica.com\/fr\/product\/la-peau-rencontre-la-guerison\/","title":{"rendered":"LA PEAU RENCONTRE LA GU\u00c9RISON"},"content":{"rendered":"<p><em>Vitamine C 15% Activateur Vectorial<\/em><\/p>\n<p><strong>Exposition au soleil et vieillissement de la peau : Pourquoi la protection ne suffit pas toujours<\/strong><\/p>\n<p>L&rsquo;exposition au soleil est la premi\u00e8re cause de vieillissement pr\u00e9matur\u00e9 de la peau. Si nous pensons souvent que l&rsquo;utilisation d&rsquo;un \u00e9cran solaire suffit \u00e0 prot\u00e9ger notre peau des rayons UV nocifs, la r\u00e9alit\u00e9 est plus complexe. Pour un rituel de soins anti-\u00e2ge efficace, m\u00eame avec des cr\u00e8mes \u00e0 fort indice de protection, il est essentiel d&rsquo;inclure des produits qui aident \u00e0 neutraliser les effets des radicaux libres, en particulier pour nous, les femmes.  <\/p>\n<p>L&rsquo;exposition prolong\u00e9e au soleil et aux facteurs environnementaux (pollution, froid, radiations, etc.) entra\u00eene la d\u00e9gradation des fibres de collag\u00e8ne et d&rsquo;\u00e9lastine, deux prot\u00e9ines cl\u00e9s du tissu conjonctif qui, ensemble, conf\u00e8rent \u00e0 la peau sa beaut\u00e9, sa fermet\u00e9, son \u00e9lasticit\u00e9 et sa r\u00e9silience.<\/p>\n<p>L&rsquo;<strong> activateur SKIN MEETS HEALING<\/strong> contient un puissant m\u00e9lange de vitamines C et E micro-encapsul\u00e9es dans du collag\u00e8ne marin. Le r\u00e9sultat ? Un s\u00e9rum \u00e0 double action : <strong>protection et r\u00e9g\u00e9n\u00e9ration<\/strong> contre les effets n\u00e9fastes des rayons UV.  <\/p>\n<p>La <strong>vitamine C<\/strong> est l&rsquo;\u00e9talon-or des antioxydants topiques, offrant une protection contre les agressions quotidiennes telles que les rayons UV et la pollution. La <strong>vitamine E<\/strong>, quant \u00e0 elle, prot\u00e8ge les lipides cellulaires et aide \u00e0 pr\u00e9venir les taches pigmentaires et les rides. <\/p>\n<p>Pour un r\u00e9sultat optimal, nous vous recommandons de combiner notre s\u00e9rum activateur vectoriel avec notre \u00e9lixir de nuit<strong>\u00ab\u00a0Endless YOU-th<\/strong>\u00ab\u00a0. L&rsquo;eau contenue dans notre s\u00e9rum active l&rsquo;huile ultra gonflante et, avec les actifs sp\u00e9cifiques au type de peau, ils d\u00e9clenchent une action synergique qui am\u00e9liore visiblement l&rsquo;apparence de l&rsquo;\u00e9piderme. <\/p>\n<p>Pour garantir une exp\u00e9rience de soin confortable et fiable, ce produit a \u00e9t\u00e9 <strong>test\u00e9 sous contr\u00f4le dermatologique<\/strong>.<\/p>\n<p>&nbsp;<\/p>\n<p><strong>Propri\u00e9t\u00e9s<\/strong><\/p>\n<p><strong>Texture :<\/strong> S\u00e9rum<br \/>\n<strong>Quand l&rsquo;utiliser :<\/strong> Le soir<\/p>\n<p><strong>Avantages :<\/strong><br \/>\nLa vitamine C est l&rsquo;\u00e9talon-or des antioxydants topiques, offrant \u00e0 la peau une protection puissante contre les agressions quotidiennes telles que les rayons UV et la pollution. La vitamine E compl\u00e8te cette protection en prot\u00e9geant les lipides cellulaires, ce qui aide \u00e0 pr\u00e9venir l&rsquo;apparition de taches brunes et de rides. <\/p>\n<p><strong>Comment postuler<\/strong><\/p>\n<p><strong>Mode d&#8217;emploi :<\/strong><br \/>\nAppliquez une petite quantit\u00e9 de produit en massant doucement la peau fra\u00eechement nettoy\u00e9e et tonifi\u00e9e. R\u00e9p\u00e9tez l&rsquo;application sur les zones pr\u00e9sentant des rides profondes et des lignes d&rsquo;expression. <\/p>\n<p>Nous vous recommandons de l&rsquo;associer \u00e0 un ou plusieurs s\u00e9rums de la gamme Activator, en fonction des besoins sp\u00e9cifiques de votre type de peau. Poursuivez ensuite votre routine de soins habituelle. <\/p>\n<p>Avant toute utilisation, testez le produit sur une petite partie de la peau. Si aucun signe d&rsquo;irritation n&rsquo;appara\u00eet, suivez les instructions. <\/p>\n<p>\u00c9vitez le contact avec les yeux ! En cas de contact avec les yeux, rincez abondamment \u00e0 l&rsquo;eau pendant plusieurs minutes. <\/p>\n<p><strong>Instructions de stockage :<\/strong><br \/>\nConserver \u00e0 une temp\u00e9rature comprise entre 3 et 15\u00b0C.<\/p>\n<p><strong>Volume :<\/strong> 30 ml<\/p>\n<p><strong>Remarque :<\/strong> les images des produits figurant sur le site web sont fournies \u00e0 titre d&rsquo;illustration uniquement. Bien que l&#8217;emballage puisse varier, nous vous assurons de la qualit\u00e9 constante de votre routine de soins de la peau. <\/p>\n<p>&nbsp;<\/p>\n<p><strong>Parce que les personnes souffrant d&rsquo;insuffisance cardiaque s&rsquo;efforcent de vivre une exp\u00e9rience confortable et agr\u00e9able, ce produit a \u00e9t\u00e9 test\u00e9 dans le domaine dermatologique.<\/strong><\/p>\n","protected":false},"excerpt":{"rendered":"<p>Vitamine C 15% Activateur Vectorial<\/p>\n","protected":false},"featured_media":8096,"comment_status":"closed","ping_status":"closed","template":"","meta":{"_uag_custom_page_level_css":"","site-sidebar-layout":"default","site-content-layout":"","ast-site-content-layout":"default","site-content-style":"default","site-sidebar-style":"default","ast-global-header-display":"","ast-banner-title-visibility":"","ast-main-header-display":"","ast-hfb-above-header-display":"","ast-hfb-below-header-display":"","ast-hfb-mobile-header-display":"","site-post-title":"","ast-breadcrumbs-content":"","ast-featured-img":"","footer-sml-layout":"","ast-disable-related-posts":"","theme-transparent-header-meta":"default","adv-header-id-meta":"","stick-header-meta":"","header-above-stick-meta":"","header-main-stick-meta":"","header-below-stick-meta":"","astra-migrate-meta-layouts":"default","ast-page-background-enabled":"default","ast-page-background-meta":{"desktop":{"background-color":"var(--ast-global-color-4)","background-image":"","background-repeat":"repeat","background-position":"center center","background-size":"auto","background-attachment":"scroll","background-type":"","background-media":"","overlay-type":"","overlay-color":"","overlay-opacity":"","overlay-gradient":""},"tablet":{"background-color":"","background-image":"","background-repeat":"repeat","background-position":"center center","background-size":"auto","background-attachment":"scroll","background-type":"","background-media":"","overlay-type":"","overlay-color":"","overlay-opacity":"","overlay-gradient":""},"mobile":{"background-color":"","background-image":"","background-repeat":"repeat","background-position":"center center","background-size":"auto","background-attachment":"scroll","background-type":"","background-media":"","overlay-type":"","overlay-color":"","overlay-opacity":"","overlay-gradient":""}},"ast-content-background-meta":{"desktop":{"background-color":"var(--ast-global-color-5)","background-image":"","background-repeat":"repeat","background-position":"center center","background-size":"auto","background-attachment":"scroll","background-type":"","background-media":"","overlay-type":"","overlay-color":"","overlay-opacity":"","overlay-gradient":""},"tablet":{"background-color":"var(--ast-global-color-5)","background-image":"","background-repeat":"repeat","background-position":"center center","background-size":"auto","background-attachment":"scroll","background-type":"","background-media":"","overlay-type":"","overlay-color":"","overlay-opacity":"","overlay-gradient":""},"mobile":{"background-color":"var(--ast-global-color-5)","background-image":"","background-repeat":"repeat","background-position":"center center","background-size":"auto","background-attachment":"scroll","background-type":"","background-media":"","overlay-type":"","overlay-color":"","overlay-opacity":"","overlay-gradient":""}}},"product_brand":[711],"product_cat":[768,772],"product_tag":[769,775,773,774,756],"class_list":{"0":"post-8007","1":"product","2":"type-product","3":"status-publish","4":"has-post-thumbnail","6":"product_brand-alina-velica-skincare","7":"product_cat-anti-age","8":"product_cat-serums-fr","9":"product_tag-anti-vieillissement","10":"product_tag-eclaircisseur","11":"product_tag-imperfections-fr","12":"product_tag-pigmentation-fr","13":"product_tag-routine-nocturne","14":"desktop-align-left","15":"tablet-align-left","16":"mobile-align-left","18":"first","19":"instock","20":"taxable","21":"shipping-taxable","22":"purchasable","23":"product-type-simple"},"uagb_featured_image_src":{"full":["https:\/\/alinavelica.com\/wp-content\/uploads\/2025\/04\/akjd.jpeg",1024,1024,false],"thumbnail":["https:\/\/alinavelica.com\/wp-content\/uploads\/2025\/04\/akjd-150x150.jpeg",150,150,true],"medium":["https:\/\/alinavelica.com\/wp-content\/uploads\/2025\/04\/akjd-300x300.jpeg",300,300,true],"medium_large":["https:\/\/alinavelica.com\/wp-content\/uploads\/2025\/04\/akjd-768x768.jpeg",768,768,true],"large":["https:\/\/alinavelica.com\/wp-content\/uploads\/2025\/04\/akjd.jpeg",1024,1024,false],"1536x1536":["https:\/\/alinavelica.com\/wp-content\/uploads\/2025\/04\/akjd.jpeg",1024,1024,false],"2048x2048":["https:\/\/alinavelica.com\/wp-content\/uploads\/2025\/04\/akjd.jpeg",1024,1024,false],"mailpoet_newsletter_max":["https:\/\/alinavelica.com\/wp-content\/uploads\/2025\/04\/akjd.jpeg",1024,1024,false],"woocommerce_thumbnail":["https:\/\/alinavelica.com\/wp-content\/uploads\/2025\/04\/akjd-300x300.jpeg",300,300,true],"woocommerce_single":["https:\/\/alinavelica.com\/wp-content\/uploads\/2025\/04\/akjd-600x600.jpeg",600,600,true],"woocommerce_gallery_thumbnail":["https:\/\/alinavelica.com\/wp-content\/uploads\/2025\/04\/akjd-100x100.jpeg",100,100,true]},"uagb_author_info":{"display_name":"Alina Velica","author_link":"https:\/\/alinavelica.com\/fr\/author\/"},"uagb_comment_info":0,"uagb_excerpt":"Vitamine C 15% Activateur Vectorial","jetpack_sharing_enabled":true,"_links":{"self":[{"href":"https:\/\/alinavelica.com\/fr\/wp-json\/wp\/v2\/product\/8007","targetHints":{"allow":["GET"]}}],"collection":[{"href":"https:\/\/alinavelica.com\/fr\/wp-json\/wp\/v2\/product"}],"about":[{"href":"https:\/\/alinavelica.com\/fr\/wp-json\/wp\/v2\/types\/product"}],"replies":[{"embeddable":true,"href":"https:\/\/alinavelica.com\/fr\/wp-json\/wp\/v2\/comments?post=8007"}],"wp:featuredmedia":[{"embeddable":true,"href":"https:\/\/alinavelica.com\/fr\/wp-json\/wp\/v2\/media\/8096"}],"wp:attachment":[{"href":"https:\/\/alinavelica.com\/fr\/wp-json\/wp\/v2\/media?parent=8007"}],"wp:term":[{"taxonomy":"product_brand","embeddable":true,"href":"https:\/\/alinavelica.com\/fr\/wp-json\/wp\/v2\/product_brand?post=8007"},{"taxonomy":"product_cat","embeddable":true,"href":"https:\/\/alinavelica.com\/fr\/wp-json\/wp\/v2\/product_cat?post=8007"},{"taxonomy":"product_tag","embeddable":true,"href":"https:\/\/alinavelica.com\/fr\/wp-json\/wp\/v2\/product_tag?post=8007"}],"curies":[{"name":"wp","href":"https:\/\/api.w.org\/{rel}","templated":true}]}}