{"id":8005,"date":"2025-06-20T22:53:26","date_gmt":"2025-06-20T20:53:26","guid":{"rendered":"https:\/\/alinavelica.com\/product\/renew-retinol-revitalisant\/"},"modified":"2025-06-23T21:47:45","modified_gmt":"2025-06-23T19:47:45","slug":"renew-retinol-revitalisant","status":"publish","type":"product","link":"https:\/\/alinavelica.com\/fr\/product\/renew-retinol-revitalisant\/","title":{"rendered":"RENEW RETINOL Revitalisant"},"content":{"rendered":"<div class=\"page\" title=\"Page 14\">\n<div class=\"layoutArea\">\n<div class=\"column\">\n<p><em>Votre solution pour les imperfections<\/em><\/p>\n<div class=\"page\" title=\"Page 14\">\n<div class=\"layoutArea\">\n<div class=\"column\">\n<p>Ingr\u00e9dient cl\u00e9 : RETINOL 0.3<\/p>\n<\/div>\n<\/div>\n<\/div>\n<\/div>\n<div class=\"page\" title=\"Page 14\">\n<div class=\"layoutArea\">\n<div class=\"column\">\n<p>Le rituel de beaut\u00e9 doit contenir quelques ingr\u00e9dients actifs essentiels. L&rsquo;un d&rsquo;entre eux est le r\u00e9tinol. Les r\u00e9tino\u00efdes constituent une cat\u00e9gorie d&rsquo;actifs totalement \u00e0 part, au sujet de laquelle des dizaines de milliers de pages, d&rsquo;\u00e9tudes et d&rsquo;\u00e9valuations ont \u00e9t\u00e9 \u00e9crites dans la litt\u00e9rature sp\u00e9cialis\u00e9e. Le r\u00e9tinol joue un r\u00f4le remarquable dans la croissance des cellules \u00e9pith\u00e9liales, en maintenant la forme et la fonction normales des tissus \u00e9pith\u00e9liaux. Les r\u00e9tino\u00efdes sont l&rsquo;\u00e9talon-or de la prophylaxie anti-\u00e2ge et donnent certains des meilleurs r\u00e9sultats pour les peaux sujettes \u00e0 l&rsquo;acn\u00e9.<br \/>\nComme certains d&rsquo;entre eux peuvent irriter et exfolier la peau, nous avons choisi d&rsquo;utiliser un syst\u00e8me liposomal de r\u00e9tino\u00efdes dans le RENEW RETINOL REVITALIZER 03, un syst\u00e8me qui prot\u00e8ge l&rsquo;\u00e9piderme des r\u00e9actions d\u00e9sagr\u00e9ables, assure la stabilit\u00e9 des r\u00e9tino\u00efdes conjugu\u00e9s et d\u00e9livre l&rsquo;ingr\u00e9dient actif directement sur la zone cibl\u00e9e.<br \/>\nNous avons consid\u00e9r\u00e9 notre formulation de r\u00e9tinol \u0301s comme un produit intense pour la r\u00e9g\u00e9n\u00e9ration de la peau avec des probl\u00e8mes, des imperfections, un micro-relief endommag\u00e9.<br \/>\nNous vous recommandons d&rsquo;utiliser cette formule UNIQUEMENT le soir, deux fois par semaine, en \u00e9vitant le contour des yeux et de la bouche. La m\u00e9thode id\u00e9ale consiste \u00e0 appliquer notre \u00e9lixir de nuit <strong>ENDLESS YOU-TH <\/strong>, puis une quantit\u00e9 de RENEW RETINOL REVITALIZER de la taille d&rsquo;un petit pois, puis une autre couche de s\u00e9rum COOL-AGEN ! ou votre cr\u00e8me hydratante. <\/p>\n<p><strong>Notes<\/strong><\/p>\n<p>L&rsquo;utilisation de ce produit est d\u00e9conseill\u00e9e en cas d&rsquo;hypersensibilit\u00e9 \u00e0 l&rsquo;un de ses composants, pendant la grossesse ou l&rsquo;allaitement.<\/p>\n<p>L&rsquo;utilisation de la vitamine C n&rsquo;est pas recommand\u00e9e en m\u00eame temps (le m\u00eame jour) que le <strong>Renew Retinol Revitalizer<\/strong>.<\/p>\n<p>Voici la <strong>traduction anglaise<\/strong> du texte que vous avez fourni : <\/p>\n<h5>Exposition au soleil \/ bronzage :<\/h5>\n<p>L&rsquo;exposition au soleil ou aux lits de bronzage n&rsquo;est pas recommand\u00e9e pendant une cure de r\u00e9tino\u00efdes.<br \/>\nLors d&rsquo;une routine r\u00e9tino\u00efde, nous vous recommandons d&rsquo;appliquer un \u00e9cran solaire.<br \/>\nNe commencez pas une routine r\u00e9tino\u00efde en combinaison avec d&rsquo;autres traitements externes ou internes contenant du r\u00e9tinol, de l&rsquo;acide r\u00e9tino\u00efque ou des r\u00e9tino\u00efdes.<\/p>\n<p>Si vous utilisez des produits contenant des acides alpha-hydroxyl\u00e9s (AHA), \u00e9vitez de les appliquer le m\u00eame soir que les r\u00e9tino\u00efdes.<\/p>\n<p>Ne commencez pas ou ne continuez pas la routine si la peau est irrit\u00e9e (par exemple, rougeur, desquamation, d\u00e9mangeaisons, coup de soleil) jusqu&rsquo;\u00e0 ce que ces sympt\u00f4mes disparaissent.<br \/>\nChez les personnes \u00e0 la peau sensible, les r\u00e9tino\u00efdes peuvent provoquer des r\u00e9actions locales graves telles que rougeur, gonflement, d\u00e9mangeaisons, chaleur, sensations de br\u00fblure ou de piq\u00fbre, pustules, cro\u00fbtes et\/ou desquamation sur la zone d&rsquo;application.<br \/>\nSi l&rsquo;irritation persiste, l&rsquo;utilisateur doit \u00eatre invit\u00e9 \u00e0 appliquer le produit moins fr\u00e9quemment ou \u00e0 cesser temporairement de l&rsquo;utiliser.<br \/>\nSi un utilisateur d\u00e9veloppe une irritation s\u00e9v\u00e8re ou persistante, il doit \u00eatre conseill\u00e9 d&rsquo;arr\u00eater compl\u00e8tement la routine.<br \/>\nDes conditions m\u00e9t\u00e9orologiques extr\u00eames telles que le vent, le froid et une faible humidit\u00e9 peuvent irriter la peau sur laquelle les r\u00e9tino\u00efdes sont appliqu\u00e9s et provoquer un dess\u00e8chement.<br \/>\nL&rsquo;exposition au soleil, y compris aux lampes UV, peut provoquer une irritation suppl\u00e9mentaire.<br \/>\nLes personnes expos\u00e9es fr\u00e9quemment \u00e0 la lumi\u00e8re du soleil en raison d&rsquo;obligations professionnelles et\/ou intrins\u00e8quement sensibles \u00e0 la lumi\u00e8re du soleil doivent prendre des pr\u00e9cautions particuli\u00e8res.<br \/>\nLorsque l&rsquo;exposition au soleil ne peut \u00eatre \u00e9vit\u00e9e, il est recommand\u00e9 d&rsquo;utiliser des produits de protection solaire et des v\u00eatements de protection sur les zones o\u00f9 le produit est appliqu\u00e9.<\/p>\n<h5>Les enfants :<\/h5>\n<p>La s\u00e9curit\u00e9 et l&rsquo;efficacit\u00e9 chez les enfants n&rsquo;ont pas \u00e9t\u00e9 \u00e9tablies.<\/p>\n<h5>Surutilisation :<\/h5>\n<p>Une application excessive peut provoquer une desquamation ou une irritation de l&rsquo;\u00e9piderme.<br \/>\nEn cas de contact avec les yeux, rincez abondamment \u00e0 l&rsquo;eau !<\/p>\n<p>Nous vous recommandons d&rsquo;utiliser le produit avec une cr\u00e8me ou une huile r\u00e9g\u00e9n\u00e9ratrice.<\/p>\n<p>Appliquez une petite quantit\u00e9 de produit suffisante pour couvrir la zone indiqu\u00e9e \u00e0 l&rsquo;aide d&rsquo;un disque de coton, d&rsquo;un coton hydrophile ou du bout des doigts propres.<br \/>\n\u00c9vitez la sursaturation, car l&rsquo;exc\u00e8s de cr\u00e8me pourrait p\u00e9n\u00e9trer dans les yeux, les sillons nasog\u00e9niens ou d&rsquo;autres zones non pr\u00e9vues pour l&rsquo;application.<br \/>\nL&rsquo;application peut provoquer une sensation d&rsquo;\u00e9chauffement temporaire ou une l\u00e9g\u00e8re piq\u00fbre.<br \/>\nLorsqu&rsquo;il est utilis\u00e9 conform\u00e9ment au mode d&#8217;emploi, le produit peut provoquer de l\u00e9g\u00e8res rougeurs, semblables \u00e0 celles d&rsquo;un l\u00e9ger coup de soleil.<br \/>\nSi une interruption temporaire ou une r\u00e9duction de la fr\u00e9quence est n\u00e9cessaire, le produit ne doit \u00eatre repris ou la fr\u00e9quence augment\u00e9e que lorsque l&rsquo;utilisateur peut le tol\u00e9rer.<br \/>\nUne application excessive ne permet pas d&rsquo;obtenir des r\u00e9sultats plus rapides ou meilleurs.<br \/>\nEn fait, il peut provoquer des rougeurs importantes, une desquamation ou une g\u00eane.<br \/>\nEn cas d&rsquo;application accidentelle ou trop enthousiaste, arr\u00eatez les r\u00e9tino\u00efdes pendant quelques jours avant de reprendre la routine.<\/p>\n<p>Au cours des premi\u00e8res semaines d&rsquo;utilisation du produit, une aggravation temporaire des l\u00e9sions inflammatoires peut se produire.<br \/>\nCeci est d\u00fb \u00e0 l&rsquo;action profonde du produit sur des l\u00e9sions auparavant imperceptibles et ne constitue pas une raison d&rsquo;interrompre l&rsquo;utilisation.<br \/>\nUne fois qu&rsquo;une r\u00e9ponse satisfaisante est obtenue, les am\u00e9liorations peuvent \u00eatre maintenues avec une application moins fr\u00e9quente.<\/p>\n<p>Avant de commencer la routine, nettoyez soigneusement les zones \u00e0 traiter avec une eau micellaire adapt\u00e9e \u00e0 votre type de peau.<br \/>\nLaissez la peau s\u00e9cher pendant au moins 20 \u00e0 30 minutes avant d&rsquo;appliquer les r\u00e9tino\u00efdes.<br \/>\nPendant la routine, des cosm\u00e9tiques et des cr\u00e8mes hydratantes peuvent \u00eatre utilis\u00e9s, mais la peau doit \u00eatre soigneusement nettoy\u00e9e avant chaque application.<br \/>\n\u00c9vitez les produits de toilette astringents.<\/p>\n<p>Pour minimiser le risque d&rsquo;irritation suppl\u00e9mentaire, \u00e9vitez tout contact avec les yeux, les paupi\u00e8res, les sillons nasog\u00e9niens, la bouche, les muqueuses ou toute autre zone non pr\u00e9vue pour l&rsquo;application.<br \/>\nLes utilisateurs doivent se d\u00e9barrasser de l&rsquo;exc\u00e8s de poils du visage par les moyens habituels (par exemple, \u00e9pilation, \u00e9lectrolyse, \u00e9pilation). \u00e9pilation, \u00e9lectrolyse), mais \u00e9vitez ces m\u00e9thodes la veille de l&rsquo;application du produit, car elles peuvent provoquer une irritation de la peau.<br \/>\nLes solutions de Perm, les produits de fixation des cheveux, les savons m\u00e9dicamenteux et les shampooings peuvent irriter m\u00eame la peau normale.<br \/>\nUtilisez le produit avec pr\u00e9caution pour \u00e9viter tout contact avec les zones de la peau o\u00f9 il est appliqu\u00e9.<\/p>\n<h5>R\u00e9actions possibles :<\/h5>\n<p>Un certain degr\u00e9 d&rsquo;irritation locale est \u00e0 pr\u00e9voir.<br \/>\nLes effets secondaires les plus fr\u00e9quemment rapport\u00e9s sont : s\u00e9cheresse de la peau, br\u00fblure, picotement, chaleur, rougeur, d\u00e9mangeaison, bouff\u00e9e de chaleur, desquamation et hypo- ou hyperpigmentation temporaire.<\/p>\n<p><strong>ATTENTION !<\/strong>  En cas de sensibilisation de la peau, il est recommand\u00e9 d&rsquo;arr\u00eater l&rsquo;utilisation du produit comme indiqu\u00e9 dans la notice jointe au produit.<\/p>\n<p>Il s&rsquo;agit d&rsquo;un produit cosm\u00e9tique. Les r\u00e9sultats peuvent varier en fonction de la personne, de ses ant\u00e9c\u00e9dents m\u00e9dicaux et des causes de l&rsquo;affection.<br \/>\nBien que nous utilisions des ingr\u00e9dients de la plus haute qualit\u00e9 dans nos produits, nous ne pouvons pas garantir les r\u00e9sultats souhait\u00e9s dans tous les cas.<br \/>\nLes r\u00e9sultats peuvent varier, car chaque corps est diff\u00e9rent et r\u00e9agit diff\u00e9remment.<br \/>\nDans certains cas, les sympt\u00f4mes peuvent s&rsquo;aggraver. <\/p>\n<p>&nbsp;<\/p>\n<p>Pour une exp\u00e9rience confortable et fiable, ce produit est test\u00e9 sous contr\u00f4le dermatologique.<\/p>\n<p>&nbsp;<\/p>\n<\/div>\n<\/div>\n<\/div>\n<\/div>\n<\/div>\n","protected":false},"excerpt":{"rendered":"<div class=\"page\" title=\"Page 14\">\n<div class=\"layoutArea\">\n<div class=\"column\">\n<p>Votre solution pour les imperfections<\/p>\n<\/div>\n<\/div>\n<\/div>\n","protected":false},"featured_media":8140,"comment_status":"open","ping_status":"closed","template":"","meta":{"_uag_custom_page_level_css":"","site-sidebar-layout":"default","site-content-layout":"","ast-site-content-layout":"default","site-content-style":"default","site-sidebar-style":"default","ast-global-header-display":"","ast-banner-title-visibility":"","ast-main-header-display":"","ast-hfb-above-header-display":"","ast-hfb-below-header-display":"","ast-hfb-mobile-header-display":"","site-post-title":"","ast-breadcrumbs-content":"","ast-featured-img":"","footer-sml-layout":"","ast-disable-related-posts":"","theme-transparent-header-meta":"default","adv-header-id-meta":"","stick-header-meta":"","header-above-stick-meta":"","header-main-stick-meta":"","header-below-stick-meta":"","astra-migrate-meta-layouts":"default","ast-page-background-enabled":"default","ast-page-background-meta":{"desktop":{"background-color":"var(--ast-global-color-4)","background-image":"","background-repeat":"repeat","background-position":"center center","background-size":"auto","background-attachment":"scroll","background-type":"","background-media":"","overlay-type":"","overlay-color":"","overlay-opacity":"","overlay-gradient":""},"tablet":{"background-color":"","background-image":"","background-repeat":"repeat","background-position":"center center","background-size":"auto","background-attachment":"scroll","background-type":"","background-media":"","overlay-type":"","overlay-color":"","overlay-opacity":"","overlay-gradient":""},"mobile":{"background-color":"","background-image":"","background-repeat":"repeat","background-position":"center center","background-size":"auto","background-attachment":"scroll","background-type":"","background-media":"","overlay-type":"","overlay-color":"","overlay-opacity":"","overlay-gradient":""}},"ast-content-background-meta":{"desktop":{"background-color":"var(--ast-global-color-5)","background-image":"","background-repeat":"repeat","background-position":"center center","background-size":"auto","background-attachment":"scroll","background-type":"","background-media":"","overlay-type":"","overlay-color":"","overlay-opacity":"","overlay-gradient":""},"tablet":{"background-color":"var(--ast-global-color-5)","background-image":"","background-repeat":"repeat","background-position":"center center","background-size":"auto","background-attachment":"scroll","background-type":"","background-media":"","overlay-type":"","overlay-color":"","overlay-opacity":"","overlay-gradient":""},"mobile":{"background-color":"var(--ast-global-color-5)","background-image":"","background-repeat":"repeat","background-position":"center center","background-size":"auto","background-attachment":"scroll","background-type":"","background-media":"","overlay-type":"","overlay-color":"","overlay-opacity":"","overlay-gradient":""}}},"product_brand":[],"product_cat":[768,767],"product_tag":[771,769,770,756],"class_list":{"0":"post-8005","1":"product","2":"type-product","3":"status-publish","4":"has-post-thumbnail","6":"product_cat-anti-age","7":"product_cat-purificateurs","8":"product_tag-acne-fr","9":"product_tag-anti-vieillissement","10":"product_tag-retinoides","11":"product_tag-routine-nocturne","12":"desktop-align-left","13":"tablet-align-left","14":"mobile-align-left","16":"first","17":"instock","18":"taxable","19":"shipping-taxable","20":"purchasable","21":"product-type-simple"},"uagb_featured_image_src":{"full":["https:\/\/alinavelica.com\/wp-content\/uploads\/2025\/04\/retinol.jpeg",1024,1024,false],"thumbnail":["https:\/\/alinavelica.com\/wp-content\/uploads\/2025\/04\/retinol-150x150.jpeg",150,150,true],"medium":["https:\/\/alinavelica.com\/wp-content\/uploads\/2025\/04\/retinol-300x300.jpeg",300,300,true],"medium_large":["https:\/\/alinavelica.com\/wp-content\/uploads\/2025\/04\/retinol-768x768.jpeg",768,768,true],"large":["https:\/\/alinavelica.com\/wp-content\/uploads\/2025\/04\/retinol.jpeg",1024,1024,false],"1536x1536":["https:\/\/alinavelica.com\/wp-content\/uploads\/2025\/04\/retinol.jpeg",1024,1024,false],"2048x2048":["https:\/\/alinavelica.com\/wp-content\/uploads\/2025\/04\/retinol.jpeg",1024,1024,false],"mailpoet_newsletter_max":["https:\/\/alinavelica.com\/wp-content\/uploads\/2025\/04\/retinol.jpeg",1024,1024,false],"woocommerce_thumbnail":["https:\/\/alinavelica.com\/wp-content\/uploads\/2025\/04\/retinol-300x300.jpeg",300,300,true],"woocommerce_single":["https:\/\/alinavelica.com\/wp-content\/uploads\/2025\/04\/retinol-600x600.jpeg",600,600,true],"woocommerce_gallery_thumbnail":["https:\/\/alinavelica.com\/wp-content\/uploads\/2025\/04\/retinol-100x100.jpeg",100,100,true]},"uagb_author_info":{"display_name":"Alina Velica","author_link":"https:\/\/alinavelica.com\/fr\/author\/"},"uagb_comment_info":0,"uagb_excerpt":"Votre solution pour les imperfections","jetpack_sharing_enabled":true,"_links":{"self":[{"href":"https:\/\/alinavelica.com\/fr\/wp-json\/wp\/v2\/product\/8005","targetHints":{"allow":["GET"]}}],"collection":[{"href":"https:\/\/alinavelica.com\/fr\/wp-json\/wp\/v2\/product"}],"about":[{"href":"https:\/\/alinavelica.com\/fr\/wp-json\/wp\/v2\/types\/product"}],"replies":[{"embeddable":true,"href":"https:\/\/alinavelica.com\/fr\/wp-json\/wp\/v2\/comments?post=8005"}],"wp:featuredmedia":[{"embeddable":true,"href":"https:\/\/alinavelica.com\/fr\/wp-json\/wp\/v2\/media\/8140"}],"wp:attachment":[{"href":"https:\/\/alinavelica.com\/fr\/wp-json\/wp\/v2\/media?parent=8005"}],"wp:term":[{"taxonomy":"product_brand","embeddable":true,"href":"https:\/\/alinavelica.com\/fr\/wp-json\/wp\/v2\/product_brand?post=8005"},{"taxonomy":"product_cat","embeddable":true,"href":"https:\/\/alinavelica.com\/fr\/wp-json\/wp\/v2\/product_cat?post=8005"},{"taxonomy":"product_tag","embeddable":true,"href":"https:\/\/alinavelica.com\/fr\/wp-json\/wp\/v2\/product_tag?post=8005"}],"curies":[{"name":"wp","href":"https:\/\/api.w.org\/{rel}","templated":true}]}}