{"id":7754,"date":"2025-06-20T22:51:43","date_gmt":"2025-06-20T20:51:43","guid":{"rendered":"https:\/\/alinavelica.com\/product\/lavez-votre-stress\/"},"modified":"2025-06-23T22:16:21","modified_gmt":"2025-06-23T20:16:21","slug":"lavez-votre-stress","status":"publish","type":"product","link":"https:\/\/alinavelica.com\/fr\/product\/lavez-votre-stress\/","title":{"rendered":"Lavez votre stress !"},"content":{"rendered":"<p><strong>Mousse nettoyante en profondeur &#8211; Vanille et lavande<\/strong><\/p>\n<p>est un fabuleux nettoyant doux et moelleux con\u00e7u pour choyer les peaux les plus g\u00e2t\u00e9es. Nous vous recommandons de masser une quantit\u00e9 g\u00e9n\u00e9reuse de notre mousse nettoyante en profondeur sur la peau, puis de rincer abondamment \u00e0 l&rsquo;eau ti\u00e8de jusqu&rsquo;\u00e0 ce que le produit soit compl\u00e8tement \u00e9limin\u00e9. Ensuite, nous vous sugg\u00e9rons de vaporiser votre Mist &amp; Tonic pr\u00e9f\u00e9r\u00e9.  <\/p>\n<p>L&rsquo;ingr\u00e9dient phare de cette mousse nettoyante a \u00e9t\u00e9 s\u00e9lectionn\u00e9 pour ses performances anti-irritantes exceptionnelles cliniquement prouv\u00e9es, ainsi que pour son fantastique profil de nettoyage adapt\u00e9 \u00e0 tous les types de peau. Il est 100% naturel et certifi\u00e9 par Ecocert. <\/p>\n<p>L&rsquo;eau utilis\u00e9e est notre eau ultra-pure, de qualit\u00e9 WFI (Water for Injection), conforme aux normes EP X \/ USP. Elle est contr\u00f4l\u00e9e en permanence. Nous avons choisi d&rsquo;utiliser la plus haute qualit\u00e9 d&rsquo;eau pour nos produits &#8211; la source ind\u00e9niable de la vie.<br \/>\nLa qualit\u00e9 de notre eau r\u00e9pond aux exigences de l&rsquo;eau injectable dans l&rsquo;industrie pharmaceutique &#8211; la norme la plus exigeante et la plus stricte &#8211; et est id\u00e9ale pour la formulation de produits pharmaceutiques et cosm\u00e9tiques, en particulier les soins de la peau biologiques et sans conservateurs.  <\/p>\n<p>La <strong>vanille<\/strong> est un ingr\u00e9dient v\u00e9g\u00e9tal cl\u00e9 de l&rsquo;industrie cosm\u00e9tique, non seulement pour son parfum doux et aromatique, mais aussi pour ses nombreux bienfaits pour la peau. La recherche montre que la vanille contient environ 200 compos\u00e9s aux propri\u00e9t\u00e9s antioxydantes. La teneur \u00e9lev\u00e9e en antioxydants conf\u00e8re \u00e0 l&rsquo;extrait de vanille des vertus tonifiantes et revitalisantes pour la peau.  <\/p>\n<p>Les propri\u00e9t\u00e9s de <strong>la lavande<\/strong> pour le soin de la peau sont appr\u00e9ci\u00e9es depuis l&rsquo;Antiquit\u00e9. Pour cette formule, nous avons choisi la <strong>lavande du Mont Blanc<\/strong>, connue pour son parfum doux et d\u00e9licat. Gr\u00e2ce \u00e0 sa composition chimique complexe, la lavande offre des propri\u00e9t\u00e9s anti-inflammatoires et r\u00e9g\u00e9n\u00e9ratrices des tissus.  <\/p>\n<p>Pour vous garantir une exp\u00e9rience s\u00fbre et confortable, ce produit a \u00e9t\u00e9 <strong>test\u00e9 dermatologiquement<\/strong>.<\/p>\n<p><strong>Ingr\u00e9dients :<\/strong><\/p>\n<p>AQUA, POLYLGYCERYL -4 LAURATE\/ SEBACATE, POLYGLYCERYL -6 CAPRYLATE\/ CAPRATE, BUTYLENE GLYCOL, PHENOXYETHANOL, BENZYL ALCOHOL, POTASIUM SORBATE, LAVANDULA ANGUSTIFOLIA OIL, LINALOOL, VANILLA PLANIFOLIA FRUIT EXTRACT, GLYCERIN.<\/p>\n<p class=\"\" data-start=\"0\" data-end=\"14\"><strong data-start=\"0\" data-end=\"14\">Propri\u00e9t\u00e9s<\/strong><\/p>\n<p class=\"\" data-start=\"16\" data-end=\"123\"><strong data-start=\"16\" data-end=\"28\">Texture :<\/strong> Mousse micellaire<br data-start=\"42\" data-end=\"45\" data-is-only-node=\"\"><strong data-start=\"45\" data-end=\"61\">Quand l&rsquo;utiliser :<\/strong> Matin et soir<br data-start=\"81\" data-end=\"84\"><strong data-start=\"84\" data-end=\"97\">Avantages :<\/strong> D\u00e9maquillage, nettoyage<\/p>\n<p><strong>Comment l&rsquo;utiliser<\/strong><\/p>\n<p>La mousse nettoyante en profondeur est la premi\u00e8re \u00e9tape d&rsquo;un bon nettoyage. Appliquez directement \u00e0 l&rsquo;aide de la micro-brosse la mousse nettoyante en profondeur sur le visage et le d\u00e9collet\u00e9, en effectuant de l\u00e9gers massages circulaires. Rincez ensuite abondamment \u00e0 l&rsquo;eau ti\u00e8de. \u00c9vitez tout contact avec les yeux. Si le produit entre accidentellement en contact avec les yeux, rincez abondamment \u00e0 l&rsquo;eau ti\u00e8de.     Agiter avant utilisation.<\/p>\n<p><strong>Instructions de stockage :<\/strong><br \/>\nConserver dans un endroit sec, propre et frais.<\/p>\n<p><strong>Volume :<\/strong> 200 ml<\/p>\n<p><strong>Remarque :<\/strong><br \/>\nLes photos des produits figurant sur le site web sont fournies \u00e0 titre d&rsquo;information uniquement. Bien que les emballages puissent varier, nous vous assurons de la qualit\u00e9 de vos soins.<br \/>\nPour pr\u00e9server la fra\u00eecheur de nos produits, nous les fabriquons en petits lots. Pour cette raison, des diff\u00e9rences de texture et de couleur peuvent appara\u00eetre en fonction du lot. Ces variations sont influenc\u00e9es par les ingr\u00e9dients actifs utilis\u00e9s, car il s&rsquo;agit d&rsquo;extraits botaniques qui peuvent varier en fonction de la saison et de l&rsquo;origine de la mati\u00e8re premi\u00e8re.   <\/p>\n<p>Nos produits pouvant contenir des allerg\u00e8nes, nous vous recommandons de lire attentivement la liste des ingr\u00e9dients avant d&rsquo;ouvrir et d&rsquo;utiliser le produit. Si vous savez que vous \u00eates allergique ou sensible \u00e0 l&rsquo;un des ingr\u00e9dients, n&rsquo;utilisez pas le produit. En cas de r\u00e9action allergique suite \u00e0 l&rsquo;utilisation du produit, cessez imm\u00e9diatement de l&rsquo;utiliser et consultez un m\u00e9decin.  <\/p>\n<p><strong>Instructions de stockage :<\/strong><br \/>\nConserver dans un endroit sec, propre et frais.<\/p>\n<p><strong>Volume :<\/strong> 200 ml<\/p>\n<p><strong>Remarque :<\/strong><br \/>\nLes photos des produits figurant sur le site web sont fournies \u00e0 titre d&rsquo;information uniquement. Bien que les emballages puissent varier, nous vous assurons de la qualit\u00e9 de vos soins.<br \/>\nPour pr\u00e9server la fra\u00eecheur de nos produits, nous les fabriquons en petits lots. Pour cette raison, des diff\u00e9rences de texture et de couleur peuvent appara\u00eetre en fonction du lot. Ces variations sont influenc\u00e9es par les ingr\u00e9dients actifs utilis\u00e9s, car il s&rsquo;agit d&rsquo;extraits botaniques qui peuvent varier en fonction de la saison et de l&rsquo;origine de la mati\u00e8re premi\u00e8re.   <\/p>\n<p>Nos produits pouvant contenir des allerg\u00e8nes, nous vous recommandons de lire attentivement la liste des ingr\u00e9dients avant d&rsquo;ouvrir et d&rsquo;utiliser le produit. Si vous savez que vous \u00eates allergique ou sensible \u00e0 l&rsquo;un des ingr\u00e9dients, n&rsquo;utilisez pas le produit. En cas de r\u00e9action allergique suite \u00e0 l&rsquo;utilisation du produit, cessez imm\u00e9diatement de l&rsquo;utiliser et consultez un m\u00e9decin.  <\/p>\n<p>&nbsp;<\/p>\n<p>&nbsp;<\/p>\n<p data-start=\"16\" data-end=\"123\">\n","protected":false},"excerpt":{"rendered":"<p><strong>Mousse nettoyante active &#8211; Vanille et lavande<\/strong><\/p>\n","protected":false},"featured_media":8148,"comment_status":"closed","ping_status":"closed","template":"","meta":{"_uag_custom_page_level_css":"","site-sidebar-layout":"default","site-content-layout":"","ast-site-content-layout":"default","site-content-style":"default","site-sidebar-style":"default","ast-global-header-display":"","ast-banner-title-visibility":"","ast-main-header-display":"","ast-hfb-above-header-display":"","ast-hfb-below-header-display":"","ast-hfb-mobile-header-display":"","site-post-title":"","ast-breadcrumbs-content":"","ast-featured-img":"","footer-sml-layout":"","ast-disable-related-posts":"","theme-transparent-header-meta":"default","adv-header-id-meta":"","stick-header-meta":"","header-above-stick-meta":"","header-main-stick-meta":"","header-below-stick-meta":"","astra-migrate-meta-layouts":"default","ast-page-background-enabled":"default","ast-page-background-meta":{"desktop":{"background-color":"var(--ast-global-color-4)","background-image":"","background-repeat":"repeat","background-position":"center center","background-size":"auto","background-attachment":"scroll","background-type":"","background-media":"","overlay-type":"","overlay-color":"","overlay-opacity":"","overlay-gradient":""},"tablet":{"background-color":"","background-image":"","background-repeat":"repeat","background-position":"center center","background-size":"auto","background-attachment":"scroll","background-type":"","background-media":"","overlay-type":"","overlay-color":"","overlay-opacity":"","overlay-gradient":""},"mobile":{"background-color":"","background-image":"","background-repeat":"repeat","background-position":"center center","background-size":"auto","background-attachment":"scroll","background-type":"","background-media":"","overlay-type":"","overlay-color":"","overlay-opacity":"","overlay-gradient":""}},"ast-content-background-meta":{"desktop":{"background-color":"var(--ast-global-color-5)","background-image":"","background-repeat":"repeat","background-position":"center center","background-size":"auto","background-attachment":"scroll","background-type":"","background-media":"","overlay-type":"","overlay-color":"","overlay-opacity":"","overlay-gradient":""},"tablet":{"background-color":"var(--ast-global-color-5)","background-image":"","background-repeat":"repeat","background-position":"center center","background-size":"auto","background-attachment":"scroll","background-type":"","background-media":"","overlay-type":"","overlay-color":"","overlay-opacity":"","overlay-gradient":""},"mobile":{"background-color":"var(--ast-global-color-5)","background-image":"","background-repeat":"repeat","background-position":"center center","background-size":"auto","background-attachment":"scroll","background-type":"","background-media":"","overlay-type":"","overlay-color":"","overlay-opacity":"","overlay-gradient":""}}},"product_brand":[711],"product_cat":[755],"product_tag":[757,758,759,756,760],"class_list":{"0":"post-7754","1":"product","2":"type-product","3":"status-publish","4":"has-post-thumbnail","6":"product_brand-alina-velica-skincare","7":"product_cat-nettoyants","8":"product_tag-nettoyage-en-profondeur","9":"product_tag-nettoyant","10":"product_tag-peau-grasse","11":"product_tag-routine-nocturne","12":"product_tag-sebum-fr","13":"desktop-align-left","14":"tablet-align-left","15":"mobile-align-left","17":"first","18":"instock","19":"taxable","20":"shipping-taxable","21":"purchasable","22":"product-type-simple"},"uagb_featured_image_src":{"full":["https:\/\/alinavelica.com\/wp-content\/uploads\/2025\/04\/wash.jpeg",1024,1024,false],"thumbnail":["https:\/\/alinavelica.com\/wp-content\/uploads\/2025\/04\/wash-150x150.jpeg",150,150,true],"medium":["https:\/\/alinavelica.com\/wp-content\/uploads\/2025\/04\/wash-300x300.jpeg",300,300,true],"medium_large":["https:\/\/alinavelica.com\/wp-content\/uploads\/2025\/04\/wash-768x768.jpeg",768,768,true],"large":["https:\/\/alinavelica.com\/wp-content\/uploads\/2025\/04\/wash.jpeg",1024,1024,false],"1536x1536":["https:\/\/alinavelica.com\/wp-content\/uploads\/2025\/04\/wash.jpeg",1024,1024,false],"2048x2048":["https:\/\/alinavelica.com\/wp-content\/uploads\/2025\/04\/wash.jpeg",1024,1024,false],"mailpoet_newsletter_max":["https:\/\/alinavelica.com\/wp-content\/uploads\/2025\/04\/wash.jpeg",1024,1024,false],"woocommerce_thumbnail":["https:\/\/alinavelica.com\/wp-content\/uploads\/2025\/04\/wash-300x300.jpeg",300,300,true],"woocommerce_single":["https:\/\/alinavelica.com\/wp-content\/uploads\/2025\/04\/wash-600x600.jpeg",600,600,true],"woocommerce_gallery_thumbnail":["https:\/\/alinavelica.com\/wp-content\/uploads\/2025\/04\/wash-100x100.jpeg",100,100,true]},"uagb_author_info":{"display_name":"Alina Velica","author_link":"https:\/\/alinavelica.com\/fr\/author\/"},"uagb_comment_info":0,"uagb_excerpt":"Mousse nettoyante active - Vanille et lavande","jetpack_sharing_enabled":true,"_links":{"self":[{"href":"https:\/\/alinavelica.com\/fr\/wp-json\/wp\/v2\/product\/7754","targetHints":{"allow":["GET"]}}],"collection":[{"href":"https:\/\/alinavelica.com\/fr\/wp-json\/wp\/v2\/product"}],"about":[{"href":"https:\/\/alinavelica.com\/fr\/wp-json\/wp\/v2\/types\/product"}],"replies":[{"embeddable":true,"href":"https:\/\/alinavelica.com\/fr\/wp-json\/wp\/v2\/comments?post=7754"}],"wp:featuredmedia":[{"embeddable":true,"href":"https:\/\/alinavelica.com\/fr\/wp-json\/wp\/v2\/media\/8148"}],"wp:attachment":[{"href":"https:\/\/alinavelica.com\/fr\/wp-json\/wp\/v2\/media?parent=7754"}],"wp:term":[{"taxonomy":"product_brand","embeddable":true,"href":"https:\/\/alinavelica.com\/fr\/wp-json\/wp\/v2\/product_brand?post=7754"},{"taxonomy":"product_cat","embeddable":true,"href":"https:\/\/alinavelica.com\/fr\/wp-json\/wp\/v2\/product_cat?post=7754"},{"taxonomy":"product_tag","embeddable":true,"href":"https:\/\/alinavelica.com\/fr\/wp-json\/wp\/v2\/product_tag?post=7754"}],"curies":[{"name":"wp","href":"https:\/\/api.w.org\/{rel}","templated":true}]}}