{"id":7735,"date":"2025-06-20T22:51:41","date_gmt":"2025-06-20T20:51:41","guid":{"rendered":"https:\/\/alinavelica.com\/product\/montrez-vos-pieds\/"},"modified":"2025-06-24T17:38:53","modified_gmt":"2025-06-24T15:38:53","slug":"montrez-vos-pieds","status":"publish","type":"product","link":"https:\/\/alinavelica.com\/fr\/product\/montrez-vos-pieds\/","title":{"rendered":"MONTREZ VOS PIEDS !"},"content":{"rendered":"<p data-start=\"52\" data-end=\"537\">Votre \u00ab exp\u00e9rience de l&rsquo;exhibition des pieds \u00bb.<\/p>\n<p class=\"\" data-start=\"52\" data-end=\"537\">Des ingr\u00e9dients botaniques aux fortes propri\u00e9t\u00e9s r\u00e9g\u00e9n\u00e9ratrices (huile de Tamanu, beurre de cacao, huile de noix de coco, huile de Neem, vitamine E, huile de p\u00e9pins de courge) hydratent et adoucissent la peau, assurant ainsi son confort.<br data-start=\"239\" data-end=\"242\">Les huiles de lavande, de rose et d&rsquo;orange ont des propri\u00e9t\u00e9s revitalisantes. Ainsi, notre cr\u00e8me pour les pieds cr\u00e9e une couche protectrice \u00e0 la surface de la peau, et la peau extr\u00eamement s\u00e8che et craquel\u00e9e est r\u00e9par\u00e9e.<br data-start=\"428\" data-end=\"431\">Cette cr\u00e8me pour les pieds non grasse est facilement absorb\u00e9e par la peau, contribuant \u00e0 la r\u00e9g\u00e9n\u00e9ration de la peau s\u00e8che. <\/p>\n<p class=\"\" data-start=\"539\" data-end=\"673\">Convient \u00e0 tous les types de peau. Peut \u00eatre utilis\u00e9 quotidiennement. Pour des r\u00e9sultats visibles, nous vous recommandons de l&rsquo;utiliser apr\u00e8s avoir nettoy\u00e9 la peau \u00e0 l&rsquo;aide d&rsquo;une brosse pour les pieds.  <\/p>\n<p class=\"\" data-start=\"39\" data-end=\"206\">Appliquez sur des pieds propres, en massant la plante des pieds et les orteils par des mouvements circulaires jusqu&rsquo;\u00e0 ce que la cr\u00e8me pour les pieds soit enti\u00e8rement absorb\u00e9e. Elle peut aider \u00e0 hydrater et \u00e0 r\u00e9g\u00e9n\u00e9rer les talons crevass\u00e9s et la peau s\u00e8che. <\/p>\n<p class=\"\" data-start=\"208\" data-end=\"318\">\u00c9vitez tout contact avec les yeux. En cas de contact accidentel avec les yeux, rincer abondamment \u00e0 l&rsquo;eau ti\u00e8de. <\/p>\n<p class=\"\" data-start=\"38\" data-end=\"102\"><strong data-start=\"38\" data-end=\"63\">Instructions de stockage :<\/strong> Conserver dans un endroit sec, propre et frais.<\/p>\n<p class=\"\" data-start=\"104\" data-end=\"124\"><strong data-start=\"104\" data-end=\"117\">Quantit\u00e9 :<\/strong> 100 ml<\/p>\n<p class=\"\" data-start=\"126\" data-end=\"959\">Les photos des produits sur le site Internet sont uniquement destin\u00e9es \u00e0 des fins d&rsquo;information. Bien que des diff\u00e9rences d&#8217;emballage puissent appara\u00eetre, nous vous assurons de la qualit\u00e9 de vos soins.<br data-start=\"293\" data-end=\"296\">Afin de pr\u00e9server la fra\u00eecheur de nos produits, nous les fabriquons en petits lots, c&rsquo;est pourquoi il peut y avoir des diff\u00e9rences de texture et de couleur en fonction du lot. Ces variations sont influenc\u00e9es par les ingr\u00e9dients actifs utilis\u00e9s, puisqu&rsquo;il s&rsquo;agit d&rsquo;extraits botaniques, et peuvent varier en fonction de la saison et de la r\u00e9gion d&rsquo;o\u00f9 proviennent les mati\u00e8res premi\u00e8res.<br data-start=\"641\" data-end=\"644\">Nos produits pouvant contenir des allerg\u00e8nes, nous vous recommandons de lire attentivement les ingr\u00e9dients avant de les d\u00e9cacheter et de les utiliser. Si vous \u00eates allergique ou sensible \u00e0 l&rsquo;un des ingr\u00e9dients, n&rsquo;utilisez pas la cr\u00e8me pour les pieds. Si vous constatez une r\u00e9action allergique suite \u00e0 l&rsquo;utilisation du produit, cessez de l&rsquo;utiliser et consultez un m\u00e9decin.    <\/p>\n<p class=\"\" data-start=\"961\" data-end=\"1053\">Pour vous garantir une exp\u00e9rience confortable et fiable, ce produit a \u00e9t\u00e9 test\u00e9 sous contr\u00f4le dermatologique.<\/p>\n<p class=\"\" data-start=\"675\" data-end=\"776\">\n","protected":false},"excerpt":{"rendered":"<p>Votre \u00ab exp\u00e9rience de l&rsquo;exhibition des pieds \u00bb. Des ingr\u00e9dients botaniques aux fortes propri\u00e9t\u00e9s r\u00e9g\u00e9n\u00e9ratrices (huile de Tamanu, beurre de cacao, huile de noix de coco, huile de Neem, vitamine E, huile de p\u00e9pins de courge) hydratent et adoucissent la peau, assurant ainsi son confort.Les huiles de lavande, de rose et d&rsquo;orange ont des propri\u00e9t\u00e9s [&hellip;]<\/p>\n","protected":false},"featured_media":8157,"comment_status":"closed","ping_status":"closed","template":"","meta":{"_uag_custom_page_level_css":"","site-sidebar-layout":"default","site-content-layout":"","ast-site-content-layout":"default","site-content-style":"default","site-sidebar-style":"default","ast-global-header-display":"","ast-banner-title-visibility":"","ast-main-header-display":"","ast-hfb-above-header-display":"","ast-hfb-below-header-display":"","ast-hfb-mobile-header-display":"","site-post-title":"","ast-breadcrumbs-content":"","ast-featured-img":"","footer-sml-layout":"","ast-disable-related-posts":"","theme-transparent-header-meta":"default","adv-header-id-meta":"","stick-header-meta":"","header-above-stick-meta":"","header-main-stick-meta":"","header-below-stick-meta":"","astra-migrate-meta-layouts":"default","ast-page-background-enabled":"default","ast-page-background-meta":{"desktop":{"background-color":"var(--ast-global-color-4)","background-image":"","background-repeat":"repeat","background-position":"center center","background-size":"auto","background-attachment":"scroll","background-type":"","background-media":"","overlay-type":"","overlay-color":"","overlay-opacity":"","overlay-gradient":""},"tablet":{"background-color":"","background-image":"","background-repeat":"repeat","background-position":"center center","background-size":"auto","background-attachment":"scroll","background-type":"","background-media":"","overlay-type":"","overlay-color":"","overlay-opacity":"","overlay-gradient":""},"mobile":{"background-color":"","background-image":"","background-repeat":"repeat","background-position":"center center","background-size":"auto","background-attachment":"scroll","background-type":"","background-media":"","overlay-type":"","overlay-color":"","overlay-opacity":"","overlay-gradient":""}},"ast-content-background-meta":{"desktop":{"background-color":"var(--ast-global-color-5)","background-image":"","background-repeat":"repeat","background-position":"center center","background-size":"auto","background-attachment":"scroll","background-type":"","background-media":"","overlay-type":"","overlay-color":"","overlay-opacity":"","overlay-gradient":""},"tablet":{"background-color":"var(--ast-global-color-5)","background-image":"","background-repeat":"repeat","background-position":"center center","background-size":"auto","background-attachment":"scroll","background-type":"","background-media":"","overlay-type":"","overlay-color":"","overlay-opacity":"","overlay-gradient":""},"mobile":{"background-color":"var(--ast-global-color-5)","background-image":"","background-repeat":"repeat","background-position":"center center","background-size":"auto","background-attachment":"scroll","background-type":"","background-media":"","overlay-type":"","overlay-color":"","overlay-opacity":"","overlay-gradient":""}}},"product_brand":[],"product_cat":[811],"product_tag":[],"class_list":{"0":"post-7735","1":"product","2":"type-product","3":"status-publish","4":"has-post-thumbnail","6":"product_cat-soins-du-corps","7":"desktop-align-left","8":"tablet-align-left","9":"mobile-align-left","11":"first","12":"instock","13":"taxable","14":"shipping-taxable","15":"purchasable","16":"product-type-simple"},"uagb_featured_image_src":{"full":["https:\/\/alinavelica.com\/wp-content\/uploads\/2025\/04\/show.jpeg",1024,1024,false],"thumbnail":["https:\/\/alinavelica.com\/wp-content\/uploads\/2025\/04\/show-150x150.jpeg",150,150,true],"medium":["https:\/\/alinavelica.com\/wp-content\/uploads\/2025\/04\/show-300x300.jpeg",300,300,true],"medium_large":["https:\/\/alinavelica.com\/wp-content\/uploads\/2025\/04\/show-768x768.jpeg",768,768,true],"large":["https:\/\/alinavelica.com\/wp-content\/uploads\/2025\/04\/show.jpeg",1024,1024,false],"1536x1536":["https:\/\/alinavelica.com\/wp-content\/uploads\/2025\/04\/show.jpeg",1024,1024,false],"2048x2048":["https:\/\/alinavelica.com\/wp-content\/uploads\/2025\/04\/show.jpeg",1024,1024,false],"mailpoet_newsletter_max":["https:\/\/alinavelica.com\/wp-content\/uploads\/2025\/04\/show.jpeg",1024,1024,false],"woocommerce_thumbnail":["https:\/\/alinavelica.com\/wp-content\/uploads\/2025\/04\/show-300x300.jpeg",300,300,true],"woocommerce_single":["https:\/\/alinavelica.com\/wp-content\/uploads\/2025\/04\/show-600x600.jpeg",600,600,true],"woocommerce_gallery_thumbnail":["https:\/\/alinavelica.com\/wp-content\/uploads\/2025\/04\/show-100x100.jpeg",100,100,true]},"uagb_author_info":{"display_name":"Alina Velica","author_link":"https:\/\/alinavelica.com\/fr\/author\/"},"uagb_comment_info":0,"uagb_excerpt":"Votre \u00ab exp\u00e9rience de l&rsquo;exhibition des pieds \u00bb. Des ingr\u00e9dients botaniques aux fortes propri\u00e9t\u00e9s r\u00e9g\u00e9n\u00e9ratrices (huile de Tamanu, beurre de cacao, huile de noix de coco, huile de Neem, vitamine E, huile de p\u00e9pins de courge) hydratent et adoucissent la peau, assurant ainsi son confort.Les huiles de lavande, de rose et d&rsquo;orange ont des propri\u00e9t\u00e9s\u2026","jetpack_sharing_enabled":true,"_links":{"self":[{"href":"https:\/\/alinavelica.com\/fr\/wp-json\/wp\/v2\/product\/7735","targetHints":{"allow":["GET"]}}],"collection":[{"href":"https:\/\/alinavelica.com\/fr\/wp-json\/wp\/v2\/product"}],"about":[{"href":"https:\/\/alinavelica.com\/fr\/wp-json\/wp\/v2\/types\/product"}],"replies":[{"embeddable":true,"href":"https:\/\/alinavelica.com\/fr\/wp-json\/wp\/v2\/comments?post=7735"}],"wp:featuredmedia":[{"embeddable":true,"href":"https:\/\/alinavelica.com\/fr\/wp-json\/wp\/v2\/media\/8157"}],"wp:attachment":[{"href":"https:\/\/alinavelica.com\/fr\/wp-json\/wp\/v2\/media?parent=7735"}],"wp:term":[{"taxonomy":"product_brand","embeddable":true,"href":"https:\/\/alinavelica.com\/fr\/wp-json\/wp\/v2\/product_brand?post=7735"},{"taxonomy":"product_cat","embeddable":true,"href":"https:\/\/alinavelica.com\/fr\/wp-json\/wp\/v2\/product_cat?post=7735"},{"taxonomy":"product_tag","embeddable":true,"href":"https:\/\/alinavelica.com\/fr\/wp-json\/wp\/v2\/product_tag?post=7735"}],"curies":[{"name":"wp","href":"https:\/\/api.w.org\/{rel}","templated":true}]}}