{"id":8982,"date":"2026-02-23T12:03:26","date_gmt":"2026-02-23T11:03:26","guid":{"rendered":"https:\/\/alinavelica.com\/event-hair-makeup-zurich-alina-velica-beauty-club\/"},"modified":"2026-03-19T16:13:00","modified_gmt":"2026-03-19T15:13:00","slug":"event-hair-makeup-zurich-alina-velica-beauty-club","status":"publish","type":"page","link":"https:\/\/alinavelica.com\/fr\/event-hair-makeup-zurich-alina-velica-beauty-club\/","title":{"rendered":"Coiffure et maquillage"},"content":{"rendered":"\n<div class=\"wp-block-cover alignfull is-light\" style=\"min-height:700px;aspect-ratio:unset;\"><video class=\"wp-block-cover__video-background intrinsic-ignore\" autoplay muted loop playsinline src=\"https:\/\/alinavelica.com\/wp-content\/uploads\/2025\/06\/Video.mp4\" data-object-fit=\"cover\"><\/video><span aria-hidden=\"true\" class=\"wp-block-cover__background has-background-dim-40 has-background-dim\"><\/span><div class=\"wp-block-cover__inner-container is-layout-constrained wp-container-core-cover-is-layout-4383d167 wp-block-cover-is-layout-constrained\">\n<div class=\"wp-block-group is-layout-constrained wp-block-group-is-layout-constrained\"><div class=\"wp-block-group__inner-container\">\n<h1 class=\"wp-block-heading has-text-align-center has-text-color has-link-color has-cormorant-font-family wp-elements-92a83ba131ac0fedb5dc522e96a83131\" style=\"color:#ffffff;font-size:40px;font-style:normal;font-weight:400;text-transform:uppercase\">Une beaut\u00e9 rayonnante, des moments inoubliables<\/h1>\n\n\n\n<p class=\"has-text-align-center has-ast-global-color-5-color has-text-color has-link-color wp-elements-c47f82ac501c4b6ab229d28c538e968a\">Votre look parfait vous attend !<\/p>\n<\/div><\/div>\n<\/div><\/div>\n\n<div class=\"wp-block-group is-layout-constrained wp-block-group-is-layout-constrained\"><div class=\"wp-block-group__inner-container\">\n<div class=\"wp-block-columns is-layout-flex wp-container-core-columns-is-layout-28f84493 wp-block-columns-is-layout-flex\">\n<div class=\"wp-block-column is-layout-flow wp-block-column-is-layout-flow\">\n<p class=\"has-text-align-center\" style=\"font-size:3rem\"><strong>1.<\/strong><\/p>\n\n\n\n<p class=\"has-text-align-center\">Des artistes experts r\u00e9alisent avec pr\u00e9cision le look de vos r\u00eaves !<\/p>\n<\/div>\n\n\n\n<div class=\"wp-block-column is-layout-flow wp-block-column-is-layout-flow\">\n<p class=\"has-text-align-center\" style=\"font-size:3rem\"><strong>2.<\/strong><\/p>\n\n\n\n<p class=\"has-text-align-center\">Des forfaits exclusifs pour tous les besoins de beaut\u00e9 des mari\u00e9es ! Coiffure et maquillage Zurich <\/p>\n<\/div>\n\n\n\n<div class=\"wp-block-column is-layout-flow wp-block-column-is-layout-flow\">\n<p class=\"has-text-align-center\" style=\"font-size:3rem\"><strong>3.<\/strong><\/p>\n\n\n\n<p class=\"has-text-align-center\">Oasis de beaut\u00e9 relaxante avec bulles gratuites ! \ud83e\udd42<\/p>\n<\/div>\n<\/div>\n<\/div><\/div>\n\n<div class=\"wp-block-group alignwide is-layout-constrained wp-container-core-group-is-layout-3dead192 wp-block-group-is-layout-constrained\" style=\"margin-top:0;margin-bottom:0;padding-top:80px;padding-bottom:80px\"><div class=\"wp-block-group__inner-container\">\n<div class=\"wp-block-columns alignwide is-layout-flex wp-container-core-columns-is-layout-9cf8123d wp-block-columns-is-layout-flex\">\n<div class=\"wp-block-column is-layout-flow wp-block-column-is-layout-flow\">\n<figure class=\"wp-block-image size-full\"><img fetchpriority=\"high\" decoding=\"async\" width=\"1297\" height=\"1533\" src=\"https:\/\/alinavelica.com\/wp-content\/uploads\/2025\/06\/aaca264c-a6e0-48ef-9b12-fb65ec13cdff-e1750111461875.jpg\" alt=\"\" class=\"wp-image-7637\" style=\"aspect-ratio:1;object-fit:cover\" srcset=\"https:\/\/alinavelica.com\/wp-content\/uploads\/2025\/06\/aaca264c-a6e0-48ef-9b12-fb65ec13cdff-e1750111461875.jpg 1297w, https:\/\/alinavelica.com\/wp-content\/uploads\/2025\/06\/aaca264c-a6e0-48ef-9b12-fb65ec13cdff-e1750111461875-254x300.jpg 254w, https:\/\/alinavelica.com\/wp-content\/uploads\/2025\/06\/aaca264c-a6e0-48ef-9b12-fb65ec13cdff-e1750111461875-866x1024.jpg 866w, https:\/\/alinavelica.com\/wp-content\/uploads\/2025\/06\/aaca264c-a6e0-48ef-9b12-fb65ec13cdff-e1750111461875-768x908.jpg 768w, https:\/\/alinavelica.com\/wp-content\/uploads\/2025\/06\/aaca264c-a6e0-48ef-9b12-fb65ec13cdff-e1750111461875-600x709.jpg 600w\" sizes=\"(max-width: 1297px) 100vw, 1297px\" \/><\/figure>\n<\/div>\n\n\n\n<div class=\"wp-block-column is-vertically-aligned-center is-layout-flow wp-block-column-is-layout-flow\" style=\"padding-left:15px\">\n<h2 class=\"wp-block-heading has-text-color has-link-color has-cormorant-font-family wp-elements-97ff85420114373fe79757d253c3e090\" style=\"color:#141e31;font-size:27px;font-style:normal;font-weight:500;line-height:1.2\"><a href=\"https:\/\/alinavelica.com\/fr\/maquillage-et-coiffure\/#\">Une coiffure \u00e9tonnante<\/a><\/h2>\n\n\n\n<p class=\"has-text-color has-link-color has-mulish-font-family wp-elements-c6779cc6221fe448010fa7fdee040cba\" style=\"color:#3f3f3f;font-size:18px;font-style:normal;font-weight:400\">Dans notre club de beaut\u00e9, nous croyons en la mise en valeur de votre beaut\u00e9 naturelle. En mettant l&rsquo;accent sur la qualit\u00e9, le sur-mesure et les soins sp\u00e9cialis\u00e9s, nous nous effor\u00e7ons de faire de chaque visite une exp\u00e9rience agr\u00e9able pour vous ! <\/p>\n\n\n\n<p class=\"has-text-color has-link-color has-mulish-font-family wp-elements-678596a4cea40567987ef0c7332a423f\" style=\"color:#3f3f3f;font-size:18px;font-style:normal;font-weight:400\">Il ne vous reste plus qu&rsquo;\u00e0 vous d\u00e9tendre et \u00e0 nous confier votre beaut\u00e9.<br\/><\/p>\n\n\n\n<div class=\"wp-block-buttons is-layout-flex wp-block-buttons-is-layout-flex\">\n<div class=\"wp-block-button is-style-fill\"><a class=\"wp-block-button__link has-black-background-color has-text-color has-background has-link-color has-mulish-font-family has-custom-font-size wp-element-button\" href=\"#onlinebookings\" style=\"border-radius:0px;color:#ffffff;padding-top:10px;padding-right:30px;padding-bottom:10px;padding-left:30px;font-size:16px;text-transform:uppercase\">Faites-vous dorloter d\u00e8s maintenant<\/a><\/div>\n<\/div>\n<\/div>\n<\/div>\n\n\n\n<div class=\"wp-block-columns alignwide is-layout-flex wp-container-core-columns-is-layout-41d75851 wp-block-columns-is-layout-flex\" style=\"padding-top:80px;padding-bottom:80px\">\n<div class=\"wp-block-column is-vertically-aligned-center is-layout-flow wp-block-column-is-layout-flow\" style=\"padding-left:15px\">\n<h2 class=\"wp-block-heading has-text-color has-link-color has-cormorant-font-family wp-elements-11aae5f00a797dd407b3226f11be28e5\" style=\"color:#141e31;font-size:27px;font-style:normal;font-weight:500;line-height:1.1\"><a href=\"https:\/\/alinavelica.com\/fr\/maquillage-et-coiffure\/#\">Tresses de cheveux \u00e9l\u00e9gantes<\/a><\/h2>\n\n\n\n<p class=\"has-text-color has-link-color has-mulish-font-family wp-elements-6ba6ae700d9a1dbf1fad7082bb3eee28\" style=\"color:#3f3f3f;font-size:18px;font-style:normal;font-weight:400\">Nous sommes l\u00e0 pour mettre en valeur votre beaut\u00e9 et renforcer votre confiance en vous ! Nos traitements personnalis\u00e9s pour les cils et les sourcils s&rsquo;adaptent \u00e0 votre style unique. Que vous souhaitiez des cils spectaculaires ou des sourcils parfaitement dessin\u00e9s, nous avons l&rsquo;expertise n\u00e9cessaire pour y parvenir.  <\/p>\n\n\n\n<p class=\"has-text-color has-link-color wp-elements-00c25c6a7c8606e28344d5deb1bd8c6a\" style=\"color:#3f3f3f\">Notre artiste des sourcils et des cils, Natalia, a une grande exp\u00e9rience dans ce domaine magnifique et une immense passion pour celui-ci.<\/p>\n\n\n\n<p class=\"has-text-color has-link-color has-mulish-font-family wp-elements-fe842260cdaa3fb20eb93b37757abcf2\" style=\"color:#3f3f3f;font-size:18px;font-style:normal;font-weight:400\">Votre voyage de beaut\u00e9 commence avec nous !<br\/><\/p>\n\n\n\n<div class=\"wp-block-buttons is-layout-flex wp-block-buttons-is-layout-flex\">\n<div class=\"wp-block-button\"><a class=\"wp-block-button__link has-black-background-color has-text-color has-background has-link-color has-mulish-font-family has-custom-font-size wp-element-button\" href=\"#onlinebookings\" style=\"border-radius:0px;color:#ffffff;padding-top:10px;padding-right:30px;padding-bottom:10px;padding-left:30px;font-size:16px;text-transform:uppercase\">Essayez-le d\u00e8s aujourd&rsquo;hui<\/a><\/div>\n<\/div>\n<\/div>\n\n\n\n<div class=\"wp-block-column is-layout-flow wp-block-column-is-layout-flow\">\n<figure class=\"wp-block-image size-full\"><img decoding=\"async\" width=\"511\" height=\"1024\" src=\"https:\/\/alinavelica.com\/wp-content\/uploads\/2025\/06\/98c6d45b-8b37-4e79-8697-05bdce0c0a65-4.jpg\" alt=\"\" class=\"wp-image-7409\" style=\"aspect-ratio:1;object-fit:cover\" srcset=\"https:\/\/alinavelica.com\/wp-content\/uploads\/2025\/06\/98c6d45b-8b37-4e79-8697-05bdce0c0a65-4.jpg 511w, https:\/\/alinavelica.com\/wp-content\/uploads\/2025\/06\/98c6d45b-8b37-4e79-8697-05bdce0c0a65-4-150x300.jpg 150w\" sizes=\"(max-width: 511px) 100vw, 511px\" \/><\/figure>\n<\/div>\n<\/div>\n\n\n\n<div class=\"wp-block-columns alignwide is-layout-flex wp-container-core-columns-is-layout-be08e442 wp-block-columns-is-layout-flex\" style=\"margin-top:0;margin-bottom:0;padding-top:80px;padding-bottom:80px\">\n<div class=\"wp-block-column is-layout-flow wp-block-column-is-layout-flow\">\n<figure class=\"wp-block-image alignfull size-full is-style-default\"><img decoding=\"async\" width=\"1416\" height=\"1653\" src=\"https:\/\/alinavelica.com\/wp-content\/uploads\/2025\/06\/PHOTO-2024-12-16-10-04-21.jpg\" alt=\"\" class=\"wp-image-7453\" srcset=\"https:\/\/alinavelica.com\/wp-content\/uploads\/2025\/06\/PHOTO-2024-12-16-10-04-21.jpg 1416w, https:\/\/alinavelica.com\/wp-content\/uploads\/2025\/06\/PHOTO-2024-12-16-10-04-21-257x300.jpg 257w, https:\/\/alinavelica.com\/wp-content\/uploads\/2025\/06\/PHOTO-2024-12-16-10-04-21-877x1024.jpg 877w, https:\/\/alinavelica.com\/wp-content\/uploads\/2025\/06\/PHOTO-2024-12-16-10-04-21-768x897.jpg 768w, https:\/\/alinavelica.com\/wp-content\/uploads\/2025\/06\/PHOTO-2024-12-16-10-04-21-1316x1536.jpg 1316w, https:\/\/alinavelica.com\/wp-content\/uploads\/2025\/06\/PHOTO-2024-12-16-10-04-21-1320x1541.jpg 1320w, https:\/\/alinavelica.com\/wp-content\/uploads\/2025\/06\/PHOTO-2024-12-16-10-04-21-600x700.jpg 600w\" sizes=\"(max-width: 1416px) 100vw, 1416px\" \/><\/figure>\n<\/div>\n\n\n\n<div class=\"wp-block-column is-layout-flow wp-block-column-is-layout-flow\">\n<h2 class=\"wp-block-heading has-text-color has-link-color has-cormorant-font-family wp-elements-bf629b6d2c871aac16fbb0eb94eec117\" style=\"color:#141e31;font-size:27px;font-style:normal;font-weight:500;line-height:1.1\"><a href=\"https:\/\/alinavelica.com\/fr\/maquillage-et-coiffure\/#\">Maquillage de mariage artistique<\/a><\/h2>\n\n\n\n<p><strong>Encadrez votre visage avec perfection<\/strong> Vos sourcils sont l&rsquo;\u00e9l\u00e9ment le plus important de la sym\u00e9trie de votre visage. <br\/>Chez <strong>Alina Velica<\/strong>, nous sommes sp\u00e9cialis\u00e9s dans le stylisme de pr\u00e9cision des sourcils, con\u00e7u pour mettre en valeur votre beaut\u00e9 naturelle. Que vous souhaitiez une transformation compl\u00e8te gr\u00e2ce au <strong>microblading<\/strong>, une apparence plus compl\u00e8te gr\u00e2ce \u00e0 la <strong>lamination des sourcils<\/strong>, ou une <strong>mise en forme et une teinte<\/strong> expertes, nos sp\u00e9cialistes adaptent chaque traitement \u00e0 votre structure osseuse unique et \u00e0 votre teint de peau.   <br\/><\/p>\n\n\n\n<figure class=\"wp-block-table\"><table class=\"has-text-color has-link-color has-fixed-layout\" style=\"color:#3f3f3f\"><tbody><tr><td>Fa\u00e7onnage des sourcils<\/td><td>20 \u00e0 30 min, selon les sourcils<\/td><\/tr><tr><td>Fa\u00e7onnage et teinture des sourcils avec de la teinture organique ou du henn\u00e9<\/td><td>30 \u00e0 45 min, selon les sourcils<\/td><\/tr><tr><td>Lifting des sourcils (teinture incluse)  <\/td><td>50 \u00e0 70 min, selon les sourcils<\/td><\/tr><tr><td>Poudrage des sourcils<\/td><td>une proc\u00e9dure de maquillage semi-permanent dont l&rsquo;effet dure jusqu&rsquo;\u00e0 1 an<\/td><\/tr><\/tbody><\/table><\/figure>\n\n\n\n<p class=\"has-text-color has-link-color wp-elements-7374bfafc46519b9f94394c28943a684\" style=\"color:#3f3f3f\"><em>En \u00e9tant membre du club, vous b\u00e9n\u00e9ficierez souvent de nos % de privil\u00e8ges. Inscrivez-vous \u00e0 notre lettre d&rsquo;information, pour ne rien manquer de votre chouchoutage absolu ! <\/em><\/p>\n\n\n\n<div class=\"wp-block-buttons is-layout-flex wp-block-buttons-is-layout-flex\">\n<div class=\"wp-block-button\"><a class=\"wp-block-button__link wp-element-button\" href=\"#onlinebookings\">Essayez-le maintenant !<\/a><\/div>\n<\/div>\n<\/div>\n<\/div>\n\n\n\n<div class=\"wp-block-group alignfull is-content-justification-center is-layout-constrained wp-container-core-group-is-layout-df757ecc wp-block-group-is-layout-constrained\" style=\"margin-top:0;margin-bottom:0;padding-top:calc( 0.5 * var(--wp--style--root--padding-right, var(--wp--custom--gap--horizontal)));padding-right:var(--wp--style--root--padding-right, var(--wp--custom--gap--horizontal));padding-bottom:calc( 0.5 * var(--wp--style--root--padding-right, var(--wp--custom--gap--horizontal)));padding-left:var(--wp--style--root--padding-left, var(--wp--custom--gap--horizontal))\"><div class=\"wp-block-group__inner-container\">\n<div style=\"height:calc( 0.25 * var(--wp--style--root--padding-right, var(--wp--custom--gap--horizontal)))\" aria-hidden=\"true\" class=\"wp-block-spacer\"><\/div>\n\n\n\n<div class=\"wp-block-columns alignwide are-vertically-aligned-center is-layout-flex wp-container-core-columns-is-layout-7fc3d43a wp-block-columns-is-layout-flex\">\n<div class=\"wp-block-column is-vertically-aligned-center is-layout-flow wp-block-column-is-layout-flow\">\n<h2 class=\"wp-block-heading alignwide\">A propos de nous<\/h2>\n\n\n\n<p>Dans notre oasis de beaut\u00e9, nous pensons que chaque moment m\u00e9rite de briller. Avec une passion pour l&rsquo;art, nous cr\u00e9ons de superbes looks sur mesure, pour que vous vous sentiez confiante et rayonnante le jour de votre anniversaire et tous les jours ! <\/p>\n\n\n\n<p>Notre \u00e9quipe d&rsquo;artistes qualifi\u00e9s, Natalia et Anabelle, apporte des ann\u00e9es d&rsquo;exp\u00e9rience et de cr\u00e9ativit\u00e9 \u00e0 chaque s\u00e9ance. Nous ch\u00e9rissons chaque client, faisant de votre voyage de beaut\u00e9 une exp\u00e9rience inoubliable remplie de joie et d&rsquo;\u00e9l\u00e9gance ! R\u00e9servez d\u00e8s maintenant votre coiffure et votre maquillage \u00e0 Zurich  <br\/><\/p>\n\n\n\n<div class=\"wp-block-buttons is-layout-flex wp-block-buttons-is-layout-flex\">\n<div class=\"wp-block-button\"><a class=\"wp-block-button__link wp-element-button\" href=\"https:\/\/alinavelica.com\/home-2-3-2-2\/\">Rencontrez-nous<\/a><\/div>\n<\/div>\n<\/div>\n\n\n\n<div class=\"wp-block-column is-vertically-aligned-center is-layout-flow wp-block-column-is-layout-flow\">\n<figure class=\"wp-block-image size-full\"><img loading=\"lazy\" decoding=\"async\" width=\"768\" height=\"1024\" src=\"https:\/\/alinavelica.com\/wp-content\/uploads\/2025\/06\/b8c2f4f2-bac5-4dfc-a230-a9ba4f85c0a1-1.jpg\" alt=\"\" class=\"wp-image-7668\" style=\"aspect-ratio:1;object-fit:cover\" srcset=\"https:\/\/alinavelica.com\/wp-content\/uploads\/2025\/06\/b8c2f4f2-bac5-4dfc-a230-a9ba4f85c0a1-1.jpg 768w, https:\/\/alinavelica.com\/wp-content\/uploads\/2025\/06\/b8c2f4f2-bac5-4dfc-a230-a9ba4f85c0a1-1-225x300.jpg 225w, https:\/\/alinavelica.com\/wp-content\/uploads\/2025\/06\/b8c2f4f2-bac5-4dfc-a230-a9ba4f85c0a1-1-600x800.jpg 600w\" sizes=\"(max-width: 768px) 100vw, 768px\" \/><\/figure>\n<\/div>\n<\/div>\n\n\n\n<div style=\"height:calc( 0.25 * var(--wp--style--root--padding-right, var(--wp--custom--gap--horizontal)))\" aria-hidden=\"true\" class=\"wp-block-spacer\"><\/div>\n<\/div><\/div>\n<\/div><\/div>\n\n<div class=\"wp-block-group alignwide is-layout-constrained wp-container-core-group-is-layout-4383d167 wp-block-group-is-layout-constrained\"><div class=\"wp-block-group__inner-container\">\n<div class=\"wp-block-group alignfull is-content-justification-center is-layout-constrained wp-container-core-group-is-layout-df757ecc wp-block-group-is-layout-constrained\" style=\"margin-top:0;margin-bottom:0;padding-top:calc( 0.5 * var(--wp--style--root--padding-right, var(--wp--custom--gap--horizontal)));padding-right:var(--wp--style--root--padding-right, var(--wp--custom--gap--horizontal));padding-bottom:calc( 0.5 * var(--wp--style--root--padding-right, var(--wp--custom--gap--horizontal)));padding-left:var(--wp--style--root--padding-left, var(--wp--custom--gap--horizontal))\"><div class=\"wp-block-group__inner-container\">\n<div style=\"height:calc( 0.25 * var(--wp--style--root--padding-right, var(--wp--custom--gap--horizontal)))\" aria-hidden=\"true\" class=\"wp-block-spacer\"><\/div>\n\n\n\n<h3 class=\"wp-block-heading alignwide\">Ce que disent nos clients<\/h3>\n\n\n\n<div style=\"height:1rem\" aria-hidden=\"true\" class=\"wp-block-spacer\"><\/div>\n\n\n\n<div class=\"wp-block-columns alignwide is-layout-flex wp-container-core-columns-is-layout-28f84493 wp-block-columns-is-layout-flex\">\n<div class=\"wp-block-column has-ast-global-color-4-background-color has-background is-layout-flow wp-block-column-is-layout-flow\">\n<p>Leur talent artistique a rendu le jour de mon mariage magique ! Je me suis sentie comme une vraie princesse. Je recommande vivement leurs services !  <\/p>\n\n\n\n<p>Sophie Martinez<\/p>\n<\/div>\n\n\n\n<div class=\"wp-block-column has-ast-global-color-4-background-color has-background is-layout-flow wp-block-column-is-layout-flow\">\n<p>J&rsquo;ai ador\u00e9 mon look de mari\u00e9e ! Ils ont \u00e9cout\u00e9 ma vision et l&rsquo;ont parfaitement concr\u00e9tis\u00e9e. Je me suis sentie magnifique tout au long de la journ\u00e9e !  <\/p>\n\n\n\n<p>Emily Johnson<\/p>\n<\/div>\n\n\n\n<div class=\"wp-block-column has-ast-global-color-4-background-color has-background is-layout-flow wp-block-column-is-layout-flow\">\n<p>Une exp\u00e9rience incroyable ! Ils m&rsquo;ont fait me sentir si sp\u00e9ciale, et ma coiffure et mon maquillage \u00e9taient parfaits. Vraiment les meilleurs dans le domaine !  <\/p>\n\n\n\n<p>Olivia Smith<\/p>\n<\/div>\n<\/div>\n\n\n\n<div style=\"height:calc( 0.25 * var(--wp--style--root--padding-right, var(--wp--custom--gap--horizontal)))\" aria-hidden=\"true\" class=\"wp-block-spacer\"><\/div>\n<\/div><\/div>\n<\/div><\/div>\n","protected":false},"excerpt":{"rendered":"<p>1. Des artistes experts r\u00e9alisent avec pr\u00e9cision le look de vos r\u00eaves ! 2. Des forfaits exclusifs pour tous les besoins de beaut\u00e9 des mari\u00e9es ! Coiffure et maquillage Zurich 3. Oasis de beaut\u00e9 relaxante avec bulles gratuites ! \ud83e\udd42 Une coiffure \u00e9tonnante Dans notre club de beaut\u00e9, nous croyons en la mise en valeur [&hellip;]<\/p>\n","protected":false},"author":4,"featured_media":0,"parent":0,"menu_order":0,"comment_status":"closed","ping_status":"closed","template":"","meta":{"_uag_custom_page_level_css":"","site-sidebar-layout":"default","site-content-layout":"","ast-site-content-layout":"default","site-content-style":"default","site-sidebar-style":"default","ast-global-header-display":"","ast-banner-title-visibility":"","ast-main-header-display":"","ast-hfb-above-header-display":"","ast-hfb-below-header-display":"","ast-hfb-mobile-header-display":"","site-post-title":"disabled","ast-breadcrumbs-content":"","ast-featured-img":"","footer-sml-layout":"","ast-disable-related-posts":"","theme-transparent-header-meta":"","adv-header-id-meta":"","stick-header-meta":"","header-above-stick-meta":"","header-main-stick-meta":"","header-below-stick-meta":"","astra-migrate-meta-layouts":"default","ast-page-background-enabled":"default","ast-page-background-meta":{"desktop":{"background-color":"var(--ast-global-color-4)","background-image":"","background-repeat":"repeat","background-position":"center center","background-size":"auto","background-attachment":"scroll","background-type":"","background-media":"","overlay-type":"","overlay-color":"","overlay-opacity":"","overlay-gradient":""},"tablet":{"background-color":"","background-image":"","background-repeat":"repeat","background-position":"center center","background-size":"auto","background-attachment":"scroll","background-type":"","background-media":"","overlay-type":"","overlay-color":"","overlay-opacity":"","overlay-gradient":""},"mobile":{"background-color":"","background-image":"","background-repeat":"repeat","background-position":"center center","background-size":"auto","background-attachment":"scroll","background-type":"","background-media":"","overlay-type":"","overlay-color":"","overlay-opacity":"","overlay-gradient":""}},"ast-content-background-meta":{"desktop":{"background-color":"var(--ast-global-color-5)","background-image":"","background-repeat":"repeat","background-position":"center center","background-size":"auto","background-attachment":"scroll","background-type":"","background-media":"","overlay-type":"","overlay-color":"","overlay-opacity":"","overlay-gradient":""},"tablet":{"background-color":"var(--ast-global-color-5)","background-image":"","background-repeat":"repeat","background-position":"center center","background-size":"auto","background-attachment":"scroll","background-type":"","background-media":"","overlay-type":"","overlay-color":"","overlay-opacity":"","overlay-gradient":""},"mobile":{"background-color":"var(--ast-global-color-5)","background-image":"","background-repeat":"repeat","background-position":"center center","background-size":"auto","background-attachment":"scroll","background-type":"","background-media":"","overlay-type":"","overlay-color":"","overlay-opacity":"","overlay-gradient":""}},"footnotes":""},"class_list":["post-8982","page","type-page","status-publish","hentry"],"uagb_featured_image_src":{"full":false,"thumbnail":false,"medium":false,"medium_large":false,"large":false,"1536x1536":false,"2048x2048":false,"mailpoet_newsletter_max":false,"woocommerce_thumbnail":false,"woocommerce_single":false,"woocommerce_gallery_thumbnail":false},"uagb_author_info":{"display_name":"Alina Velica","author_link":"https:\/\/alinavelica.com\/fr\/author\/chicnails-editor\/"},"uagb_comment_info":0,"uagb_excerpt":"1. Des artistes experts r\u00e9alisent avec pr\u00e9cision le look de vos r\u00eaves ! 2. Des forfaits exclusifs pour tous les besoins de beaut\u00e9 des mari\u00e9es ! Coiffure et maquillage Zurich 3. Oasis de beaut\u00e9 relaxante avec bulles gratuites ! \ud83e\udd42 Une coiffure \u00e9tonnante Dans notre club de beaut\u00e9, nous croyons en la mise en valeur\u2026","jetpack_sharing_enabled":true,"_links":{"self":[{"href":"https:\/\/alinavelica.com\/fr\/wp-json\/wp\/v2\/pages\/8982","targetHints":{"allow":["GET"]}}],"collection":[{"href":"https:\/\/alinavelica.com\/fr\/wp-json\/wp\/v2\/pages"}],"about":[{"href":"https:\/\/alinavelica.com\/fr\/wp-json\/wp\/v2\/types\/page"}],"author":[{"embeddable":true,"href":"https:\/\/alinavelica.com\/fr\/wp-json\/wp\/v2\/users\/4"}],"replies":[{"embeddable":true,"href":"https:\/\/alinavelica.com\/fr\/wp-json\/wp\/v2\/comments?post=8982"}],"version-history":[{"count":34,"href":"https:\/\/alinavelica.com\/fr\/wp-json\/wp\/v2\/pages\/8982\/revisions"}],"predecessor-version":[{"id":10024,"href":"https:\/\/alinavelica.com\/fr\/wp-json\/wp\/v2\/pages\/8982\/revisions\/10024"}],"wp:attachment":[{"href":"https:\/\/alinavelica.com\/fr\/wp-json\/wp\/v2\/media?parent=8982"}],"curies":[{"name":"wp","href":"https:\/\/api.w.org\/{rel}","templated":true}]}}