{"id":7931,"date":"2025-06-20T22:52:17","date_gmt":"2025-06-20T20:52:17","guid":{"rendered":"https:\/\/alinavelica.com\/rejoignez-notre-equipe\/"},"modified":"2026-03-09T08:50:04","modified_gmt":"2026-03-09T07:50:04","slug":"rejoignez-notre-equipe","status":"publish","type":"page","link":"https:\/\/alinavelica.com\/fr\/rejoignez-notre-equipe\/","title":{"rendered":"REJOIGNEZ NOTRE \u00c9QUIPE"},"content":{"rendered":"\n<div class=\"wp-block-cover alignfull wp-duotone-unset-1\" style=\"margin-top:0;margin-bottom:0;min-height:100vh;aspect-ratio:unset;\"><img decoding=\"async\" class=\"wp-block-cover__image-background wp-image-7209 size-large\" alt=\"Close-up of a nail artist applying polish with precision using black gloves in a salon setting.\" src=\"https:\/\/alinavelica.com\/wp-content\/uploads\/2025\/04\/pexels-photo-3997389-3997389-683x1024.jpg\" data-object-fit=\"cover\"\/><span aria-hidden=\"true\" class=\"wp-block-cover__background has-black-background-color has-background-dim\"><\/span><div class=\"wp-block-cover__inner-container is-layout-constrained wp-container-core-cover-is-layout-6e824401 wp-block-cover-is-layout-constrained\">\n<h2 class=\"wp-block-heading has-text-align-center has-text-color has-work-sans-font-family has-white-color has-link-color wp-elements-fa5e7a2277f4f0776d514e8386360c7c\">Rejoignez notre \u00e9quipe<\/h2>\n\n\n\n<p class=\"has-white-color has-text-color has-link-color wp-elements-9f636d2031f8c0e6a7762f66050b3e1a\">Chez ALINA VELICA Beauty Club Z\u00fcrich, nous pensons que notre \u00e9quipe est notre plus grand atout. Nous nous engageons \u00e0 fournir des services de la plus haute qualit\u00e9. Cet engagement n&rsquo;a d&rsquo;\u00e9gal que notre volont\u00e9 de cr\u00e9er un environnement de travail favorable et cr\u00e9atif. Des proth\u00e9sistes ongulaires aux cosm\u00e9tologues, nous recherchons des personnes passionn\u00e9es, d\u00e9sireuses de contribuer \u00e0 une \u00e9quipe dynamique.   <\/p>\n\n\n\n<p class=\"has-white-color has-text-color has-link-color wp-elements-ca68334415a3b65207bb809b867f2e33\">Nous vous invitons \u00e0 explorer les possibilit\u00e9s qui s&rsquo;offrent \u00e0 vous et \u00e0 prendre part \u00e0 notre voyage vers l&rsquo;excellence en mati\u00e8re de soins de beaut\u00e9.<\/p>\n<\/div><\/div>\n\n<div class=\"wp-block-group alignfull is-layout-constrained wp-container-core-group-is-layout-4383d167 wp-block-group-is-layout-constrained\"><div class=\"wp-block-group__inner-container\">\n<h2 class=\"wp-block-heading has-text-align-center has-text-color has-work-sans-font-family\"><a href=\"https:\/\/www.instagram.com\/alinavelica\/\" rel=\"noopener\">Technicien(ne) en ongles recherch\u00e9(e)<\/a><\/h2>\n\n\n\n<p>Si vous \u00eates une technicienne en ongles qualifi\u00e9e ou si vous aspirez \u00e0 le devenir, nous voulons vous conna\u00eetre. Il s&rsquo;agit d&rsquo;une opportunit\u00e9 unique de rejoindre une \u00e9quipe qui privil\u00e9gie l&rsquo;innovation, la cr\u00e9ativit\u00e9 et la satisfaction du client. En tant que membre de notre \u00e9quipe, vous aurez acc\u00e8s \u00e0 une formation et \u00e0 un d\u00e9veloppement continus. Nous veillons \u00e0 ce que vos comp\u00e9tences restent pointues et pertinentes dans un secteur qui \u00e9volue rapidement.   <\/p>\n\n\n\n<p class=\"has-text-align-left has-text-color has-playfair-display-font-family\">ALINA VELICA se r\u00e9jouit de vous rencontrer, vous qui \u00eates l&rsquo;une des meilleures proth\u00e9sistes ongulaires et amoureuses de la beaut\u00e9 de la ville, pour rejoindre notre jeune \u00e9quipe et profiter du travail de vos r\u00eaves ! Nous sommes situ\u00e9s au c\u0153ur de Z\u00fcrich &#8211; Oldcity, offrant plusieurs traitements de beaut\u00e9 et d&rsquo;esth\u00e9tique avec des produits de la plus haute qualit\u00e9 pour les membres de notre club bien-aim\u00e9 ! Notre environnement est con\u00e7u pour inspirer la cr\u00e9ativit\u00e9 et le professionnalisme, o\u00f9 chaque membre de l&rsquo;\u00e9quipe peut s&rsquo;\u00e9panouir et contribuer \u00e0 une vision commune de la beaut\u00e9.  <\/p>\n\n\n\n<p class=\"has-text-align-left has-text-color has-playfair-display-font-family\" style=\"color:#292929;font-size:16px;font-style:normal;font-weight:500\"><strong>Rejoignez notre \u00e9quipe si vous le souhaitez :<\/strong><\/p>\n\n\n\n<ul class=\"wp-block-list\">\n<li>Tout sur les <a href=\"https:\/\/alinavelica.com\/fr\/offrez-vous-un-soin-de-luxe-pour-les-mains-et-les-pieds-2\/\">ongles<\/a> et la beaut\u00e9 (int\u00e9rieure et ext\u00e9rieure)<\/li>\n\n\n\n<li>Accueillir les h\u00f4tes (clients), comprendre leurs besoins et d\u00e9crire les traitements disponibles.<\/li>\n\n\n\n<li>Effectuer les t\u00e2ches avec pr\u00e9cision et dans les d\u00e9lais impartis<\/li>\n\n\n\n<li>Fournir des traitements professionnels pour les ongles des mains et des pieds en fonction des exigences et des pr\u00e9f\u00e9rences des clients.<\/li>\n\n\n\n<li>Comprendre et conna\u00eetre les diff\u00e9rentes affections des ongles et les traitements disponibles, ainsi que les diff\u00e9rents produits de soin des ongles.<\/li>\n\n\n\n<li>Maintenir des normes de st\u00e9rilisation et d&rsquo;hygi\u00e8ne \u00e9lev\u00e9es<\/li>\n\n\n\n<li>Communication et \u00e9coute des personnes<\/li>\n<\/ul>\n\n\n\n<p><strong>&#8230; et vous pouvez le faire :<\/strong><\/p>\n\n\n\n<p class=\"has-text-align-left has-text-color has-playfair-display-font-family\" style=\"color:#292929;font-size:16px;font-style:normal;font-weight:500\">Faire face calmement \u00e0 des situations stressantes, en \u00e9vitant les conflits et en restant professionnel.<\/p>\n\n\n\n<p>Faire preuve de souplesse en ce qui concerne l&#8217;emploi du temps du client afin de r\u00e9pondre aux exigences commerciales de l&rsquo;\u00e9tablissement.<\/p>\n\n\n\n<p>Avoir l&rsquo;esprit d&rsquo;\u00e9quipe<\/p>\n\n\n\n<p>\u00catre sympathique et avoir une personnalit\u00e9 agr\u00e9able<\/p>\n\n\n\n<p><strong>LE POSTE PEUT \u00caTRE LE V\u00d4TRE !<\/strong>  Nous sommes impatients de rencontrer des personnes ambitieuses, pr\u00eates \u00e0 contribuer \u00e0 notre mission d&rsquo;excellence en mati\u00e8re de soins de beaut\u00e9.<\/p>\n\n\n\n<p>Envoyez-nous une vid\u00e9o en suivant les \u00e9tapes suivantes \u2935\ufe0f \ufe0f<\/p>\n\n\n\n<ul class=\"wp-block-list\">\n<li>Parlez-nous un peu de vous (par exemple : nom, \u00e2ge, formation, exp\u00e9rience professionnelle).<\/li>\n\n\n\n<li>Qu&rsquo;est-ce qui fait de vous la personne id\u00e9ale pour ce poste ?<\/li>\n\n\n\n<li>Quel est votre plus grand objectif \u00e0 atteindre dans votre carri\u00e8re ?<\/li>\n<\/ul>\n<\/div><\/div>\n\n<div class=\"wp-block-group alignfull is-layout-constrained wp-block-group-is-layout-constrained\"><div class=\"wp-block-group__inner-container\">\n<h2 class=\"wp-block-heading has-text-align-center has-black-color has-text-color has-link-color\">COSM\u00c9TOLOGUE RECHERCH\u00c9 !<\/h2>\n\n\n\n<p class=\"has-text-align-center\">Vous \u00eates un(e) cosm\u00e9tologue talentueux(se), passionn\u00e9(e) par la beaut\u00e9 et la cr\u00e9ativit\u00e9 ? Vous vous \u00e9panouissez dans un environnement d&rsquo;\u00e9quipe et vous aimez l&rsquo;id\u00e9e de travailler avec une client\u00e8le respectueuse et charmante ? Si c&rsquo;est le cas, nous avons l&rsquo;opportunit\u00e9 parfaite pour vous ! Rejoignez notre prestigieux institut au c\u0153ur de Zurich et faites partie de notre \u00e9quipe internationale dynamique. Nous nous attachons \u00e0 fournir un service exceptionnel et \u00e0 favoriser le d\u00e9veloppement des activit\u00e9s. Nous offrons un environnement de travail flexible, des opportunit\u00e9s de croissance et la possibilit\u00e9 de mettre en valeur votre cr\u00e9ativit\u00e9. \u00catre cosm\u00e9tologue chez nous signifie que vous serez \u00e0 la pointe des progr\u00e8s en mati\u00e8re de beaut\u00e9 et que vous aurez la possibilit\u00e9 de collaborer avec des professionnels partageant les m\u00eames id\u00e9es.      <\/p>\n\n\n\n<p class=\"has-text-align-left\">Si vous \u00eates pr\u00eat(e) \u00e0 passer \u00e0 la vitesse sup\u00e9rieure dans votre carri\u00e8re de cosm\u00e9tologue, envoyez-nous un DM ou postulez directement avec votre CV et une lettre de motivation \u00e0 l&rsquo;adresse alinavelica@icloud.com. Nous sommes impatients de vous accueillir dans notre \u00e9quipe ! Rejoignez notre \u00e9quipe et commencez votre voyage vers le succ\u00e8s dans l&rsquo;industrie de la beaut\u00e9 !  <\/p>\n\n\n\n<p class=\"has-text-align-left\"><br\/>Si vous \u00eates pr\u00eat(e) \u00e0 passer \u00e0 la vitesse sup\u00e9rieure dans votre carri\u00e8re de cosm\u00e9tologue, envoyez-nous un DM ou postulez directement avec votre CV et une lettre de motivation \u00e0 l&rsquo;adresse alinavelica@icloud.com. Nous sommes impatients de vous accueillir dans notre \u00e9quipe ! <\/p>\n\n\n\n<p><\/p>\n\n\n\n<p class=\"has-text-align-left has-text-color has-playfair-display-font-family\"><strong>Rejoignez notre \u00e9quipe si vous le souhaitez :<\/strong> Chez ALINA VELICA Beauty Club, nous c\u00e9l\u00e9brons la diversit\u00e9 et accueillons tous les talents. Nous appr\u00e9cions les personnes passionn\u00e9es par la mise en valeur de la beaut\u00e9, que ce soit par les ongles, les soins de la peau ou le maquillage. Votre enthousiasme contribuera \u00e0 cr\u00e9er des exp\u00e9riences m\u00e9morables pour nos clients.  <\/p>\n\n\n\n<li>Tout sur les <a href=\"https:\/\/alinavelica.com\/fr\/offrez-vous-un-soin-de-luxe-pour-les-mains-et-les-pieds-2\/\">ongles<\/a> et la beaut\u00e9 (int\u00e9rieure et ext\u00e9rieure) &#8211; des derni\u00e8res tendances aux techniques intemporelles, nous couvrons tout !<\/li>\n\n\n\n<li>Accueillir les invit\u00e9s (clients), comprendre leurs besoins et d\u00e9crire les traitements disponibles. Vos comp\u00e9tences en mati\u00e8re de communication joueront un r\u00f4le crucial dans la cr\u00e9ation d&rsquo;une atmosph\u00e8re accueillante. <\/li>\n\n\n\n<li>Ex\u00e9cuter les t\u00e2ches avec pr\u00e9cision et dans les d\u00e9lais ; la fiabilit\u00e9 est essentielle dans notre environnement anim\u00e9.<\/li>\n\n\n\n<li>Fournir des traitements professionnels pour les ongles des mains et des pieds en fonction des exigences et des pr\u00e9f\u00e9rences des clients ; votre sens artistique brillera dans chaque service.<\/li>\n\n\n\n<li>Comprendre et conna\u00eetre les diff\u00e9rentes affections des ongles et les traitements disponibles, ainsi que les diff\u00e9rents produits de soins des ongles ; la formation continue fait partie de notre philosophie.<\/li>\n\n\n\n<li>En maintenant des normes de st\u00e9rilisation et d&rsquo;hygi\u00e8ne \u00e9lev\u00e9es, nous donnons la priorit\u00e9 \u00e0 la s\u00e9curit\u00e9 et au professionnalisme \u00e0 tout moment.<\/li>\n\n\n\n<li>La communication et l&rsquo;\u00e9coute des gens ; l&rsquo;\u00e9tablissement de relations avec les clients est essentiel pour fid\u00e9liser les clients.<\/li>\n\n\n\n<p><strong>&#8230; et vous le pouvez :<\/strong> Votre r\u00f4le impliquera non seulement des comp\u00e9tences techniques, mais aussi une croissance et un d\u00e9veloppement personnels. Nous encourageons les membres de notre \u00e9quipe \u00e0 \u00eatre proactifs et \u00e0 prendre des initiatives. <\/p>\n\n\n\n<p class=\"has-text-align-left has-text-color has-playfair-display-font-family\">Traitez calmement les situations stressantes, en \u00e9vitant les conflits et en restant professionnel ; votre sang-froid donnera un ton positif au salon.<\/p>\n\n\n\n<p>Faire preuve de souplesse par rapport \u00e0 l&#8217;emploi du temps du client afin de r\u00e9pondre aux exigences commerciales de l&rsquo;\u00e9tablissement ; la capacit\u00e9 d&rsquo;adaptation est essentielle dans notre environnement en constante \u00e9volution.<\/p>\n\n\n\n<p>Vous avez l&rsquo;esprit d&rsquo;\u00e9quipe ; la collaboration est au c\u0153ur de notre culture.<\/p>\n\n\n\n<p>Soyez aimable et ayez une personnalit\u00e9 agr\u00e9able ; une attitude positive est contagieuse !<\/p>\n\n\n\n<p>Envoyez-nous une vid\u00e9o en suivant les \u00e9tapes suivantes \u2935\ufe0f \ufe0f Nous recherchons un enthousiasme sinc\u00e8re et une vision claire de votre parcours professionnel.<\/p>\n\n\n\n<li>Parlez-nous un peu de vous (par exemple : nom, \u00e2ge, formation, exp\u00e9rience professionnelle) &#8211; partagez votre parcours avec nous !<\/li>\n\n\n\n<li>Qu&rsquo;est-ce qui fait de vous la personne id\u00e9ale pour ce poste ? Nous accordons de l&rsquo;importance \u00e0 l&rsquo;unicit\u00e9, alors mettez en avant vos points forts.<\/li>\n\n\n\n<li>Quel est le plus grand objectif que vous souhaitez atteindre au cours de votre carri\u00e8re ? Nous aimons les objectifs ambitieux et soutenons les aspirations de notre \u00e9quipe ! <\/li>\n\n\n\n<p><\/p>\n<\/div><\/div>\n","protected":false},"excerpt":{"rendered":"<p>Technicien(ne) en ongles recherch\u00e9(e) Si vous \u00eates une technicienne en ongles qualifi\u00e9e ou si vous aspirez \u00e0 le devenir, nous voulons vous conna\u00eetre. Il s&rsquo;agit d&rsquo;une opportunit\u00e9 unique de rejoindre une \u00e9quipe qui privil\u00e9gie l&rsquo;innovation, la cr\u00e9ativit\u00e9 et la satisfaction du client. En tant que membre de notre \u00e9quipe, vous aurez acc\u00e8s \u00e0 une formation [&hellip;]<\/p>\n","protected":false},"author":4,"featured_media":0,"parent":0,"menu_order":0,"comment_status":"closed","ping_status":"closed","template":"","meta":{"_uag_custom_page_level_css":"","site-sidebar-layout":"default","site-content-layout":"","ast-site-content-layout":"default","site-content-style":"default","site-sidebar-style":"default","ast-global-header-display":"","ast-banner-title-visibility":"","ast-main-header-display":"","ast-hfb-above-header-display":"","ast-hfb-below-header-display":"","ast-hfb-mobile-header-display":"","site-post-title":"disabled","ast-breadcrumbs-content":"","ast-featured-img":"","footer-sml-layout":"","ast-disable-related-posts":"","theme-transparent-header-meta":"","adv-header-id-meta":"","stick-header-meta":"","header-above-stick-meta":"","header-main-stick-meta":"","header-below-stick-meta":"","astra-migrate-meta-layouts":"default","ast-page-background-enabled":"default","ast-page-background-meta":{"desktop":{"background-color":"var(--ast-global-color-4)","background-image":"","background-repeat":"repeat","background-position":"center center","background-size":"auto","background-attachment":"scroll","background-type":"","background-media":"","overlay-type":"","overlay-color":"","overlay-opacity":"","overlay-gradient":""},"tablet":{"background-color":"","background-image":"","background-repeat":"repeat","background-position":"center center","background-size":"auto","background-attachment":"scroll","background-type":"","background-media":"","overlay-type":"","overlay-color":"","overlay-opacity":"","overlay-gradient":""},"mobile":{"background-color":"","background-image":"","background-repeat":"repeat","background-position":"center center","background-size":"auto","background-attachment":"scroll","background-type":"","background-media":"","overlay-type":"","overlay-color":"","overlay-opacity":"","overlay-gradient":""}},"ast-content-background-meta":{"desktop":{"background-color":"var(--ast-global-color-5)","background-image":"","background-repeat":"repeat","background-position":"center center","background-size":"auto","background-attachment":"scroll","background-type":"","background-media":"","overlay-type":"","overlay-color":"","overlay-opacity":"","overlay-gradient":""},"tablet":{"background-color":"var(--ast-global-color-5)","background-image":"","background-repeat":"repeat","background-position":"center center","background-size":"auto","background-attachment":"scroll","background-type":"","background-media":"","overlay-type":"","overlay-color":"","overlay-opacity":"","overlay-gradient":""},"mobile":{"background-color":"var(--ast-global-color-5)","background-image":"","background-repeat":"repeat","background-position":"center center","background-size":"auto","background-attachment":"scroll","background-type":"","background-media":"","overlay-type":"","overlay-color":"","overlay-opacity":"","overlay-gradient":""}},"footnotes":""},"class_list":["post-7931","page","type-page","status-publish","hentry"],"uagb_featured_image_src":{"full":false,"thumbnail":false,"medium":false,"medium_large":false,"large":false,"1536x1536":false,"2048x2048":false,"mailpoet_newsletter_max":false,"woocommerce_thumbnail":false,"woocommerce_single":false,"woocommerce_gallery_thumbnail":false},"uagb_author_info":{"display_name":"Alina Velica","author_link":"https:\/\/alinavelica.com\/fr\/author\/chicnails-editor\/"},"uagb_comment_info":0,"uagb_excerpt":"Technicien(ne) en ongles recherch\u00e9(e) Si vous \u00eates une technicienne en ongles qualifi\u00e9e ou si vous aspirez \u00e0 le devenir, nous voulons vous conna\u00eetre. Il s&rsquo;agit d&rsquo;une opportunit\u00e9 unique de rejoindre une \u00e9quipe qui privil\u00e9gie l&rsquo;innovation, la cr\u00e9ativit\u00e9 et la satisfaction du client. En tant que membre de notre \u00e9quipe, vous aurez acc\u00e8s \u00e0 une formation\u2026","jetpack_sharing_enabled":true,"_links":{"self":[{"href":"https:\/\/alinavelica.com\/fr\/wp-json\/wp\/v2\/pages\/7931","targetHints":{"allow":["GET"]}}],"collection":[{"href":"https:\/\/alinavelica.com\/fr\/wp-json\/wp\/v2\/pages"}],"about":[{"href":"https:\/\/alinavelica.com\/fr\/wp-json\/wp\/v2\/types\/page"}],"author":[{"embeddable":true,"href":"https:\/\/alinavelica.com\/fr\/wp-json\/wp\/v2\/users\/4"}],"replies":[{"embeddable":true,"href":"https:\/\/alinavelica.com\/fr\/wp-json\/wp\/v2\/comments?post=7931"}],"version-history":[{"count":14,"href":"https:\/\/alinavelica.com\/fr\/wp-json\/wp\/v2\/pages\/7931\/revisions"}],"predecessor-version":[{"id":9190,"href":"https:\/\/alinavelica.com\/fr\/wp-json\/wp\/v2\/pages\/7931\/revisions\/9190"}],"wp:attachment":[{"href":"https:\/\/alinavelica.com\/fr\/wp-json\/wp\/v2\/media?parent=7931"}],"curies":[{"name":"wp","href":"https:\/\/api.w.org\/{rel}","templated":true}]}}