{"id":8169,"date":"2025-07-01T23:18:43","date_gmt":"2025-07-01T21:18:43","guid":{"rendered":"https:\/\/alinavelica.com\/product\/wurzeln-verteidigung-50spf\/"},"modified":"2025-07-01T23:21:24","modified_gmt":"2025-07-01T21:21:24","slug":"wurzeln-verteidigung-50spf","status":"publish","type":"product","link":"https:\/\/alinavelica.com\/de\/product\/wurzeln-verteidigung-50spf\/","title":{"rendered":"WURZELN VERTEIDIGUNG 50SPF"},"content":{"rendered":"<p><span style=\"color: #000000;\">F\u00fcr einen <span class=\"word modified\" data-words=\"eficienta,eficient\u0103,eficien\u021ba,eficien\u021b\u0103\">leistungsstarken <\/span><span class=\"word\" data-words=\"protec\u021bie,protectie\">Schutz<\/span> <span class=\"word modified\" data-words=\"Formulat\u0103,Formulata\">formuliert<\/span>, bietet das <strong> <span class=\"word modified\" data-words=\"matca,matc\u0103,m\u0103tc\u0103,m\u00e2tca,m\u00e2tc\u0103\">ROOTS DEFENCE 50 SPF<\/span><\/strong><span class=\"word\" data-words=\"crem\u0103,crema\">Sonnenschutzcreme <\/span><span class=\"word\" data-words=\"confer\u0103,confera\">bietet<\/span><span class=\"word\" data-words=\"\u0219i,si\">au\u00dferdem <\/span> die revitalisierende Wirkung der <span class=\"word\" data-words=\"nutrien\u021bilor,nutrientilor\">N\u00e4hrstoffe<\/span> von <span class=\"word\" data-words=\"l\u0103pti\u0219orul,laptisorul\">Gel\u00e9e<\/span> Royale, die feuchtigkeitsspendende Wirkung       <span class=\"word\" data-words=\"prezente,prezen\u021be\">durch <\/span><span class=\"word modified\" data-words=\"solar\u0103,solara\">die<\/span> Einnahme von Hyalurons\u00e4ure <span class=\"word\" data-words=\"c\u00e2t,c\u0103t,c\u0103\u021b,cat\">und <\/span><span class=\"word\" data-words=\"\u0219i,si\">die<\/span> antioxidative Wirkung<span class=\"word modified\" data-words=\"datorit\u0103,datorita\">des<\/span> Kurkumaextrakts.<\/span><\/p>\n<p><span style=\"color: #000000;\">Die wichtigsten Vorteile:<\/span><\/p>\n<p><span style=\"color: #000000;\">&#8211; Hochwirksamer Schutz: Unsere <span class=\"word\" data-words=\"Formul\u0103,Formula\">Formel<\/span> mit LSF 50 bietet eine wirksame Barriere <span class=\"word\" data-words=\"ajut\u00e2nd,ajutand\">, die <\/span> <span class=\"word\" data-words=\"la,l\u0103\">die<\/span> Haut sch\u00fctzt <span class=\"word\" data-words=\"\u0219i,si\">und<\/span> vorzeitiger Hautalterung vorbeugt.<\/span><\/p>\n<p><span style=\"color: #000000;\">&#8211; Hydratation: Hyalurons\u00e4ure ist <span class=\"word modified\" data-words=\"c\u0103,ca\">ein<\/span> anerkannter Wirkstoff, der intensive und lang anhaltende Feuchtigkeit <span class=\"word\" data-words=\"promoveaz\u0103,promoveaza\">spendet<\/span> und <span class=\"word modified\" data-words=\"\u00een,in\">die<\/span> Haut samtig weich h\u00e4lt.<\/span><\/p>\n<p><span style=\"color: #000000;\">&#8211; <span class=\"word modified\" data-words=\"delicat\u0103,delicata\"> Zarte<\/span> Pflege : Panthenol, auch bekannt als <span class=\"word\" data-words=\"provitamin\u0103,provitamina\">Provitamin<\/span> B5, kann helfen, die Haut <span class=\"word\" data-words=\"la,l\u0103\">zu beruhigen<\/span> und zu regenerieren.<\/span><\/p>\n<p><span style=\"color: #000000;\">&#8211; Antioxidantien: Ingwerextrakt hat intensive antioxidative Eigenschaften, die die Haut vor den sch\u00e4dlichen Auswirkungen freier Radikale sch\u00fctzen und f\u00fcr eine strahlende Haut sorgen.<\/span><\/p>\n<p><span style=\"color: #000000;\">&#8211; Revitalisierung: Gel\u00e9e Royale, <span class=\"word\" data-words=\"bogat,bog\u0103t\">reich<\/span> an Vitaminen und essentiellen N\u00e4hrstoffen, tr\u00e4gt zur <span class=\"word\" data-words=\"la,l\u0103\">Revitalisierung<\/span> der Haut bei und verleiht ihr ein straffes Aussehen.<\/span><\/p>\n<p><span style=\"color: #000000;\">&#8211; <span class=\"word\" data-words=\"Vitamin\u0103,Vitamina\">Vitamin<\/span> E ist ein wichtiges Antioxidans, das <span class=\"word modified\" data-words=\"c\u0103,ca\">als<\/span> Radikalf\u00e4nger wirken kann. Experimentelle Studien deuten darauf hin, dass <span class=\"word\" data-words=\"vitamin\u0103,vitamina\">Vitamin<\/span> E photoprotektive Eigenschaften haben k\u00f6nnte. <\/span><\/p>\n<p><span style=\"color: #000000;\">15-30 Minuten vor dem Sonnenbad gro\u00dfz\u00fcgig auf das Gesicht auftragen <span class=\"word\" data-words=\"la,l\u0103\">.<\/span> Tragen Sie die Creme <span class=\"word\" data-words=\"la,l\u0103\">alle<\/span> 2 Stunden <span class=\"word\" data-words=\"sau,s\u0103u,\u0219au\">oder<\/span> nach dem Schwimmen, Schwitzen <span class=\"word\" data-words=\"sau,s\u0103u,\u0219au\">oder<\/span> Abtrocknen erneut auf.<\/span><\/p>\n<p><span style=\"color: #000000;\">Dermatologisch getestet f\u00fcr <span class=\"word modified\" data-words=\"sensibil\u0103,sensibila\">empfindliche<\/span> Haut.<\/span><\/p>\n<p><span style=\"color: #000000;\">Ver\u00e4ndern Sie Ihre <span class=\"word\" data-words=\"rutin\u0103,rutina\">Hautpflegeroutine und genie\u00dfen Sie den <\/span><span class=\"word modified\" data-words=\"necesar\u0103,necesara\">dringend ben\u00f6tigten<\/span> Sonnenschutz mit unserem Produkt mit LSF 50.<\/span><\/p>\n<p>&nbsp;<\/p>\n<p><span style=\"color: #000000;\">Spezielle Studien ( <a style=\"color: #000000;\" title=\"https:\/\/pubmed.ncbi.nlm.nih.gov\/21812645\/\" href=\"https:\/\/pubmed.ncbi.nlm.nih.gov\/21812645\/\" rel=\"noopener\">Gel\u00e9e Royale sch\u00fctzt vor ultraviolettem B-induziertem Photoaging in menschlichen Hautfibroblasten durch Steigerung der Kollagenproduktion<\/a> ) <span class=\"word modified\" data-words=\"indic\u0103,indica\">zeigen,<\/span> dass <strong>Gel\u00e9e Royale <\/strong><strong><span class=\"word\" data-words=\"l\u0103pti\u0219orul,laptisorul\">Gelee Royale<\/span><\/strong> , einer der <span class=\"word\" data-words=\"ingredientele,ingredien\u021bele\">Hauptbestandteile der Creme &#8222;ROOTS DEFENCE 50 SPF&#8220; <\/span><span class=\"word\" data-words=\"c\u0103,ca\">,<\/span> die Haut vor UVB-induzierter Lichtalterung <span class=\"word\" data-words=\"protej\u0103,proteja\">sch\u00fctzen<\/span> kann, indem es die Kollagenproduktion steigert. <span class=\"word modified\" data-words=\"matca,matc\u0103,m\u0103tc\u0103,m\u00e2tca,m\u00e2tc\u0103\">Gel\u00e9e Royale <\/span><strong><span class=\"word modified\" data-words=\"matca,matc\u0103,m\u0103tc\u0103,m\u00e2tca,m\u00e2tc\u0103\">Gelee Royal<\/span><\/strong><span class=\"word\" data-words=\"L\u0103pti\u0219orul,Laptisorul\"> enth\u00e4lt<\/span> Proteine, Kohlenhydrate, Fette, freie Aminos\u00e4uren, Vitamine und Mineralien. <span class=\"word modified\" data-words=\"C\u0103,Ca\">Als <\/span><span class=\"word\" data-words=\"nesaturat,nes\u0103turat\">wichtigste unges\u00e4ttigte<\/span> <span class=\"word modified\" data-words=\"matca,matc\u0103,m\u0103tc\u0103,m\u00e2tca,m\u00e2tc\u0103\">Fetts\u00e4ure<\/span> enth\u00e4lt Gelee Royale 10       &#8211; <span class=\"word\" data-words=\"l\u0103pti\u0219orul,laptisorul\"> Hydroxy-2-decens\u00e4ure<\/span> (10-HDA), die m\u00f6glicherweise die F\u00e4higkeit hat  <span class=\"word modified\" data-words=\"matca,matc\u0103,m\u0103tc\u0103,m\u00e2tca,m\u00e2tc\u0103\">die Kollagenproduktion stimulieren. In der Studie ma\u00dfen Hye Min Park et al. den 10-HDA-Gehalt von Royal   <\/span><span class=\"word\" data-words=\"stimul\u0103,stimula\">Gelee Royale<\/span> durch <span class=\"word\" data-words=\"al,\u0103l\">Hochleistungsfl\u00fcssigkeitschromatographie<\/span> <span class=\"word\" data-words=\"l\u0103pti\u0219orul,laptisorul\">und<\/span> testeten seine Auswirkungen <span class=\"word\" data-words=\"asupr\u0103,asupra\">auf die<\/span> UVB-induzierte Hautalterung bei normalen menschlichen Hautfibroblasten. UVB-bestrahlte menschliche Hautfibroblasten, die mit <span class=\"word\" data-words=\"l\u0103pti\u0219or,laptisor\">Gel\u00e9e<\/span> Royale und 10-HDA behandelt wurden, erh\u00f6hten die Produktion von <span class=\"word\" data-words=\"tip,\u021bip,\u021b\u00eep\">Typ I Prokollagen und TGF-1, aber <\/span><span class=\"word modified\" data-words=\"matca,matc\u0103,m\u0103tc\u0103,m\u00e2tca,m\u00e2tc\u0103\">die<\/span> Menge an MMP-1 wurde nicht ver\u00e4ndert. Dies zeigt, <span class=\"word\" data-words=\"c\u0103,ca\">dass<\/span> <span class=\"word\" data-words=\"l\u0103pti\u0219orul,laptisorul\">Gel\u00e9e<\/span> Royale <span class=\"word\" data-words=\"protej\u0103,proteja\">die Haut vor <\/span><span class=\"word modified\" data-words=\"matca,matc\u0103,m\u0103tc\u0103,m\u00e2tca,m\u00e2tc\u0103\">UVB-induzierter<\/span> Lichtalterung sch\u00fctzen  kann, indem es die Kollagenproduktion erh\u00f6ht.  <\/span><\/p>\n<p><span style=\"color: #000000;\">Ein weiterer wichtiger Wirkstoff in der <strong>ROOTS DEFENCE 50 SPF<\/strong> <span class=\"word\" data-words=\"crem\u0103,crema\">Creme ist <\/span><strong>Ingwerextrakt<\/strong>. Spezialisierte Studien ( <a style=\"color: #000000;\" title=\"https:\/\/www.researchgate.net\/publication\/262943940_Evaluation_of_Sun_Protection_Factor_of_Zingiber_officinale_Roscoe_Extract_by_Ultraviolet_Spectroscopy_Method\" href=\"https:\/\/www.researchgate.net\/publication\/262943940_Evaluation_of_Sun_Protection_Factor_of_Zingiber_officinale_Roscoe_Extract_by_Ultraviolet_Spectroscopy_Method\" rel=\"noopener\">Evaluation of Sun Protection Factor of Zingiber officinale Roscoe Extract by Ultraviolet Spectroscopy Method<\/a> ) haben die Tatsache <span class=\"word\" data-words=\"\u00een,in\">hervorgehoben<\/span> <span class=\"word\" data-words=\"c\u0103,ca\">, dass die  f\u00fcr die Ultraviolettabsorption verantwortlichen aktiven <\/span><span class=\"word\" data-words=\"componentele,componen\u021bele\">Komponenten<\/span> von Zingiber officinale isoliert und in Sonnenschutzpr\u00e4paraten f\u00fcr einen <span class=\"word\" data-words=\"mai,m\u0103i,m\u00e2i\">besseren<\/span> Schutz vor Sonnenlicht verwendet werden k\u00f6nnen. Die Studien <span class=\"word\" data-words=\"men\u021bioneaz\u0103,mentioneaza\">weisen  also darauf hin, dass der Extrakt von Zingiber officinale <\/span> UV-Strahlung absorbieren<span class=\"word modified\" data-words=\"evidenta,evident\u0103,eviden\u021ba,eviden\u021b\u0103\">kann<\/span> und eine gute Sonnenschutzwirkung gegen ultraviolette Strahlung hat.  <\/span><\/p>\n<p><span lang=\"RO\" style=\"color: #000000;\">Bleiben Sie nicht zu lange in der Sonne, auch wenn Sie einen Sonnenschutz verwenden. Setzen Sie S\u00e4uglinge und Kleinkinder nicht direkt der Sonne aus. \u00dcberm\u00e4\u00dfige Sonneneinstrahlung ist eine ernste Gefahr f\u00fcr die Gesundheit. Tragen Sie Sonnenschutzmittel auf, bevor Sie sich der Sonne aussetzen. Sonnenschutzmittel sch\u00fctzen Sie nicht zu 100% vor der Sonne. Cremen Sie sich h\u00e4ufig neu ein, um den Schutz aufrechtzuerhalten.     <\/span><\/p>\n<p><span lang=\"RO\" style=\"color: #000000;\">Eine Menge, die 3 g entspricht, sollte gleichm\u00e4\u00dfig auf das gesamte Gesicht, den Hals und das Dekollet\u00e9 aufgetragen werden. Achtung: Eine geringere Menge verringert den Schutz erheblich. <\/span><\/p>\n<h2 id=\"heading-2\" class=\"accordion-header\">Zutaten<\/h2>\n<div id=\"description-2\" class=\"accordion-collapse collapse show\" aria-labelledby=\"heading-2\" data-bs-parent=\"#prod-desc-acc\">\n<div class=\"accordion-body\">\n<p>AQUA, ETHYLHEXYL METHOXYCINNAMATE, OCTORYLENE, HOMOSALATE, BENZOPHENONE-3, ACRYLATES COPOLYMER, AVOBENZONE, ETHYLHEXYL SALICYLATE, PANTHENOL, GLYCERIN, TOCOPHERYL ACETATE, GEL\u00c9E ROYALE, PHENOXYETHANOL, HYALURONS\u00c4URE, ZINGIBER OFFICINALE (INGWER) WURZELEXTRAKT, ETHYLHEXYLGLYCERIN, CURCUMA LONGA (KURKUMA) WURZELEXTRAKT, KALIUMSORBAT, NATRIUMBENZOAT.<\/p>\n<h2>WIE ZU VERWENDEN:<\/h2>\n<\/div>\n<div id=\"description-4\" class=\"accordion-collapse collapse show\" aria-labelledby=\"heading-4\" data-bs-parent=\"#prod-desc-acc\">\n<div class=\"accordion-body\">\n<p><span lang=\"RO\">Hinweise zur Anwendung: Eine Menge, die 1 g entspricht, sollte gleichm\u00e4\u00dfig auf das gesamte Gesicht aufgetragen werden. Achtung: Wenn Sie die Menge reduzieren, verringert sich der Schutz erheblich. <\/span><\/p>\n<p><span lang=\"RO\">Tragen Sie die Creme h\u00e4ufig auf, um den Schutz aufrechtzuerhalten, insbesondere nach dem Schwitzen, Schwimmen oder Abtrocknen.<\/span><\/p>\n<p><span lang=\"RO\">Vermeiden Sie den Kontakt mit den Augen.<\/span><\/p>\n<p><span lang=\"RO\">Sollte das Produkt versehentlich in Ihre Augen gelangen, sp\u00fclen Sie es gr\u00fcndlich mit lauwarmem Wasser aus.<\/span><\/p>\n<h2 id=\"heading-5\" class=\"accordion-header\">Anspr\u00fcche<\/h2>\n<div id=\"description-5\" class=\"accordion-collapse collapse show\" aria-labelledby=\"heading-5\" data-bs-parent=\"#prod-desc-acc\">\n<div class=\"accordion-body\">\n<p><strong>Aufbewahrungsmethode: <\/strong> An einem trockenen, sauberen und k\u00fchlen Ort aufbewahren.<\/p>\n<p><strong>Gewicht:<\/strong> 50 ml<\/p>\n<p>Die Produktfotos auf dieser Website dienen nur zu Informationszwecken. Auch wenn es Unterschiede in der Verpackung geben kann, versichern wir Ihnen die Qualit\u00e4t Ihrer Routine. Um <span class=\"word\" data-words=\"prospe\u021bimea,prospetimea\">die Frische<\/span> unserer Produkte <span class=\"word modified\" data-words=\"pastra,p\u0103stra,p\u0103str\u0103\">zu erhalten <\/span>, <span class=\"word modified\" data-words=\"fabricam,fabric\u0103m\">stellen wir sie <\/span> <span class=\"word\" data-words=\"\u00een,in\">in<\/span> kleinen Chargen her  <span class=\"word\" data-words=\"\u0219i,si\">.<\/span> Daher kann es <span class=\"word\" data-words=\"func\u021bie,functie\">je nach<\/span> Charge zu <span class=\"word\" data-words=\"s\u0103,sa,\u0219a\">Unterschieden <\/span><span class=\"word\" data-words=\"diferen\u021be,diferente\">in<\/span> Textur <span class=\"word modified\" data-words=\"textur\u0103,textura\">und <\/span> <span class=\"word\" data-words=\"\u0219i,si\">Farbe<\/span> kommen.   Diese <span class=\"word\" data-words=\"diferen\u021be,diferente\">Unterschiede <\/span> <span class=\"word\" data-words=\"sunt,\u0219unt\">werden <\/span> durch die <span class=\"word\" data-words=\"ingredientele,ingredien\u021bele\">verwendeten Wirkstoffe <\/span> <span class=\"word\" data-words=\"influen\u021bate,influentate\">beeinflusst<\/span> , da <span class=\"word\" data-words=\"sunt,\u0219unt\">es sich um Pflanzenextraktehandelt<\/span> <span class=\"word\" data-words=\"\u0219i,si\">, die<\/span> sich je nach Jahreszeit und <span class=\"word\" data-words=\"zona,zon\u0103\">Herkunftsgebiet<\/span> des Rohstoffs unterscheiden k\u00f6nnen. Da unsere Produkte Allergene enthalten k\u00f6nnen, empfehlen wir Ihnen, vor dem \u00d6ffnen der Verpackung und der Verwendung der Produkte die darin enthaltenen <span class=\"word\" data-words=\"ingredientele,ingredien\u021bele\">Inhaltsstoffe<\/span> sorgf\u00e4ltig zu lesen und das Produkt nicht zu verwenden, wenn Sie wissen, dass Sie <span class=\"word\" data-words=\"la,l\u0103\">auf<\/span> einen der <span class=\"word\" data-words=\"ingrediente,ingredien\u021be\">Inhaltsstoffe<\/span> allergisch <span class=\"word\" data-words=\"sau,s\u0103u,\u0219au\">oder<\/span> empfindlich reagieren <span class=\"word modified\" data-words=\"\u00een,in\">.<\/span> <span class=\"word\" data-words=\"\u00een,in\">Sollten<\/span> Sie <span class=\"word modified\" data-words=\"c\u0103,ca\">bei<\/span> der Verwendung des Produkts eine allergische Reaktion bemerken, stellen Sie die Anwendung ein und konsultieren Sie Ihren Arzt.<\/p>\n<p><strong>Um Ihnen ein angenehmes und zuverl\u00e4ssiges Erlebnis zu garantieren, ist dieses Produkt dermatologisch f\u00fcr empfindliche Haut getestet.<\/strong><\/p>\n<\/div>\n<\/div>\n<\/div>\n<\/div>\n<\/div>\n","protected":false},"excerpt":{"rendered":"<p>F\u00fcr einen leistungsstarken Schutz formuliert, bietet das ROOTS DEFENCE 50 SPFSonnenschutzcreme bietetau\u00dferdem die revitalisierende Wirkung der N\u00e4hrstoffe von Gel\u00e9e Royale, die feuchtigkeitsspendende Wirkung durch die Einnahme von Hyalurons\u00e4ure und die antioxidative Wirkungdes Kurkumaextrakts. Die wichtigsten Vorteile: &#8211; Hochwirksamer Schutz: Unsere Formel mit LSF 50 bietet eine wirksame Barriere , die die Haut sch\u00fctzt und vorzeitiger [&hellip;]<\/p>\n","protected":false},"featured_media":8165,"comment_status":"closed","ping_status":"closed","template":"","meta":{"_uag_custom_page_level_css":"","site-sidebar-layout":"default","site-content-layout":"","ast-site-content-layout":"default","site-content-style":"default","site-sidebar-style":"default","ast-global-header-display":"","ast-banner-title-visibility":"","ast-main-header-display":"","ast-hfb-above-header-display":"","ast-hfb-below-header-display":"","ast-hfb-mobile-header-display":"","site-post-title":"","ast-breadcrumbs-content":"","ast-featured-img":"","footer-sml-layout":"","ast-disable-related-posts":"","theme-transparent-header-meta":"default","adv-header-id-meta":"","stick-header-meta":"","header-above-stick-meta":"","header-main-stick-meta":"","header-below-stick-meta":"","astra-migrate-meta-layouts":"default","ast-page-background-enabled":"default","ast-page-background-meta":{"desktop":{"background-color":"var(--ast-global-color-4)","background-image":"","background-repeat":"repeat","background-position":"center center","background-size":"auto","background-attachment":"scroll","background-type":"","background-media":"","overlay-type":"","overlay-color":"","overlay-opacity":"","overlay-gradient":""},"tablet":{"background-color":"","background-image":"","background-repeat":"repeat","background-position":"center center","background-size":"auto","background-attachment":"scroll","background-type":"","background-media":"","overlay-type":"","overlay-color":"","overlay-opacity":"","overlay-gradient":""},"mobile":{"background-color":"","background-image":"","background-repeat":"repeat","background-position":"center center","background-size":"auto","background-attachment":"scroll","background-type":"","background-media":"","overlay-type":"","overlay-color":"","overlay-opacity":"","overlay-gradient":""}},"ast-content-background-meta":{"desktop":{"background-color":"var(--ast-global-color-5)","background-image":"","background-repeat":"repeat","background-position":"center center","background-size":"auto","background-attachment":"scroll","background-type":"","background-media":"","overlay-type":"","overlay-color":"","overlay-opacity":"","overlay-gradient":""},"tablet":{"background-color":"var(--ast-global-color-5)","background-image":"","background-repeat":"repeat","background-position":"center center","background-size":"auto","background-attachment":"scroll","background-type":"","background-media":"","overlay-type":"","overlay-color":"","overlay-opacity":"","overlay-gradient":""},"mobile":{"background-color":"var(--ast-global-color-5)","background-image":"","background-repeat":"repeat","background-position":"center center","background-size":"auto","background-attachment":"scroll","background-type":"","background-media":"","overlay-type":"","overlay-color":"","overlay-opacity":"","overlay-gradient":""}}},"product_brand":[711],"product_cat":[761,817,818],"product_tag":[],"class_list":{"0":"post-8169","1":"product","2":"type-product","3":"status-publish","4":"has-post-thumbnail","6":"product_brand-alina-velica-skincare","7":"product_cat-anti-aging-de","8":"product_cat-cremes-de","9":"product_cat-spf-de","10":"desktop-align-left","11":"tablet-align-left","12":"mobile-align-left","14":"first","15":"instock","16":"taxable","17":"shipping-taxable","18":"purchasable","19":"product-type-simple"},"uagb_featured_image_src":{"full":["https:\/\/alinavelica.com\/wp-content\/uploads\/2025\/07\/IMG_8831.jpg",1024,1024,false],"thumbnail":["https:\/\/alinavelica.com\/wp-content\/uploads\/2025\/07\/IMG_8831-150x150.jpg",150,150,true],"medium":["https:\/\/alinavelica.com\/wp-content\/uploads\/2025\/07\/IMG_8831-300x300.jpg",300,300,true],"medium_large":["https:\/\/alinavelica.com\/wp-content\/uploads\/2025\/07\/IMG_8831-768x768.jpg",768,768,true],"large":["https:\/\/alinavelica.com\/wp-content\/uploads\/2025\/07\/IMG_8831.jpg",1024,1024,false],"1536x1536":["https:\/\/alinavelica.com\/wp-content\/uploads\/2025\/07\/IMG_8831.jpg",1024,1024,false],"2048x2048":["https:\/\/alinavelica.com\/wp-content\/uploads\/2025\/07\/IMG_8831.jpg",1024,1024,false],"mailpoet_newsletter_max":["https:\/\/alinavelica.com\/wp-content\/uploads\/2025\/07\/IMG_8831.jpg",1024,1024,false],"woocommerce_thumbnail":["https:\/\/alinavelica.com\/wp-content\/uploads\/2025\/07\/IMG_8831-300x300.jpg",300,300,true],"woocommerce_single":["https:\/\/alinavelica.com\/wp-content\/uploads\/2025\/07\/IMG_8831-600x600.jpg",600,600,true],"woocommerce_gallery_thumbnail":["https:\/\/alinavelica.com\/wp-content\/uploads\/2025\/07\/IMG_8831-100x100.jpg",100,100,true]},"uagb_author_info":{"display_name":"Alina Velica","author_link":"https:\/\/alinavelica.com\/de\/author\/"},"uagb_comment_info":0,"uagb_excerpt":"F\u00fcr einen leistungsstarken Schutz formuliert, bietet das ROOTS DEFENCE 50 SPFSonnenschutzcreme bietetau\u00dferdem die revitalisierende Wirkung der N\u00e4hrstoffe von Gel\u00e9e Royale, die feuchtigkeitsspendende Wirkung durch die Einnahme von Hyalurons\u00e4ure und die antioxidative Wirkungdes Kurkumaextrakts. Die wichtigsten Vorteile: &#8211; Hochwirksamer Schutz: Unsere Formel mit LSF 50 bietet eine wirksame Barriere , die die Haut sch\u00fctzt und vorzeitiger&hellip;","jetpack_sharing_enabled":true,"_links":{"self":[{"href":"https:\/\/alinavelica.com\/de\/wp-json\/wp\/v2\/product\/8169","targetHints":{"allow":["GET"]}}],"collection":[{"href":"https:\/\/alinavelica.com\/de\/wp-json\/wp\/v2\/product"}],"about":[{"href":"https:\/\/alinavelica.com\/de\/wp-json\/wp\/v2\/types\/product"}],"replies":[{"embeddable":true,"href":"https:\/\/alinavelica.com\/de\/wp-json\/wp\/v2\/comments?post=8169"}],"wp:featuredmedia":[{"embeddable":true,"href":"https:\/\/alinavelica.com\/de\/wp-json\/wp\/v2\/media\/8165"}],"wp:attachment":[{"href":"https:\/\/alinavelica.com\/de\/wp-json\/wp\/v2\/media?parent=8169"}],"wp:term":[{"taxonomy":"product_brand","embeddable":true,"href":"https:\/\/alinavelica.com\/de\/wp-json\/wp\/v2\/product_brand?post=8169"},{"taxonomy":"product_cat","embeddable":true,"href":"https:\/\/alinavelica.com\/de\/wp-json\/wp\/v2\/product_cat?post=8169"},{"taxonomy":"product_tag","embeddable":true,"href":"https:\/\/alinavelica.com\/de\/wp-json\/wp\/v2\/product_tag?post=8169"}],"curies":[{"name":"wp","href":"https:\/\/api.w.org\/{rel}","templated":true}]}}