{"id":8067,"date":"2025-06-20T22:57:16","date_gmt":"2025-06-20T20:57:16","guid":{"rendered":"https:\/\/alinavelica.com\/product\/hibisplash\/"},"modified":"2025-06-23T21:00:18","modified_gmt":"2025-06-23T19:00:18","slug":"hibisplash","status":"publish","type":"product","link":"https:\/\/alinavelica.com\/de\/product\/hibisplash\/","title":{"rendered":"HIBISPLASH"},"content":{"rendered":"<p><em>Ihr feuchtigkeitsspendendes Reinigungsmittel<\/em><\/p>\n<p>&nbsp;<\/p>\n<p><strong>Cleansing Gel mit Hibiskus und Hyalurons\u00e4ure<\/strong><\/p>\n<p>Das Reinigungsgel mit Hibiskus und Hyalurons\u00e4ure wurde f\u00fcr eine gr\u00fcndliche Gesichtsreinigung entwickelt und macht diese zu einem angenehmen Moment, den Sie nicht mehr missen m\u00f6chten. Seine reichhaltige, cremige Textur sorgt f\u00fcr eine sanfte Reinigung, die Unreinheiten, Make-up-Reste und abgestorbene Hautzellen entfernt. <\/p>\n<p>Wir empfehlen, das Gesicht gr\u00fcndlich mit lauwarmem Wasser abzusp\u00fclen und anschlie\u00dfend Ihr Lieblingstonikum zu verwenden.<\/p>\n<p>Der reinigende Inhaltsstoff wurde aufgrund seiner au\u00dfergew\u00f6hnlichen, klinisch nachgewiesenen reizlindernden Wirkung und seines hervorragenden Reinigungsprofils f\u00fcr alle Hauttypen ausgew\u00e4hlt. Er ist 100% nat\u00fcrlich und Ecocert-zertifiziert. <\/p>\n<p>Das verwendete Wasser ist unser ultrareines WFI-Qualit\u00e4tswasser, das den EP X\/USP-Standards entspricht und st\u00e4ndig \u00fcberwacht wird. Wir haben uns daf\u00fcr entschieden, nur das beste verf\u00fcgbare Wasser f\u00fcr unsere Produkte zu verwenden &#8211; eine unbestrittene Quelle des Lebens. <\/p>\n<p>Die Qualit\u00e4t unseres Wassers entspricht den Standards f\u00fcr Wasser, das in injizierbaren pharmazeutischen Produkten verwendet wird &#8211; dem h\u00f6chsten und strengsten Standard &#8211; und ist ideal f\u00fcr die Entwicklung von Formulierungen f\u00fcr pharmazeutische und kosmetische Produkte, insbesondere f\u00fcr biologische und konservierungsmittelfreie Produkte.<\/p>\n<p><strong>Zutaten:<\/strong><\/p>\n<p>AQUA, HIBISCUS SABDARIFFA FLOWER, POLYGLYCERYL-4 LAURATE\/SEBACATE, POLYGLYCERYL-6 CAPRYLATE\/CAPRATE, COCOS NUCIFERA OIL, TOCOPHERYL ACETATE, SODIUM ACRYLATES COPOLYMER, LECITHIN, PHENOXYETHANOL, HYALURONIC ACID.<\/p>\n<p><strong>Eigenschaften<\/strong><\/p>\n<p><strong>Textur:<\/strong> Reinigungsgel<br \/>\n<strong>Wann anwenden:<\/strong> morgens und abends<br \/>\n<strong>Vorteile:<\/strong> Abschminken, Reinigen<\/p>\n<p><strong>Wie man sich bewirbt<\/strong><\/p>\n<p>Das Reinigungsgel ist der erste wichtige Schritt in einer richtigen Hautpflegeroutine. Tragen Sie eine gro\u00dfz\u00fcgige Menge auf Ihre Handfl\u00e4che auf und massieren Sie es sanft mit kreisenden, nach oben gerichteten Bewegungen auf das Gesicht. Sp\u00fclen Sie es mit lauwarmem Wasser ab oder entfernen Sie es mit einem f\u00fcr Ihren Hauttyp geeigneten Mizellenwasser.  <\/p>\n<p>Vermeiden Sie den Kontakt mit den Augen. Wenn das Produkt versehentlich in die Augen gelangt, sp\u00fclen Sie es gr\u00fcndlich mit lauwarmem Wasser aus.  Vor Gebrauch gut sch\u00fctteln.<\/p>\n<p>&nbsp;<\/p>\n<p><strong>Anmerkungen<\/strong><br \/>\n<strong>Hinweise zur Lagerung:<\/strong> An einem trockenen, sauberen und k\u00fchlen Ort aufbewahren.<br \/>\n<strong>Menge:<\/strong> 250 ml<\/p>\n<p>Die Produktfotos auf der Website dienen nur zu Informationszwecken. Auch wenn die Verpackungen variieren k\u00f6nnen, garantieren wir die Qualit\u00e4t Ihrer Hautpflege. <\/p>\n<p>Um die Frische unserer Produkte zu erhalten, stellen wir sie in kleinen Chargen her. Daher k\u00f6nnen je nach Charge Abweichungen in Textur und Farbe auftreten. Diese Unterschiede werden durch die verwendeten Wirkstoffe beeinflusst, da es sich um pflanzliche Extrakte handelt, die je nach Jahreszeit und Herkunftsregion der Rohstoffe variieren k\u00f6nnen.  <\/p>\n<p>Da unsere Produkte Allergene enthalten k\u00f6nnen, empfehlen wir Ihnen, die Liste der Inhaltsstoffe sorgf\u00e4ltig zu lesen, bevor Sie sie entsiegeln und verwenden. Wenn Sie wissen, dass Sie auf einen der Inhaltsstoffe allergisch oder empfindlich reagieren, sollten Sie das Produkt nicht verwenden. <\/p>\n<p>Wenn Sie nach der Anwendung dieses Produkts eine allergische Reaktion versp\u00fcren, brechen Sie die Anwendung ab und konsultieren Sie einen Arzt.<\/p>\n<p>Um ein sicheres und angenehmes Erlebnis zu gew\u00e4hrleisten, wurde dieses Produkt dermatologisch getestet.<\/p>\n","protected":false},"excerpt":{"rendered":"<p>Ihr feuchtigkeitsspendendes Reinigungsmittel<\/p>\n","protected":false},"featured_media":8121,"comment_status":"closed","ping_status":"closed","template":"","meta":{"_uag_custom_page_level_css":"","site-sidebar-layout":"default","site-content-layout":"","ast-site-content-layout":"default","site-content-style":"default","site-sidebar-style":"default","ast-global-header-display":"","ast-banner-title-visibility":"","ast-main-header-display":"","ast-hfb-above-header-display":"","ast-hfb-below-header-display":"","ast-hfb-mobile-header-display":"","site-post-title":"","ast-breadcrumbs-content":"","ast-featured-img":"","footer-sml-layout":"","ast-disable-related-posts":"","theme-transparent-header-meta":"default","adv-header-id-meta":"","stick-header-meta":"","header-above-stick-meta":"","header-main-stick-meta":"","header-below-stick-meta":"","astra-migrate-meta-layouts":"default","ast-page-background-enabled":"default","ast-page-background-meta":{"desktop":{"background-color":"var(--ast-global-color-4)","background-image":"","background-repeat":"repeat","background-position":"center center","background-size":"auto","background-attachment":"scroll","background-type":"","background-media":"","overlay-type":"","overlay-color":"","overlay-opacity":"","overlay-gradient":""},"tablet":{"background-color":"","background-image":"","background-repeat":"repeat","background-position":"center center","background-size":"auto","background-attachment":"scroll","background-type":"","background-media":"","overlay-type":"","overlay-color":"","overlay-opacity":"","overlay-gradient":""},"mobile":{"background-color":"","background-image":"","background-repeat":"repeat","background-position":"center center","background-size":"auto","background-attachment":"scroll","background-type":"","background-media":"","overlay-type":"","overlay-color":"","overlay-opacity":"","overlay-gradient":""}},"ast-content-background-meta":{"desktop":{"background-color":"var(--ast-global-color-5)","background-image":"","background-repeat":"repeat","background-position":"center center","background-size":"auto","background-attachment":"scroll","background-type":"","background-media":"","overlay-type":"","overlay-color":"","overlay-opacity":"","overlay-gradient":""},"tablet":{"background-color":"var(--ast-global-color-5)","background-image":"","background-repeat":"repeat","background-position":"center center","background-size":"auto","background-attachment":"scroll","background-type":"","background-media":"","overlay-type":"","overlay-color":"","overlay-opacity":"","overlay-gradient":""},"mobile":{"background-color":"var(--ast-global-color-5)","background-image":"","background-repeat":"repeat","background-position":"center center","background-size":"auto","background-attachment":"scroll","background-type":"","background-media":"","overlay-type":"","overlay-color":"","overlay-opacity":"","overlay-gradient":""}}},"product_brand":[],"product_cat":[801],"product_tag":[741,764,738,740,794,742,763,783],"class_list":{"0":"post-8067","1":"product","2":"type-product","3":"status-publish","4":"has-post-thumbnail","6":"product_cat-reiniger","7":"product_tag-fettige-haut","8":"product_tag-flussigkeitszufuhr","9":"product_tag-nachtprogramm","10":"product_tag-reinigungsmittel","11":"product_tag-tagesroutine","12":"product_tag-talg","13":"product_tag-unisex-de","14":"product_tag-unvollkommenheiten","15":"desktop-align-left","16":"tablet-align-left","17":"mobile-align-left","19":"first","20":"instock","21":"taxable","22":"shipping-taxable","23":"purchasable","24":"product-type-simple"},"uagb_featured_image_src":{"full":["https:\/\/alinavelica.com\/wp-content\/uploads\/2025\/04\/hibi.jpeg",1024,1024,false],"thumbnail":["https:\/\/alinavelica.com\/wp-content\/uploads\/2025\/04\/hibi-150x150.jpeg",150,150,true],"medium":["https:\/\/alinavelica.com\/wp-content\/uploads\/2025\/04\/hibi-300x300.jpeg",300,300,true],"medium_large":["https:\/\/alinavelica.com\/wp-content\/uploads\/2025\/04\/hibi-768x768.jpeg",768,768,true],"large":["https:\/\/alinavelica.com\/wp-content\/uploads\/2025\/04\/hibi.jpeg",1024,1024,false],"1536x1536":["https:\/\/alinavelica.com\/wp-content\/uploads\/2025\/04\/hibi.jpeg",1024,1024,false],"2048x2048":["https:\/\/alinavelica.com\/wp-content\/uploads\/2025\/04\/hibi.jpeg",1024,1024,false],"mailpoet_newsletter_max":["https:\/\/alinavelica.com\/wp-content\/uploads\/2025\/04\/hibi.jpeg",1024,1024,false],"woocommerce_thumbnail":["https:\/\/alinavelica.com\/wp-content\/uploads\/2025\/04\/hibi-300x300.jpeg",300,300,true],"woocommerce_single":["https:\/\/alinavelica.com\/wp-content\/uploads\/2025\/04\/hibi-600x600.jpeg",600,600,true],"woocommerce_gallery_thumbnail":["https:\/\/alinavelica.com\/wp-content\/uploads\/2025\/04\/hibi-100x100.jpeg",100,100,true]},"uagb_author_info":{"display_name":"Alina Velica","author_link":"https:\/\/alinavelica.com\/de\/author\/"},"uagb_comment_info":0,"uagb_excerpt":"Ihr feuchtigkeitsspendendes Reinigungsmittel","jetpack_sharing_enabled":true,"_links":{"self":[{"href":"https:\/\/alinavelica.com\/de\/wp-json\/wp\/v2\/product\/8067","targetHints":{"allow":["GET"]}}],"collection":[{"href":"https:\/\/alinavelica.com\/de\/wp-json\/wp\/v2\/product"}],"about":[{"href":"https:\/\/alinavelica.com\/de\/wp-json\/wp\/v2\/types\/product"}],"replies":[{"embeddable":true,"href":"https:\/\/alinavelica.com\/de\/wp-json\/wp\/v2\/comments?post=8067"}],"wp:featuredmedia":[{"embeddable":true,"href":"https:\/\/alinavelica.com\/de\/wp-json\/wp\/v2\/media\/8121"}],"wp:attachment":[{"href":"https:\/\/alinavelica.com\/de\/wp-json\/wp\/v2\/media?parent=8067"}],"wp:term":[{"taxonomy":"product_brand","embeddable":true,"href":"https:\/\/alinavelica.com\/de\/wp-json\/wp\/v2\/product_brand?post=8067"},{"taxonomy":"product_cat","embeddable":true,"href":"https:\/\/alinavelica.com\/de\/wp-json\/wp\/v2\/product_cat?post=8067"},{"taxonomy":"product_tag","embeddable":true,"href":"https:\/\/alinavelica.com\/de\/wp-json\/wp\/v2\/product_tag?post=8067"}],"curies":[{"name":"wp","href":"https:\/\/api.w.org\/{rel}","templated":true}]}}