{"id":8059,"date":"2025-06-20T22:57:02","date_gmt":"2025-06-20T20:57:02","guid":{"rendered":"https:\/\/alinavelica.com\/product\/renew-retinol-revitalizer\/"},"modified":"2025-06-23T21:47:45","modified_gmt":"2025-06-23T19:47:45","slug":"renew-retinol-revitalizer","status":"publish","type":"product","link":"https:\/\/alinavelica.com\/de\/product\/renew-retinol-revitalizer\/","title":{"rendered":"RENEW RETINOL Revitalizer"},"content":{"rendered":"<div class=\"page\" title=\"Seite 14\">\n<div class=\"layoutArea\">\n<div class=\"column\">\n<p><em>Ihre L\u00f6sung f\u00fcr Unvollkommenheiten<\/em><\/p>\n<div class=\"page\" title=\"Seite 14\">\n<div class=\"layoutArea\">\n<div class=\"column\">\n<p>Hauptinhaltsstoff: RETINOL 0.3<\/p>\n<\/div>\n<\/div>\n<\/div>\n<\/div>\n<div class=\"page\" title=\"Seite 14\">\n<div class=\"layoutArea\">\n<div class=\"column\">\n<p>Das Sch\u00f6nheitsritual sollte einige wesentliche Wirkstoffe enthalten. Einer davon ist das Retinol. Retinoide sind eine ganz eigene Kategorie von Wirkstoffen, \u00fcber die in der Fachliteratur Zehntausende von Seiten, Studien und Bewertungen geschrieben wurden. Retinol spielt eine bemerkenswerte Rolle beim Wachstum von Epithelzellen und sorgt f\u00fcr die Aufrechterhaltung der normalen Form und Funktion des Epithelgewebes. Retinoide sind der Goldstandard in der Anti-Aging-Prophylaxe und erzielen einige der besten Ergebnisse bei zu Akne neigender Haut.<br \/>\nDa einige von ihnen die Haut reizen und exfolieren k\u00f6nnen, haben wir uns bei RENEW RETINOL REVITALIZER 03 f\u00fcr ein liposomales System von Retinoiden entschieden, das die Epidermis vor unangenehmen Reaktionen sch\u00fctzt, den konjugierten Retinoiden Stabilit\u00e4t verleiht und den Wirkstoff direkt an die gew\u00fcnschte Stelle bringt.<br \/>\nWir betrachten unsere Retinolformulierung als ein intensives Produkt f\u00fcr die Regeneration von Haut mit Problemen, Unvollkommenheiten, gesch\u00e4digten Mikro-Reliefs.<br \/>\nWir empfehlen, diese Formel NUR abends, zweimal pro Woche, anzuwenden und dabei die Augen- und Mundpartie auszusparen. Die ideale Anwendungsmethode ist die \u201eSandwich-Methode\u201c, bei der Sie unser <strong>ENDLESS YOU-TH <\/strong>Nacht-Elixier auftragen, dann eine erbsengro\u00dfe Menge RENEW RETINOL REVITALIZER, dann eine weitere Schicht des COOL-AGEN Serums! oder Ihre Feuchtigkeitscreme. <\/p>\n<p><strong>Anmerkungen<\/strong><\/p>\n<p>Die Einnahme dieses Produkts wird nicht empfohlen bei \u00dcberempfindlichkeit gegen einen seiner Bestandteile, w\u00e4hrend der Schwangerschaft oder in der Stillzeit.<\/p>\n<p>Die gleichzeitige Anwendung von Vitamin C (am selben Tag) mit dem <strong>Renew Retinol Revitalizer<\/strong> wird nicht empfohlen.<\/p>\n<p>Sicher! Hier ist die <strong>englische \u00dcbersetzung<\/strong> des von Ihnen angegebenen Textes: <\/p>\n<h5>Sonnenexposition \/ Br\u00e4unung:<\/h5>\n<p>W\u00e4hrend der Anwendung von Retinoiden sollten Sie sich nicht der Sonne oder dem Solarium aussetzen.<br \/>\nW\u00e4hrend einer Retinoid-Routine empfehlen wir die Verwendung eines Sonnenschutzmittels.<br \/>\nBeginnen Sie eine Retinoid-Routine nicht in Kombination mit anderen \u00e4u\u00dferlichen oder innerlichen Behandlungen, die Retinol, Retins\u00e4ure oder Retinoide enthalten.<\/p>\n<p>Wenn Sie Produkte mit Alpha-Hydroxys\u00e4uren (AHAs) verwenden, sollten Sie diese nicht am selben Abend wie Retinoide auftragen.<\/p>\n<p>Beginnen oder setzen Sie die Anwendung nicht fort, wenn die Haut gereizt ist (z.B. R\u00f6tung, Sch\u00e4len, Juckreiz, Sonnenbrand), bis diese Symptome abklingen.<br \/>\nBei Personen mit empfindlicher Haut k\u00f6nnen Retinoide schwere lokale Reaktionen wie R\u00f6tung, Schwellung, Juckreiz, W\u00e4rme, Brennen oder Stechen, Pusteln, Krustenbildung und\/oder Sch\u00e4len im Anwendungsbereich hervorrufen.<br \/>\nWenn die Reizung anh\u00e4lt, sollte der Anwender angewiesen werden, das Produkt weniger h\u00e4ufig anzuwenden oder die Anwendung vor\u00fcbergehend abzubrechen.<br \/>\nWenn ein Anwender schwere oder anhaltende Reizungen entwickelt, sollten Sie ihm raten, die Anwendung vollst\u00e4ndig einzustellen.<br \/>\nExtreme Wetterbedingungen wie Wind, K\u00e4lte und niedrige Luftfeuchtigkeit k\u00f6nnen die Haut an der Stelle reizen, an der die Retinoide aufgetragen werden, und zu Trockenheit f\u00fchren.<br \/>\nDie Einwirkung von Sonnenlicht, einschlie\u00dflich UV-Lampen, kann zus\u00e4tzliche Reizungen verursachen.<br \/>\nWer aufgrund beruflicher Verpflichtungen h\u00e4ufig dem Sonnenlicht ausgesetzt ist und\/oder von Natur aus empfindlich auf Sonnenlicht reagiert, sollte besondere Vorsichtsma\u00dfnahmen treffen.<br \/>\nWenn Sonneneinstrahlung nicht vermieden werden kann, wird empfohlen, Sonnenschutzmittel und Schutzkleidung an den Stellen zu verwenden, an denen das Produkt aufgetragen wird.<\/p>\n<h5>Kinder:<\/h5>\n<p>Die Sicherheit und Wirksamkeit bei Kindern wurde nicht nachgewiesen.<\/p>\n<h5>\u00dcberm\u00e4\u00dfiger Gebrauch:<\/h5>\n<p>Eine \u00fcberm\u00e4\u00dfige Anwendung kann zu Sch\u00e4len oder Reizungen der Epidermis f\u00fchren.<br \/>\nBei Kontakt mit den Augen gr\u00fcndlich mit viel Wasser aussp\u00fclen!<\/p>\n<p>Wir empfehlen, das Produkt zusammen mit einer regenerierenden Creme oder einem regenerierenden \u00d6l zu verwenden.<\/p>\n<p>Tragen Sie eine kleine Menge des Produkts mit einem Wattepad, Wattebausch oder sauberen Fingerspitzen auf die angegebene Stelle auf.<br \/>\nVermeiden Sie eine \u00dcbers\u00e4ttigung, da \u00fcbersch\u00fcssige Creme in die Augen, Nasolabialfalten oder andere Bereiche gelangen k\u00f6nnte, die nicht f\u00fcr die Anwendung vorgesehen sind.<br \/>\nDie Anwendung kann ein vor\u00fcbergehendes W\u00e4rmegef\u00fchl oder ein leichtes Brennen verursachen.<br \/>\nBei bestimmungsgem\u00e4\u00dfer Anwendung kann das Produkt leichte R\u00f6tungen verursachen, \u00e4hnlich wie bei einem leichten Sonnenbrand.<br \/>\nWenn ein vor\u00fcbergehendes Absetzen oder eine verringerte Einnahmeh\u00e4ufigkeit erforderlich ist, sollte das Produkt erst dann wieder aufgenommen oder die H\u00e4ufigkeit erh\u00f6ht werden, wenn der Anwender es vertragen kann.<br \/>\nEine \u00fcberm\u00e4\u00dfige Anwendung f\u00fchrt nicht zu schnelleren oder besseren Ergebnissen.<br \/>\nEs kann sogar zu erheblichen R\u00f6tungen, Sch\u00e4len oder Unwohlsein f\u00fchren.<br \/>\nBei versehentlicher oder \u00fcbereifriger Anwendung sollten Sie die Retinoide einige Tage lang absetzen, bevor Sie die Anwendung wieder aufnehmen.<\/p>\n<p>In den ersten Wochen der Anwendung des Produkts kann es zu einer vor\u00fcbergehenden Verschlimmerung der entz\u00fcndlichen L\u00e4sionen kommen.<br \/>\nDies ist auf die Tiefenwirkung des Produkts auf zuvor unbemerkte L\u00e4sionen zur\u00fcckzuf\u00fchren und ist kein Grund, die Anwendung abzubrechen.<br \/>\nSobald eine zufriedenstellende Reaktion erreicht ist, k\u00f6nnen die Verbesserungen mit einer weniger h\u00e4ufigen Anwendung aufrechterhalten werden.<\/p>\n<p>Bevor Sie mit der Anwendung beginnen, reinigen Sie die zu behandelnden Stellen gr\u00fcndlich mit Mizellenwasser, das f\u00fcr Ihren Hauttyp geeignet ist.<br \/>\nLassen Sie die Haut mindestens 20 bis 30 Minuten lang trocknen, bevor Sie die Retinoide auftragen.<br \/>\nW\u00e4hrend der Anwendung k\u00f6nnen Kosmetika und Feuchtigkeitscremes verwendet werden, aber die Haut sollte vor jeder Anwendung gr\u00fcndlich gereinigt werden.<br \/>\nVermeiden Sie adstringierende K\u00f6rperpflegeprodukte.<\/p>\n<p>Um das Potenzial f\u00fcr zus\u00e4tzliche Reizungen zu minimieren, vermeiden Sie den Kontakt mit Augen, Augenlidern, Nasolabialfalten, Mund, Schleimh\u00e4uten oder anderen Bereichen, die nicht f\u00fcr die Anwendung vorgesehen sind.<br \/>\nBenutzer sollten \u00fcbersch\u00fcssige Gesichtsbehaarung mit den \u00fcblichen Mitteln entfernen (z.B. Zupfen, Elektrolyse, Enthaarung), aber vermeiden Sie diese Methoden in der Nacht vor der Anwendung des Produkts, da sie Hautreizungen verursachen k\u00f6nnen.<br \/>\nDauerwellenl\u00f6sungen, Haarfestiger, medizinische Seifen und Shampoos k\u00f6nnen selbst normale Haut reizen.<br \/>\nSeien Sie vorsichtig und vermeiden Sie den Kontakt mit den Hautbereichen, auf die das Produkt aufgetragen wird.<\/p>\n<h5>M\u00f6gliche Reaktionen:<\/h5>\n<p>Ein gewisses Ma\u00df an lokaler Reizung ist zu erwarten.<br \/>\nDie am h\u00e4ufigsten berichteten Nebenwirkungen sind: Hauttrockenheit, Brennen, Stechen, W\u00e4rme, R\u00f6tung, Juckreiz, Sp\u00fclung, Sch\u00e4len und vor\u00fcbergehende Hypo- oder Hyperpigmentierung.<\/p>\n<p><strong>WARNUNG!<\/strong>  Bei einer Sensibilisierung der Haut empfehlen wir, das Produkt gem\u00e4\u00df den Anweisungen in der Packungsbeilage abzusetzen.<\/p>\n<p>Dies ist ein kosmetisches Produkt. Die Ergebnisse k\u00f6nnen je nach Person, medizinischer Vorgeschichte und den Ursachen der Erkrankung variieren.<br \/>\nObwohl wir die hochwertigsten Inhaltsstoffe in unseren Produkten verwenden, k\u00f6nnen wir nicht in jedem Fall die gew\u00fcnschten Ergebnisse garantieren.<br \/>\nDie Ergebnisse k\u00f6nnen variieren, da jeder K\u00f6rper anders ist und anders reagiert.<br \/>\nIn einigen F\u00e4llen k\u00f6nnen sich die Symptome verschlimmern. <\/p>\n<p>&nbsp;<\/p>\n<p>F\u00fcr ein angenehmes und zuverl\u00e4ssiges Erlebnis ist dieses Produkt dermatologisch getestet.<\/p>\n<p>&nbsp;<\/p>\n<\/div>\n<\/div>\n<\/div>\n<\/div>\n<\/div>\n","protected":false},"excerpt":{"rendered":"<div class=\"page\" title=\"Seite 14\">\n<div class=\"layoutArea\">\n<div class=\"column\">\n<p>Ihre L\u00f6sung f\u00fcr Unvollkommenheiten<\/p>\n<\/div>\n<\/div>\n<\/div>\n","protected":false},"featured_media":8141,"comment_status":"open","ping_status":"closed","template":"","meta":{"_uag_custom_page_level_css":"","site-sidebar-layout":"default","site-content-layout":"","ast-site-content-layout":"default","site-content-style":"default","site-sidebar-style":"default","ast-global-header-display":"","ast-banner-title-visibility":"","ast-main-header-display":"","ast-hfb-above-header-display":"","ast-hfb-below-header-display":"","ast-hfb-mobile-header-display":"","site-post-title":"","ast-breadcrumbs-content":"","ast-featured-img":"","footer-sml-layout":"","ast-disable-related-posts":"","theme-transparent-header-meta":"default","adv-header-id-meta":"","stick-header-meta":"","header-above-stick-meta":"","header-main-stick-meta":"","header-below-stick-meta":"","astra-migrate-meta-layouts":"default","ast-page-background-enabled":"default","ast-page-background-meta":{"desktop":{"background-color":"var(--ast-global-color-4)","background-image":"","background-repeat":"repeat","background-position":"center center","background-size":"auto","background-attachment":"scroll","background-type":"","background-media":"","overlay-type":"","overlay-color":"","overlay-opacity":"","overlay-gradient":""},"tablet":{"background-color":"","background-image":"","background-repeat":"repeat","background-position":"center center","background-size":"auto","background-attachment":"scroll","background-type":"","background-media":"","overlay-type":"","overlay-color":"","overlay-opacity":"","overlay-gradient":""},"mobile":{"background-color":"","background-image":"","background-repeat":"repeat","background-position":"center center","background-size":"auto","background-attachment":"scroll","background-type":"","background-media":"","overlay-type":"","overlay-color":"","overlay-opacity":"","overlay-gradient":""}},"ast-content-background-meta":{"desktop":{"background-color":"var(--ast-global-color-5)","background-image":"","background-repeat":"repeat","background-position":"center center","background-size":"auto","background-attachment":"scroll","background-type":"","background-media":"","overlay-type":"","overlay-color":"","overlay-opacity":"","overlay-gradient":""},"tablet":{"background-color":"var(--ast-global-color-5)","background-image":"","background-repeat":"repeat","background-position":"center center","background-size":"auto","background-attachment":"scroll","background-type":"","background-media":"","overlay-type":"","overlay-color":"","overlay-opacity":"","overlay-gradient":""},"mobile":{"background-color":"var(--ast-global-color-5)","background-image":"","background-repeat":"repeat","background-position":"center center","background-size":"auto","background-attachment":"scroll","background-type":"","background-media":"","overlay-type":"","overlay-color":"","overlay-opacity":"","overlay-gradient":""}}},"product_brand":[],"product_cat":[761,801],"product_tag":[802,782,738,807],"class_list":{"0":"post-8059","1":"product","2":"type-product","3":"status-publish","4":"has-post-thumbnail","6":"product_cat-anti-aging-de","7":"product_cat-reiniger","8":"product_tag-akne","9":"product_tag-anti-aging-de-2","10":"product_tag-nachtprogramm","11":"product_tag-retinoide","12":"desktop-align-left","13":"tablet-align-left","14":"mobile-align-left","16":"first","17":"instock","18":"taxable","19":"shipping-taxable","20":"purchasable","21":"product-type-simple"},"uagb_featured_image_src":{"full":["https:\/\/alinavelica.com\/wp-content\/uploads\/2025\/04\/retinol.jpeg",1024,1024,false],"thumbnail":["https:\/\/alinavelica.com\/wp-content\/uploads\/2025\/04\/retinol-150x150.jpeg",150,150,true],"medium":["https:\/\/alinavelica.com\/wp-content\/uploads\/2025\/04\/retinol-300x300.jpeg",300,300,true],"medium_large":["https:\/\/alinavelica.com\/wp-content\/uploads\/2025\/04\/retinol-768x768.jpeg",768,768,true],"large":["https:\/\/alinavelica.com\/wp-content\/uploads\/2025\/04\/retinol.jpeg",1024,1024,false],"1536x1536":["https:\/\/alinavelica.com\/wp-content\/uploads\/2025\/04\/retinol.jpeg",1024,1024,false],"2048x2048":["https:\/\/alinavelica.com\/wp-content\/uploads\/2025\/04\/retinol.jpeg",1024,1024,false],"mailpoet_newsletter_max":["https:\/\/alinavelica.com\/wp-content\/uploads\/2025\/04\/retinol.jpeg",1024,1024,false],"woocommerce_thumbnail":["https:\/\/alinavelica.com\/wp-content\/uploads\/2025\/04\/retinol-300x300.jpeg",300,300,true],"woocommerce_single":["https:\/\/alinavelica.com\/wp-content\/uploads\/2025\/04\/retinol-600x600.jpeg",600,600,true],"woocommerce_gallery_thumbnail":["https:\/\/alinavelica.com\/wp-content\/uploads\/2025\/04\/retinol-100x100.jpeg",100,100,true]},"uagb_author_info":{"display_name":"Alina Velica","author_link":"https:\/\/alinavelica.com\/de\/author\/"},"uagb_comment_info":0,"uagb_excerpt":"Ihre L\u00f6sung f\u00fcr Unvollkommenheiten","jetpack_sharing_enabled":true,"_links":{"self":[{"href":"https:\/\/alinavelica.com\/de\/wp-json\/wp\/v2\/product\/8059","targetHints":{"allow":["GET"]}}],"collection":[{"href":"https:\/\/alinavelica.com\/de\/wp-json\/wp\/v2\/product"}],"about":[{"href":"https:\/\/alinavelica.com\/de\/wp-json\/wp\/v2\/types\/product"}],"replies":[{"embeddable":true,"href":"https:\/\/alinavelica.com\/de\/wp-json\/wp\/v2\/comments?post=8059"}],"wp:featuredmedia":[{"embeddable":true,"href":"https:\/\/alinavelica.com\/de\/wp-json\/wp\/v2\/media\/8141"}],"wp:attachment":[{"href":"https:\/\/alinavelica.com\/de\/wp-json\/wp\/v2\/media?parent=8059"}],"wp:term":[{"taxonomy":"product_brand","embeddable":true,"href":"https:\/\/alinavelica.com\/de\/wp-json\/wp\/v2\/product_brand?post=8059"},{"taxonomy":"product_cat","embeddable":true,"href":"https:\/\/alinavelica.com\/de\/wp-json\/wp\/v2\/product_cat?post=8059"},{"taxonomy":"product_tag","embeddable":true,"href":"https:\/\/alinavelica.com\/de\/wp-json\/wp\/v2\/product_tag?post=8059"}],"curies":[{"name":"wp","href":"https:\/\/api.w.org\/{rel}","templated":true}]}}