{"id":8056,"date":"2025-06-20T22:57:01","date_gmt":"2025-06-20T20:57:01","guid":{"rendered":"https:\/\/alinavelica.com\/product\/purevisage-entgiftungselixier\/"},"modified":"2025-06-23T21:18:20","modified_gmt":"2025-06-23T19:18:20","slug":"purevisage-entgiftungselixier","status":"publish","type":"product","link":"https:\/\/alinavelica.com\/de\/product\/purevisage-entgiftungselixier\/","title":{"rendered":"PUREVISAGE ENTGIFTUNGSELIXIER"},"content":{"rendered":"<p><em style=\"font-size: 16px;\">Ihre L\u00f6sung f\u00fcr Akneunreinheiten<\/em><\/p>\n<div class=\"page\" title=\"Seite 14\">\n<div class=\"layoutArea\">\n<div class=\"column\">\n<p>Die begehrteste Gesichtscreme, der Bestseller, der von Zehntausenden von Anwendern der von unserer pharmazeutischen Mitarbeiterin formulierten Produkte verwendet und wiederverwendet wird, die Creme, die ihre Karriere als Formuliererin revolutioniert hat, die Creme, die man kurz gesagt wie folgt beschreiben k\u00f6nnte: <\/p>\n<p class=\"\" data-start=\"56\" data-end=\"442\"><strong data-start=\"56\" data-end=\"104\">Hautprobleme beginnen oft in der Pubert\u00e4t<\/strong> und stellen ein dramatisches Ereignis im Leben eines Kindes dar, das in den Status eines jungen Erwachsenen \u00fcbergeht. Dann, in der Jugend oder sogar im Erwachsenenalter, k\u00f6nnen sie fortbestehen oder wieder auftauchen. Im Allgemeinen f\u00fchren Akneprobleme dazu, dass wir uns an alles wenden, von traditionellen Heilmitteln bis hin zu hochentwickelten Medikamenten, in der Hoffnung, die Haut auszugleichen und ihren Zustand zu verbessern.  <\/p>\n<p class=\"\" data-start=\"444\" data-end=\"1028\">Deshalb formulierte sie das, was sie f\u00fcr das <em data-start=\"494\" data-end=\"520\">dermatokosmetische Allheilmittel<\/em> f\u00fcr Haut mit Unreinheiten, Akne und Mitessern h\u00e4lt. In dieser Formel hat sie Wissenschaft, Botanik und technologische Exzellenz vereint.<br data-start=\"663\" data-end=\"666\">Die <strong data-start=\"670\" data-end=\"715\">Synergie zwischen Tamanu- und CBD-Botanicals<\/strong> bietet ein hohes Heilungspotenzial, da der Hautabbau durch Zellentz\u00fcndungen beschleunigt wird. Cannabinoide und Cannabidiol (CBD) sind die neue Grenze bei der M\u00e4\u00dfigung und Kontrolle zellul\u00e4rer Entz\u00fcndungen.<br data-start=\"920\" data-end=\"923\">Tamanu ist ein in Madagaskar beheimateter Baum, der in der traditionellen Medizin als nat\u00fcrliches Antibiotikum gilt.  <\/p>\n<p class=\"\" data-start=\"1030\" data-end=\"1380\">Der <strong data-start=\"1030\" data-end=\"1056\">Extrakt aus Salix purpurea<\/strong> ist einer der Inhaltsstoffe mit klinisch nachgewiesener Wirksamkeit bei der Erh\u00f6hung des Feuchtigkeitsgehalts, selbst bei Probanden mit atopischer Haut. Unter experimentellen Bedingungen zeigte der in der Formel verwendete Salix purpurea-Extrakt eine starke, dosisabh\u00e4ngige hemmende Wirkung auf die Freisetzung von IL-8 durch PMA-stimulierte NHEK (normale menschliche epidermale Keratinozyten). <\/p>\n<p class=\"\" data-start=\"1382\" data-end=\"1689\"><strong data-start=\"1382\" data-end=\"1422\">Der Propolis-Extrakt in der Purevisage<\/strong> Gesichtscreme ist ein au\u00dfergew\u00f6hnliches biologisches Antiseptikum mit entz\u00fcndungshemmenden Eigenschaften, das die Schutzbarriere der Haut st\u00e4rkt.<br data-start=\"1544\" data-end=\"1547\">Es handelt sich um einen standardisierten Extrakt, der vor \u00e4u\u00dferen Aggressoren wie UV-Strahlen, Bakterien, Mikroorganismen und oxidativen Stressfaktoren sch\u00fctzt.<\/p>\n<p class=\"\" data-start=\"1691\" data-end=\"2434\">Um die Glaubw\u00fcrdigkeit des PUREVISAGE Entgiftungselixiers zu gew\u00e4hrleisten, haben wir <strong data-start=\"1748\" data-end=\"1800\">unabh\u00e4ngige Tests in zwei europ\u00e4ischen Labors<\/strong> in Auftrag gegeben.<br data-start=\"1801\" data-end=\"1804\">Die <strong data-start=\"1808\" data-end=\"1845\">Studie zur komedogenen Aktivit\u00e4t<\/strong> des PUREVISAGE-Produkts, das zusammen mit mizellarem Wasser mit Bitterorangenextrakt (als Reinigungsprodukt) verwendet wird, wurde \u00fcber einen Zeitraum von 4 Wochen an einer Stichprobe von Probanden durchgef\u00fchrt, die anhand von Einschluss- und Nicht-Einschlusskriterien ausgew\u00e4hlt wurden. Zu den Teilnehmern geh\u00f6rten Frauen und M\u00e4nner im Alter von 18-40 Jahren mit Akne des Grades 2 und 3 und mit normalen und empfindlichen Hauttypen.<br data-start=\"2199\" data-end=\"2202\">Die Tests wurden gem\u00e4\u00df den Colipa-Wirksamkeitsrichtlinien durchgef\u00fchrt. Die Bewertungen erfolgten sowohl durch einen Dermatologen als auch durch Selbsteinsch\u00e4tzung per Fragebogen. Der Schweregrad der Akne wurde anhand der <strong data-start=\"2402\" data-end=\"2415\">IGA-Skala<\/strong> f\u00fcr Akne vulgaris gemessen.   <\/p>\n<p class=\"\" data-start=\"2436\" data-end=\"2473\">Nach dem Test waren die Ergebnisse:<\/p>\n<ul data-start=\"2475\" data-end=\"2909\">\n<li class=\"\" data-start=\"2475\" data-end=\"2547\">\n<p class=\"\" data-start=\"2477\" data-end=\"2547\"><strong data-start=\"2477\" data-end=\"2484\">70%<\/strong> der Probanden sp\u00fcrten w\u00e4hrend der Anwendung eine Verbesserung des Hautbildes<\/p>\n<\/li>\n<li class=\"\" data-start=\"2548\" data-end=\"2653\">\n<p class=\"\" data-start=\"2550\" data-end=\"2653\"><strong data-start=\"2550\" data-end=\"2557\">50%<\/strong> stellten fest, dass sowohl Komedonen als auch Pickel w\u00e4hrend der Anwendung deutlich oder extrem reduziert wurden<\/p>\n<\/li>\n<li class=\"\" data-start=\"2654\" data-end=\"2744\">\n<p class=\"\" data-start=\"2656\" data-end=\"2744\"><strong data-start=\"2656\" data-end=\"2663\">70%<\/strong> hatten das Gef\u00fchl, dass ihre Haut nach der Anwendung von PUREVISAGE deutlich ruhiger und angenehmer war<\/p>\n<\/li>\n<li class=\"\" data-start=\"2745\" data-end=\"2819\">\n<p class=\"\" data-start=\"2747\" data-end=\"2819\"><strong data-start=\"2747\" data-end=\"2754\">90%<\/strong> hatten das Gef\u00fchl, dass sich ihre Haut nach der Anwendung von PUREVISAGE deutlich verbessert hatte<\/p>\n<\/li>\n<li class=\"\" data-start=\"2820\" data-end=\"2871\">\n<p class=\"\" data-start=\"2822\" data-end=\"2871\"><strong data-start=\"2822\" data-end=\"2829\">90%<\/strong> der Freiwilligen w\u00fcrden PUREVISAGE wieder kaufen<\/p>\n<\/li>\n<li class=\"\" data-start=\"2872\" data-end=\"2909\">\n<p class=\"\" data-start=\"2874\" data-end=\"2909\"><strong data-start=\"2874\" data-end=\"2881\">90%<\/strong> w\u00fcrden diese Gesichtscreme empfehlen<\/p>\n<\/li>\n<\/ul>\n<p>&nbsp;<\/p>\n<p><strong>Eigenschaften<\/strong><\/p>\n<p><strong>Textur:<\/strong> Creme.<\/p>\n<p><strong>Wann das Produkt verwendet werden kann:<\/strong> Morgens, abends.<\/p>\n<p><strong>Eigenschaften:<\/strong> Vermindert die Unvollkommenheiten der Akne.<\/p>\n<p><strong>Anwendung<\/strong><br \/>\nTragen Sie das PUREVISAGE Entgiftungselixier t\u00e4glich morgens und abends auf frisch gereinigte Hautpartien mit Hautunreinheiten auf. Massieren Sie die Gesichtscreme sanft ein, bis sie vollst\u00e4ndig eingezogen ist. Bevor Sie das Produkt verwenden, empfehlen wir Ihnen, es an einer kleinen Stelle zu testen. Wenn es keine Anzeichen von Empfindlichkeit gibt, tragen Sie das Produkt weiterhin t\u00e4glich auf. Die Creme kann auch als Make-up-Unterlage verwendet werden. Nicht auf empfindliche Stellen, um den Mund und die Augen auftragen! Vermeiden Sie den Kontakt mit den Augen! Im Falle eines Kontakts mit den Augen sp\u00fclen Sie diese einige Minuten lang vorsichtig mit Wasser aus.       <\/p>\n<p><strong>Lagerung:<\/strong> Bei einer Temperatur zwischen 3-15\u00b0C lagern.<br \/>\n<strong>Gewicht:<\/strong> 50 ml<\/p>\n<p>Die Produktabbildungen auf der Website dienen nur zu Informationszwecken. Auch wenn es zu Verpackungsunterschieden kommen kann, versichern wir Ihnen die Qualit\u00e4t Ihres Programms. <\/p>\n<p>Um die Frische unserer Produkte zu bewahren, stellen wir sie in kleinen Chargen her, weshalb es je nach Charge Unterschiede in Textur und Farbe geben kann. Diese Unterschiede werden durch die verwendeten Wirkstoffe beeinflusst, da es sich um Pflanzenextrakte handelt, und k\u00f6nnen je nach Jahreszeit und Region, aus der der Rohstoff stammt, variieren. Da unsere Produkte Allergene enthalten k\u00f6nnen, empfehlen wir Ihnen, die Inhaltsstoffe sorgf\u00e4ltig zu lesen, bevor Sie sie entsiegeln und verwenden. Wenn Sie allergisch oder empfindlich auf einen der Inhaltsstoffe reagieren, verwenden Sie das Produkt nicht. Wenn Sie bei der Verwendung des Produkts eine allergische Reaktion bemerken, brechen Sie die Verwendung ab und suchen Sie einen Arzt auf.    <\/p>\n<p>F\u00fcr Ihren Komfort und Ihr Vertrauen ist dieses Produkt dermatologisch getestet.<\/p>\n<\/div>\n<\/div>\n<\/div>\n","protected":false},"excerpt":{"rendered":"<p><em style=\"font-size: 16px;\">Ihre L\u00f6sung f\u00fcr Akneunreinheiten<\/em><\/p>\n","protected":false},"featured_media":8137,"comment_status":"closed","ping_status":"closed","template":"","meta":{"_uag_custom_page_level_css":"","site-sidebar-layout":"default","site-content-layout":"","ast-site-content-layout":"default","site-content-style":"default","site-sidebar-style":"default","ast-global-header-display":"","ast-banner-title-visibility":"","ast-main-header-display":"","ast-hfb-above-header-display":"","ast-hfb-below-header-display":"","ast-hfb-mobile-header-display":"","site-post-title":"","ast-breadcrumbs-content":"","ast-featured-img":"","footer-sml-layout":"","ast-disable-related-posts":"","theme-transparent-header-meta":"default","adv-header-id-meta":"","stick-header-meta":"","header-above-stick-meta":"","header-main-stick-meta":"","header-below-stick-meta":"","astra-migrate-meta-layouts":"default","ast-page-background-enabled":"default","ast-page-background-meta":{"desktop":{"background-color":"var(--ast-global-color-4)","background-image":"","background-repeat":"repeat","background-position":"center center","background-size":"auto","background-attachment":"scroll","background-type":"","background-media":"","overlay-type":"","overlay-color":"","overlay-opacity":"","overlay-gradient":""},"tablet":{"background-color":"","background-image":"","background-repeat":"repeat","background-position":"center center","background-size":"auto","background-attachment":"scroll","background-type":"","background-media":"","overlay-type":"","overlay-color":"","overlay-opacity":"","overlay-gradient":""},"mobile":{"background-color":"","background-image":"","background-repeat":"repeat","background-position":"center center","background-size":"auto","background-attachment":"scroll","background-type":"","background-media":"","overlay-type":"","overlay-color":"","overlay-opacity":"","overlay-gradient":""}},"ast-content-background-meta":{"desktop":{"background-color":"var(--ast-global-color-5)","background-image":"","background-repeat":"repeat","background-position":"center center","background-size":"auto","background-attachment":"scroll","background-type":"","background-media":"","overlay-type":"","overlay-color":"","overlay-opacity":"","overlay-gradient":""},"tablet":{"background-color":"var(--ast-global-color-5)","background-image":"","background-repeat":"repeat","background-position":"center center","background-size":"auto","background-attachment":"scroll","background-type":"","background-media":"","overlay-type":"","overlay-color":"","overlay-opacity":"","overlay-gradient":""},"mobile":{"background-color":"var(--ast-global-color-5)","background-image":"","background-repeat":"repeat","background-position":"center center","background-size":"auto","background-attachment":"scroll","background-type":"","background-media":"","overlay-type":"","overlay-color":"","overlay-opacity":"","overlay-gradient":""}}},"product_brand":[],"product_cat":[801],"product_tag":[802,785,803,741,766,765,794,742,763,783],"class_list":{"0":"post-8056","1":"product","2":"type-product","3":"status-publish","4":"has-post-thumbnail","6":"product_cat-reiniger","7":"product_tag-akne","8":"product_tag-aufheller","9":"product_tag-creme-de","10":"product_tag-fettige-haut","11":"product_tag-helle-creme","12":"product_tag-nachtcreme","13":"product_tag-tagesroutine","14":"product_tag-talg","15":"product_tag-unisex-de","16":"product_tag-unvollkommenheiten","17":"desktop-align-left","18":"tablet-align-left","19":"mobile-align-left","21":"first","22":"instock","23":"taxable","24":"shipping-taxable","25":"purchasable","26":"product-type-simple"},"uagb_featured_image_src":{"full":["https:\/\/alinavelica.com\/wp-content\/uploads\/2025\/04\/pure.jpeg",1024,1024,false],"thumbnail":["https:\/\/alinavelica.com\/wp-content\/uploads\/2025\/04\/pure-150x150.jpeg",150,150,true],"medium":["https:\/\/alinavelica.com\/wp-content\/uploads\/2025\/04\/pure-300x300.jpeg",300,300,true],"medium_large":["https:\/\/alinavelica.com\/wp-content\/uploads\/2025\/04\/pure-768x768.jpeg",768,768,true],"large":["https:\/\/alinavelica.com\/wp-content\/uploads\/2025\/04\/pure.jpeg",1024,1024,false],"1536x1536":["https:\/\/alinavelica.com\/wp-content\/uploads\/2025\/04\/pure.jpeg",1024,1024,false],"2048x2048":["https:\/\/alinavelica.com\/wp-content\/uploads\/2025\/04\/pure.jpeg",1024,1024,false],"mailpoet_newsletter_max":["https:\/\/alinavelica.com\/wp-content\/uploads\/2025\/04\/pure.jpeg",1024,1024,false],"woocommerce_thumbnail":["https:\/\/alinavelica.com\/wp-content\/uploads\/2025\/04\/pure-300x300.jpeg",300,300,true],"woocommerce_single":["https:\/\/alinavelica.com\/wp-content\/uploads\/2025\/04\/pure-600x600.jpeg",600,600,true],"woocommerce_gallery_thumbnail":["https:\/\/alinavelica.com\/wp-content\/uploads\/2025\/04\/pure-100x100.jpeg",100,100,true]},"uagb_author_info":{"display_name":"Alina Velica","author_link":"https:\/\/alinavelica.com\/de\/author\/"},"uagb_comment_info":0,"uagb_excerpt":"Ihre L\u00f6sung f\u00fcr Akneunreinheiten","jetpack_sharing_enabled":true,"_links":{"self":[{"href":"https:\/\/alinavelica.com\/de\/wp-json\/wp\/v2\/product\/8056","targetHints":{"allow":["GET"]}}],"collection":[{"href":"https:\/\/alinavelica.com\/de\/wp-json\/wp\/v2\/product"}],"about":[{"href":"https:\/\/alinavelica.com\/de\/wp-json\/wp\/v2\/types\/product"}],"replies":[{"embeddable":true,"href":"https:\/\/alinavelica.com\/de\/wp-json\/wp\/v2\/comments?post=8056"}],"wp:featuredmedia":[{"embeddable":true,"href":"https:\/\/alinavelica.com\/de\/wp-json\/wp\/v2\/media\/8137"}],"wp:attachment":[{"href":"https:\/\/alinavelica.com\/de\/wp-json\/wp\/v2\/media?parent=8056"}],"wp:term":[{"taxonomy":"product_brand","embeddable":true,"href":"https:\/\/alinavelica.com\/de\/wp-json\/wp\/v2\/product_brand?post=8056"},{"taxonomy":"product_cat","embeddable":true,"href":"https:\/\/alinavelica.com\/de\/wp-json\/wp\/v2\/product_cat?post=8056"},{"taxonomy":"product_tag","embeddable":true,"href":"https:\/\/alinavelica.com\/de\/wp-json\/wp\/v2\/product_tag?post=8056"}],"curies":[{"name":"wp","href":"https:\/\/api.w.org\/{rel}","templated":true}]}}