{"id":8038,"date":"2025-06-20T22:53:37","date_gmt":"2025-06-20T20:53:37","guid":{"rendered":"https:\/\/alinavelica.com\/product\/cool-agen\/"},"modified":"2025-06-23T22:50:21","modified_gmt":"2025-06-23T20:50:21","slug":"cool-agen","status":"publish","type":"product","link":"https:\/\/alinavelica.com\/de\/product\/cool-agen\/","title":{"rendered":"Cool-Agen!"},"content":{"rendered":"<div class=\"page\" title=\"Seite 26\">\n<div class=\"layoutArea\">\n<div class=\"column\">\n<p><em>Ihre absolute Infusion von Kollagen!<\/em><\/p>\n<p>&nbsp;<\/p>\n<p><strong>Wichtige Inhaltsstoffe: Kollagen &#8211; Kukui-\u00d6l<\/strong><\/p>\n<p>&nbsp;<\/p>\n<p>Der Prozess der Kollagensynthese verlangsamt sich ab dem 25. Lebensjahr, und mit zunehmendem Alter kommt es zu einem Kollagenmangel, der sich auf die Elastizit\u00e4t der Haut auswirkt. Als Hauptbestandteil der Epidermis spielt Kollagen eine wichtige Rolle bei der Erhaltung der Gesundheit der Haut. Es tr\u00e4gt dazu bei, Falten zu reduzieren, die Festigkeit der Haut wiederherzustellen und sie vor den sch\u00e4dlichen Auswirkungen externer Faktoren zu sch\u00fctzen. Au\u00dferdem unterst\u00fctzt es den Regenerationsprozess bei vernarbter Haut und stellt den Hautton wieder her.<br \/>\nDas Herzst\u00fcck unseres <em>COOL-AGEN!<\/em> Serums ist ein innovativer Wirkstoff mit hygroskopischen Eigenschaften. Was es jedoch einzigartig macht, ist die Synergie zwischen den ern\u00e4hrungsphysiologischen Eigenschaften der \u00d6le in der Zusammensetzung und den regenerierenden Eigenschaften von Kollagen.<br \/>\nKollagen ist neben Hyalurons\u00e4ure und Elastin ein wichtiges Protein in der extrazellul\u00e4ren Matrix der Haut. Kollagen ist f\u00fcr die Integrit\u00e4t und Spannkraft der Haut verantwortlich und bildet ein dichtes Netzwerk in der Dermis. Seine Hauptfunktion besteht darin, eine komplexe strukturelle Unterst\u00fctzung f\u00fcr die Epidermis zu schaffen.<br \/>\n\u00dcber unser COOL-AGEN Infusionsserum k\u00f6nnen wir sagen, dass es einer virtuellen Mesotherapie gleichkommt.      <\/p>\n<p>Kukui-\u00d6l, ein hervorragender Hautregenerator und -reparator, zieht schnell ein, n\u00e4hrt die Epidermis und verleiht ihr ein samtiges Aussehen. Dar\u00fcber hinaus haben die Mikrok\u00fcgelchen, die Colagen enthalten, eine intensive Regenerationswirkung auf die Epidermis. Zusammen mit den Fetts\u00e4uren des Kukui-\u00d6ls tragen sie dazu bei, Hautunreinheiten zu verblassen. <\/p>\n<p>Dieses Produkt ist frei von Parf\u00fcm und Parabenen und wurde dermatologisch getestet.<\/p>\n<p><strong>ZUTATEN:<\/strong><\/p>\n<\/div>\n<div id=\"description-2\" class=\"accordion-collapse collapse show\" aria-labelledby=\"heading-2\" data-bs-parent=\"#prod-desc-acc\">\n<div class=\"accordion-body\">\n<p>ALEURITES MOLUCCANA, PENTAERYTHRITYL TETRAISOSTEARATE, TOCOPHERYL ACETATE, PELARGONIUM GRAVEOLENS OIL, SILICA DIMETHYL SILYLATE, BUTYLENE GLYCOL, PENTYLENE GLYCOL, SODIUM CHONDROITIN SULFATE, ATELOCOLLAGEN, CITRONELLOL, GERANIOL, LINALOOL, CITRAL, D-LIMONENE.<\/p>\n<p>&nbsp;<\/p>\n<\/div>\n<p class=\"\" data-start=\"0\" data-end=\"36\"><strong data-start=\"0\" data-end=\"14\">EIGENSCHAFTEN:<\/strong><\/p>\n<p class=\"\" data-start=\"0\" data-end=\"36\"><br data-start=\"14\" data-end=\"17\"><strong data-start=\"17\" data-end=\"29\">Textur:<\/strong> \u00d6l.<\/p>\n<p class=\"\" data-start=\"0\" data-end=\"36\"><strong data-start=\"38\" data-end=\"71\">Wann kann das Produkt verwendet werden?<\/strong>  Abends.<\/p>\n<p class=\"\" data-start=\"91\" data-end=\"388\"><strong data-start=\"91\" data-end=\"106\">Eigenschaften:<\/strong> Dieser Inhaltsstoff ist zusammen mit Hyalurons\u00e4ure und Elastin ein wichtiges Protein der extrazellul\u00e4ren Matrix der Haut. Es ist f\u00fcr die Integrit\u00e4t und Spannkraft der Haut verantwortlich und bildet ein dichtes Netzwerk in der Dermis. Seine Hauptfunktion ist die Bereitstellung einer komplexen strukturellen Unterst\u00fctzung f\u00fcr die Epidermis.  <\/p>\n<p class=\"\" data-start=\"0\" data-end=\"233\"><strong data-start=\"0\" data-end=\"16\">Anwendung<\/strong><br data-start=\"16\" data-end=\"19\">F\u00fcr beste Ergebnisse tragen Sie das \u00d6l auf die leicht feuchte Haut auf. Die Formel ist ausschlie\u00dflich in \u00d6l l\u00f6slich, wird aber in Gegenwart von Wasser aktiviert. Um die Ergebnisse einer Routine mit den \u00d6len aus der Ultra-Filling-Serie zu verbessern, empfehlen wir daher, das \u00d6l zusammen mit einem Aktivator, wie unserem SKIN MEETS HEALING &#8211; Vitamin C, vor dem Schlafengehen anzuwenden.  <\/p>\n<p class=\"\" data-start=\"235\" data-end=\"351\">Vermeiden Sie den Kontakt mit den Augen. Wenn das Produkt versehentlich in die Augen gelangt, sp\u00fclen Sie es gr\u00fcndlich mit lauwarmem Wasser aus. <\/p>\n<p class=\"\" data-start=\"353\" data-end=\"375\">Vor Gebrauch gut sch\u00fctteln.<\/p>\n<\/div>\n<\/div>\n<\/div>\n","protected":false},"excerpt":{"rendered":"<div class=\"page\" title=\"Seite 26\">\n<div class=\"layoutArea\">\n<div class=\"column\">\n<p>COOL-AGEN! Ihre absolute Infusion von Kollagen <\/p>\n<\/div>\n<\/div>\n<\/div>\n","protected":false},"featured_media":8101,"comment_status":"open","ping_status":"closed","template":"","meta":{"_uag_custom_page_level_css":"","site-sidebar-layout":"default","site-content-layout":"","ast-site-content-layout":"default","site-content-style":"default","site-sidebar-style":"default","ast-global-header-display":"","ast-banner-title-visibility":"","ast-main-header-display":"","ast-hfb-above-header-display":"","ast-hfb-below-header-display":"","ast-hfb-mobile-header-display":"","site-post-title":"","ast-breadcrumbs-content":"","ast-featured-img":"","footer-sml-layout":"","ast-disable-related-posts":"","theme-transparent-header-meta":"default","adv-header-id-meta":"","stick-header-meta":"","header-above-stick-meta":"","header-main-stick-meta":"","header-below-stick-meta":"","astra-migrate-meta-layouts":"default","ast-page-background-enabled":"default","ast-page-background-meta":{"desktop":{"background-color":"var(--ast-global-color-4)","background-image":"","background-repeat":"repeat","background-position":"center center","background-size":"auto","background-attachment":"scroll","background-type":"","background-media":"","overlay-type":"","overlay-color":"","overlay-opacity":"","overlay-gradient":""},"tablet":{"background-color":"","background-image":"","background-repeat":"repeat","background-position":"center center","background-size":"auto","background-attachment":"scroll","background-type":"","background-media":"","overlay-type":"","overlay-color":"","overlay-opacity":"","overlay-gradient":""},"mobile":{"background-color":"","background-image":"","background-repeat":"repeat","background-position":"center center","background-size":"auto","background-attachment":"scroll","background-type":"","background-media":"","overlay-type":"","overlay-color":"","overlay-opacity":"","overlay-gradient":""}},"ast-content-background-meta":{"desktop":{"background-color":"var(--ast-global-color-5)","background-image":"","background-repeat":"repeat","background-position":"center center","background-size":"auto","background-attachment":"scroll","background-type":"","background-media":"","overlay-type":"","overlay-color":"","overlay-opacity":"","overlay-gradient":""},"tablet":{"background-color":"var(--ast-global-color-5)","background-image":"","background-repeat":"repeat","background-position":"center center","background-size":"auto","background-attachment":"scroll","background-type":"","background-media":"","overlay-type":"","overlay-color":"","overlay-opacity":"","overlay-gradient":""},"mobile":{"background-color":"var(--ast-global-color-5)","background-image":"","background-repeat":"repeat","background-position":"center center","background-size":"auto","background-attachment":"scroll","background-type":"","background-media":"","overlay-type":"","overlay-color":"","overlay-opacity":"","overlay-gradient":""}}},"product_brand":[711],"product_cat":[761,781],"product_tag":[762,799,738,793,763],"class_list":{"0":"post-8038","1":"product","2":"type-product","3":"status-publish","4":"has-post-thumbnail","6":"product_brand-alina-velica-skincare","7":"product_cat-anti-aging-de","8":"product_cat-seren","9":"product_tag-anti-aging-de","10":"product_tag-nachtpflege","11":"product_tag-nachtprogramm","12":"product_tag-serum-de","13":"product_tag-unisex-de","14":"desktop-align-left","15":"tablet-align-left","16":"mobile-align-left","18":"first","19":"instock","20":"taxable","21":"shipping-taxable","22":"purchasable","23":"product-type-simple"},"uagb_featured_image_src":{"full":["https:\/\/alinavelica.com\/wp-content\/uploads\/2025\/04\/collagen.jpeg",1024,1024,false],"thumbnail":["https:\/\/alinavelica.com\/wp-content\/uploads\/2025\/04\/collagen-150x150.jpeg",150,150,true],"medium":["https:\/\/alinavelica.com\/wp-content\/uploads\/2025\/04\/collagen-300x300.jpeg",300,300,true],"medium_large":["https:\/\/alinavelica.com\/wp-content\/uploads\/2025\/04\/collagen-768x768.jpeg",768,768,true],"large":["https:\/\/alinavelica.com\/wp-content\/uploads\/2025\/04\/collagen.jpeg",1024,1024,false],"1536x1536":["https:\/\/alinavelica.com\/wp-content\/uploads\/2025\/04\/collagen.jpeg",1024,1024,false],"2048x2048":["https:\/\/alinavelica.com\/wp-content\/uploads\/2025\/04\/collagen.jpeg",1024,1024,false],"mailpoet_newsletter_max":["https:\/\/alinavelica.com\/wp-content\/uploads\/2025\/04\/collagen.jpeg",1024,1024,false],"woocommerce_thumbnail":["https:\/\/alinavelica.com\/wp-content\/uploads\/2025\/04\/collagen-300x300.jpeg",300,300,true],"woocommerce_single":["https:\/\/alinavelica.com\/wp-content\/uploads\/2025\/04\/collagen-600x600.jpeg",600,600,true],"woocommerce_gallery_thumbnail":["https:\/\/alinavelica.com\/wp-content\/uploads\/2025\/04\/collagen-100x100.jpeg",100,100,true]},"uagb_author_info":{"display_name":"Alina Velica","author_link":"https:\/\/alinavelica.com\/de\/author\/"},"uagb_comment_info":0,"uagb_excerpt":"COOL-AGEN! Ihre absolute Infusion von Kollagen","jetpack_sharing_enabled":true,"_links":{"self":[{"href":"https:\/\/alinavelica.com\/de\/wp-json\/wp\/v2\/product\/8038","targetHints":{"allow":["GET"]}}],"collection":[{"href":"https:\/\/alinavelica.com\/de\/wp-json\/wp\/v2\/product"}],"about":[{"href":"https:\/\/alinavelica.com\/de\/wp-json\/wp\/v2\/types\/product"}],"replies":[{"embeddable":true,"href":"https:\/\/alinavelica.com\/de\/wp-json\/wp\/v2\/comments?post=8038"}],"wp:featuredmedia":[{"embeddable":true,"href":"https:\/\/alinavelica.com\/de\/wp-json\/wp\/v2\/media\/8101"}],"wp:attachment":[{"href":"https:\/\/alinavelica.com\/de\/wp-json\/wp\/v2\/media?parent=8038"}],"wp:term":[{"taxonomy":"product_brand","embeddable":true,"href":"https:\/\/alinavelica.com\/de\/wp-json\/wp\/v2\/product_brand?post=8038"},{"taxonomy":"product_cat","embeddable":true,"href":"https:\/\/alinavelica.com\/de\/wp-json\/wp\/v2\/product_cat?post=8038"},{"taxonomy":"product_tag","embeddable":true,"href":"https:\/\/alinavelica.com\/de\/wp-json\/wp\/v2\/product_tag?post=8038"}],"curies":[{"name":"wp","href":"https:\/\/api.w.org\/{rel}","templated":true}]}}