{"id":8018,"date":"2025-06-20T22:53:28","date_gmt":"2025-06-20T20:53:28","guid":{"rendered":"https:\/\/alinavelica.com\/product\/gut-schlecht\/"},"modified":"2025-06-23T22:36:21","modified_gmt":"2025-06-23T20:36:21","slug":"gut-schlecht","status":"publish","type":"product","link":"https:\/\/alinavelica.com\/de\/product\/gut-schlecht\/","title":{"rendered":"GUT-SCHLECHT!"},"content":{"rendered":"<div class=\"page\" title=\"Seite 24\">\n<div class=\"layoutArea\">\n<div class=\"column\">\n<p><strong>Wichtige Inhaltsstoffe: Hyalurons\u00e4ure &#8211; Marula\u00f6l<\/strong><\/p>\n<p>&nbsp;<\/p>\n<p>Tiefe Falten treten meist nach dem 40. Lebensjahr auf. Sie treten zuerst auf der Stirn und im Nasolabialbereich (Mimikfalten) sowie im Bereich der Wangen auf. Aber tiefe Falten k\u00f6nnen auch schon vor dem 40. Lebensjahr bei Menschen auftreten, die sich der Sonne ausgesetzt haben, ohne einen Lichtschutzfaktor zu tragen.<br \/>\nDas Herzst\u00fcck des Produkts ist ein innovativer Wirkstoff mit hygroskopischen Eigenschaften. Was dieses Produkt einzigartig macht, ist die Synergie zwischen den n\u00e4hrenden Eigenschaften der \u00d6le in der Zusammensetzung und den feuchtigkeitsspendenden Eigenschaften der Hyalurons\u00e4ure. Hyalurons\u00e4ure ist ein hervorragender Inhaltsstoff unseres <em>GOOD TO GLOW!<\/em> Serums, der eine wichtige Rolle bei der Aufrechterhaltung des Hydratationsprofils und der Geschmeidigkeit der Haut spielt.<br \/>\nDie Formel ist ausschlie\u00dflich in \u00d6l l\u00f6slich, wird aber in Gegenwart von Wasser aktiviert. Um die Ergebnisse einer Routine mit den \u00d6len aus der Ultra-Filling-Reihe zu verbessern, empfehlen wir Ihnen daher, sie morgens zusammen mit einem unserer Aktivatoren &#8211; unserem Serum <em>FERULIC BRIGHTENING DROPS<\/em> &#8211; zu verwenden.     <\/p>\n<p>Marula-\u00d6l ist reich an Fetts\u00e4uren, die die Haut sch\u00fctzen, Falten mildern und die Zellregeneration stimulieren k\u00f6nnen. Dar\u00fcber hinaus wirken die Kugeln, die Hyalurons\u00e4ure mit unterschiedlichem Molekulargewicht enthalten, synergetisch, um die gesch\u00e4digten Bereiche der Epidermis zu verschwei\u00dfen. Dies f\u00fchrt zu einer allumfassenden Wirkung, die auf das Verblassen von Falten (feine Linien, tiefe Linien sowie Mimikfalten), die Hydratation und die Wiederherstellung der Epidermis abzielt.  <\/p>\n<p>Dieses Produkt ist frei von Parf\u00fcm und Parabenen und wurde dermatologisch getestet.<\/p>\n<\/div>\n<\/div>\n<p>&nbsp;<\/p>\n<p><strong>ZUTATEN:<\/strong><\/p>\n<p id=\"heading-2\" class=\"accordion-header\"><span style=\"font-size: 16px;\">SCLEROCARYA BIRREA SEED, ETHYLHEXYL PALMITATE, TOCOPHERYL ACETATE, POLIANTHES TUBEROSA FLOWER EXTRACT, TRIHYDROXYSTEARIN, BENZYL BENZOATE, SODIUM HYALURONATE.<\/span><\/p>\n<\/div>\n<p><span class=\"word modified\" data-words=\"Textur\u0103,Textura\">Textur\u0103<\/span>: ulei<span class=\"word modified\" data-words=\"Textur\u0103,Textura\">.<\/span><\/p>\n<p>&nbsp;<\/p>\n<p><strong>Textur:<\/strong> \u00d6l<\/p>\n<p><strong>Wann kann das Produkt verwendet werden?<\/strong>  &#8211; Abends<\/p>\n<p><strong>Eigenschaften:<\/strong> Marula\u00f6l ist reich an Fetts\u00e4uren, die die Haut sch\u00fctzen, das Auftreten von Falten reduzieren und die Zellregeneration anregen k\u00f6nnen. Dar\u00fcber hinaus wirken die Kugeln, die Hyalurons\u00e4ure mit unterschiedlichen Molekulargewichten enthalten, synergetisch, um gesch\u00e4digte Bereiche der Epidermis zu reparieren. Das Ergebnis ist eine allumfassende Wirkung, die auf die <strong>Reduzierung von Falten<\/strong> (feine Linien, tiefe Falten und Mimikfalten), die <strong>Hydratation<\/strong> und die <strong>Reparatur der Epidermis<\/strong> abzielt.  <\/p>\n<p>&nbsp;<\/p>\n<p><strong>Anwendung:<\/strong><br \/>\nF\u00fcr ein optimales Ergebnis tragen Sie das \u00d6l auf die leicht feuchte Haut auf, nachdem Sie das <strong>Hibisplash Reinigungsgel<\/strong> oder das <strong>Tonify and Clean, Or-Mandarin!<\/strong> Tragen Sie ein paar Tropfen auf und massieren Sie sie sanft \u00fcber das gesamte Gesicht und Dekollet\u00e9. <\/p>\n<p>Vermeiden Sie den Kontakt mit den Augen. Wenn das Produkt versehentlich in die Augen gelangt, sp\u00fclen Sie es gr\u00fcndlich mit lauwarmem Wasser aus. <\/p>\n<p><strong>Vor Gebrauch gut sch\u00fctteln.<\/strong><\/p>\n<p>&nbsp;<\/p>\n<p class=\"\" data-start=\"0\" data-end=\"78\"><strong data-start=\"0\" data-end=\"9\">Hinweise<\/strong><br data-start=\"9\" data-end=\"12\"><strong data-start=\"12\" data-end=\"37\">Hinweise zur Lagerung:<\/strong> An einem trockenen, sauberen und k\u00fchlen Ort aufbewahren.<\/p>\n<p class=\"\" data-start=\"80\" data-end=\"97\"><strong data-start=\"80\" data-end=\"91\">Volumen:<\/strong> 15 ml<\/p>\n<p><strong>Um die Frische unserer Produkte zu bewahren, stellen wir sie in kleinen Chargen her. Daher kann es je nach Charge zu leichten Unterschieden in Textur und Farbe kommen.<\/strong>  Diese Abweichungen werden durch die verwendeten Wirkstoffe beeinflusst, da es sich um Pflanzenextrakte handelt, die je nach Jahreszeit und Region, aus der die Rohstoffe stammen, unterschiedlich sein k\u00f6nnen.<\/p>\n<p>Da unsere Produkte Allergene enthalten k\u00f6nnen, empfehlen wir Ihnen, die Liste der Inhaltsstoffe sorgf\u00e4ltig zu lesen, bevor Sie sie entsiegeln und verwenden. Wenn Sie wissen, dass Sie allergisch oder empfindlich auf einen der Inhaltsstoffe reagieren, verwenden Sie das Produkt nicht. <\/p>\n<p>Wenn Sie nach der Anwendung des Produkts eine allergische Reaktion bemerken, brechen Sie die Einnahme sofort ab und suchen Sie einen Arzt auf.<\/p>\n<div class=\"page\" title=\"Seite 24\">\n<div class=\"layoutArea\">\n<p>&nbsp;<\/p>\n<\/div>\n<\/div>\n","protected":false},"excerpt":{"rendered":"<p><strong><em>Ihre absolute Infusion von Hyalurons\u00e4ure!<\/em><\/strong><\/p>\n<p>&nbsp;<\/p>\n","protected":false},"featured_media":8125,"comment_status":"closed","ping_status":"closed","template":"","meta":{"_uag_custom_page_level_css":"","site-sidebar-layout":"default","site-content-layout":"","ast-site-content-layout":"default","site-content-style":"default","site-sidebar-style":"default","ast-global-header-display":"","ast-banner-title-visibility":"","ast-main-header-display":"","ast-hfb-above-header-display":"","ast-hfb-below-header-display":"","ast-hfb-mobile-header-display":"","site-post-title":"","ast-breadcrumbs-content":"","ast-featured-img":"","footer-sml-layout":"","ast-disable-related-posts":"","theme-transparent-header-meta":"default","adv-header-id-meta":"","stick-header-meta":"","header-above-stick-meta":"","header-main-stick-meta":"","header-below-stick-meta":"","astra-migrate-meta-layouts":"default","ast-page-background-enabled":"default","ast-page-background-meta":{"desktop":{"background-color":"var(--ast-global-color-4)","background-image":"","background-repeat":"repeat","background-position":"center center","background-size":"auto","background-attachment":"scroll","background-type":"","background-media":"","overlay-type":"","overlay-color":"","overlay-opacity":"","overlay-gradient":""},"tablet":{"background-color":"","background-image":"","background-repeat":"repeat","background-position":"center center","background-size":"auto","background-attachment":"scroll","background-type":"","background-media":"","overlay-type":"","overlay-color":"","overlay-opacity":"","overlay-gradient":""},"mobile":{"background-color":"","background-image":"","background-repeat":"repeat","background-position":"center center","background-size":"auto","background-attachment":"scroll","background-type":"","background-media":"","overlay-type":"","overlay-color":"","overlay-opacity":"","overlay-gradient":""}},"ast-content-background-meta":{"desktop":{"background-color":"var(--ast-global-color-5)","background-image":"","background-repeat":"repeat","background-position":"center center","background-size":"auto","background-attachment":"scroll","background-type":"","background-media":"","overlay-type":"","overlay-color":"","overlay-opacity":"","overlay-gradient":""},"tablet":{"background-color":"var(--ast-global-color-5)","background-image":"","background-repeat":"repeat","background-position":"center center","background-size":"auto","background-attachment":"scroll","background-type":"","background-media":"","overlay-type":"","overlay-color":"","overlay-opacity":"","overlay-gradient":""},"mobile":{"background-color":"var(--ast-global-color-5)","background-image":"","background-repeat":"repeat","background-position":"center center","background-size":"auto","background-attachment":"scroll","background-type":"","background-media":"","overlay-type":"","overlay-color":"","overlay-opacity":"","overlay-gradient":""}}},"product_brand":[711],"product_cat":[781],"product_tag":[762,764,793,794,763],"class_list":{"0":"post-8018","1":"product","2":"type-product","3":"status-publish","4":"has-post-thumbnail","6":"product_brand-alina-velica-skincare","7":"product_cat-seren","8":"product_tag-anti-aging-de","9":"product_tag-flussigkeitszufuhr","10":"product_tag-serum-de","11":"product_tag-tagesroutine","12":"product_tag-unisex-de","13":"desktop-align-left","14":"tablet-align-left","15":"mobile-align-left","17":"first","18":"instock","19":"taxable","20":"shipping-taxable","21":"purchasable","22":"product-type-simple"},"uagb_featured_image_src":{"full":["https:\/\/alinavelica.com\/wp-content\/uploads\/2025\/04\/hyal.jpeg",1024,1024,false],"thumbnail":["https:\/\/alinavelica.com\/wp-content\/uploads\/2025\/04\/hyal-150x150.jpeg",150,150,true],"medium":["https:\/\/alinavelica.com\/wp-content\/uploads\/2025\/04\/hyal-300x300.jpeg",300,300,true],"medium_large":["https:\/\/alinavelica.com\/wp-content\/uploads\/2025\/04\/hyal-768x768.jpeg",768,768,true],"large":["https:\/\/alinavelica.com\/wp-content\/uploads\/2025\/04\/hyal.jpeg",1024,1024,false],"1536x1536":["https:\/\/alinavelica.com\/wp-content\/uploads\/2025\/04\/hyal.jpeg",1024,1024,false],"2048x2048":["https:\/\/alinavelica.com\/wp-content\/uploads\/2025\/04\/hyal.jpeg",1024,1024,false],"mailpoet_newsletter_max":["https:\/\/alinavelica.com\/wp-content\/uploads\/2025\/04\/hyal.jpeg",1024,1024,false],"woocommerce_thumbnail":["https:\/\/alinavelica.com\/wp-content\/uploads\/2025\/04\/hyal-300x300.jpeg",300,300,true],"woocommerce_single":["https:\/\/alinavelica.com\/wp-content\/uploads\/2025\/04\/hyal-600x600.jpeg",600,600,true],"woocommerce_gallery_thumbnail":["https:\/\/alinavelica.com\/wp-content\/uploads\/2025\/04\/hyal-100x100.jpeg",100,100,true]},"uagb_author_info":{"display_name":"Alina Velica","author_link":"https:\/\/alinavelica.com\/de\/author\/"},"uagb_comment_info":0,"uagb_excerpt":"Ihre absolute Infusion von Hyalurons\u00e4ure! &nbsp;","_links":{"self":[{"href":"https:\/\/alinavelica.com\/de\/wp-json\/wp\/v2\/product\/8018","targetHints":{"allow":["GET"]}}],"collection":[{"href":"https:\/\/alinavelica.com\/de\/wp-json\/wp\/v2\/product"}],"about":[{"href":"https:\/\/alinavelica.com\/de\/wp-json\/wp\/v2\/types\/product"}],"replies":[{"embeddable":true,"href":"https:\/\/alinavelica.com\/de\/wp-json\/wp\/v2\/comments?post=8018"}],"wp:featuredmedia":[{"embeddable":true,"href":"https:\/\/alinavelica.com\/de\/wp-json\/wp\/v2\/media\/8125"}],"wp:attachment":[{"href":"https:\/\/alinavelica.com\/de\/wp-json\/wp\/v2\/media?parent=8018"}],"wp:term":[{"taxonomy":"product_brand","embeddable":true,"href":"https:\/\/alinavelica.com\/de\/wp-json\/wp\/v2\/product_brand?post=8018"},{"taxonomy":"product_cat","embeddable":true,"href":"https:\/\/alinavelica.com\/de\/wp-json\/wp\/v2\/product_cat?post=8018"},{"taxonomy":"product_tag","embeddable":true,"href":"https:\/\/alinavelica.com\/de\/wp-json\/wp\/v2\/product_tag?post=8018"}],"curies":[{"name":"wp","href":"https:\/\/api.w.org\/{rel}","templated":true}]}}