{"id":8004,"date":"2025-06-20T22:53:26","date_gmt":"2025-06-20T20:53:26","guid":{"rendered":"https:\/\/alinavelica.com\/product\/endless-you-th\/"},"modified":"2025-06-23T22:21:46","modified_gmt":"2025-06-23T20:21:46","slug":"endless-you-th","status":"publish","type":"product","link":"https:\/\/alinavelica.com\/de\/product\/endless-you-th\/","title":{"rendered":"Endless You-th!"},"content":{"rendered":"<div class=\"page\" title=\"Seite 10\">\n<div class=\"layoutArea\">\n<div class=\"column\">\n<p>Wichtige Inhaltsstoffe: HEMISQUALAN &#8211; SQUALAN &#8211; HYALURONS\u00c4URE<\/p>\n<p>Unsere Nachtcreme ist ein fabelhafter Wirkstoffcocktail, der die Haut n\u00e4hrt, wiederherstellt, mit Feuchtigkeit versorgt, beruhigt und veredelt. Wir empfehlen Ihnen, sie zusammen mit unserem COOL-AGEN zu verwenden, um Ihre Haut rundum zu verw\u00f6hnen. Die Textur hat eine ganz besondere Note, die durch die Mischung aus dem raffinierten Squalan und dem raffinierten und eleganten Hemisqualan extrem glatt ist. Das Squalan, das f\u00fcr die Formel unserer Creme verwendet wird, ist das beste klinisch erprobte Squalan der Welt.   <\/p>\n<p>Das aus Bonsucro-zertifiziertem Zuckerrohr gewonnene Squalan in der ENDLESS YOU-TH! Formel ist eine stabile Form der Feuchtigkeitszufuhr mit Anti-Aging-Effekt und erh\u00f6ht die Festigkeit der Haut, die sich durch eine Verringerung der Oberfl\u00e4che, des Volumens und der Tiefe von Hautunreinheiten oder Aknenarben auszeichnet. Hemisqualane ist ein Emollient mit einem trockenen Finish, das aus nachhaltig angebautem Zuckerrohr gewonnen wird.  <\/p>\n<p>Der Zusatz von zwei Arten von Hyalurons\u00e4ure unterst\u00fctzt die feuchtigkeitsspendende Leistung der Formel, ihre Elastizit\u00e4t und den Hautton.<\/p>\n<p>Das sensorische Erlebnis, das auf der Epidermis zur\u00fcckbleibt, ist cremig, pudrig, mit einem Soft-Focus-Effekt, dessen Textur f\u00fcr zus\u00e4tzliche Elastizit\u00e4t und Gleichm\u00e4\u00dfigkeit der Haut sorgt.<\/p>\n<p>Die Lipopeptide in der Formel unserer Nachtcreme enthalten den ersten kosmetischen Wirkstoff, der der Epidermis Komfort und Sanftheit vermittelt.<\/p>\n<p>Studien, die mit den Lipodipeptiden in der Formel durchgef\u00fchrt wurden, zeigen die Verbesserung des Hautkomforts. Die neurokosmetische Aktivit\u00e4t moduliert die Hautwahrnehmung und verleiht der Epidermis ein erh\u00f6htes Gef\u00fchl der Ruhe.<\/p>\n<p>Entwickelt f\u00fcr reife Haut.<br \/>\nGeeignet f\u00fcr trockene, normale und gemischte Hauttypen.<\/p>\n<p>Dieses Produkt ist frei von Parf\u00fcm und Parabenen und es ist dermatologisch getestet.<\/p>\n<\/div>\n<\/div>\n<\/div>\n","protected":false},"excerpt":{"rendered":"<p>Wichtige Inhaltsstoffe: HEMISQUALAN &#8211; SQUALAN &#8211; HYALURONS\u00c4URE Unsere Nachtcreme ist ein fabelhafter Wirkstoffcocktail, der die Haut n\u00e4hrt, wiederherstellt, mit Feuchtigkeit versorgt, beruhigt und veredelt. Wir empfehlen Ihnen, sie zusammen mit unserem COOL-AGEN zu verwenden, um Ihre Haut rundum zu verw\u00f6hnen. Die Textur hat eine ganz besondere Note, die durch die Mischung aus dem raffinierten Squalan [&hellip;]<\/p>\n","protected":false},"featured_media":8153,"comment_status":"closed","ping_status":"closed","template":"","meta":{"_uag_custom_page_level_css":"","site-sidebar-layout":"default","site-content-layout":"","ast-site-content-layout":"default","site-content-style":"default","site-sidebar-style":"default","ast-global-header-display":"","ast-banner-title-visibility":"","ast-main-header-display":"","ast-hfb-above-header-display":"","ast-hfb-below-header-display":"","ast-hfb-mobile-header-display":"","site-post-title":"","ast-breadcrumbs-content":"","ast-featured-img":"","footer-sml-layout":"","ast-disable-related-posts":"","theme-transparent-header-meta":"default","adv-header-id-meta":"","stick-header-meta":"","header-above-stick-meta":"","header-main-stick-meta":"","header-below-stick-meta":"","astra-migrate-meta-layouts":"default","ast-page-background-enabled":"default","ast-page-background-meta":{"desktop":{"background-color":"var(--ast-global-color-4)","background-image":"","background-repeat":"repeat","background-position":"center center","background-size":"auto","background-attachment":"scroll","background-type":"","background-media":"","overlay-type":"","overlay-color":"","overlay-opacity":"","overlay-gradient":""},"tablet":{"background-color":"","background-image":"","background-repeat":"repeat","background-position":"center center","background-size":"auto","background-attachment":"scroll","background-type":"","background-media":"","overlay-type":"","overlay-color":"","overlay-opacity":"","overlay-gradient":""},"mobile":{"background-color":"","background-image":"","background-repeat":"repeat","background-position":"center center","background-size":"auto","background-attachment":"scroll","background-type":"","background-media":"","overlay-type":"","overlay-color":"","overlay-opacity":"","overlay-gradient":""}},"ast-content-background-meta":{"desktop":{"background-color":"var(--ast-global-color-5)","background-image":"","background-repeat":"repeat","background-position":"center center","background-size":"auto","background-attachment":"scroll","background-type":"","background-media":"","overlay-type":"","overlay-color":"","overlay-opacity":"","overlay-gradient":""},"tablet":{"background-color":"var(--ast-global-color-5)","background-image":"","background-repeat":"repeat","background-position":"center center","background-size":"auto","background-attachment":"scroll","background-type":"","background-media":"","overlay-type":"","overlay-color":"","overlay-opacity":"","overlay-gradient":""},"mobile":{"background-color":"var(--ast-global-color-5)","background-image":"","background-repeat":"repeat","background-position":"center center","background-size":"auto","background-attachment":"scroll","background-type":"","background-media":"","overlay-type":"","overlay-color":"","overlay-opacity":"","overlay-gradient":""}}},"product_brand":[711],"product_cat":[761],"product_tag":[762,764,766,765,763],"class_list":{"0":"post-8004","1":"product","2":"type-product","3":"status-publish","4":"has-post-thumbnail","6":"product_brand-alina-velica-skincare","7":"product_cat-anti-aging-de","8":"product_tag-anti-aging-de","9":"product_tag-flussigkeitszufuhr","10":"product_tag-helle-creme","11":"product_tag-nachtcreme","12":"product_tag-unisex-de","13":"desktop-align-left","14":"tablet-align-left","15":"mobile-align-left","17":"first","18":"instock","19":"taxable","20":"shipping-taxable","21":"purchasable","22":"product-type-simple"},"uagb_featured_image_src":{"full":["https:\/\/alinavelica.com\/wp-content\/uploads\/2025\/04\/Mokker1.jpeg",1024,1024,false],"thumbnail":["https:\/\/alinavelica.com\/wp-content\/uploads\/2025\/04\/Mokker1-150x150.jpeg",150,150,true],"medium":["https:\/\/alinavelica.com\/wp-content\/uploads\/2025\/04\/Mokker1-300x300.jpeg",300,300,true],"medium_large":["https:\/\/alinavelica.com\/wp-content\/uploads\/2025\/04\/Mokker1-768x768.jpeg",768,768,true],"large":["https:\/\/alinavelica.com\/wp-content\/uploads\/2025\/04\/Mokker1.jpeg",1024,1024,false],"1536x1536":["https:\/\/alinavelica.com\/wp-content\/uploads\/2025\/04\/Mokker1.jpeg",1024,1024,false],"2048x2048":["https:\/\/alinavelica.com\/wp-content\/uploads\/2025\/04\/Mokker1.jpeg",1024,1024,false],"mailpoet_newsletter_max":["https:\/\/alinavelica.com\/wp-content\/uploads\/2025\/04\/Mokker1.jpeg",1024,1024,false],"woocommerce_thumbnail":["https:\/\/alinavelica.com\/wp-content\/uploads\/2025\/04\/Mokker1-300x300.jpeg",300,300,true],"woocommerce_single":["https:\/\/alinavelica.com\/wp-content\/uploads\/2025\/04\/Mokker1-600x600.jpeg",600,600,true],"woocommerce_gallery_thumbnail":["https:\/\/alinavelica.com\/wp-content\/uploads\/2025\/04\/Mokker1-100x100.jpeg",100,100,true]},"uagb_author_info":{"display_name":"Alina Velica","author_link":"https:\/\/alinavelica.com\/de\/author\/"},"uagb_comment_info":0,"uagb_excerpt":"Wichtige Inhaltsstoffe: HEMISQUALAN &#8211; SQUALAN &#8211; HYALURONS\u00c4URE Unsere Nachtcreme ist ein fabelhafter Wirkstoffcocktail, der die Haut n\u00e4hrt, wiederherstellt, mit Feuchtigkeit versorgt, beruhigt und veredelt. Wir empfehlen Ihnen, sie zusammen mit unserem COOL-AGEN zu verwenden, um Ihre Haut rundum zu verw\u00f6hnen. Die Textur hat eine ganz besondere Note, die durch die Mischung aus dem raffinierten Squalan&hellip;","_links":{"self":[{"href":"https:\/\/alinavelica.com\/de\/wp-json\/wp\/v2\/product\/8004","targetHints":{"allow":["GET"]}}],"collection":[{"href":"https:\/\/alinavelica.com\/de\/wp-json\/wp\/v2\/product"}],"about":[{"href":"https:\/\/alinavelica.com\/de\/wp-json\/wp\/v2\/types\/product"}],"replies":[{"embeddable":true,"href":"https:\/\/alinavelica.com\/de\/wp-json\/wp\/v2\/comments?post=8004"}],"wp:featuredmedia":[{"embeddable":true,"href":"https:\/\/alinavelica.com\/de\/wp-json\/wp\/v2\/media\/8153"}],"wp:attachment":[{"href":"https:\/\/alinavelica.com\/de\/wp-json\/wp\/v2\/media?parent=8004"}],"wp:term":[{"taxonomy":"product_brand","embeddable":true,"href":"https:\/\/alinavelica.com\/de\/wp-json\/wp\/v2\/product_brand?post=8004"},{"taxonomy":"product_cat","embeddable":true,"href":"https:\/\/alinavelica.com\/de\/wp-json\/wp\/v2\/product_cat?post=8004"},{"taxonomy":"product_tag","embeddable":true,"href":"https:\/\/alinavelica.com\/de\/wp-json\/wp\/v2\/product_tag?post=8004"}],"curies":[{"name":"wp","href":"https:\/\/api.w.org\/{rel}","templated":true}]}}