{"id":7738,"date":"2025-06-20T22:51:42","date_gmt":"2025-06-20T20:51:42","guid":{"rendered":"https:\/\/alinavelica.com\/product\/zeigen-siefff-fuesse\/"},"modified":"2025-06-24T17:38:48","modified_gmt":"2025-06-24T15:38:48","slug":"zeigen-siefff-fuesse","status":"publish","type":"product","link":"https:\/\/alinavelica.com\/de\/product\/zeigen-siefff-fuesse\/","title":{"rendered":"ZEIGEN SIEFFF&#8230;F\u00dcSSE!"},"content":{"rendered":"<p data-start=\"52\" data-end=\"537\">Ihre \u201eErfahrung mit dem Vorzeigen von F\u00fc\u00dfen\u201c<\/p>\n<p class=\"\" data-start=\"52\" data-end=\"537\">Botanische Inhaltsstoffe mit stark regenerierenden Eigenschaften (Tamanu-\u00d6l, Kakaobutter, Kokosnuss\u00f6l, Neem-\u00d6l, Vitamin E, K\u00fcrbiskern\u00f6l) versorgen die Haut mit Feuchtigkeit, machen sie weich und sorgen f\u00fcr ihr Wohlbefinden.<br data-start=\"239\" data-end=\"242\">Lavendel\u00f6l, Rosen\u00f6l und Orangen\u00f6l haben revitalisierende Eigenschaften. So bildet unsere Fu\u00dfcreme eine Schutzschicht auf der Hautoberfl\u00e4che und extrem trockene, rissige Haut wird repariert.<br data-start=\"428\" data-end=\"431\">Diese nicht fettende Fu\u00dfcreme zieht leicht in die Haut ein und tr\u00e4gt zur Regeneration der trockenen Haut bei. <\/p>\n<p class=\"\" data-start=\"539\" data-end=\"673\">F\u00fcr alle Hauttypen geeignet. Kann t\u00e4glich verwendet werden. F\u00fcr sichtbare Ergebnisse empfehlen wir die Anwendung nach der Reinigung der Haut mit einer Fu\u00dfb\u00fcrste.  <\/p>\n<p class=\"\" data-start=\"39\" data-end=\"206\">Tragen Sie die Creme auf die sauberen F\u00fc\u00dfe auf und massieren Sie die Sohlen und Zehen in kreisenden Bewegungen, bis die Fu\u00dfcreme vollst\u00e4ndig eingezogen ist. Sie kann helfen, rissige Fersen und trockene Haut zu hydratisieren und zu regenerieren. <\/p>\n<p class=\"\" data-start=\"208\" data-end=\"318\">Vermeiden Sie den Kontakt mit den Augen. Wenn das Produkt versehentlich in die Augen gelangt, sp\u00fclen Sie es gr\u00fcndlich mit lauwarmem Wasser aus. <\/p>\n<p class=\"\" data-start=\"38\" data-end=\"102\"><strong data-start=\"38\" data-end=\"63\">Hinweise zur Lagerung:<\/strong> An einem trockenen, sauberen und k\u00fchlen Ort aufbewahren.<\/p>\n<p class=\"\" data-start=\"104\" data-end=\"124\"><strong data-start=\"104\" data-end=\"117\">Menge:<\/strong> 100 ml<\/p>\n<p class=\"\" data-start=\"126\" data-end=\"959\">Die Produktfotos auf der Website dienen nur zu Informationszwecken. Obwohl Verpackungsunterschiede auftreten k\u00f6nnen, versichern wir Ihnen die Qualit\u00e4t Ihrer Hautpflege.<br data-start=\"293\" data-end=\"296\">Um die Frische unserer Produkte zu bewahren, stellen wir sie in kleinen Chargen her, weshalb es je nach Charge Unterschiede in Textur und Farbe geben kann. Diese Abweichungen werden durch die verwendeten Wirkstoffe beeinflusst, da es sich um Pflanzenextrakte handelt, und k\u00f6nnen je nach Jahreszeit und Region, aus der die Rohstoffe stammen, variieren.<br data-start=\"641\" data-end=\"644\">Da unsere Produkte Allergene enthalten k\u00f6nnen, empfehlen wir Ihnen, die Inhaltsstoffe sorgf\u00e4ltig zu lesen, bevor Sie sie entsiegeln und verwenden. Wenn Sie allergisch oder empfindlich auf einen der Inhaltsstoffe reagieren, sollten Sie die Fu\u00dfcreme nicht verwenden. Wenn Sie nach der Anwendung des Produkts eine allergische Reaktion bemerken, brechen Sie die Anwendung ab und suchen Sie einen Arzt auf.    <\/p>\n<p class=\"\" data-start=\"961\" data-end=\"1053\">Um ein angenehmes und vertrauensw\u00fcrdiges Erlebnis zu gew\u00e4hrleisten, wurde dieses Produkt dermatologisch getestet.<\/p>\n<p class=\"\" data-start=\"675\" data-end=\"776\">\n","protected":false},"excerpt":{"rendered":"<p>Ihre \u201eErfahrung mit dem Vorzeigen von F\u00fc\u00dfen\u201c Botanische Inhaltsstoffe mit stark regenerierenden Eigenschaften (Tamanu-\u00d6l, Kakaobutter, Kokosnuss\u00f6l, Neem-\u00d6l, Vitamin E, K\u00fcrbiskern\u00f6l) versorgen die Haut mit Feuchtigkeit, machen sie weich und sorgen f\u00fcr ihr Wohlbefinden.Lavendel\u00f6l, Rosen\u00f6l und Orangen\u00f6l haben revitalisierende Eigenschaften. So bildet unsere Fu\u00dfcreme eine Schutzschicht auf der Hautoberfl\u00e4che und extrem trockene, rissige Haut wird repariert.Diese [&hellip;]<\/p>\n","protected":false},"featured_media":8158,"comment_status":"closed","ping_status":"closed","template":"","meta":{"_uag_custom_page_level_css":"","site-sidebar-layout":"default","site-content-layout":"","ast-site-content-layout":"default","site-content-style":"default","site-sidebar-style":"default","ast-global-header-display":"","ast-banner-title-visibility":"","ast-main-header-display":"","ast-hfb-above-header-display":"","ast-hfb-below-header-display":"","ast-hfb-mobile-header-display":"","site-post-title":"","ast-breadcrumbs-content":"","ast-featured-img":"","footer-sml-layout":"","ast-disable-related-posts":"","theme-transparent-header-meta":"default","adv-header-id-meta":"","stick-header-meta":"","header-above-stick-meta":"","header-main-stick-meta":"","header-below-stick-meta":"","astra-migrate-meta-layouts":"default","ast-page-background-enabled":"default","ast-page-background-meta":{"desktop":{"background-color":"var(--ast-global-color-4)","background-image":"","background-repeat":"repeat","background-position":"center center","background-size":"auto","background-attachment":"scroll","background-type":"","background-media":"","overlay-type":"","overlay-color":"","overlay-opacity":"","overlay-gradient":""},"tablet":{"background-color":"","background-image":"","background-repeat":"repeat","background-position":"center center","background-size":"auto","background-attachment":"scroll","background-type":"","background-media":"","overlay-type":"","overlay-color":"","overlay-opacity":"","overlay-gradient":""},"mobile":{"background-color":"","background-image":"","background-repeat":"repeat","background-position":"center center","background-size":"auto","background-attachment":"scroll","background-type":"","background-media":"","overlay-type":"","overlay-color":"","overlay-opacity":"","overlay-gradient":""}},"ast-content-background-meta":{"desktop":{"background-color":"var(--ast-global-color-5)","background-image":"","background-repeat":"repeat","background-position":"center center","background-size":"auto","background-attachment":"scroll","background-type":"","background-media":"","overlay-type":"","overlay-color":"","overlay-opacity":"","overlay-gradient":""},"tablet":{"background-color":"var(--ast-global-color-5)","background-image":"","background-repeat":"repeat","background-position":"center center","background-size":"auto","background-attachment":"scroll","background-type":"","background-media":"","overlay-type":"","overlay-color":"","overlay-opacity":"","overlay-gradient":""},"mobile":{"background-color":"var(--ast-global-color-5)","background-image":"","background-repeat":"repeat","background-position":"center center","background-size":"auto","background-attachment":"scroll","background-type":"","background-media":"","overlay-type":"","overlay-color":"","overlay-opacity":"","overlay-gradient":""}}},"product_brand":[],"product_cat":[809],"product_tag":[],"class_list":{"0":"post-7738","1":"product","2":"type-product","3":"status-publish","4":"has-post-thumbnail","6":"product_cat-korperpflege","7":"desktop-align-left","8":"tablet-align-left","9":"mobile-align-left","11":"first","12":"instock","13":"taxable","14":"shipping-taxable","15":"purchasable","16":"product-type-simple"},"uagb_featured_image_src":{"full":["https:\/\/alinavelica.com\/wp-content\/uploads\/2025\/04\/show.jpeg",1024,1024,false],"thumbnail":["https:\/\/alinavelica.com\/wp-content\/uploads\/2025\/04\/show-150x150.jpeg",150,150,true],"medium":["https:\/\/alinavelica.com\/wp-content\/uploads\/2025\/04\/show-300x300.jpeg",300,300,true],"medium_large":["https:\/\/alinavelica.com\/wp-content\/uploads\/2025\/04\/show-768x768.jpeg",768,768,true],"large":["https:\/\/alinavelica.com\/wp-content\/uploads\/2025\/04\/show.jpeg",1024,1024,false],"1536x1536":["https:\/\/alinavelica.com\/wp-content\/uploads\/2025\/04\/show.jpeg",1024,1024,false],"2048x2048":["https:\/\/alinavelica.com\/wp-content\/uploads\/2025\/04\/show.jpeg",1024,1024,false],"mailpoet_newsletter_max":["https:\/\/alinavelica.com\/wp-content\/uploads\/2025\/04\/show.jpeg",1024,1024,false],"woocommerce_thumbnail":["https:\/\/alinavelica.com\/wp-content\/uploads\/2025\/04\/show-300x300.jpeg",300,300,true],"woocommerce_single":["https:\/\/alinavelica.com\/wp-content\/uploads\/2025\/04\/show-600x600.jpeg",600,600,true],"woocommerce_gallery_thumbnail":["https:\/\/alinavelica.com\/wp-content\/uploads\/2025\/04\/show-100x100.jpeg",100,100,true]},"uagb_author_info":{"display_name":"Alina Velica","author_link":"https:\/\/alinavelica.com\/de\/author\/"},"uagb_comment_info":0,"uagb_excerpt":"Ihre \u201eErfahrung mit dem Vorzeigen von F\u00fc\u00dfen\u201c Botanische Inhaltsstoffe mit stark regenerierenden Eigenschaften (Tamanu-\u00d6l, Kakaobutter, Kokosnuss\u00f6l, Neem-\u00d6l, Vitamin E, K\u00fcrbiskern\u00f6l) versorgen die Haut mit Feuchtigkeit, machen sie weich und sorgen f\u00fcr ihr Wohlbefinden.Lavendel\u00f6l, Rosen\u00f6l und Orangen\u00f6l haben revitalisierende Eigenschaften. So bildet unsere Fu\u00dfcreme eine Schutzschicht auf der Hautoberfl\u00e4che und extrem trockene, rissige Haut wird repariert.Diese&hellip;","jetpack_sharing_enabled":true,"_links":{"self":[{"href":"https:\/\/alinavelica.com\/de\/wp-json\/wp\/v2\/product\/7738","targetHints":{"allow":["GET"]}}],"collection":[{"href":"https:\/\/alinavelica.com\/de\/wp-json\/wp\/v2\/product"}],"about":[{"href":"https:\/\/alinavelica.com\/de\/wp-json\/wp\/v2\/types\/product"}],"replies":[{"embeddable":true,"href":"https:\/\/alinavelica.com\/de\/wp-json\/wp\/v2\/comments?post=7738"}],"wp:featuredmedia":[{"embeddable":true,"href":"https:\/\/alinavelica.com\/de\/wp-json\/wp\/v2\/media\/8158"}],"wp:attachment":[{"href":"https:\/\/alinavelica.com\/de\/wp-json\/wp\/v2\/media?parent=7738"}],"wp:term":[{"taxonomy":"product_brand","embeddable":true,"href":"https:\/\/alinavelica.com\/de\/wp-json\/wp\/v2\/product_brand?post=7738"},{"taxonomy":"product_cat","embeddable":true,"href":"https:\/\/alinavelica.com\/de\/wp-json\/wp\/v2\/product_cat?post=7738"},{"taxonomy":"product_tag","embeddable":true,"href":"https:\/\/alinavelica.com\/de\/wp-json\/wp\/v2\/product_tag?post=7738"}],"curies":[{"name":"wp","href":"https:\/\/api.w.org\/{rel}","templated":true}]}}