{"id":7736,"date":"2025-06-20T22:51:41","date_gmt":"2025-06-20T20:51:41","guid":{"rendered":"https:\/\/alinavelica.com\/product\/waschen-sie-ihren-stress-weg\/"},"modified":"2025-06-23T22:16:22","modified_gmt":"2025-06-23T20:16:22","slug":"waschen-sie-ihren-stress-weg","status":"publish","type":"product","link":"https:\/\/alinavelica.com\/de\/product\/waschen-sie-ihren-stress-weg\/","title":{"rendered":"Waschen Sie Ihren Stress weg!"},"content":{"rendered":"<p><strong>Tiefenreinigungsschaum &#8211; Vanille und Lavendel<\/strong><\/p>\n<p>ist ein fabelhaftes, flauschiges, sanftes Reinigungsmittel, das selbst die verw\u00f6hntesten Hauttypen verw\u00f6hnt. Wir empfehlen, eine gro\u00dfz\u00fcgige Menge unseres Tiefenreinigungsschaums auf die Haut zu massieren und dann gr\u00fcndlich mit lauwarmem Wasser abzusp\u00fclen, bis das Produkt vollst\u00e4ndig entfernt ist. Anschlie\u00dfend empfehlen wir, Ihr bevorzugtes Mist &amp; Tonic aufzuspr\u00fchen.  <\/p>\n<p>Der Hauptbestandteil dieses Reinigungsschaums wurde aufgrund seiner au\u00dfergew\u00f6hnlichen, klinisch nachgewiesenen reizlindernden Wirkung sowie seines fantastischen Reinigungsprofils ausgew\u00e4hlt, das f\u00fcr alle Hauttypen geeignet ist. Er ist 100% nat\u00fcrlich und von Ecocert zertifiziert. <\/p>\n<p>Das verwendete Wasser ist unser hochreines WFI-Wasser (Wasser f\u00fcr Injektionszwecke), das den EP X \/ USP-Standards entspricht. Es wird kontinuierlich \u00fcberwacht. Wir haben uns daf\u00fcr entschieden, den h\u00f6chsten Wasserstandard f\u00fcr unsere Produkte zu verwenden &#8211; die unbestreitbare Quelle des Lebens.<br \/>\nUnsere Wasserqualit\u00e4t entspricht den Anforderungen f\u00fcr Wasser f\u00fcr Injektionszwecke in der pharmazeutischen Industrie &#8211; dem anspruchsvollsten und strengsten Standard &#8211; und ist ideal f\u00fcr die Formulierung von pharmazeutischen und kosmetischen Produkten, insbesondere von biologischer, konservierungsmittelfreier Hautpflege.  <\/p>\n<p><strong>Vanille<\/strong> ist eine wichtige pflanzliche Zutat in der Kosmetikindustrie, nicht nur wegen ihres s\u00fc\u00dfen, aromatischen Dufts, sondern auch wegen ihrer vielen Vorteile f\u00fcr die Haut. Untersuchungen haben ergeben, dass Vanille etwa 200 Verbindungen mit antioxidativen Eigenschaften enth\u00e4lt. Der hohe Gehalt an Antioxidantien verleiht dem Vanilleextrakt eine hautstraffende und revitalisierende Wirkung.  <\/p>\n<p>Die hautpflegenden Eigenschaften <strong>des Lavendels<\/strong> werden seit der Antike gesch\u00e4tzt. F\u00fcr diese Formel haben wir den <strong>Mont-Blanc-Lavendel<\/strong> ausgew\u00e4hlt, der f\u00fcr seinen sanften und zarten Duft bekannt ist. Dank seiner komplexen chemischen Zusammensetzung bietet Lavendel entz\u00fcndungshemmende und geweberegenerierende Eigenschaften.  <\/p>\n<p>Damit Sie ein sicheres und angenehmes Erlebnis genie\u00dfen k\u00f6nnen, wurde dieses Produkt <strong>dermatologisch getestet<\/strong>.<\/p>\n<p><strong>Zutaten:<\/strong><\/p>\n<p>AQUA, POLYLGYCERYL -4 LAURATE\/ SEBACATE, POLYGLYCERYL -6 CAPRYLATE\/ CAPRATE, BUTYLENE GLYCOL, PHENOXYETHANOL, BENZYL ALCOHOL, POTASIUM SORBATE, LAVANDULA ANGUSTIFOLIA OIL, LINALOOL, VANILLA PLANIFOLIA FRUIT EXTRACT, GLYCERIN.<\/p>\n<p class=\"\" data-start=\"0\" data-end=\"14\"><strong data-start=\"0\" data-end=\"14\">Eigenschaften<\/strong><\/p>\n<p class=\"\" data-start=\"16\" data-end=\"123\"><strong data-start=\"16\" data-end=\"28\">Textur:<\/strong> Mizellarer Schaum<br data-start=\"42\" data-end=\"45\" data-is-only-node=\"\"><strong data-start=\"45\" data-end=\"61\">Wann anwenden:<\/strong> Morgens und abends<br data-start=\"81\" data-end=\"84\"><strong data-start=\"84\" data-end=\"97\">Vorteile:<\/strong> Abschminken, Reinigen<\/p>\n<p><strong>Wie Sie es verwenden<\/strong><\/p>\n<p>Der Tiefenreinigungsschaum ist der erste Schritt einer gr\u00fcndlichen Reinigung. Tragen Sie den Tiefenreinigungsschaum direkt mit der Mikrob\u00fcrste auf Gesicht und Dekollet\u00e9 auf und massieren Sie ihn sanft in kreisenden Bewegungen ein. Sp\u00fclen Sie ihn anschlie\u00dfend gr\u00fcndlich mit lauwarmem Wasser ab. Vermeiden Sie den Kontakt mit den Augen. Sollte das Produkt versehentlich in die Augen gelangen, sp\u00fclen Sie es gr\u00fcndlich mit lauwarmem Wasser aus.     Vor Gebrauch sch\u00fctteln.<\/p>\n<p><strong>Aufbewahrungshinweise:<\/strong><br \/>\nLagern Sie es an einem trockenen, sauberen und k\u00fchlen Ort.<\/p>\n<p><strong>Volumen:<\/strong> 200 ml<\/p>\n<p><strong>Hinweis:<\/strong><br \/>\nDie Produktfotos auf der Website dienen nur zu Informationszwecken. Obwohl die Verpackung variieren kann, versichern wir Ihnen die Qualit\u00e4t Ihrer Hautpflege.<br \/>\nUm die Frische unserer Produkte zu erhalten, werden sie in kleinen Chargen hergestellt. Aus diesem Grund k\u00f6nnen je nach Charge Unterschiede in Textur und Farbe auftreten. Diese Abweichungen werden durch die verwendeten Wirkstoffe beeinflusst, da es sich um Pflanzenextrakte handelt, die je nach Jahreszeit und Herkunft des Rohmaterials variieren k\u00f6nnen.   <\/p>\n<p>Da unsere Produkte Allergene enthalten k\u00f6nnen, empfehlen wir Ihnen, die Liste der Inhaltsstoffe sorgf\u00e4ltig zu lesen, bevor Sie das Produkt \u00f6ffnen und verwenden. Wenn Sie wissen, dass Sie allergisch oder empfindlich auf einen der Inhaltsstoffe reagieren, verwenden Sie das Produkt nicht. Im Falle einer allergischen Reaktion nach der Anwendung sollten Sie das Produkt sofort absetzen und einen Arzt aufsuchen.  <\/p>\n<p><strong>Aufbewahrungshinweise:<\/strong><br \/>\nLagern Sie es an einem trockenen, sauberen und k\u00fchlen Ort.<\/p>\n<p><strong>Volumen:<\/strong> 200 ml<\/p>\n<p><strong>Hinweis:<\/strong><br \/>\nDie Produktfotos auf der Website dienen nur zu Informationszwecken. Obwohl die Verpackung variieren kann, versichern wir Ihnen die Qualit\u00e4t Ihrer Hautpflege.<br \/>\nUm die Frische unserer Produkte zu erhalten, werden sie in kleinen Chargen hergestellt. Aus diesem Grund k\u00f6nnen je nach Charge Unterschiede in Textur und Farbe auftreten. Diese Abweichungen werden durch die verwendeten Wirkstoffe beeinflusst, da es sich um Pflanzenextrakte handelt, die je nach Jahreszeit und Herkunft des Rohmaterials variieren k\u00f6nnen.   <\/p>\n<p>Da unsere Produkte Allergene enthalten k\u00f6nnen, empfehlen wir Ihnen, die Liste der Inhaltsstoffe sorgf\u00e4ltig zu lesen, bevor Sie das Produkt \u00f6ffnen und verwenden. Wenn Sie wissen, dass Sie allergisch oder empfindlich auf einen der Inhaltsstoffe reagieren, verwenden Sie das Produkt nicht. Im Falle einer allergischen Reaktion nach der Anwendung sollten Sie das Produkt sofort absetzen und einen Arzt aufsuchen.  <\/p>\n<p>&nbsp;<\/p>\n<p>&nbsp;<\/p>\n<p data-start=\"16\" data-end=\"123\">\n","protected":false},"excerpt":{"rendered":"<p><strong>Aktiv-Reinigungsschaum &#8211; Vanille und Lavendel<\/strong><\/p>\n","protected":false},"featured_media":8149,"comment_status":"closed","ping_status":"closed","template":"","meta":{"_uag_custom_page_level_css":"","site-sidebar-layout":"default","site-content-layout":"","ast-site-content-layout":"default","site-content-style":"default","site-sidebar-style":"default","ast-global-header-display":"","ast-banner-title-visibility":"","ast-main-header-display":"","ast-hfb-above-header-display":"","ast-hfb-below-header-display":"","ast-hfb-mobile-header-display":"","site-post-title":"","ast-breadcrumbs-content":"","ast-featured-img":"","footer-sml-layout":"","ast-disable-related-posts":"","theme-transparent-header-meta":"default","adv-header-id-meta":"","stick-header-meta":"","header-above-stick-meta":"","header-main-stick-meta":"","header-below-stick-meta":"","astra-migrate-meta-layouts":"default","ast-page-background-enabled":"default","ast-page-background-meta":{"desktop":{"background-color":"var(--ast-global-color-4)","background-image":"","background-repeat":"repeat","background-position":"center center","background-size":"auto","background-attachment":"scroll","background-type":"","background-media":"","overlay-type":"","overlay-color":"","overlay-opacity":"","overlay-gradient":""},"tablet":{"background-color":"","background-image":"","background-repeat":"repeat","background-position":"center center","background-size":"auto","background-attachment":"scroll","background-type":"","background-media":"","overlay-type":"","overlay-color":"","overlay-opacity":"","overlay-gradient":""},"mobile":{"background-color":"","background-image":"","background-repeat":"repeat","background-position":"center center","background-size":"auto","background-attachment":"scroll","background-type":"","background-media":"","overlay-type":"","overlay-color":"","overlay-opacity":"","overlay-gradient":""}},"ast-content-background-meta":{"desktop":{"background-color":"var(--ast-global-color-5)","background-image":"","background-repeat":"repeat","background-position":"center center","background-size":"auto","background-attachment":"scroll","background-type":"","background-media":"","overlay-type":"","overlay-color":"","overlay-opacity":"","overlay-gradient":""},"tablet":{"background-color":"var(--ast-global-color-5)","background-image":"","background-repeat":"repeat","background-position":"center center","background-size":"auto","background-attachment":"scroll","background-type":"","background-media":"","overlay-type":"","overlay-color":"","overlay-opacity":"","overlay-gradient":""},"mobile":{"background-color":"var(--ast-global-color-5)","background-image":"","background-repeat":"repeat","background-position":"center center","background-size":"auto","background-attachment":"scroll","background-type":"","background-media":"","overlay-type":"","overlay-color":"","overlay-opacity":"","overlay-gradient":""}}},"product_brand":[711],"product_cat":[737],"product_tag":[741,738,740,742,739],"class_list":{"0":"post-7736","1":"product","2":"type-product","3":"status-publish","4":"has-post-thumbnail","6":"product_brand-alina-velica-skincare","7":"product_cat-reinigungsmittel","8":"product_tag-fettige-haut","9":"product_tag-nachtprogramm","10":"product_tag-reinigungsmittel","11":"product_tag-talg","12":"product_tag-tiefenreinigung","13":"desktop-align-left","14":"tablet-align-left","15":"mobile-align-left","17":"first","18":"instock","19":"taxable","20":"shipping-taxable","21":"purchasable","22":"product-type-simple"},"uagb_featured_image_src":{"full":["https:\/\/alinavelica.com\/wp-content\/uploads\/2025\/04\/wash.jpeg",1024,1024,false],"thumbnail":["https:\/\/alinavelica.com\/wp-content\/uploads\/2025\/04\/wash-150x150.jpeg",150,150,true],"medium":["https:\/\/alinavelica.com\/wp-content\/uploads\/2025\/04\/wash-300x300.jpeg",300,300,true],"medium_large":["https:\/\/alinavelica.com\/wp-content\/uploads\/2025\/04\/wash-768x768.jpeg",768,768,true],"large":["https:\/\/alinavelica.com\/wp-content\/uploads\/2025\/04\/wash.jpeg",1024,1024,false],"1536x1536":["https:\/\/alinavelica.com\/wp-content\/uploads\/2025\/04\/wash.jpeg",1024,1024,false],"2048x2048":["https:\/\/alinavelica.com\/wp-content\/uploads\/2025\/04\/wash.jpeg",1024,1024,false],"mailpoet_newsletter_max":["https:\/\/alinavelica.com\/wp-content\/uploads\/2025\/04\/wash.jpeg",1024,1024,false],"woocommerce_thumbnail":["https:\/\/alinavelica.com\/wp-content\/uploads\/2025\/04\/wash-300x300.jpeg",300,300,true],"woocommerce_single":["https:\/\/alinavelica.com\/wp-content\/uploads\/2025\/04\/wash-600x600.jpeg",600,600,true],"woocommerce_gallery_thumbnail":["https:\/\/alinavelica.com\/wp-content\/uploads\/2025\/04\/wash-100x100.jpeg",100,100,true]},"uagb_author_info":{"display_name":"Alina Velica","author_link":"https:\/\/alinavelica.com\/de\/author\/"},"uagb_comment_info":0,"uagb_excerpt":"Aktiv-Reinigungsschaum - Vanille und Lavendel","jetpack_sharing_enabled":true,"_links":{"self":[{"href":"https:\/\/alinavelica.com\/de\/wp-json\/wp\/v2\/product\/7736","targetHints":{"allow":["GET"]}}],"collection":[{"href":"https:\/\/alinavelica.com\/de\/wp-json\/wp\/v2\/product"}],"about":[{"href":"https:\/\/alinavelica.com\/de\/wp-json\/wp\/v2\/types\/product"}],"replies":[{"embeddable":true,"href":"https:\/\/alinavelica.com\/de\/wp-json\/wp\/v2\/comments?post=7736"}],"wp:featuredmedia":[{"embeddable":true,"href":"https:\/\/alinavelica.com\/de\/wp-json\/wp\/v2\/media\/8149"}],"wp:attachment":[{"href":"https:\/\/alinavelica.com\/de\/wp-json\/wp\/v2\/media?parent=7736"}],"wp:term":[{"taxonomy":"product_brand","embeddable":true,"href":"https:\/\/alinavelica.com\/de\/wp-json\/wp\/v2\/product_brand?post=7736"},{"taxonomy":"product_cat","embeddable":true,"href":"https:\/\/alinavelica.com\/de\/wp-json\/wp\/v2\/product_cat?post=7736"},{"taxonomy":"product_tag","embeddable":true,"href":"https:\/\/alinavelica.com\/de\/wp-json\/wp\/v2\/product_tag?post=7736"}],"curies":[{"name":"wp","href":"https:\/\/api.w.org\/{rel}","templated":true}]}}