{"id":8984,"date":"2026-02-23T12:03:27","date_gmt":"2026-02-23T11:03:27","guid":{"rendered":"https:\/\/alinavelica.com\/event-hair-makeup-zurich-alina-velica-beauty-club\/"},"modified":"2026-03-19T16:13:00","modified_gmt":"2026-03-19T15:13:00","slug":"event-hair-makeup-zurich-alina-velica-beauty-club","status":"publish","type":"page","link":"https:\/\/alinavelica.com\/de\/event-hair-makeup-zurich-alina-velica-beauty-club\/","title":{"rendered":"Haare &amp; Make-up"},"content":{"rendered":"\n<div class=\"wp-block-cover alignfull is-light\" style=\"min-height:700px;aspect-ratio:unset;\"><video class=\"wp-block-cover__video-background intrinsic-ignore\" autoplay muted loop playsinline src=\"https:\/\/alinavelica.com\/wp-content\/uploads\/2025\/06\/Video.mp4\" data-object-fit=\"cover\"><\/video><span aria-hidden=\"true\" class=\"wp-block-cover__background has-background-dim-40 has-background-dim\"><\/span><div class=\"wp-block-cover__inner-container is-layout-constrained wp-container-core-cover-is-layout-4383d167 wp-block-cover-is-layout-constrained\">\n<div class=\"wp-block-group is-layout-constrained wp-block-group-is-layout-constrained\"><div class=\"wp-block-group__inner-container\">\n<h1 class=\"wp-block-heading has-text-align-center has-text-color has-link-color has-cormorant-font-family wp-elements-5cab7cdf96efb56d111b696db4329851\" style=\"color:#ffffff;font-size:40px;font-style:normal;font-weight:400;text-transform:uppercase\">Strahlende Sch\u00f6nheit, Unvergessliche Momente<\/h1>\n\n\n\n<p class=\"has-text-align-center has-ast-global-color-5-color has-text-color has-link-color wp-elements-1d7854c7419513eadad997044ad5a2e3\">Ihr perfekter Look wartet auf Sie!<\/p>\n<\/div><\/div>\n<\/div><\/div>\n\n<div class=\"wp-block-group is-layout-constrained wp-block-group-is-layout-constrained\"><div class=\"wp-block-group__inner-container\">\n<div class=\"wp-block-columns is-layout-flex wp-container-core-columns-is-layout-28f84493 wp-block-columns-is-layout-flex\">\n<div class=\"wp-block-column is-layout-flow wp-block-column-is-layout-flow\">\n<p class=\"has-text-align-center\" style=\"font-size:3rem\"><strong>1.<\/strong><\/p>\n\n\n\n<p class=\"has-text-align-center\">Erfahrene K\u00fcnstler kreieren Ihren Traumlook mit Pr\u00e4zision!<\/p>\n<\/div>\n\n\n\n<div class=\"wp-block-column is-layout-flow wp-block-column-is-layout-flow\">\n<p class=\"has-text-align-center\" style=\"font-size:3rem\"><strong>2.<\/strong><\/p>\n\n\n\n<p class=\"has-text-align-center\">Exklusive Pakete f\u00fcr jedes Sch\u00f6nheitsbed\u00fcrfnis der Braut! Haare und Make-up Z\u00fcrich <\/p>\n<\/div>\n\n\n\n<div class=\"wp-block-column is-layout-flow wp-block-column-is-layout-flow\">\n<p class=\"has-text-align-center\" style=\"font-size:3rem\"><strong>3.<\/strong><\/p>\n\n\n\n<p class=\"has-text-align-center\">Entspannende Sch\u00f6nheitsoase mit kostenlosem Schaumbad! \ud83e\udd42<\/p>\n<\/div>\n<\/div>\n<\/div><\/div>\n\n<div class=\"wp-block-group alignwide is-layout-constrained wp-container-core-group-is-layout-3dead192 wp-block-group-is-layout-constrained\" style=\"margin-top:0;margin-bottom:0;padding-top:80px;padding-bottom:80px\"><div class=\"wp-block-group__inner-container\">\n<div class=\"wp-block-columns alignwide is-layout-flex wp-container-core-columns-is-layout-9cf8123d wp-block-columns-is-layout-flex\">\n<div class=\"wp-block-column is-layout-flow wp-block-column-is-layout-flow\">\n<figure class=\"wp-block-image size-full\"><img fetchpriority=\"high\" decoding=\"async\" width=\"1297\" height=\"1533\" src=\"https:\/\/alinavelica.com\/wp-content\/uploads\/2025\/06\/aaca264c-a6e0-48ef-9b12-fb65ec13cdff-e1750111461875.jpg\" alt=\"\" class=\"wp-image-7637\" style=\"aspect-ratio:1;object-fit:cover\" srcset=\"https:\/\/alinavelica.com\/wp-content\/uploads\/2025\/06\/aaca264c-a6e0-48ef-9b12-fb65ec13cdff-e1750111461875.jpg 1297w, https:\/\/alinavelica.com\/wp-content\/uploads\/2025\/06\/aaca264c-a6e0-48ef-9b12-fb65ec13cdff-e1750111461875-254x300.jpg 254w, https:\/\/alinavelica.com\/wp-content\/uploads\/2025\/06\/aaca264c-a6e0-48ef-9b12-fb65ec13cdff-e1750111461875-866x1024.jpg 866w, https:\/\/alinavelica.com\/wp-content\/uploads\/2025\/06\/aaca264c-a6e0-48ef-9b12-fb65ec13cdff-e1750111461875-768x908.jpg 768w, https:\/\/alinavelica.com\/wp-content\/uploads\/2025\/06\/aaca264c-a6e0-48ef-9b12-fb65ec13cdff-e1750111461875-600x709.jpg 600w\" sizes=\"(max-width: 1297px) 100vw, 1297px\" \/><\/figure>\n<\/div>\n\n\n\n<div class=\"wp-block-column is-vertically-aligned-center is-layout-flow wp-block-column-is-layout-flow\" style=\"padding-left:15px\">\n<h2 class=\"wp-block-heading has-text-color has-link-color has-cormorant-font-family wp-elements-18f87db92c9e3bdb1ce221916b70f8cb\" style=\"color:#141e31;font-size:27px;font-style:normal;font-weight:500;line-height:1.2\"><a href=\"https:\/\/alinavelica.com\/de\/makeup-und-haare-zurich-alina-velica\/#\">Atemberaubendes Haarstyling<\/a><\/h2>\n\n\n\n<p class=\"has-text-color has-link-color has-mulish-font-family wp-elements-97a1f0c98a4c264bce9303d23d94e23a\" style=\"color:#3f3f3f;font-size:18px;font-style:normal;font-weight:400\">In unserem Beauty Club glauben wir daran, Ihre nat\u00fcrliche Sch\u00f6nheit zu unterstreichen. Wir konzentrieren uns auf Qualit\u00e4t, Ma\u00dfarbeit und fachkundige Pflege und m\u00f6chten, dass jeder Besuch zu einem angenehmen Erlebnis f\u00fcr Sie wird! <\/p>\n\n\n\n<p class=\"has-text-color has-link-color has-mulish-font-family wp-elements-c8a5e14057948e79c73326e6ea85666d\" style=\"color:#3f3f3f;font-size:18px;font-style:normal;font-weight:400\">Alles, was Sie tun m\u00fcssen, ist, sich zu entspannen und uns zu vertrauen, dass wir uns um Ihre Sch\u00f6nheit k\u00fcmmern.<br\/><\/p>\n\n\n\n<div class=\"wp-block-buttons is-layout-flex wp-block-buttons-is-layout-flex\">\n<div class=\"wp-block-button is-style-fill\"><a class=\"wp-block-button__link has-black-background-color has-text-color has-background has-link-color has-mulish-font-family has-custom-font-size wp-element-button\" href=\"#onlinebookings\" style=\"border-radius:0px;color:#ffffff;padding-top:10px;padding-right:30px;padding-bottom:10px;padding-left:30px;font-size:16px;text-transform:uppercase\">Jetzt verw\u00f6hnt werden<\/a><\/div>\n<\/div>\n<\/div>\n<\/div>\n\n\n\n<div class=\"wp-block-columns alignwide is-layout-flex wp-container-core-columns-is-layout-41d75851 wp-block-columns-is-layout-flex\" style=\"padding-top:80px;padding-bottom:80px\">\n<div class=\"wp-block-column is-vertically-aligned-center is-layout-flow wp-block-column-is-layout-flow\" style=\"padding-left:15px\">\n<h2 class=\"wp-block-heading has-text-color has-link-color has-cormorant-font-family wp-elements-2aa3e9f0f91a7371542c0fa31e48d31a\" style=\"color:#141e31;font-size:27px;font-style:normal;font-weight:500;line-height:1.1\"><a href=\"https:\/\/alinavelica.com\/de\/makeup-und-haare-zurich-alina-velica\/#\">Elegantes Haarflechten<\/a><\/h2>\n\n\n\n<p class=\"has-text-color has-link-color has-mulish-font-family wp-elements-ca299372e1486bf672e4ee7d2ff856c4\" style=\"color:#3f3f3f;font-size:18px;font-style:normal;font-weight:400\">Wir sind hier, um Ihre Sch\u00f6nheit zu unterstreichen und Ihr Selbstvertrauen zu st\u00e4rken! Unsere personalisierten Wimpern- und Augenbrauenbehandlungen sind auf Ihren einzigartigen Stil abgestimmt. Ganz gleich, ob Sie sich dramatische Wimpern oder perfekt geformte Augenbrauen w\u00fcnschen, wir verf\u00fcgen \u00fcber das n\u00f6tige Fachwissen, um dies zu realisieren.  <\/p>\n\n\n\n<p class=\"has-text-color has-link-color wp-elements-a98435e03b59886ec4b7212aaf7c0943\" style=\"color:#3f3f3f\">Unsere Augenbrauen- und Wimpernk\u00fcnstlerin Natalia verf\u00fcgt \u00fcber umfangreiche Erfahrung auf diesem sch\u00f6nen Gebiet und hat eine gro\u00dfe Leidenschaft daf\u00fcr.<\/p>\n\n\n\n<p class=\"has-text-color has-link-color has-mulish-font-family wp-elements-56f1df0113134dd934a47c9cfeba3ac7\" style=\"color:#3f3f3f;font-size:18px;font-style:normal;font-weight:400\">Ihre Sch\u00f6nheitsreise beginnt mit uns!<br\/><\/p>\n\n\n\n<div class=\"wp-block-buttons is-layout-flex wp-block-buttons-is-layout-flex\">\n<div class=\"wp-block-button\"><a class=\"wp-block-button__link has-black-background-color has-text-color has-background has-link-color has-mulish-font-family has-custom-font-size wp-element-button\" href=\"#onlinebookings\" style=\"border-radius:0px;color:#ffffff;padding-top:10px;padding-right:30px;padding-bottom:10px;padding-left:30px;font-size:16px;text-transform:uppercase\">Probieren Sie es heute<\/a><\/div>\n<\/div>\n<\/div>\n\n\n\n<div class=\"wp-block-column is-layout-flow wp-block-column-is-layout-flow\">\n<figure class=\"wp-block-image size-full\"><img decoding=\"async\" width=\"511\" height=\"1024\" src=\"https:\/\/alinavelica.com\/wp-content\/uploads\/2025\/06\/98c6d45b-8b37-4e79-8697-05bdce0c0a65-4.jpg\" alt=\"\" class=\"wp-image-7409\" style=\"aspect-ratio:1;object-fit:cover\" srcset=\"https:\/\/alinavelica.com\/wp-content\/uploads\/2025\/06\/98c6d45b-8b37-4e79-8697-05bdce0c0a65-4.jpg 511w, https:\/\/alinavelica.com\/wp-content\/uploads\/2025\/06\/98c6d45b-8b37-4e79-8697-05bdce0c0a65-4-150x300.jpg 150w\" sizes=\"(max-width: 511px) 100vw, 511px\" \/><\/figure>\n<\/div>\n<\/div>\n\n\n\n<div class=\"wp-block-columns alignwide is-layout-flex wp-container-core-columns-is-layout-be08e442 wp-block-columns-is-layout-flex\" style=\"margin-top:0;margin-bottom:0;padding-top:80px;padding-bottom:80px\">\n<div class=\"wp-block-column is-layout-flow wp-block-column-is-layout-flow\">\n<figure class=\"wp-block-image alignfull size-full is-style-default\"><img decoding=\"async\" width=\"1416\" height=\"1653\" src=\"https:\/\/alinavelica.com\/wp-content\/uploads\/2025\/06\/PHOTO-2024-12-16-10-04-21.jpg\" alt=\"\" class=\"wp-image-7453\" srcset=\"https:\/\/alinavelica.com\/wp-content\/uploads\/2025\/06\/PHOTO-2024-12-16-10-04-21.jpg 1416w, https:\/\/alinavelica.com\/wp-content\/uploads\/2025\/06\/PHOTO-2024-12-16-10-04-21-257x300.jpg 257w, https:\/\/alinavelica.com\/wp-content\/uploads\/2025\/06\/PHOTO-2024-12-16-10-04-21-877x1024.jpg 877w, https:\/\/alinavelica.com\/wp-content\/uploads\/2025\/06\/PHOTO-2024-12-16-10-04-21-768x897.jpg 768w, https:\/\/alinavelica.com\/wp-content\/uploads\/2025\/06\/PHOTO-2024-12-16-10-04-21-1316x1536.jpg 1316w, https:\/\/alinavelica.com\/wp-content\/uploads\/2025\/06\/PHOTO-2024-12-16-10-04-21-1320x1541.jpg 1320w, https:\/\/alinavelica.com\/wp-content\/uploads\/2025\/06\/PHOTO-2024-12-16-10-04-21-600x700.jpg 600w\" sizes=\"(max-width: 1416px) 100vw, 1416px\" \/><\/figure>\n<\/div>\n\n\n\n<div class=\"wp-block-column is-layout-flow wp-block-column-is-layout-flow\">\n<h2 class=\"wp-block-heading has-text-color has-link-color has-cormorant-font-family wp-elements-f7747ba6b1796cf9c8aa21511a318743\" style=\"color:#141e31;font-size:27px;font-style:normal;font-weight:500;line-height:1.1\"><a href=\"https:\/\/alinavelica.com\/de\/makeup-und-haare-zurich-alina-velica\/#\">Braut Make-up Artistik<\/a><\/h2>\n\n\n\n<p><strong>Umrahmen Sie Ihr Gesicht mit Perfektion<\/strong> Ihre Augenbrauen sind das wichtigste Merkmal Ihrer Gesichtssymmetrie. <br\/>Bei <strong>Alina Velica<\/strong> haben wir uns auf pr\u00e4zises Brauenstyling spezialisiert, um Ihre nat\u00fcrliche Sch\u00f6nheit zu unterstreichen. Ganz gleich, ob Sie eine komplette Umgestaltung durch <strong>Microblading<\/strong>, ein volleres Aussehen durch <strong>Augenbrauenkaschierung<\/strong> oder eine fachm\u00e4nnische <strong>Formung und F\u00e4rbung<\/strong> w\u00fcnschen, unsere Spezialisten stimmen jede Behandlung auf Ihre einzigartige Knochenstruktur und Ihren Hautton ab.   <br\/><\/p>\n\n\n\n<figure class=\"wp-block-table\"><table class=\"has-text-color has-link-color has-fixed-layout\" style=\"color:#3f3f3f\"><tbody><tr><td>Augenbrauen formen<\/td><td>20 bis 30 Minuten, abh\u00e4ngig von den Augenbrauen<\/td><\/tr><tr><td>Augenbrauen formen und f\u00e4rben mit organischer F\u00e4rbung oder Henna<\/td><td>30 bis 45 Minuten, abh\u00e4ngig von den Augenbrauen<\/td><\/tr><tr><td>Augenbrauenlifting (inklusive F\u00e4rben)  <\/td><td>50 bis 70 Minuten, abh\u00e4ngig von den Augenbrauen<\/td><\/tr><tr><td>Augenbrauen pudern<\/td><td>ein semi-permanentes Make-up-Verfahren mit einer Haltbarkeit von bis zu 1 Jahr<\/td><\/tr><\/tbody><\/table><\/figure>\n\n\n\n<p class=\"has-text-color has-link-color wp-elements-2c37fe8ec2c95f4fbcfa2ea7172e51de\" style=\"color:#3f3f3f\"><em>Wenn Sie Clubmitglied sind, k\u00f6nnen Sie oft von unseren %-Vorteilen profitieren. Abonnieren Sie unseren Newsletter, damit Sie Ihr absolutes Verw\u00f6hnprogramm nicht verpassen! <\/em><\/p>\n\n\n\n<div class=\"wp-block-buttons is-layout-flex wp-block-buttons-is-layout-flex\">\n<div class=\"wp-block-button\"><a class=\"wp-block-button__link wp-element-button\" href=\"#onlinebookings\">Probieren Sie es jetzt!<\/a><\/div>\n<\/div>\n<\/div>\n<\/div>\n\n\n\n<div class=\"wp-block-group alignfull is-content-justification-center is-layout-constrained wp-container-core-group-is-layout-df757ecc wp-block-group-is-layout-constrained\" style=\"margin-top:0;margin-bottom:0;padding-top:calc( 0.5 * var(--wp--style--root--padding-right, var(--wp--custom--gap--horizontal)));padding-right:var(--wp--style--root--padding-right, var(--wp--custom--gap--horizontal));padding-bottom:calc( 0.5 * var(--wp--style--root--padding-right, var(--wp--custom--gap--horizontal)));padding-left:var(--wp--style--root--padding-left, var(--wp--custom--gap--horizontal))\"><div class=\"wp-block-group__inner-container\">\n<div style=\"height:calc( 0.25 * var(--wp--style--root--padding-right, var(--wp--custom--gap--horizontal)))\" aria-hidden=\"true\" class=\"wp-block-spacer\"><\/div>\n\n\n\n<div class=\"wp-block-columns alignwide are-vertically-aligned-center is-layout-flex wp-container-core-columns-is-layout-7fc3d43a wp-block-columns-is-layout-flex\">\n<div class=\"wp-block-column is-vertically-aligned-center is-layout-flow wp-block-column-is-layout-flow\">\n<h2 class=\"wp-block-heading alignwide\">\u00dcber uns<\/h2>\n\n\n\n<p>In unserer Sch\u00f6nheitsoase glauben wir, dass jeder Moment es verdient, zu strahlen. Mit unserer Leidenschaft f\u00fcr Kunstfertigkeit kreieren wir atemberaubende Looks, die genau auf Sie zugeschnitten sind, damit Sie sich an Ihrem besonderen Tag und an jedem anderen Tag selbstbewusst und strahlend f\u00fchlen! <\/p>\n\n\n\n<p>Unser Team aus erfahrenen K\u00fcnstlerinnen, Natalia und Anabelle, bringt jahrelange Erfahrung und Kreativit\u00e4t in jede Sitzung ein. Wir sch\u00e4tzen jeden Kunden und machen Ihre Sch\u00f6nheitsreise zu einem unvergesslichen Erlebnis voller Freude und Eleganz! Buchen Sie jetzt Ihr Haar und Make-up Z\u00fcrich  <br\/><\/p>\n\n\n\n<div class=\"wp-block-buttons is-layout-flex wp-block-buttons-is-layout-flex\">\n<div class=\"wp-block-button\"><a class=\"wp-block-button__link wp-element-button\" href=\"https:\/\/alinavelica.com\/home-2-3-2-2\/\">Treffen Sie uns<\/a><\/div>\n<\/div>\n<\/div>\n\n\n\n<div class=\"wp-block-column is-vertically-aligned-center is-layout-flow wp-block-column-is-layout-flow\">\n<figure class=\"wp-block-image size-full\"><img loading=\"lazy\" decoding=\"async\" width=\"768\" height=\"1024\" src=\"https:\/\/alinavelica.com\/wp-content\/uploads\/2025\/06\/b8c2f4f2-bac5-4dfc-a230-a9ba4f85c0a1-1.jpg\" alt=\"\" class=\"wp-image-7668\" style=\"aspect-ratio:1;object-fit:cover\" srcset=\"https:\/\/alinavelica.com\/wp-content\/uploads\/2025\/06\/b8c2f4f2-bac5-4dfc-a230-a9ba4f85c0a1-1.jpg 768w, https:\/\/alinavelica.com\/wp-content\/uploads\/2025\/06\/b8c2f4f2-bac5-4dfc-a230-a9ba4f85c0a1-1-225x300.jpg 225w, https:\/\/alinavelica.com\/wp-content\/uploads\/2025\/06\/b8c2f4f2-bac5-4dfc-a230-a9ba4f85c0a1-1-600x800.jpg 600w\" sizes=\"(max-width: 768px) 100vw, 768px\" \/><\/figure>\n<\/div>\n<\/div>\n\n\n\n<div style=\"height:calc( 0.25 * var(--wp--style--root--padding-right, var(--wp--custom--gap--horizontal)))\" aria-hidden=\"true\" class=\"wp-block-spacer\"><\/div>\n<\/div><\/div>\n<\/div><\/div>\n\n<div class=\"wp-block-group alignwide is-layout-constrained wp-container-core-group-is-layout-4383d167 wp-block-group-is-layout-constrained\"><div class=\"wp-block-group__inner-container\">\n<div class=\"wp-block-group alignfull is-content-justification-center is-layout-constrained wp-container-core-group-is-layout-df757ecc wp-block-group-is-layout-constrained\" style=\"margin-top:0;margin-bottom:0;padding-top:calc( 0.5 * var(--wp--style--root--padding-right, var(--wp--custom--gap--horizontal)));padding-right:var(--wp--style--root--padding-right, var(--wp--custom--gap--horizontal));padding-bottom:calc( 0.5 * var(--wp--style--root--padding-right, var(--wp--custom--gap--horizontal)));padding-left:var(--wp--style--root--padding-left, var(--wp--custom--gap--horizontal))\"><div class=\"wp-block-group__inner-container\">\n<div style=\"height:calc( 0.25 * var(--wp--style--root--padding-right, var(--wp--custom--gap--horizontal)))\" aria-hidden=\"true\" class=\"wp-block-spacer\"><\/div>\n\n\n\n<h3 class=\"wp-block-heading alignwide\">Was unsere Kunden sagen<\/h3>\n\n\n\n<div style=\"height:1rem\" aria-hidden=\"true\" class=\"wp-block-spacer\"><\/div>\n\n\n\n<div class=\"wp-block-columns alignwide is-layout-flex wp-container-core-columns-is-layout-28f84493 wp-block-columns-is-layout-flex\">\n<div class=\"wp-block-column has-ast-global-color-4-background-color has-background is-layout-flow wp-block-column-is-layout-flow\">\n<p>Ihre Kunstfertigkeit hat meinen Hochzeitstag magisch gemacht! Ich habe mich wie eine echte Prinzessin gef\u00fchlt. Ich kann ihre Dienste nur w\u00e4rmstens empfehlen!  <\/p>\n\n\n\n<p>Sophie Martinez<\/p>\n<\/div>\n\n\n\n<div class=\"wp-block-column has-ast-global-color-4-background-color has-background is-layout-flow wp-block-column-is-layout-flow\">\n<p>Ich habe meinen Brautlook geliebt! Sie h\u00f6rten sich meine Visionen an und setzten sie perfekt um. Ich habe mich den ganzen Tag lang umwerfend gef\u00fchlt!  <\/p>\n\n\n\n<p>Emily Johnson<\/p>\n<\/div>\n\n\n\n<div class=\"wp-block-column has-ast-global-color-4-background-color has-background is-layout-flow wp-block-column-is-layout-flow\">\n<p>Unglaubliche Erfahrung! Sie gaben mir das Gef\u00fchl, etwas ganz Besonderes zu sein, und mein Haar und mein Make-up waren makellos. Wahrlich die Besten in der Branche!  <\/p>\n\n\n\n<p>Olivia Smith<\/p>\n<\/div>\n<\/div>\n\n\n\n<div style=\"height:calc( 0.25 * var(--wp--style--root--padding-right, var(--wp--custom--gap--horizontal)))\" aria-hidden=\"true\" class=\"wp-block-spacer\"><\/div>\n<\/div><\/div>\n<\/div><\/div>\n","protected":false},"excerpt":{"rendered":"<p>1. Erfahrene K\u00fcnstler kreieren Ihren Traumlook mit Pr\u00e4zision! 2. Exklusive Pakete f\u00fcr jedes Sch\u00f6nheitsbed\u00fcrfnis der Braut! Haare und Make-up Z\u00fcrich 3. Entspannende Sch\u00f6nheitsoase mit kostenlosem Schaumbad! \ud83e\udd42 Atemberaubendes Haarstyling In unserem Beauty Club glauben wir daran, Ihre nat\u00fcrliche Sch\u00f6nheit zu unterstreichen. Wir konzentrieren uns auf Qualit\u00e4t, Ma\u00dfarbeit und fachkundige Pflege und m\u00f6chten, dass jeder Besuch [&hellip;]<\/p>\n","protected":false},"author":4,"featured_media":0,"parent":0,"menu_order":0,"comment_status":"closed","ping_status":"closed","template":"","meta":{"_uag_custom_page_level_css":"","site-sidebar-layout":"default","site-content-layout":"","ast-site-content-layout":"default","site-content-style":"default","site-sidebar-style":"default","ast-global-header-display":"","ast-banner-title-visibility":"","ast-main-header-display":"","ast-hfb-above-header-display":"","ast-hfb-below-header-display":"","ast-hfb-mobile-header-display":"","site-post-title":"disabled","ast-breadcrumbs-content":"","ast-featured-img":"","footer-sml-layout":"","ast-disable-related-posts":"","theme-transparent-header-meta":"","adv-header-id-meta":"","stick-header-meta":"","header-above-stick-meta":"","header-main-stick-meta":"","header-below-stick-meta":"","astra-migrate-meta-layouts":"default","ast-page-background-enabled":"default","ast-page-background-meta":{"desktop":{"background-color":"var(--ast-global-color-4)","background-image":"","background-repeat":"repeat","background-position":"center center","background-size":"auto","background-attachment":"scroll","background-type":"","background-media":"","overlay-type":"","overlay-color":"","overlay-opacity":"","overlay-gradient":""},"tablet":{"background-color":"","background-image":"","background-repeat":"repeat","background-position":"center center","background-size":"auto","background-attachment":"scroll","background-type":"","background-media":"","overlay-type":"","overlay-color":"","overlay-opacity":"","overlay-gradient":""},"mobile":{"background-color":"","background-image":"","background-repeat":"repeat","background-position":"center center","background-size":"auto","background-attachment":"scroll","background-type":"","background-media":"","overlay-type":"","overlay-color":"","overlay-opacity":"","overlay-gradient":""}},"ast-content-background-meta":{"desktop":{"background-color":"var(--ast-global-color-5)","background-image":"","background-repeat":"repeat","background-position":"center center","background-size":"auto","background-attachment":"scroll","background-type":"","background-media":"","overlay-type":"","overlay-color":"","overlay-opacity":"","overlay-gradient":""},"tablet":{"background-color":"var(--ast-global-color-5)","background-image":"","background-repeat":"repeat","background-position":"center center","background-size":"auto","background-attachment":"scroll","background-type":"","background-media":"","overlay-type":"","overlay-color":"","overlay-opacity":"","overlay-gradient":""},"mobile":{"background-color":"var(--ast-global-color-5)","background-image":"","background-repeat":"repeat","background-position":"center center","background-size":"auto","background-attachment":"scroll","background-type":"","background-media":"","overlay-type":"","overlay-color":"","overlay-opacity":"","overlay-gradient":""}},"footnotes":""},"class_list":["post-8984","page","type-page","status-publish","hentry"],"uagb_featured_image_src":{"full":false,"thumbnail":false,"medium":false,"medium_large":false,"large":false,"1536x1536":false,"2048x2048":false,"mailpoet_newsletter_max":false,"woocommerce_thumbnail":false,"woocommerce_single":false,"woocommerce_gallery_thumbnail":false},"uagb_author_info":{"display_name":"Alina Velica","author_link":"https:\/\/alinavelica.com\/de\/author\/chicnails-editor\/"},"uagb_comment_info":0,"uagb_excerpt":"1. Erfahrene K\u00fcnstler kreieren Ihren Traumlook mit Pr\u00e4zision! 2. Exklusive Pakete f\u00fcr jedes Sch\u00f6nheitsbed\u00fcrfnis der Braut! Haare und Make-up Z\u00fcrich 3. Entspannende Sch\u00f6nheitsoase mit kostenlosem Schaumbad! \ud83e\udd42 Atemberaubendes Haarstyling In unserem Beauty Club glauben wir daran, Ihre nat\u00fcrliche Sch\u00f6nheit zu unterstreichen. Wir konzentrieren uns auf Qualit\u00e4t, Ma\u00dfarbeit und fachkundige Pflege und m\u00f6chten, dass jeder Besuch&hellip;","jetpack_sharing_enabled":true,"_links":{"self":[{"href":"https:\/\/alinavelica.com\/de\/wp-json\/wp\/v2\/pages\/8984","targetHints":{"allow":["GET"]}}],"collection":[{"href":"https:\/\/alinavelica.com\/de\/wp-json\/wp\/v2\/pages"}],"about":[{"href":"https:\/\/alinavelica.com\/de\/wp-json\/wp\/v2\/types\/page"}],"author":[{"embeddable":true,"href":"https:\/\/alinavelica.com\/de\/wp-json\/wp\/v2\/users\/4"}],"replies":[{"embeddable":true,"href":"https:\/\/alinavelica.com\/de\/wp-json\/wp\/v2\/comments?post=8984"}],"version-history":[{"count":36,"href":"https:\/\/alinavelica.com\/de\/wp-json\/wp\/v2\/pages\/8984\/revisions"}],"predecessor-version":[{"id":10025,"href":"https:\/\/alinavelica.com\/de\/wp-json\/wp\/v2\/pages\/8984\/revisions\/10025"}],"wp:attachment":[{"href":"https:\/\/alinavelica.com\/de\/wp-json\/wp\/v2\/media?parent=8984"}],"curies":[{"name":"wp","href":"https:\/\/api.w.org\/{rel}","templated":true}]}}