{"id":4609,"date":"2022-01-12T16:42:41","date_gmt":"2022-01-12T15:42:41","guid":{"rendered":"https:\/\/alinavelica.com\/manicure-and-pedicure\/"},"modified":"2026-03-27T15:56:12","modified_gmt":"2026-03-27T14:56:12","slug":"wimpern-behandlungen","status":"publish","type":"page","link":"https:\/\/alinavelica.com\/de\/wimpern-behandlungen\/","title":{"rendered":"Wimper &amp; Augenbraue"},"content":{"rendered":"\n<div class=\"wp-block-cover alignfull\" style=\"min-height:700px;aspect-ratio:unset;\"><img fetchpriority=\"high\" decoding=\"async\" width=\"1600\" height=\"1067\" class=\"wp-block-cover__image-background wp-image-3271 size-full\" alt=\"\" src=\"https:\/\/alinavelica.com\/wp-content\/uploads\/2021\/12\/shutterstock_1224470146_660434019843-scaled.jpg\" data-object-fit=\"cover\" srcset=\"https:\/\/alinavelica.com\/wp-content\/uploads\/2021\/12\/shutterstock_1224470146_660434019843-scaled.jpg 1600w, https:\/\/alinavelica.com\/wp-content\/uploads\/2021\/12\/shutterstock_1224470146_660434019843-scaled-600x400.jpg 600w, https:\/\/alinavelica.com\/wp-content\/uploads\/2021\/12\/shutterstock_1224470146_660434019843-300x200.jpg 300w, https:\/\/alinavelica.com\/wp-content\/uploads\/2021\/12\/shutterstock_1224470146_660434019843-1024x683.jpg 1024w, https:\/\/alinavelica.com\/wp-content\/uploads\/2021\/12\/shutterstock_1224470146_660434019843-768x512.jpg 768w, https:\/\/alinavelica.com\/wp-content\/uploads\/2021\/12\/shutterstock_1224470146_660434019843-1536x1024.jpg 1536w, https:\/\/alinavelica.com\/wp-content\/uploads\/2021\/12\/shutterstock_1224470146_660434019843-2048x1365.jpg 2048w, https:\/\/alinavelica.com\/wp-content\/uploads\/2021\/12\/shutterstock_1224470146_660434019843-1080x720.jpg 1080w, https:\/\/alinavelica.com\/wp-content\/uploads\/2021\/12\/shutterstock_1224470146_660434019843-1280x854.jpg 1280w, https:\/\/alinavelica.com\/wp-content\/uploads\/2021\/12\/shutterstock_1224470146_660434019843-980x653.jpg 980w, https:\/\/alinavelica.com\/wp-content\/uploads\/2021\/12\/shutterstock_1224470146_660434019843-480x320.jpg 480w\" sizes=\"(max-width: 1600px) 100vw, 1600px\" \/><span aria-hidden=\"true\" class=\"wp-block-cover__background has-background-dim-40 has-background-dim\"><\/span><div class=\"wp-block-cover__inner-container is-layout-constrained wp-container-core-cover-is-layout-4383d167 wp-block-cover-is-layout-constrained\">\n<div class=\"wp-block-group is-layout-constrained wp-block-group-is-layout-constrained\"><div class=\"wp-block-group__inner-container\">\n<h1 class=\"wp-block-heading has-text-align-center has-text-color has-link-color has-cormorant-font-family wp-elements-73a251a4e64e4697914ce151809cedff\" style=\"color:#ffffff;font-size:40px;font-style:normal;font-weight:400;text-transform:uppercase\">Wimpern- und Augenbrauenpflege<\/h1>\n\n\n\n<p class=\"has-text-align-center has-ast-global-color-5-color has-text-color has-link-color wp-elements-c07ca64d616a6dbf3cbd3cf573e82e3c\"><strong>Verbessern Sie Ihren Look mit professioneller Pr\u00e4zision. Von der fachm\u00e4nnischen Formung der Augenbrauen und Microblading bis hin zum Wimpernlifting und F\u00e4rben bieten wir Ihnen ma\u00dfgeschneiderte Behandlungen, die Ihre Gesichtsz\u00fcge definieren und Ihre nat\u00fcrliche Sch\u00f6nheit unterstreichen.  <\/strong><\/p>\n<\/div><\/div>\n<\/div><\/div>\n\n<div class=\"wp-block-group alignwide is-layout-constrained wp-container-core-group-is-layout-3dead192 wp-block-group-is-layout-constrained\" style=\"margin-top:0;margin-bottom:0;padding-top:80px;padding-bottom:80px\"><div class=\"wp-block-group__inner-container\">\n<div class=\"wp-block-columns alignwide is-layout-flex wp-container-core-columns-is-layout-9cf8123d wp-block-columns-is-layout-flex\">\n<div class=\"wp-block-column is-layout-flow wp-block-column-is-layout-flow\">\n<figure class=\"wp-block-image size-full\"><img decoding=\"async\" width=\"900\" height=\"1600\" src=\"https:\/\/alinavelica.com\/wp-content\/uploads\/2025\/05\/06d1d5ed-a706-4cc1-a45d-a063b0a2964e-scaled.jpg\" alt=\"\" class=\"wp-image-7314\" style=\"aspect-ratio:1;object-fit:cover\" srcset=\"https:\/\/alinavelica.com\/wp-content\/uploads\/2025\/05\/06d1d5ed-a706-4cc1-a45d-a063b0a2964e-scaled.jpg 900w, https:\/\/alinavelica.com\/wp-content\/uploads\/2025\/05\/06d1d5ed-a706-4cc1-a45d-a063b0a2964e-169x300.jpg 169w, https:\/\/alinavelica.com\/wp-content\/uploads\/2025\/05\/06d1d5ed-a706-4cc1-a45d-a063b0a2964e-576x1024.jpg 576w, https:\/\/alinavelica.com\/wp-content\/uploads\/2025\/05\/06d1d5ed-a706-4cc1-a45d-a063b0a2964e-768x1365.jpg 768w, https:\/\/alinavelica.com\/wp-content\/uploads\/2025\/05\/06d1d5ed-a706-4cc1-a45d-a063b0a2964e-864x1536.jpg 864w, https:\/\/alinavelica.com\/wp-content\/uploads\/2025\/05\/06d1d5ed-a706-4cc1-a45d-a063b0a2964e-1152x2048.jpg 1152w, https:\/\/alinavelica.com\/wp-content\/uploads\/2025\/05\/06d1d5ed-a706-4cc1-a45d-a063b0a2964e-1320x2347.jpg 1320w, https:\/\/alinavelica.com\/wp-content\/uploads\/2025\/05\/06d1d5ed-a706-4cc1-a45d-a063b0a2964e-600x1067.jpg 600w\" sizes=\"(max-width: 900px) 100vw, 900px\" \/><\/figure>\n<\/div>\n\n\n\n<div class=\"wp-block-column is-vertically-aligned-center is-layout-flow wp-block-column-is-layout-flow\" style=\"padding-left:15px\">\n<h1 class=\"wp-block-heading has-text-color has-link-color has-cormorant-font-family wp-elements-009ea5feab29a6dbd2e6999b93d4ba40\" style=\"color:#141e31;font-size:27px;font-style:normal;font-weight:500;line-height:1.2\">Entdecken Sie unsere Leidenschaft f\u00fcr sch\u00f6ne Wimpern- und Augenbrauenpflege!<\/h1>\n\n\n\n<p class=\"has-text-color has-link-color has-mulish-font-family wp-elements-97a1f0c98a4c264bce9303d23d94e23a\" style=\"color:#3f3f3f;font-size:18px;font-style:normal;font-weight:400\">In unserem Beauty Club glauben wir daran, Ihre nat\u00fcrliche Sch\u00f6nheit zu unterstreichen. Wir konzentrieren uns auf Qualit\u00e4t, Ma\u00dfarbeit und fachkundige Pflege und m\u00f6chten, dass jeder Besuch zu einem angenehmen Erlebnis f\u00fcr Sie wird! <\/p>\n\n\n\n<p class=\"has-text-color has-link-color has-mulish-font-family wp-elements-c8a5e14057948e79c73326e6ea85666d\" style=\"color:#3f3f3f;font-size:18px;font-style:normal;font-weight:400\">Alles, was Sie tun m\u00fcssen, ist, sich zu entspannen und uns zu vertrauen, dass wir uns um Ihre Sch\u00f6nheit k\u00fcmmern.<br\/><\/p>\n\n\n\n<div class=\"wp-block-buttons is-layout-flex wp-block-buttons-is-layout-flex\">\n<div class=\"wp-block-button is-style-fill\"><a class=\"wp-block-button__link has-black-background-color has-text-color has-background has-link-color has-mulish-font-family has-custom-font-size wp-element-button\" href=\"#onlinebookings\" style=\"border-radius:0px;color:#ffffff;padding-top:10px;padding-right:30px;padding-bottom:10px;padding-left:30px;font-size:16px;text-transform:uppercase\">Jetzt verw\u00f6hnt werden<\/a><\/div>\n<\/div>\n<\/div>\n<\/div>\n\n\n\n<div class=\"wp-block-columns alignwide is-layout-flex wp-container-core-columns-is-layout-41d75851 wp-block-columns-is-layout-flex\" style=\"padding-top:80px;padding-bottom:80px\">\n<div class=\"wp-block-column is-vertically-aligned-center is-layout-flow wp-block-column-is-layout-flow\" style=\"padding-left:15px\">\n<h1 class=\"wp-block-heading has-text-color has-link-color has-cormorant-font-family wp-elements-4268fb8923fee9c28988d50bc6904e5a\" style=\"color:#141e31;font-size:27px;font-style:normal;font-weight:500;line-height:1.1\">Wie wir helfen k\u00f6nnen<\/h1>\n\n\n\n<p class=\"has-text-color has-link-color has-mulish-font-family wp-elements-ca299372e1486bf672e4ee7d2ff856c4\" style=\"color:#3f3f3f;font-size:18px;font-style:normal;font-weight:400\">Wir sind hier, um Ihre Sch\u00f6nheit zu unterstreichen und Ihr Selbstvertrauen zu st\u00e4rken! Unsere personalisierten Wimpern- und Augenbrauenbehandlungen sind auf Ihren einzigartigen Stil abgestimmt. Ganz gleich, ob Sie sich dramatische Wimpern oder perfekt geformte Augenbrauen w\u00fcnschen, wir verf\u00fcgen \u00fcber das n\u00f6tige Fachwissen, um dies zu realisieren.  <\/p>\n\n\n\n<p class=\"has-text-color has-link-color wp-elements-a98435e03b59886ec4b7212aaf7c0943\" style=\"color:#3f3f3f\">Unsere Augenbrauen- und Wimpernk\u00fcnstlerin Natalia verf\u00fcgt \u00fcber umfangreiche Erfahrung auf diesem sch\u00f6nen Gebiet und hat eine gro\u00dfe Leidenschaft daf\u00fcr.<\/p>\n\n\n\n<p class=\"has-text-color has-link-color has-mulish-font-family wp-elements-56f1df0113134dd934a47c9cfeba3ac7\" style=\"color:#3f3f3f;font-size:18px;font-style:normal;font-weight:400\">Ihre Sch\u00f6nheitsreise beginnt mit uns!<br\/><\/p>\n\n\n\n<div class=\"wp-block-buttons is-layout-flex wp-block-buttons-is-layout-flex\">\n<div class=\"wp-block-button\"><a class=\"wp-block-button__link has-black-background-color has-text-color has-background has-link-color has-mulish-font-family has-custom-font-size wp-element-button\" href=\"#onlinebookings\" style=\"border-radius:0px;color:#ffffff;padding-top:10px;padding-right:30px;padding-bottom:10px;padding-left:30px;font-size:16px;text-transform:uppercase\">Probieren Sie es heute<\/a><\/div>\n<\/div>\n<\/div>\n\n\n\n<div class=\"wp-block-column is-layout-flow wp-block-column-is-layout-flow\">\n<figure class=\"wp-block-image size-large\"><img decoding=\"async\" width=\"576\" height=\"1024\" src=\"https:\/\/alinavelica.com\/wp-content\/uploads\/2025\/05\/7b39bdf7-6063-4375-aacc-2cd1fe3dfd26-576x1024.jpg\" alt=\"\" class=\"wp-image-7317\" style=\"aspect-ratio:1;object-fit:cover\" srcset=\"https:\/\/alinavelica.com\/wp-content\/uploads\/2025\/05\/7b39bdf7-6063-4375-aacc-2cd1fe3dfd26-576x1024.jpg 576w, https:\/\/alinavelica.com\/wp-content\/uploads\/2025\/05\/7b39bdf7-6063-4375-aacc-2cd1fe3dfd26-169x300.jpg 169w, https:\/\/alinavelica.com\/wp-content\/uploads\/2025\/05\/7b39bdf7-6063-4375-aacc-2cd1fe3dfd26-768x1365.jpg 768w, https:\/\/alinavelica.com\/wp-content\/uploads\/2025\/05\/7b39bdf7-6063-4375-aacc-2cd1fe3dfd26-864x1536.jpg 864w, https:\/\/alinavelica.com\/wp-content\/uploads\/2025\/05\/7b39bdf7-6063-4375-aacc-2cd1fe3dfd26-1152x2048.jpg 1152w, https:\/\/alinavelica.com\/wp-content\/uploads\/2025\/05\/7b39bdf7-6063-4375-aacc-2cd1fe3dfd26-1320x2347.jpg 1320w, https:\/\/alinavelica.com\/wp-content\/uploads\/2025\/05\/7b39bdf7-6063-4375-aacc-2cd1fe3dfd26-600x1067.jpg 600w, https:\/\/alinavelica.com\/wp-content\/uploads\/2025\/05\/7b39bdf7-6063-4375-aacc-2cd1fe3dfd26-scaled.jpg 900w\" sizes=\"(max-width: 576px) 100vw, 576px\" \/><\/figure>\n<\/div>\n<\/div>\n\n\n\n<div class=\"wp-block-columns alignwide is-layout-flex wp-container-core-columns-is-layout-2cc549e6 wp-block-columns-is-layout-flex\" style=\"padding-top:0px;padding-bottom:0px\">\n<div class=\"wp-block-column is-layout-flow wp-block-column-is-layout-flow\">\n<figure class=\"wp-block-image alignfull size-large\"><img loading=\"lazy\" decoding=\"async\" width=\"1024\" height=\"683\" src=\"https:\/\/alinavelica.com\/wp-content\/uploads\/2025\/05\/shutterstock_1848874324_768686532160-1024x683.jpg\" alt=\"\" class=\"wp-image-7321\" srcset=\"https:\/\/alinavelica.com\/wp-content\/uploads\/2025\/05\/shutterstock_1848874324_768686532160-1024x683.jpg 1024w, https:\/\/alinavelica.com\/wp-content\/uploads\/2025\/05\/shutterstock_1848874324_768686532160-300x200.jpg 300w, https:\/\/alinavelica.com\/wp-content\/uploads\/2025\/05\/shutterstock_1848874324_768686532160-768x512.jpg 768w, https:\/\/alinavelica.com\/wp-content\/uploads\/2025\/05\/shutterstock_1848874324_768686532160-1536x1024.jpg 1536w, https:\/\/alinavelica.com\/wp-content\/uploads\/2025\/05\/shutterstock_1848874324_768686532160-2048x1365.jpg 2048w, https:\/\/alinavelica.com\/wp-content\/uploads\/2025\/05\/shutterstock_1848874324_768686532160-1320x880.jpg 1320w, https:\/\/alinavelica.com\/wp-content\/uploads\/2025\/05\/shutterstock_1848874324_768686532160-600x400.jpg 600w, https:\/\/alinavelica.com\/wp-content\/uploads\/2025\/05\/shutterstock_1848874324_768686532160-scaled.jpg 1600w\" sizes=\"(max-width: 1024px) 100vw, 1024px\" \/><\/figure>\n<\/div>\n<\/div>\n\n\n\n<div class=\"wp-block-columns alignwide is-layout-flex wp-container-core-columns-is-layout-be08e442 wp-block-columns-is-layout-flex\" style=\"margin-top:0;margin-bottom:0;padding-top:80px;padding-bottom:80px\">\n<div class=\"wp-block-column is-layout-flow wp-block-column-is-layout-flow\">\n<figure class=\"wp-block-image alignfull size-full is-style-default\"><img loading=\"lazy\" decoding=\"async\" width=\"421\" height=\"517\" src=\"https:\/\/alinavelica.com\/wp-content\/uploads\/2022\/01\/eye-brow-treatments-chic-by-alina-velica-beauty-services-zurich-2.png\" alt=\"\" class=\"wp-image-3705\" srcset=\"https:\/\/alinavelica.com\/wp-content\/uploads\/2022\/01\/eye-brow-treatments-chic-by-alina-velica-beauty-services-zurich-2.png 421w, https:\/\/alinavelica.com\/wp-content\/uploads\/2022\/01\/eye-brow-treatments-chic-by-alina-velica-beauty-services-zurich-2-244x300.png 244w\" sizes=\"(max-width: 421px) 100vw, 421px\" \/><\/figure>\n<\/div>\n\n\n\n<div class=\"wp-block-column is-layout-flow wp-block-column-is-layout-flow\">\n<h2 class=\"wp-block-heading has-text-color has-link-color has-cormorant-font-family wp-elements-7a3f78064de4c6b1b3c1ed77b1ad5fd5\" style=\"color:#141e31;font-size:27px;font-style:normal;font-weight:500;line-height:0.7\">UNSERE DIENSTLEISTUNGEN IM BEREICH AUGENBRAUEN<\/h2>\n\n\n\n<p><strong>Umrahmen Sie Ihr Gesicht mit Perfektion<\/strong> Ihre Augenbrauen sind das wichtigste Merkmal Ihrer Gesichtssymmetrie. <br\/>Bei <strong>Alina Velica<\/strong> haben wir uns auf pr\u00e4zises Brauenstyling spezialisiert, um Ihre nat\u00fcrliche Sch\u00f6nheit zu unterstreichen. Ganz gleich, ob Sie eine komplette Umgestaltung durch <strong>Microblading<\/strong>, ein volleres Aussehen durch <strong>Augenbrauenkaschierung<\/strong> oder eine fachm\u00e4nnische <strong>Formung und F\u00e4rbung<\/strong> w\u00fcnschen, unsere Spezialisten stimmen jede Behandlung auf Ihre einzigartige Knochenstruktur und Ihren Hautton ab.   <br\/><\/p>\n\n\n\n<figure class=\"wp-block-table\"><table class=\"has-text-color has-link-color has-fixed-layout\" style=\"color:#3f3f3f\"><tbody><tr><td>Augenbrauen formen<\/td><td>20 bis 30 Minuten, abh\u00e4ngig von den Augenbrauen<\/td><\/tr><tr><td>Augenbrauen formen und f\u00e4rben mit organischer F\u00e4rbung oder Henna<\/td><td>30 bis 45 Minuten, abh\u00e4ngig von den Augenbrauen<\/td><\/tr><tr><td>Augenbrauenlifting (inklusive F\u00e4rben)  <\/td><td>50 bis 70 Minuten, abh\u00e4ngig von den Augenbrauen<\/td><\/tr><tr><td>Augenbrauen pudern<\/td><td>ein semi-permanentes Make-up-Verfahren mit einer Haltbarkeit von bis zu 1 Jahr<\/td><\/tr><\/tbody><\/table><\/figure>\n\n\n\n<p class=\"has-text-color has-link-color wp-elements-2c37fe8ec2c95f4fbcfa2ea7172e51de\" style=\"color:#3f3f3f\"><em>Wenn Sie Clubmitglied sind, k\u00f6nnen Sie oft von unseren %-Vorteilen profitieren. Abonnieren Sie unseren Newsletter, damit Sie Ihr absolutes Verw\u00f6hnprogramm nicht verpassen! <\/em><\/p>\n\n\n\n<div class=\"wp-block-buttons is-layout-flex wp-block-buttons-is-layout-flex\">\n<div class=\"wp-block-button\"><a class=\"wp-block-button__link wp-element-button\" href=\"#onlinebookings\">Probieren Sie es jetzt!<\/a><\/div>\n<\/div>\n<\/div>\n<\/div>\n\n\n\n<div class=\"wp-block-columns alignwide is-layout-flex wp-container-core-columns-is-layout-41d75851 wp-block-columns-is-layout-flex\" style=\"padding-top:80px;padding-bottom:80px\">\n<div class=\"wp-block-column is-layout-flow wp-block-column-is-layout-flow\">\n<figure class=\"wp-block-image alignfull size-full is-style-default\"><img loading=\"lazy\" decoding=\"async\" width=\"421\" height=\"517\" src=\"https:\/\/alinavelica.com\/wp-content\/uploads\/2022\/01\/eye-brow-treatments-chic-by-alina-velica-beauty-services-zurich-2.png\" alt=\"\" class=\"wp-image-3705\" srcset=\"https:\/\/alinavelica.com\/wp-content\/uploads\/2022\/01\/eye-brow-treatments-chic-by-alina-velica-beauty-services-zurich-2.png 421w, https:\/\/alinavelica.com\/wp-content\/uploads\/2022\/01\/eye-brow-treatments-chic-by-alina-velica-beauty-services-zurich-2-244x300.png 244w\" sizes=\"(max-width: 421px) 100vw, 421px\" \/><\/figure>\n<\/div>\n\n\n\n<div class=\"wp-block-column is-layout-flow wp-block-column-is-layout-flow\">\n<h2 class=\"wp-block-heading has-text-color has-link-color has-cormorant-font-family wp-elements-0270cea7068019e9957a53c9c7ed4ed6\" style=\"color:#141e31;font-size:27px;font-style:normal;font-weight:500;line-height:0.7\">UNSERE Wimpern DIENSTLEISTUNGEN<\/h2>\n\n\n\n<p><strong>Umrahmen Sie Ihr Gesicht mit Perfektion<\/strong> Ihre Augenbrauen sind das wichtigste Merkmal Ihrer Gesichtssymmetrie. <br\/>Bei <strong>Alina Velica<\/strong> haben wir uns auf pr\u00e4zises Brauenstyling spezialisiert, um Ihre nat\u00fcrliche Sch\u00f6nheit zu unterstreichen. Ganz gleich, ob Sie eine komplette Umgestaltung durch <strong>Microblading<\/strong>, ein volleres Aussehen durch <strong>Augenbrauenkaschierung<\/strong> oder eine fachm\u00e4nnische <strong>Formung und F\u00e4rbung<\/strong> w\u00fcnschen, unsere Spezialisten stimmen jede Behandlung auf Ihre einzigartige Knochenstruktur und Ihren Hautton ab.   <br\/><\/p>\n\n\n\n<figure class=\"wp-block-table\"><table class=\"has-text-color has-link-color has-fixed-layout\" style=\"color:#3f3f3f\"><tbody><tr><td>Wimpern f\u00e4rben<\/td><td>30 bis 40 min<br\/>Wimpernlifting (inklusive F\u00e4rbung) &#8211; 50 bis 70 min<\/td><\/tr><tr><td>Wimpernverl\u00e4ngerung leichtes Volumen<\/td><td>Dieser Stil wird f\u00fcr Kunden empfohlen, die mit ihrem nat\u00fcrlichen Wimpernvolumen nicht zufrieden sind.<\/td><\/tr><tr><td>Augenbrauen pudern<\/td><td>ein semi-permanentes Make-up-Verfahren mit einer Haltbarkeit von bis zu 1 Jahr<\/td><\/tr><\/tbody><\/table><\/figure>\n\n\n\n<p class=\"has-text-color has-link-color wp-elements-a07b379d08d028a03cf9747531069d09\" style=\"color:#3f3f3f\"><em>Ihr Ort f\u00fcr Wimpern und Augenbrauen Z\u00fcrich!<\/em><\/p>\n\n\n\n<div class=\"wp-block-buttons is-layout-flex wp-block-buttons-is-layout-flex\">\n<div class=\"wp-block-button\"><a class=\"wp-block-button__link wp-element-button\" href=\"#onlinebookings\">Heute beginnen<\/a><\/div>\n<\/div>\n<\/div>\n<\/div>\n<\/div><\/div>\n\n<div class=\"wp-block-group alignfull is-content-justification-center is-layout-constrained wp-container-core-group-is-layout-0425e432 wp-block-group-is-layout-constrained\" style=\"margin-top:0;margin-bottom:0;padding-top:calc( 0.5 * var(--wp--style--root--padding-right, var(--wp--custom--gap--horizontal)));padding-right:var(--wp--style--root--padding-right, var(--wp--custom--gap--horizontal));padding-bottom:calc( 0.5 * var(--wp--style--root--padding-right, var(--wp--custom--gap--horizontal)));padding-left:var(--wp--style--root--padding-left, var(--wp--custom--gap--horizontal))\"><div class=\"wp-block-group__inner-container\">\n<div class=\"wp-block-group alignwide is-layout-constrained wp-block-group-is-layout-constrained\"><div class=\"wp-block-group__inner-container\">\n<p class=\"has-text-align-center\"><strong>&#8222;Ich liebe meine Wimpern absolut! Das Team hat es geschafft, dass ich mich so wohl f\u00fchle, und das Ergebnis ist atemberaubend. Ich kann nicht aufh\u00f6ren, in den Spiegel zu schauen!&#8220;<\/strong><\/p>\n\n\n\n<h3 class=\"wp-block-heading has-text-align-center has-ast-global-color-2-color has-text-color\" style=\"padding-top:20px;padding-bottom:20px\">Jessica von Riedmatten<\/h3>\n\n\n\n<div class=\"wp-block-buttons is-horizontal is-content-justification-center is-layout-flex wp-container-core-buttons-is-layout-ecd33c62 wp-block-buttons-is-layout-flex\">\n<div class=\"wp-block-button\"><a class=\"wp-block-button__link wp-element-button\" href=\"#onlinebookings\">Heute beginnen<\/a><\/div>\n<\/div>\n<\/div><\/div>\n<\/div><\/div>\n\n<p><\/p>\n","protected":false},"excerpt":{"rendered":"<p>Entdecken Sie unsere Leidenschaft f\u00fcr sch\u00f6ne Wimpern- und Augenbrauenpflege! In unserem Beauty Club glauben wir daran, Ihre nat\u00fcrliche Sch\u00f6nheit zu unterstreichen. Wir konzentrieren uns auf Qualit\u00e4t, Ma\u00dfarbeit und fachkundige Pflege und m\u00f6chten, dass jeder Besuch zu einem angenehmen Erlebnis f\u00fcr Sie wird! Alles, was Sie tun m\u00fcssen, ist, sich zu entspannen und uns zu vertrauen, [&hellip;]<\/p>\n","protected":false},"author":4,"featured_media":0,"parent":0,"menu_order":0,"comment_status":"closed","ping_status":"closed","template":"","meta":{"_uag_custom_page_level_css":"","site-sidebar-layout":"default","site-content-layout":"","ast-site-content-layout":"default","site-content-style":"default","site-sidebar-style":"default","ast-global-header-display":"","ast-banner-title-visibility":"","ast-main-header-display":"","ast-hfb-above-header-display":"","ast-hfb-below-header-display":"","ast-hfb-mobile-header-display":"","site-post-title":"disabled","ast-breadcrumbs-content":"","ast-featured-img":"","footer-sml-layout":"","ast-disable-related-posts":"","theme-transparent-header-meta":"","adv-header-id-meta":"","stick-header-meta":"","header-above-stick-meta":"","header-main-stick-meta":"","header-below-stick-meta":"","astra-migrate-meta-layouts":"set","ast-page-background-enabled":"default","ast-page-background-meta":{"desktop":{"background-color":"var(--ast-global-color-4)","background-image":"","background-repeat":"repeat","background-position":"center center","background-size":"auto","background-attachment":"scroll","background-type":"","background-media":"","overlay-type":"","overlay-color":"","overlay-opacity":"","overlay-gradient":""},"tablet":{"background-color":"","background-image":"","background-repeat":"repeat","background-position":"center center","background-size":"auto","background-attachment":"scroll","background-type":"","background-media":"","overlay-type":"","overlay-color":"","overlay-opacity":"","overlay-gradient":""},"mobile":{"background-color":"","background-image":"","background-repeat":"repeat","background-position":"center center","background-size":"auto","background-attachment":"scroll","background-type":"","background-media":"","overlay-type":"","overlay-color":"","overlay-opacity":"","overlay-gradient":""}},"ast-content-background-meta":{"desktop":{"background-color":"var(--ast-global-color-5)","background-image":"","background-repeat":"repeat","background-position":"center center","background-size":"auto","background-attachment":"scroll","background-type":"","background-media":"","overlay-type":"","overlay-color":"","overlay-opacity":"","overlay-gradient":""},"tablet":{"background-color":"var(--ast-global-color-5)","background-image":"","background-repeat":"repeat","background-position":"center center","background-size":"auto","background-attachment":"scroll","background-type":"","background-media":"","overlay-type":"","overlay-color":"","overlay-opacity":"","overlay-gradient":""},"mobile":{"background-color":"var(--ast-global-color-5)","background-image":"","background-repeat":"repeat","background-position":"center center","background-size":"auto","background-attachment":"scroll","background-type":"","background-media":"","overlay-type":"","overlay-color":"","overlay-opacity":"","overlay-gradient":""}},"footnotes":""},"class_list":["post-4609","page","type-page","status-publish","hentry"],"uagb_featured_image_src":{"full":false,"thumbnail":false,"medium":false,"medium_large":false,"large":false,"1536x1536":false,"2048x2048":false,"mailpoet_newsletter_max":false,"woocommerce_thumbnail":false,"woocommerce_single":false,"woocommerce_gallery_thumbnail":false},"uagb_author_info":{"display_name":"Alina Velica","author_link":"https:\/\/alinavelica.com\/de\/author\/chicnails-editor\/"},"uagb_comment_info":0,"uagb_excerpt":"Entdecken Sie unsere Leidenschaft f\u00fcr sch\u00f6ne Wimpern- und Augenbrauenpflege! In unserem Beauty Club glauben wir daran, Ihre nat\u00fcrliche Sch\u00f6nheit zu unterstreichen. Wir konzentrieren uns auf Qualit\u00e4t, Ma\u00dfarbeit und fachkundige Pflege und m\u00f6chten, dass jeder Besuch zu einem angenehmen Erlebnis f\u00fcr Sie wird! Alles, was Sie tun m\u00fcssen, ist, sich zu entspannen und uns zu vertrauen,&hellip;","_links":{"self":[{"href":"https:\/\/alinavelica.com\/de\/wp-json\/wp\/v2\/pages\/4609","targetHints":{"allow":["GET"]}}],"collection":[{"href":"https:\/\/alinavelica.com\/de\/wp-json\/wp\/v2\/pages"}],"about":[{"href":"https:\/\/alinavelica.com\/de\/wp-json\/wp\/v2\/types\/page"}],"author":[{"embeddable":true,"href":"https:\/\/alinavelica.com\/de\/wp-json\/wp\/v2\/users\/4"}],"replies":[{"embeddable":true,"href":"https:\/\/alinavelica.com\/de\/wp-json\/wp\/v2\/comments?post=4609"}],"version-history":[{"count":110,"href":"https:\/\/alinavelica.com\/de\/wp-json\/wp\/v2\/pages\/4609\/revisions"}],"predecessor-version":[{"id":10153,"href":"https:\/\/alinavelica.com\/de\/wp-json\/wp\/v2\/pages\/4609\/revisions\/10153"}],"wp:attachment":[{"href":"https:\/\/alinavelica.com\/de\/wp-json\/wp\/v2\/media?parent=4609"}],"curies":[{"name":"wp","href":"https:\/\/api.w.org\/{rel}","templated":true}]}}