{"id":4606,"date":"2022-01-18T14:14:15","date_gmt":"2022-01-18T13:14:15","guid":{"rendered":"https:\/\/alinavelica.com\/join-our-team\/"},"modified":"2026-03-09T08:50:03","modified_gmt":"2026-03-09T07:50:03","slug":"join-our-team","status":"publish","type":"page","link":"https:\/\/alinavelica.com\/de\/join-our-team\/","title":{"rendered":"UNSEREM TEAM BEITRETEN"},"content":{"rendered":"\n<div class=\"wp-block-cover alignfull wp-duotone-unset-1\" style=\"margin-top:0;margin-bottom:0;min-height:100vh;aspect-ratio:unset;\"><img decoding=\"async\" class=\"wp-block-cover__image-background wp-image-7209 size-large\" alt=\"Close-up of a nail artist applying polish with precision using black gloves in a salon setting.\" src=\"https:\/\/alinavelica.com\/wp-content\/uploads\/2025\/04\/pexels-photo-3997389-3997389-683x1024.jpg\" data-object-fit=\"cover\"\/><span aria-hidden=\"true\" class=\"wp-block-cover__background has-black-background-color has-background-dim\"><\/span><div class=\"wp-block-cover__inner-container is-layout-constrained wp-container-core-cover-is-layout-6e824401 wp-block-cover-is-layout-constrained\">\n<h2 class=\"wp-block-heading has-text-align-center has-text-color has-work-sans-font-family has-white-color has-link-color wp-elements-ef77a28b063398fbf277869a66a63c40\">Werden Sie Teil unseres Teams<\/h2>\n\n\n\n<p class=\"has-white-color has-text-color has-link-color wp-elements-15eaba2c4f71513da316e8c4fb5f118d\">Im ALINA VELICA Beauty Club Z\u00fcrich glauben wir, dass unser Team unser gr\u00f6\u00dftes Kapital ist. Unser Ziel ist es, Dienstleistungen von h\u00f6chster Qualit\u00e4t zu bieten. Dies wird nur noch \u00fcbertroffen von unserem Engagement, ein unterst\u00fctzendes und kreatives Arbeitsumfeld zu schaffen. Von der Nageltechnikerin bis zur Kosmetikerin suchen wir leidenschaftliche Menschen, die sich darauf freuen, in einem dynamischen Team mitzuarbeiten.   <\/p>\n\n\n\n<p class=\"has-white-color has-text-color has-link-color wp-elements-deb3c7d8fa6cb3bcedf2ccf60ca5251d\">Wir laden Sie ein, die M\u00f6glichkeiten zu erkunden, die sich Ihnen bieten, und Teil unserer Reise zu Spitzenleistungen in der Sch\u00f6nheitspflege zu werden.<\/p>\n<\/div><\/div>\n\n<div class=\"wp-block-group alignfull is-layout-constrained wp-container-core-group-is-layout-4383d167 wp-block-group-is-layout-constrained\"><div class=\"wp-block-group__inner-container\">\n<h2 class=\"wp-block-heading has-text-align-center has-text-color has-work-sans-font-family\"><a href=\"https:\/\/www.instagram.com\/alinavelica\/\" rel=\"noopener\">Nageldesigner gesucht<\/a><\/h2>\n\n\n\n<p>Wenn Sie eine erfahrene Nageltechnikerin sind oder dies anstreben, m\u00f6chten wir von Ihnen h\u00f6ren. Dies ist eine einmalige Gelegenheit, in einem Team mitzuarbeiten, in dem Innovation, Kreativit\u00e4t und Kundenzufriedenheit gro\u00df geschrieben werden. Als Teil unseres Teams haben Sie Zugang zu kontinuierlicher Weiterbildung und Entwicklung. Wir sorgen daf\u00fcr, dass Ihre F\u00e4higkeiten in einer sich schnell entwickelnden Branche stets auf dem neuesten Stand sind und bleiben.   <\/p>\n\n\n\n<p class=\"has-text-align-left has-text-color has-playfair-display-font-family\">ALINA VELICA freut sich darauf, Sie, eine der besten Nageltechnikerinnen &amp; Beauty-Liebhaberinnen der Stadt, kennenzulernen, damit Sie unserem jungen Team beitreten und Ihren Traumjob genie\u00dfen k\u00f6nnen! Wir befinden uns im Herzen von Z\u00fcrich &#8211; Altstadt und bieten unseren geliebten Clubmitgliedern verschiedene Sch\u00f6nheits- und \u00c4sthetikbehandlungen mit Produkten h\u00f6chster Qualit\u00e4t! Unser Umfeld ist so gestaltet, dass es Kreativit\u00e4t und Professionalit\u00e4t inspiriert, in dem sich jedes Teammitglied entfalten und zu einer gemeinsamen Vision von Sch\u00f6nheit beitragen kann.  <\/p>\n\n\n\n<p class=\"has-text-align-left has-text-color has-playfair-display-font-family\" style=\"color:#292929;font-size:16px;font-style:normal;font-weight:500\"><strong>Schlie\u00dfen Sie sich unserem Team an, wenn Sie m\u00f6chten:<\/strong><\/p>\n\n\n\n<ul class=\"wp-block-list\">\n<li>Alles \u00fcber <a href=\"https:\/\/alinavelica.com\/de\/goennen-sie-sich-eine-luxurioese-pflege-fuer-haende-und-fuesse\/\">N\u00e4gel<\/a> und Sch\u00f6nheit (innen und au\u00dfen)<\/li>\n\n\n\n<li>Begr\u00fc\u00dfung der G\u00e4ste (Kunden) und Verst\u00e4ndnis f\u00fcr ihre Bed\u00fcrfnisse und Beschreibung der verf\u00fcgbaren Behandlungen<\/li>\n\n\n\n<li>Genaue und p\u00fcnktliche Ausf\u00fchrung der Aufgaben<\/li>\n\n\n\n<li>Professionelle Hand- und Fu\u00dfnagelbehandlungen gem\u00e4\u00df den Anforderungen und Vorlieben der Kunden<\/li>\n\n\n\n<li>Verst\u00e4ndnis und Wissen \u00fcber verschiedene Nagelkrankheiten und Behandlungsm\u00f6glichkeiten sowie verschiedene Nagelpflegeprodukte<\/li>\n\n\n\n<li>Aufrechterhaltung hoher Sterilisationsstandards und Hygiene<\/li>\n\n\n\n<li>Kommunikation und Zuh\u00f6ren<\/li>\n<\/ul>\n\n\n\n<p><strong>&#8230; und das k\u00f6nnen Sie:<\/strong><\/p>\n\n\n\n<p class=\"has-text-align-left has-text-color has-playfair-display-font-family\" style=\"color:#292929;font-size:16px;font-style:normal;font-weight:500\">Gehen Sie ruhig mit stressigen Situationen um, vermeiden Sie Konflikte und bleiben Sie professionell<\/p>\n\n\n\n<p>Seien Sie flexibel in Bezug auf den Zeitplan des Kunden, um die kommerziellen Anforderungen des Unternehmens zu erf\u00fcllen.<\/p>\n\n\n\n<p>Seien Sie ein Teamplayer<\/p>\n\n\n\n<p>Seien Sie freundlich und eine angenehme Pers\u00f6nlichkeit<\/p>\n\n\n\n<p><strong>DER JOB KANN IHRER SEIN!<\/strong>  Wir freuen uns darauf, ehrgeizige Menschen kennenzulernen, die bereit sind, zu unserer Mission der hervorragenden Sch\u00f6nheitspflege beizutragen.<\/p>\n\n\n\n<p>Senden Sie uns ein Video mit den folgenden Schritten \u2935\ufe0f \ufe0f<\/p>\n\n\n\n<ul class=\"wp-block-list\">\n<li>Erz\u00e4hlen Sie uns etwas \u00fcber sich (zum Beispiel: Name, Alter, Ausbildung, Berufserfahrung)<\/li>\n\n\n\n<li>Was macht Sie zum perfekten Kandidaten f\u00fcr die Stelle?<\/li>\n\n\n\n<li>Was ist Ihr gr\u00f6\u00dftes Ziel, das Sie in Ihrer Karriere erreichen wollen?<\/li>\n<\/ul>\n<\/div><\/div>\n\n<div class=\"wp-block-group alignfull is-layout-constrained wp-block-group-is-layout-constrained\"><div class=\"wp-block-group__inner-container\">\n<h2 class=\"wp-block-heading has-text-align-center has-black-color has-text-color has-link-color\">KOSMETIKERIN GESUCHT!<\/h2>\n\n\n\n<p class=\"has-text-align-center\">Sind Sie eine talentierte Kosmetikerin mit einer Leidenschaft f\u00fcr Sch\u00f6nheit und Kreativit\u00e4t? F\u00fchlen Sie sich in einem Team wohl und lieben Sie es, mit einer respektvollen und netten Kundschaft zu arbeiten? Wenn ja, dann haben wir die perfekte Gelegenheit f\u00fcr Sie! Kommen Sie in unser renommiertes Institut im Herzen von Z\u00fcrich und werden Sie Teil unseres internationalen und dynamischen Teams. Wir sind bestrebt, au\u00dfergew\u00f6hnlichen Service zu bieten und die Gesch\u00e4ftsentwicklung voranzutreiben. Wir bieten ein flexibles Arbeitsumfeld, Wachstumschancen und die M\u00f6glichkeit, Ihre Kreativit\u00e4t unter Beweis zu stellen. Als Kosmetikerin oder Kosmetiker bei uns zu arbeiten bedeutet, dass Sie an der Spitze des Fortschritts in der Sch\u00f6nheitspflege stehen und die M\u00f6glichkeit haben, mit gleichgesinnten Fachleuten zusammenzuarbeiten.      <\/p>\n\n\n\n<p class=\"has-text-align-left\">Wenn Sie bereit sind, Ihre Karriere als Kosmetikerin auf die n\u00e4chste Stufe zu heben, senden Sie uns eine E-Mail oder bewerben Sie sich direkt mit Ihrem Lebenslauf und einem Anschreiben unter alinavelica@icloud.com. Wir k\u00f6nnen es kaum erwarten, Sie in unserem Team willkommen zu hei\u00dfen! Kommen Sie in unser Team und beginnen Sie Ihre Reise zum Erfolg in der Sch\u00f6nheitsbranche!  <\/p>\n\n\n\n<p class=\"has-text-align-left\"><br\/>Wenn Sie bereit sind, Ihre Karriere als Kosmetikerin auf die n\u00e4chste Stufe zu heben, senden Sie uns eine E-Mail oder bewerben Sie sich direkt mit Ihrem Lebenslauf und einem Anschreiben unter alinavelica@icloud.com. Wir freuen uns darauf, Sie in unserem Team begr\u00fc\u00dfen zu d\u00fcrfen! <\/p>\n\n\n\n<p><\/p>\n\n\n\n<p class=\"has-text-align-left has-text-color has-playfair-display-font-family\"><strong>Schlie\u00dfen Sie sich unserem Team an, wenn Sie m\u00f6chten:<\/strong> Hier im ALINA VELICA Beauty Club feiern wir die Vielfalt und hei\u00dfen alle Talente willkommen. Wir sch\u00e4tzen Menschen, die sich leidenschaftlich f\u00fcr die Verbesserung der Sch\u00f6nheit einsetzen, sei es durch N\u00e4gel, Hautpflege oder Make-up. Ihr Enthusiasmus wird dazu beitragen, unvergessliche Erlebnisse f\u00fcr unsere Kunden zu schaffen.  <\/p>\n\n\n\n<li>Alles \u00fcber <a href=\"https:\/\/alinavelica.com\/de\/goennen-sie-sich-eine-luxurioese-pflege-fuer-haende-und-fuesse\/\">N\u00e4gel<\/a> und Sch\u00f6nheit (innerlich und \u00e4u\u00dferlich) &#8211; von den neuesten Trends bis zu zeitlosen Techniken, wir decken alles ab!<\/li>\n\n\n\n<li>Sie begr\u00fc\u00dfen die G\u00e4ste (Kunden) und verstehen ihre Bed\u00fcrfnisse und beschreiben die verf\u00fcgbaren Behandlungen. Ihre Kommunikationsf\u00e4higkeiten spielen eine entscheidende Rolle bei der Schaffung einer einladenden Atmosph\u00e4re. <\/li>\n\n\n\n<li>Sie erledigen Ihre Aufgaben pr\u00e4zise und p\u00fcnktlich; Zuverl\u00e4ssigkeit ist in unserem gesch\u00e4ftigen Umfeld der Schl\u00fcssel.<\/li>\n\n\n\n<li>Sie bieten professionelle Hand- und Fu\u00dfnagelbehandlungen gem\u00e4\u00df den Anforderungen und Vorlieben Ihrer Kunden an. Ihre Kunstfertigkeit wird bei jeder Dienstleistung durchscheinen.<\/li>\n\n\n\n<li>Verst\u00e4ndnis und Wissen \u00fcber die verschiedenen Nagelkrankheiten und -behandlungen sowie \u00fcber die verschiedenen Nagelpflegeprodukte; st\u00e4ndige Weiterbildung ist Teil unseres Ethos.<\/li>\n\n\n\n<li>Wir halten hohe Sterilisations- und Hygienestandards ein und legen jederzeit gr\u00f6\u00dften Wert auf Sicherheit und Professionalit\u00e4t.<\/li>\n\n\n\n<li>Kommunikation und Zuh\u00f6ren; der Aufbau einer Beziehung zu den Kunden ist entscheidend f\u00fcr wiederkehrende Kunden.<\/li>\n\n\n\n<p><strong>&#8230; und Sie k\u00f6nnen es:<\/strong> Ihre Rolle beinhaltet nicht nur technische F\u00e4higkeiten, sondern auch pers\u00f6nliches Wachstum und Entwicklung. Wir ermutigen unsere Teammitglieder, proaktiv zu sein und Initiative zu ergreifen. <\/p>\n\n\n\n<p class=\"has-text-align-left has-text-color has-playfair-display-font-family\">Gehen Sie ruhig mit stressigen Situationen um, vermeiden Sie Konflikte und bleiben Sie professionell; Ihre Gelassenheit wird einen positiven Ton im Salon erzeugen.<\/p>\n\n\n\n<p>Seien Sie flexibel in Bezug auf den Zeitplan des Kunden, um die gesch\u00e4ftlichen Anforderungen des Unternehmens zu erf\u00fcllen; Anpassungsf\u00e4higkeit ist der Schl\u00fcssel in unserem schnelllebigen Umfeld.<\/p>\n\n\n\n<p>Seien Sie ein Teamplayer; Zusammenarbeit ist das Herzst\u00fcck unserer Kultur.<\/p>\n\n\n\n<p>Seien Sie freundlich und haben Sie eine angenehme Pers\u00f6nlichkeit; eine positive Einstellung ist ansteckend!<\/p>\n\n\n\n<p>Senden Sie uns ein Video mit den folgenden Schritten \u2935\ufe0f \ufe0f Wir suchen nach echtem Enthusiasmus und einer klaren Vorstellung von Ihrem beruflichen Werdegang.<\/p>\n\n\n\n<li>Erz\u00e4hlen Sie uns etwas \u00fcber sich (z.B.: Name, Alter, Ausbildung, Berufserfahrung) &#8211; lassen Sie uns an Ihrer Reise teilhaben!<\/li>\n\n\n\n<li>Was macht Sie zum perfekten Kandidaten f\u00fcr die Stelle? Wir sch\u00e4tzen Einzigartigkeit, also heben Sie Ihre St\u00e4rken hervor.<\/li>\n\n\n\n<li>Was ist Ihr gr\u00f6\u00dftes Ziel, das Sie in Ihrer Karriere erreichen m\u00f6chten? Wir lieben ehrgeizige Ziele und unterst\u00fctzen die Bestrebungen unseres Teams! <\/li>\n\n\n\n<p><\/p>\n<\/div><\/div>\n","protected":false},"excerpt":{"rendered":"<p>Nageldesigner gesucht Wenn Sie eine erfahrene Nageltechnikerin sind oder dies anstreben, m\u00f6chten wir von Ihnen h\u00f6ren. Dies ist eine einmalige Gelegenheit, in einem Team mitzuarbeiten, in dem Innovation, Kreativit\u00e4t und Kundenzufriedenheit gro\u00df geschrieben werden. Als Teil unseres Teams haben Sie Zugang zu kontinuierlicher Weiterbildung und Entwicklung. Wir sorgen daf\u00fcr, dass Ihre F\u00e4higkeiten in einer sich [&hellip;]<\/p>\n","protected":false},"author":4,"featured_media":0,"parent":0,"menu_order":0,"comment_status":"closed","ping_status":"closed","template":"","meta":{"_uag_custom_page_level_css":"","site-sidebar-layout":"default","site-content-layout":"","ast-site-content-layout":"default","site-content-style":"default","site-sidebar-style":"default","ast-global-header-display":"","ast-banner-title-visibility":"","ast-main-header-display":"","ast-hfb-above-header-display":"","ast-hfb-below-header-display":"","ast-hfb-mobile-header-display":"","site-post-title":"disabled","ast-breadcrumbs-content":"","ast-featured-img":"","footer-sml-layout":"","ast-disable-related-posts":"","theme-transparent-header-meta":"","adv-header-id-meta":"","stick-header-meta":"","header-above-stick-meta":"","header-main-stick-meta":"","header-below-stick-meta":"","astra-migrate-meta-layouts":"default","ast-page-background-enabled":"default","ast-page-background-meta":{"desktop":{"background-color":"var(--ast-global-color-4)","background-image":"","background-repeat":"repeat","background-position":"center center","background-size":"auto","background-attachment":"scroll","background-type":"","background-media":"","overlay-type":"","overlay-color":"","overlay-opacity":"","overlay-gradient":""},"tablet":{"background-color":"","background-image":"","background-repeat":"repeat","background-position":"center center","background-size":"auto","background-attachment":"scroll","background-type":"","background-media":"","overlay-type":"","overlay-color":"","overlay-opacity":"","overlay-gradient":""},"mobile":{"background-color":"","background-image":"","background-repeat":"repeat","background-position":"center center","background-size":"auto","background-attachment":"scroll","background-type":"","background-media":"","overlay-type":"","overlay-color":"","overlay-opacity":"","overlay-gradient":""}},"ast-content-background-meta":{"desktop":{"background-color":"var(--ast-global-color-5)","background-image":"","background-repeat":"repeat","background-position":"center center","background-size":"auto","background-attachment":"scroll","background-type":"","background-media":"","overlay-type":"","overlay-color":"","overlay-opacity":"","overlay-gradient":""},"tablet":{"background-color":"var(--ast-global-color-5)","background-image":"","background-repeat":"repeat","background-position":"center center","background-size":"auto","background-attachment":"scroll","background-type":"","background-media":"","overlay-type":"","overlay-color":"","overlay-opacity":"","overlay-gradient":""},"mobile":{"background-color":"var(--ast-global-color-5)","background-image":"","background-repeat":"repeat","background-position":"center center","background-size":"auto","background-attachment":"scroll","background-type":"","background-media":"","overlay-type":"","overlay-color":"","overlay-opacity":"","overlay-gradient":""}},"footnotes":""},"class_list":["post-4606","page","type-page","status-publish","hentry"],"uagb_featured_image_src":{"full":false,"thumbnail":false,"medium":false,"medium_large":false,"large":false,"1536x1536":false,"2048x2048":false,"mailpoet_newsletter_max":false,"woocommerce_thumbnail":false,"woocommerce_single":false,"woocommerce_gallery_thumbnail":false},"uagb_author_info":{"display_name":"Alina Velica","author_link":"https:\/\/alinavelica.com\/de\/author\/chicnails-editor\/"},"uagb_comment_info":0,"uagb_excerpt":"Nageldesigner gesucht Wenn Sie eine erfahrene Nageltechnikerin sind oder dies anstreben, m\u00f6chten wir von Ihnen h\u00f6ren. Dies ist eine einmalige Gelegenheit, in einem Team mitzuarbeiten, in dem Innovation, Kreativit\u00e4t und Kundenzufriedenheit gro\u00df geschrieben werden. Als Teil unseres Teams haben Sie Zugang zu kontinuierlicher Weiterbildung und Entwicklung. Wir sorgen daf\u00fcr, dass Ihre F\u00e4higkeiten in einer sich&hellip;","jetpack_sharing_enabled":true,"_links":{"self":[{"href":"https:\/\/alinavelica.com\/de\/wp-json\/wp\/v2\/pages\/4606","targetHints":{"allow":["GET"]}}],"collection":[{"href":"https:\/\/alinavelica.com\/de\/wp-json\/wp\/v2\/pages"}],"about":[{"href":"https:\/\/alinavelica.com\/de\/wp-json\/wp\/v2\/types\/page"}],"author":[{"embeddable":true,"href":"https:\/\/alinavelica.com\/de\/wp-json\/wp\/v2\/users\/4"}],"replies":[{"embeddable":true,"href":"https:\/\/alinavelica.com\/de\/wp-json\/wp\/v2\/comments?post=4606"}],"version-history":[{"count":26,"href":"https:\/\/alinavelica.com\/de\/wp-json\/wp\/v2\/pages\/4606\/revisions"}],"predecessor-version":[{"id":9189,"href":"https:\/\/alinavelica.com\/de\/wp-json\/wp\/v2\/pages\/4606\/revisions\/9189"}],"wp:attachment":[{"href":"https:\/\/alinavelica.com\/de\/wp-json\/wp\/v2\/media?parent=4606"}],"curies":[{"name":"wp","href":"https:\/\/api.w.org\/{rel}","templated":true}]}}