{"id":289,"date":"2018-12-03T10:52:18","date_gmt":"2018-12-03T09:52:18","guid":{"rendered":"http:\/\/chicnails.staging.codebridge.at\/?page_id=289"},"modified":"2022-01-31T10:09:36","modified_gmt":"2022-01-31T09:09:36","slug":"impressum","status":"publish","type":"page","link":"https:\/\/alinavelica.com\/de\/impressum\/","title":{"rendered":"Impressum"},"content":{"rendered":"<h1>Impressum<\/h1>\n<p><em>chic nails &amp; beauty AG<br \/>\n<\/em><\/p>\n<p><b>Handelsregister des Kanton Zug<\/b><br \/>\n<strong>UID:<\/strong> CHE-381.639.733<br \/>\n<strong>Handelsregister Nr.:<\/strong> CH &#8211; 170.3.036.220.6<\/p>\n<p><strong>Gesch\u00e4ftsf\u00fchrer:<\/strong><br \/>\nAlina M. Velica<\/p>\n<p><strong>Kontaktdaten:<\/strong><br \/>\nSt\u00fcssihofstatt 14,<br \/>\n8001 Z\u00fcrich,<br \/>\nSchweiz<\/p>\n<p>Telefon: +41 44 261 02 00<br \/>\nE-Mail:&nbsp;<a href=\"mailto:contact@chicnails.ch\">contact@chicnails.ch<\/a><br \/>\nInternet:&nbsp;<a href=\"https:\/\/alinavelica.com\">https:\/\/alinavelica.com<\/a><\/p>\n<p><strong>Bankverbindung:<\/strong><\/p>\n<p><strong>Rechtsform:<\/strong><\/p>\n<p><strong>Gerichtsstand:<\/strong><\/p>\n<p><strong>Medien:<br \/>\n<\/strong>Die Bilder, Fotos und Grafiken auf dieser Webseite sind urheberrechtlich gesch\u00fctzt.<\/p>\n<p><strong>Entwicklung:<\/strong><br \/>\nCodeBridge Softwareentwicklung GmbH<\/p>\n","protected":false},"excerpt":{"rendered":"<p>Impressum chic nails &amp; beauty AG Handelsregister des Kanton Zug UID: CHE-381.639.733 Handelsregister Nr.: CH &#8211; 170.3.036.220.6 Gesch\u00e4ftsf\u00fchrer: Alina M. Velica Kontaktdaten: St\u00fcssihofstatt 14, 8001 Z\u00fcrich, Schweiz Telefon: +41 44 261 02 00 E-Mail:&nbsp;contact@chicnails.ch Internet:&nbsp;https:\/\/alinavelica.com Bankverbindung: Rechtsform: Gerichtsstand: Medien: Die Bilder, Fotos und Grafiken auf dieser Webseite sind urheberrechtlich gesch\u00fctzt. Entwicklung: CodeBridge Softwareentwicklung GmbH<\/p>\n","protected":false},"author":4,"featured_media":0,"parent":0,"menu_order":0,"comment_status":"closed","ping_status":"closed","template":"","meta":{"_uag_custom_page_level_css":"","site-sidebar-layout":"default","site-content-layout":"","ast-site-content-layout":"default","site-content-style":"default","site-sidebar-style":"default","ast-global-header-display":"","ast-banner-title-visibility":"","ast-main-header-display":"","ast-hfb-above-header-display":"","ast-hfb-below-header-display":"","ast-hfb-mobile-header-display":"","site-post-title":"","ast-breadcrumbs-content":"","ast-featured-img":"","footer-sml-layout":"","ast-disable-related-posts":"","theme-transparent-header-meta":"","adv-header-id-meta":"","stick-header-meta":"","header-above-stick-meta":"","header-main-stick-meta":"","header-below-stick-meta":"","astra-migrate-meta-layouts":"default","ast-page-background-enabled":"default","ast-page-background-meta":{"desktop":{"background-color":"var(--ast-global-color-4)","background-image":"","background-repeat":"repeat","background-position":"center center","background-size":"auto","background-attachment":"scroll","background-type":"","background-media":"","overlay-type":"","overlay-color":"","overlay-opacity":"","overlay-gradient":""},"tablet":{"background-color":"","background-image":"","background-repeat":"repeat","background-position":"center center","background-size":"auto","background-attachment":"scroll","background-type":"","background-media":"","overlay-type":"","overlay-color":"","overlay-opacity":"","overlay-gradient":""},"mobile":{"background-color":"","background-image":"","background-repeat":"repeat","background-position":"center center","background-size":"auto","background-attachment":"scroll","background-type":"","background-media":"","overlay-type":"","overlay-color":"","overlay-opacity":"","overlay-gradient":""}},"ast-content-background-meta":{"desktop":{"background-color":"var(--ast-global-color-5)","background-image":"","background-repeat":"repeat","background-position":"center center","background-size":"auto","background-attachment":"scroll","background-type":"","background-media":"","overlay-type":"","overlay-color":"","overlay-opacity":"","overlay-gradient":""},"tablet":{"background-color":"var(--ast-global-color-5)","background-image":"","background-repeat":"repeat","background-position":"center center","background-size":"auto","background-attachment":"scroll","background-type":"","background-media":"","overlay-type":"","overlay-color":"","overlay-opacity":"","overlay-gradient":""},"mobile":{"background-color":"var(--ast-global-color-5)","background-image":"","background-repeat":"repeat","background-position":"center center","background-size":"auto","background-attachment":"scroll","background-type":"","background-media":"","overlay-type":"","overlay-color":"","overlay-opacity":"","overlay-gradient":""}},"footnotes":""},"class_list":["post-289","page","type-page","status-publish","hentry"],"uagb_featured_image_src":{"full":false,"thumbnail":false,"medium":false,"medium_large":false,"large":false,"1536x1536":false,"2048x2048":false,"mailpoet_newsletter_max":false,"woocommerce_thumbnail":false,"woocommerce_single":false,"woocommerce_gallery_thumbnail":false},"uagb_author_info":{"display_name":"Alina Velica","author_link":"https:\/\/alinavelica.com\/de\/author\/chicnails-editor\/"},"uagb_comment_info":0,"uagb_excerpt":"Impressum chic nails &amp; beauty AG Handelsregister des Kanton Zug UID: CHE-381.639.733 Handelsregister Nr.: CH &#8211; 170.3.036.220.6 Gesch\u00e4ftsf\u00fchrer: Alina M. Velica Kontaktdaten: St\u00fcssihofstatt 14, 8001 Z\u00fcrich, Schweiz Telefon: +41 44 261 02 00 E-Mail:&nbsp;contact@chicnails.ch Internet:&nbsp;https:\/\/alinavelica.com Bankverbindung: Rechtsform: Gerichtsstand: Medien: Die Bilder, Fotos und Grafiken auf dieser Webseite sind urheberrechtlich gesch\u00fctzt. Entwicklung: CodeBridge Softwareentwicklung GmbH","_links":{"self":[{"href":"https:\/\/alinavelica.com\/de\/wp-json\/wp\/v2\/pages\/289","targetHints":{"allow":["GET"]}}],"collection":[{"href":"https:\/\/alinavelica.com\/de\/wp-json\/wp\/v2\/pages"}],"about":[{"href":"https:\/\/alinavelica.com\/de\/wp-json\/wp\/v2\/types\/page"}],"author":[{"embeddable":true,"href":"https:\/\/alinavelica.com\/de\/wp-json\/wp\/v2\/users\/4"}],"replies":[{"embeddable":true,"href":"https:\/\/alinavelica.com\/de\/wp-json\/wp\/v2\/comments?post=289"}],"version-history":[{"count":6,"href":"https:\/\/alinavelica.com\/de\/wp-json\/wp\/v2\/pages\/289\/revisions"}],"predecessor-version":[{"id":4604,"href":"https:\/\/alinavelica.com\/de\/wp-json\/wp\/v2\/pages\/289\/revisions\/4604"}],"wp:attachment":[{"href":"https:\/\/alinavelica.com\/de\/wp-json\/wp\/v2\/media?parent=289"}],"curies":[{"name":"wp","href":"https:\/\/api.w.org\/{rel}","templated":true}]}}